{"id":172468,"date":"2024-01-12T10:53:05","date_gmt":"2024-01-12T09:53:05","guid":{"rendered":"https:\/\/us.edu.pl\/wydzial\/wnst\/?page_id=172468"},"modified":"2024-01-12T10:53:05","modified_gmt":"2024-01-12T09:53:05","slug":"komitet-2023","status":"publish","type":"page","link":"https:\/\/us.edu.pl\/wydzial\/wnst\/wspolpraca\/szkoly\/konkurs-chemiczny\/konkurs-chemiczny-2023\/komitet-2023\/","title":{"rendered":"komitet 2023"},"content":{"rendered":"<p>[vc_row][vc_column]\r\n                <div class=\"text-modules\">\r\n                    <div class=\"container\">\r\n                        <h3 class=\"page-title text__title\">Komitet organizacyjny XVI Og\u00f3lnopolskiego Konkursu Chemicznego<\/h3>\r\n                        <div class=\"text-modules__content\"><\/div>\r\n                    <\/div>\r\n                <\/div>[\/vc_column][\/vc_row][vc_row content_placement=&#8221;middle&#8221; el_class=&#8221;container foto&#8221;][vc_column width=&#8221;1\/6&#8243;]\r\n                <div class=\"text-modules\">\r\n                    <div class=\"container\">\r\n                        \r\n                        <div class=\"text-modules__content\"><p><a href=\"https:\/\/us.edu.pl\/instytut\/ich\/dzialalnosc-naukowa\/zespoly-badawcze\/projektowanie-lekow-i-nano-farmakologia\/robert-musiol\/\"><small><span style=\"letter-spacing: 0.7mm; color: #333333; font-size: 100%;\">PRZEWODNICZ\u0104CY KOMITETU ORGANIZACYJNEGO<\/span><\/small><\/a><\/p>\n<\/div>\r\n                    <\/div>\r\n                <\/div>[\/vc_column][vc_column width=&#8221;3\/6&#8243;]\r\n                <div class=\"text-modules\">\r\n                    <div class=\"container\">\r\n                        \r\n                        <div class=\"text-modules__content\"><p><span style=\"font-size: 130%;\">ROBERT MUSIO\u0141, <\/span><span style=\"font-size: 90%;\">prof. dr hab.<\/span><\/p>\n<\/div>\r\n                    <\/div>\r\n                <\/div>[\/vc_column][vc_column width=&#8221;2\/6&#8243;][\/vc_column][\/vc_row][vc_row][vc_column][vc_separator][\/vc_column][\/vc_row][vc_row content_placement=&#8221;middle&#8221; el_class=&#8221;container foto&#8221;][vc_column width=&#8221;1\/6&#8243;]\r\n                <div class=\"text-modules\">\r\n                    <div class=\"container\">\r\n                        \r\n                        <div class=\"text-modules__content\"><p><a href=\"https:\/\/us.edu.pl\/instytut\/ich\/dzialalnosc-naukowa\/zespoly-badawcze\/projektowanie-synteza-i-badania-wlasciwosci-materialow-i-nanomaterialow-dla-innowacyjnych-technologii\"><small><span style=\"letter-spacing: 0.7mm; color: #333333; font-size: 100%;\">ZESP\u00d3\u0141 PROJEKTOWANIA, SYNTEZY I BADANIA W\u0141A\u015aCIWO\u015aCI MATERIA\u0141\u00d3W I NANOMATERIA\u0141\u00d3W DLA INNOWACYJNYCH TECHNOLOGII<\/span><\/small><\/a><small><\/small><\/p>\n<p>\n<\/div>\r\n                    <\/div>\r\n                <\/div>[\/vc_column][vc_column width=&#8221;5\/6&#8243;]\r\n                <div class=\"text-modules\">\r\n                    <div class=\"container\">\r\n                        \r\n                        <div class=\"text-modules__content\"><p><span style=\"font-size: 130%;\">MAREK MATUSSEK, <\/span><span style=\"font-size: 90%;\">dr<\/span><\/p>\n<p><span style=\"font-size: 130%;\">ANETA KURPANIK-W\u00d3JCIK, <\/span><span style=\"font-size: 90%;\">mgr<\/span><\/p>\n<p><span style=\"font-size: 130%;\">BEATA MARCOL-SZUMILAS, <\/span><span style=\"font-size: 90%;\">mgr<\/span><\/p>\n<p><span style=\"font-size: 130%;\">BOGUMI\u0141A GO\u0141EK, <\/span><span style=\"font-size: 90%;\">mgr<\/span><\/p>\n<p><span style=\"font-size: 130%;\">ALEKSANDRA FIJO\u0141EK, <\/span><span style=\"font-size: 90%;\">mgr<\/span><\/p>\n<\/div>\r\n                    <\/div>\r\n                <\/div>[\/vc_column][\/vc_row][vc_row][vc_column][vc_separator][\/vc_column][\/vc_row][vc_row content_placement=&#8221;middle&#8221; el_class=&#8221;container foto&#8221;][vc_column width=&#8221;1\/6&#8243;]\r\n                <div class=\"text-modules\">\r\n                    <div class=\"container\">\r\n                        \r\n                        <div class=\"text-modules__content\"><p><a href=\"https:\/\/us.edu.pl\/instytut\/ich\/dzialalnosc-naukowa\/zespoly-badawcze\/chemoinfobio\/\"><small><span style=\"letter-spacing: 0.7mm; color: #333333; font-size: 100%;\">ZESP\u00d3\u0141 PROJEKTOWANIA I SYNTEZY LEK\u00d3W I MATERIA\u0141\u00d3W<\/span><\/small><\/a><\/p>\n<\/div>\r\n                    <\/div>\r\n                <\/div>[\/vc_column][vc_column width=&#8221;5\/6&#8243;]\r\n                <div class=\"text-modules\">\r\n                    <div class=\"container\">\r\n                        \r\n                        <div class=\"text-modules__content\"><p><span style=\"font-size: 130%;\">MACIEJ KAPKOWSKI, <\/span><span style=\"font-size: 90%;\">dr<\/span><\/p>\n<p><span style=\"font-size: 130%;\">TOMASZ SIUDYGA, <\/span><span style=\"font-size: 90%;\">dr<\/span><\/p>\n<p><span style=\"font-size: 130%;\">DANIEL LACH, <\/span><span style=\"font-size: 90%;\">mgr<\/span><\/p>\n<p><span style=\"font-size: 130%;\">ULADZISLAU ZHDAN, <\/span><span style=\"font-size: 90%;\">mgr<\/span><\/p>\n<p><span style=\"font-size: 130%;\">CHOJNOWSKA ADRIANNA, <\/span><span style=\"font-size: 90%;\">mgr<\/span><\/p>\n<\/div>\r\n                    <\/div>\r\n                <\/div>[\/vc_column][\/vc_row][vc_row][vc_column][vc_separator][\/vc_column][\/vc_row][vc_row content_placement=&#8221;middle&#8221; el_class=&#8221;container foto&#8221;][vc_column width=&#8221;1\/6&#8243;]\r\n                <div class=\"text-modules\">\r\n                    <div class=\"container\">\r\n                        \r\n                        <div class=\"text-modules__content\"><p><a href=\"https:\/\/us.edu.pl\/instytut\/ich\/dzialalnosc-naukowa\/zespoly-badawcze\/polimery-i-materialy-funkcjonalne\/\"><small><span style=\"letter-spacing: 0.7mm; color: #333333; font-size: 100%;\">ZESP\u00d3\u0141 POLIMERY I MATERIA\u0141Y FUNKCJONALNE<\/span><\/small><\/a><\/p>\n<\/div>\r\n                    <\/div>\r\n                <\/div>[\/vc_column][vc_column width=&#8221;5\/6&#8243;]\r\n                <div class=\"text-modules\">\r\n                    <div class=\"container\">\r\n                        \r\n                        <div class=\"text-modules__content\"><p><span style=\"font-size: 130%;\">MATEUSZ KORZEC, <\/span><span style=\"font-size: 90%;\">dr<\/span><\/p>\n<p><span style=\"font-size: 130%;\">SONIA KOTOWICZ, <\/span><span style=\"font-size: 90%;\">dr<\/span><\/p>\n<p>\n<\/div>\r\n                    <\/div>\r\n                <\/div>[\/vc_column][\/vc_row][vc_row][vc_column][vc_separator][\/vc_column][\/vc_row][vc_row content_placement=&#8221;middle&#8221; el_class=&#8221;container foto&#8221;][vc_column width=&#8221;1\/6&#8243;]\r\n                <div class=\"text-modules\">\r\n                    <div class=\"container\">\r\n                        \r\n                        <div class=\"text-modules__content\"><p><a href=\"https:\/\/www.facebook.com\/knchusaquaregia\"><small><span style=\"letter-spacing: 0.7mm; color: #333333; font-size: 100%;\">KO\u0141O NAUKOWE \u201eAqua Regia&#8221;<\/span><\/small><\/a><\/p>\n<\/div>\r\n                    <\/div>\r\n                <\/div>[\/vc_column][vc_column width=&#8221;5\/6&#8243;][\/vc_column][\/vc_row][vc_row][vc_column][vc_separator][\/vc_column][\/vc_row][vc_row el_class=&#8221;container&#8221;][vc_column width=&#8221;1\/5&#8243;][\/vc_column][vc_column width=&#8221;1\/5&#8243;][\/vc_column][vc_column width=&#8221;1\/5&#8243;][\/vc_column][vc_column width=&#8221;1\/5&#8243;][\/vc_column][vc_column width=&#8221;1\/5&#8243;][vc_btn title=&#8221;powr\u00f3t do strony g\u0142\u00f3wnej&#8221; style=&#8221;custom&#8221; custom_background=&#8221;#002e5a&#8221; custom_text=&#8221;#ffffff&#8221; align=&#8221;left&#8221; link=&#8221;url:https%3A%2F%2Fus.edu.pl%2Fwydzial%2Fwnst%2Fwspolpraca%2Fszkoly%2Fkonkurs-chemiczny%2F||target:%20_blank|&#8221;][\/vc_column][\/vc_row]<\/p>","protected":false},"excerpt":{"rendered":"<p>[vc_row][vc_column][\/vc_column][\/vc_row][vc_row content_placement=&#8221;middle&#8221; el_class=&#8221;container foto&#8221;][vc_column width=&#8221;1\/6&#8243;][\/vc_column][vc_column width=&#8221;3\/6&#8243;][\/vc_column][vc_column width=&#8221;2\/6&#8243;][\/vc_column][\/vc_row][vc_row][vc_column][vc_separator][\/vc_column][\/vc_row][vc_row content_placement=&#8221;middle&#8221; el_class=&#8221;container foto&#8221;][vc_column width=&#8221;1\/6&#8243;][\/vc_column][vc_column width=&#8221;5\/6&#8243;][\/vc_column][\/vc_row][vc_row][vc_column][vc_separator][\/vc_column][\/vc_row][vc_row content_placement=&#8221;middle&#8221; el_class=&#8221;container foto&#8221;][vc_column width=&#8221;1\/6&#8243;][\/vc_column][vc_column width=&#8221;5\/6&#8243;][\/vc_column][\/vc_row][vc_row][vc_column][vc_separator][\/vc_column][\/vc_row][vc_row content_placement=&#8221;middle&#8221; el_class=&#8221;container foto&#8221;][vc_column width=&#8221;1\/6&#8243;][\/vc_column][vc_column width=&#8221;5\/6&#8243;][\/vc_column][\/vc_row][vc_row][vc_column][vc_separator][\/vc_column][\/vc_row][vc_row content_placement=&#8221;middle&#8221; el_class=&#8221;container foto&#8221;][vc_column width=&#8221;1\/6&#8243;][\/vc_column][vc_column width=&#8221;5\/6&#8243;][\/vc_column][\/vc_row][vc_row][vc_column][vc_separator][\/vc_column][\/vc_row][vc_row el_class=&#8221;container&#8221;][vc_column width=&#8221;1\/5&#8243;][\/vc_column][vc_column width=&#8221;1\/5&#8243;][\/vc_column][vc_column width=&#8221;1\/5&#8243;][\/vc_column][vc_column width=&#8221;1\/5&#8243;][\/vc_column][vc_column width=&#8221;1\/5&#8243;][vc_btn title=&#8221;powr\u00f3t do strony g\u0142\u00f3wnej&#8221; style=&#8221;custom&#8221; custom_background=&#8221;#002e5a&#8221; custom_text=&#8221;#ffffff&#8221; align=&#8221;left&#8221; link=&#8221;url:https%3A%2F%2Fus.edu.pl%2Fwydzial%2Fwnst%2Fwspolpraca%2Fszkoly%2Fkonkurs-chemiczny%2F||target:%20_blank|&#8221;][\/vc_column][\/vc_row] [&#8230;]<\/p>\n<p><a class=\"btn btn-secondary understrap-read-more-link\" href=\"https:\/\/us.edu.pl\/wydzial\/wnst\/wspolpraca\/szkoly\/konkurs-chemiczny\/konkurs-chemiczny-2023\/komitet-2023\/\">Read More&#8230;<\/a><\/p>\n","protected":false},"author":92,"featured_media":0,"parent":172428,"menu_order":3,"comment_status":"closed","ping_status":"closed","template":"","meta":{"_expiration-date-status":"saved","_expiration-date":0,"_expiration-date-type":"","_expiration-date-categories":[],"_expiration-date-options":[]},"acf":[],"_links":{"self":[{"href":"https:\/\/us.edu.pl\/wydzial\/wnst\/wp-json\/wp\/v2\/pages\/172468"}],"collection":[{"href":"https:\/\/us.edu.pl\/wydzial\/wnst\/wp-json\/wp\/v2\/pages"}],"about":[{"href":"https:\/\/us.edu.pl\/wydzial\/wnst\/wp-json\/wp\/v2\/types\/page"}],"author":[{"embeddable":true,"href":"https:\/\/us.edu.pl\/wydzial\/wnst\/wp-json\/wp\/v2\/users\/92"}],"replies":[{"embeddable":true,"href":"https:\/\/us.edu.pl\/wydzial\/wnst\/wp-json\/wp\/v2\/comments?post=172468"}],"version-history":[{"count":1,"href":"https:\/\/us.edu.pl\/wydzial\/wnst\/wp-json\/wp\/v2\/pages\/172468\/revisions"}],"predecessor-version":[{"id":172469,"href":"https:\/\/us.edu.pl\/wydzial\/wnst\/wp-json\/wp\/v2\/pages\/172468\/revisions\/172469"}],"up":[{"embeddable":true,"href":"https:\/\/us.edu.pl\/wydzial\/wnst\/wp-json\/wp\/v2\/pages\/172428"}],"wp:attachment":[{"href":"https:\/\/us.edu.pl\/wydzial\/wnst\/wp-json\/wp\/v2\/media?parent=172468"}],"curies":[{"name":"wp","href":"https:\/\/api.w.org\/{rel}","templated":true}]}}