{"id":172811,"date":"2024-02-07T11:55:14","date_gmt":"2024-02-07T10:55:14","guid":{"rendered":"https:\/\/us.edu.pl\/wydzial\/wnst\/?page_id=172811"},"modified":"2024-02-12T11:15:59","modified_gmt":"2024-02-12T10:15:59","slug":"swieto-liczby-pi-xvii-edycja","status":"publish","type":"page","link":"https:\/\/us.edu.pl\/wydzial\/wnst\/wspolpraca\/szkoly\/swieto-liczby-pi\/swieto-liczby-pi-xvii-edycja\/","title":{"rendered":"XVII \u015awi\u0119to Liczby Pi"},"content":{"rendered":"<p>[vc_row el_class=&#8221;container&#8221;][vc_column width=&#8221;2\/5&#8243; el_class=&#8221;container&#8221;][vc_row_inner][vc_column_inner]            \r\n            <div class=\"sidebar_moduls sidebar_moduls_facebok fb-page\"\r\n              data-href=\"https:\/\/www.facebook.com\/swietoliczbypi\/\" \r\n              data-width=\"330\"\r\n              data-hide-cover=\"false\"\r\n              data-show-facepile=\"true\"><\/div>\r\n             \r\n             <div id=\"fb-root\"><\/div>\r\n            <script async defer crossorigin=\"anonymous\" src=\" https:\/\/connect.facebook.net\/pl_PL\/sdk.js#xfbml=1&version=v4.0 \">                        \r\n            <\/script>\r\n            [\/vc_column_inner][\/vc_row_inner]\r\n                <div class=\"text-modules\">\r\n                    <div class=\"container\">\r\n                        \r\n                        <div class=\"text-modules__content\"><p><img class=\"alignnone wp-image-164448 size-full\" src=\"https:\/\/us.edu.pl\/wydzial\/wnst\/wp-content\/uploads\/sites\/18\/Bez-kategorii\/plakat-2.png\" alt=\"\" width=\"100%\" height=\"auto\" srcset=\"https:\/\/us.edu.pl\/wydzial\/wnst\/wp-content\/uploads\/sites\/18\/Bez-kategorii\/plakat-2.png 1240w, https:\/\/us.edu.pl\/wydzial\/wnst\/wp-content\/uploads\/sites\/18\/Bez-kategorii\/plakat-2-212x300.png 212w, https:\/\/us.edu.pl\/wydzial\/wnst\/wp-content\/uploads\/sites\/18\/Bez-kategorii\/plakat-2-724x1024.png 724w, https:\/\/us.edu.pl\/wydzial\/wnst\/wp-content\/uploads\/sites\/18\/Bez-kategorii\/plakat-2-768x1086.png 768w, https:\/\/us.edu.pl\/wydzial\/wnst\/wp-content\/uploads\/sites\/18\/Bez-kategorii\/plakat-2-1086x1536.png 1086w, https:\/\/us.edu.pl\/wydzial\/wnst\/wp-content\/uploads\/sites\/18\/Bez-kategorii\/plakat-2-406x575.png 406w\" sizes=\"(max-width: 1240px) 100vw, 1240px\" \/><\/p>\n<p style=\"text-align: center;\"><small>Plakat promuj\u0105cy wydarzenie<\/small><\/p>\n<p>\n<\/div>\r\n                    <\/div>\r\n                <\/div>[\/vc_column][vc_column width=&#8221;3\/5&#8243;]\r\n                <div class=\"text-modules\">\r\n                    <div class=\"container\">\r\n                        \r\n                        <div class=\"text-modules__content\"><\/p>\n<p style=\"text-align: center;\"><span style=\"font-size: 14pt; color: #003366;\"><strong>XVII \u015awi\u0119to Liczby Pi<\/strong><\/span><\/p>\n<p style=\"text-align: center;\">\u03c0 = 3,14159 26535 89793 23846 26433 83279 50288 41971&#8230;<\/p>\n<p>\u015awi\u0119to Liczby Pi to wydarzenie popularyzatorskie, kt\u00f3rego data dyktowana jest przez 3 pierwsze cyfry liczby \u03c0: 3,14&#8230; Przypomnijmy, \u017ce jest to ameryka\u0144ski zapis daty 14 marca.<\/p>\n<p>Wydarzenie skierowane jest przede wszystkim do uczni\u00f3w szk\u00f3\u0142 podstawowych, ponadpodstawowych, ale r\u00f3wnie\u017c student\u00f3w i sympatyk\u00f3w nauk \u015bcis\u0142ych. G\u0142\u00f3wnym celem \u015bwi\u0119towania jest promocja nauk matematyczno-przyrodniczych oraz \u015bcis\u0142ych i technicznych. Ci\u0105g\u0142y rozw\u00f3j, odkrycia i wynalazki wzmagaj\u0105 apetyt naukowc\u00f3w i odbiorc\u00f3w. Niejednokrotnie s\u0105 to zagadnienia trudne, kt\u00f3re wystarczy przedstawi\u0107 w uproszczonej formie, \u017ceby wzbudzi\u0107 zainteresowanie i rozpali\u0107 ciekawo\u015b\u0107.<\/p>\n<p style=\"text-align: center;\"><span style=\"color: #000000;\"><strong>Wracamy do trybu stacjonarnego.<\/strong><\/span><\/p>\n<p>W 2023 r. XVII \u015awi\u0119to Liczby Pi odb\u0119dzie si\u0119 stacjonarnie, w trzech miastach aglomeracji \u015bl\u0105skiej: <strong>Katowice \u2013 Chorz\u00f3w \u2013 Sosnowiec<\/strong>. Znajdziecie nas w ka\u017cdym budynku Wydzia\u0142u Nauk \u015acis\u0142ych i Technicznych.<\/p>\n<p><span style=\"color: #39a845;\"><span style=\"font-size: 110%;\">Wyk\u0142ad inauguracyjny pt. <strong>\u201ePi\u0119kna i bestia (o sztuce, dizajnie i maszynach licz\u0105cych)&#8221;<\/strong> wyg\u0142osz\u0105 prof. Marian Oslislo z Akademii Sztuk Pi\u0119knych w Katowicach i dr hab. Ksawery Kaliski, prof. ASP<\/span>.<\/span><\/p>\n<\/div>\r\n                    <\/div>\r\n                <\/div>[vc_btn title=&#8221;Transmisja wyk\u0142adu inauguracyjnego&#8221; style=&#8221;custom&#8221; custom_background=&#8221;#39a845&#8243; custom_text=&#8221;#ffffff&#8221; size=&#8221;lg&#8221; align=&#8221;center&#8221; button_block=&#8221;true&#8221; link=&#8221;url:https%3A%2F%2Fyoutu.be%2FWwfinT-Fguw|target:_blank&#8221; css=&#8221;.vc_custom_1678102861969{border-top-width: 3px !important;border-right-width: 3px !important;border-bottom-width: 3px !important;border-left-width: 3px !important;border-left-color: #ffffff !important;border-left-style: solid !important;border-right-color: #ffffff !important;border-right-style: solid !important;border-top-color: #ffffff !important;border-top-style: solid !important;border-bottom-color: #ffffff !important;border-bottom-style: solid !important;}&#8221;]\r\n                <div class=\"text-modules\">\r\n                    <div class=\"container\">\r\n                        \r\n                        <div class=\"text-modules__content\"><p>100% nauk matematycznych + 100% nauk \u015bcis\u0142ych i technicznych = XVII \u015awi\u0119to Liczby Pi. Zapraszamy na wyk\u0142ady, warsztaty, pokazy z: matematyki, chemii, fizyki, informatyki, in\u017cynierii biomedycznej, in\u017cynierii materia\u0142owej. Zapraszamy na konkursy, ciekawe rozmowy i i du\u017co dobrej zabawy.<\/p>\n<p style=\"text-align: center;\"><strong>Zapisy na aktywno\u015bci rusz\u0105 1 marca o godzinie 15:00.<\/strong><\/p>\n<p style=\"text-align: center;\">To wszystko dost\u0119pne w czasie \u015awi\u0119ta Liczby Pi ju\u017c 14 marca 2023 r.<br \/>\n<span style=\"color: #39a845;\"><strong>Podajemy nauk\u0119 w lekkostrawnej formie.<\/strong><\/span><br \/>\n<span style=\"color: #39a845;\"><strong>Na zdrowie \ud83d\ude42<\/strong><\/span><\/p>\n<p>\n<\/div>\r\n                    <\/div>\r\n                <\/div>[\/vc_column][\/vc_row]<\/p>","protected":false},"excerpt":{"rendered":"<p>[vc_row el_class=&#8221;container&#8221;][vc_column width=&#8221;2\/5&#8243; el_class=&#8221;container&#8221;][vc_row_inner][vc_column_inner][\/vc_column_inner][\/vc_row_inner][\/vc_column][vc_column width=&#8221;3\/5&#8243;][vc_btn title=&#8221;Transmisja wyk\u0142adu inauguracyjnego&#8221; style=&#8221;custom&#8221; custom_background=&#8221;#39a845&#8243; custom_text=&#8221;#ffffff&#8221; size=&#8221;lg&#8221; align=&#8221;center&#8221; button_block=&#8221;true&#8221; link=&#8221;url:https%3A%2F%2Fyoutu.be%2FWwfinT-Fguw|target:_blank&#8221; css=&#8221;.vc_custom_1678102861969{border-top-width: 3px !important;border-right-width: 3px !important;border-bottom-width: 3px !important;border-left-width: 3px !important;border-left-color: #ffffff !important;border-left-style: solid !important;border-right-color: #ffffff !important;border-right-style: solid !important;border-top-color: #ffffff !important;border-top-style: solid !important;border-bottom-color: #ffffff !important;border-bottom-style: solid !important;}&#8221;][\/vc_column][\/vc_row] [&#8230;]<\/p>\n<p><a class=\"btn btn-secondary understrap-read-more-link\" href=\"https:\/\/us.edu.pl\/wydzial\/wnst\/wspolpraca\/szkoly\/swieto-liczby-pi\/swieto-liczby-pi-xvii-edycja\/\">Read More&#8230;<\/a><\/p>\n","protected":false},"author":92,"featured_media":0,"parent":742,"menu_order":0,"comment_status":"closed","ping_status":"closed","template":"page-templates\/page-with-sidebar.php","meta":{"_expiration-date-status":"","_expiration-date":0,"_expiration-date-type":"","_expiration-date-categories":[],"_expiration-date-options":[]},"acf":[],"_links":{"self":[{"href":"https:\/\/us.edu.pl\/wydzial\/wnst\/wp-json\/wp\/v2\/pages\/172811"}],"collection":[{"href":"https:\/\/us.edu.pl\/wydzial\/wnst\/wp-json\/wp\/v2\/pages"}],"about":[{"href":"https:\/\/us.edu.pl\/wydzial\/wnst\/wp-json\/wp\/v2\/types\/page"}],"author":[{"embeddable":true,"href":"https:\/\/us.edu.pl\/wydzial\/wnst\/wp-json\/wp\/v2\/users\/92"}],"replies":[{"embeddable":true,"href":"https:\/\/us.edu.pl\/wydzial\/wnst\/wp-json\/wp\/v2\/comments?post=172811"}],"version-history":[{"count":1,"href":"https:\/\/us.edu.pl\/wydzial\/wnst\/wp-json\/wp\/v2\/pages\/172811\/revisions"}],"predecessor-version":[{"id":172819,"href":"https:\/\/us.edu.pl\/wydzial\/wnst\/wp-json\/wp\/v2\/pages\/172811\/revisions\/172819"}],"up":[{"embeddable":true,"href":"https:\/\/us.edu.pl\/wydzial\/wnst\/wp-json\/wp\/v2\/pages\/742"}],"wp:attachment":[{"href":"https:\/\/us.edu.pl\/wydzial\/wnst\/wp-json\/wp\/v2\/media?parent=172811"}],"curies":[{"name":"wp","href":"https:\/\/api.w.org\/{rel}","templated":true}]}}