{"id":172842,"date":"2024-02-08T13:52:56","date_gmt":"2024-02-08T12:52:56","guid":{"rendered":"https:\/\/us.edu.pl\/wydzial\/wnst\/?page_id=172842"},"modified":"2024-06-26T14:43:13","modified_gmt":"2024-06-26T12:43:13","slug":"hackemotion","status":"publish","type":"page","link":"https:\/\/us.edu.pl\/wydzial\/wnst\/studia\/hackemotion\/","title":{"rendered":"HackEmotion"},"content":{"rendered":"<p>[vc_row el_class=&#8221;container&#8221;][vc_column width=&#8221;2\/3&#8243;]\r\n                <div class=\"text-modules\">\r\n                    <div class=\"container\">\r\n                        \r\n                        <div class=\"text-modules__content\"><p>Dyrektor Instytutu Informatyki og\u0142asza konkurs dla student\u00f3w Wydzia\u0142u Nauk \u015acis\u0142ych i Technicznych \u201e<strong>24h HackEmotion<\/strong>&#8222;. Konkurs odb\u0119dzie sie w dniu 11 kwietnia 2024 r. w Instytucie Informatyki w Sosnowcu ul. B\u0119dzi\u0144ska 39.<\/p>\n<h3><span style=\"color: #002e5a;\">O Konkursie<\/span><\/h3>\n<p>S\u0105 w\u015br\u00f3d nas osoby maj\u0105ce problemy z prawid\u0142owym odczytaniem emocji widocznych na twarzy innych os\u00f3b lub wyra\u017conych za pomoc\u0105 ich sylwetki cia\u0142a. Przyk\u0142adowo, z\u0142o\u015b\u0107 mog\u0105 postrzega\u0107 jako smutek, a rado\u015b\u0107 jako zdziwienie. Warto pom\u00f3c takim osobom.<\/p>\n<p>Wyka\u017c si\u0119 kreatywno\u015bci\u0105 i zaproponuj system webowy lub mobilny, kt\u00f3ry pomo\u017ce wskaza\u0107 takie osoby i b\u0119dzie zawiera\u0107 \u0107wiczenia pomagaj\u0105ce tym osobom w nauce poprawnego rozpoznawania emocji. Mo\u017cesz do tego celu wykorzysta\u0107 co chcesz &#8211; zdj\u0119cia twarzy, zdj\u0119cia ca\u0142ych sylwetek os\u00f3b, kr\u00f3tkie filmy, aplikacje graficzne, itd.<br \/>\nNiech Was poniesie wyobra\u017ania! Zapraszamy wszystkich uczestnik\u00f3w do do\u0142\u0105czenia do zespo\u0142u projektowego dzia\u0142aj\u0105cego w Instytucie Informatyki i zajmuj\u0105cego si\u0119 tym zagadnieniem<\/p>\n<p><span style=\"color: #002e5a;\"><strong>Nagrody<\/strong><\/span><\/p>\n<p><span style=\"color: #002e5a;\">I miejsce &#8211; 3 000 z\u0142<br \/>\n<\/span>II miejsce\u00a0 &#8211; 2 000 z\u0142<br \/>\nNagrody dodatkowe<\/p>\n<p><strong><span style=\"color: #002e5a;\">Rejestracja<\/span><\/strong><\/p>\n<p>Na konkurs obowi\u0105zuj\u0105 zapisy. Zapisy s\u0105 zespo\u0142owe, w grupach po cztery osoby. Limit zespo\u0142\u00f3w:<br \/>\nZapisz si\u0119: www.formularze.us.edu.pl<\/p>\n<h3><span style=\"color: #002e5a;\">Harmonogram<\/span><\/h3>\n<p>28 marzec 2024 r. &#8211; termin rejestracji<br \/>\n4 kwiecie\u0144 2024 r. &#8211; spotkanie organizacyjne na MS Teams<br \/>\n11 kwiecie\u0144 2024 r. &#8211; rozstrzygni\u0119cie Konkursu<\/p>\n<\/div>\r\n                    <\/div>\r\n                <\/div>[\/vc_column][vc_column width=&#8221;1\/3&#8243;][vc_single_image image=&#8221;168223&#8243; img_size=&#8221;large&#8221; alignment=&#8221;center&#8221;][\/vc_column][\/vc_row]<\/p>","protected":false},"excerpt":{"rendered":"<p>[vc_row el_class=&#8221;container&#8221;][vc_column width=&#8221;2\/3&#8243;][\/vc_column][vc_column width=&#8221;1\/3&#8243;][vc_single_image image=&#8221;168223&#8243; img_size=&#8221;large&#8221; alignment=&#8221;center&#8221;][\/vc_column][\/vc_row] [&#8230;]<\/p>\n<p><a class=\"btn btn-secondary understrap-read-more-link\" href=\"https:\/\/us.edu.pl\/wydzial\/wnst\/studia\/hackemotion\/\">Read More&#8230;<\/a><\/p>\n","protected":false},"author":92,"featured_media":0,"parent":538,"menu_order":0,"comment_status":"closed","ping_status":"closed","template":"","meta":{"_expiration-date-status":"","_expiration-date":0,"_expiration-date-type":"","_expiration-date-categories":[],"_expiration-date-options":[]},"acf":[],"_links":{"self":[{"href":"https:\/\/us.edu.pl\/wydzial\/wnst\/wp-json\/wp\/v2\/pages\/172842"}],"collection":[{"href":"https:\/\/us.edu.pl\/wydzial\/wnst\/wp-json\/wp\/v2\/pages"}],"about":[{"href":"https:\/\/us.edu.pl\/wydzial\/wnst\/wp-json\/wp\/v2\/types\/page"}],"author":[{"embeddable":true,"href":"https:\/\/us.edu.pl\/wydzial\/wnst\/wp-json\/wp\/v2\/users\/92"}],"replies":[{"embeddable":true,"href":"https:\/\/us.edu.pl\/wydzial\/wnst\/wp-json\/wp\/v2\/comments?post=172842"}],"version-history":[{"count":4,"href":"https:\/\/us.edu.pl\/wydzial\/wnst\/wp-json\/wp\/v2\/pages\/172842\/revisions"}],"predecessor-version":[{"id":173203,"href":"https:\/\/us.edu.pl\/wydzial\/wnst\/wp-json\/wp\/v2\/pages\/172842\/revisions\/173203"}],"up":[{"embeddable":true,"href":"https:\/\/us.edu.pl\/wydzial\/wnst\/wp-json\/wp\/v2\/pages\/538"}],"wp:attachment":[{"href":"https:\/\/us.edu.pl\/wydzial\/wnst\/wp-json\/wp\/v2\/media?parent=172842"}],"curies":[{"name":"wp","href":"https:\/\/api.w.org\/{rel}","templated":true}]}}