{"id":174882,"date":"2024-04-16T13:21:43","date_gmt":"2024-04-16T11:21:43","guid":{"rendered":"https:\/\/us.edu.pl\/wydzial\/wnst\/?page_id=174882"},"modified":"2025-01-30T17:13:43","modified_gmt":"2025-01-30T16:13:43","slug":"cyfrowa-przyszlosc","status":"publish","type":"page","link":"https:\/\/us.edu.pl\/wydzial\/wnst\/wspolpraca\/szkoly\/kwantowanie\/cyfrowa-przyszlosc\/","title":{"rendered":"cyfrowa przysz\u0142o\u015b\u0107"},"content":{"rendered":"<p>[vc_row el_class=&#8221;container&#8221;][vc_column]\r\n                <div class=\"text-modules\">\r\n                    <div class=\"container\">\r\n                        \r\n                        <div class=\"text-modules__content\"><\/p>\n<p><center><img class=\"aligncenter wp-image-174381 size-full\" src=\"https:\/\/us.edu.pl\/wydzial\/wnst\/wp-content\/uploads\/sites\/18\/Bez-kategorii\/logo-1.jpg\" alt=\"cztery flagi: niebieska z 3 gwiazdami, flaga polski, flaga unii europejskiej, \u017c\u00f3\u0142ty orze\u0142 na niebieskim tle\" width=\"100%\" height=\"auto\" srcset=\"https:\/\/us.edu.pl\/wydzial\/wnst\/wp-content\/uploads\/sites\/18\/Bez-kategorii\/logo-1.jpg 1385w, https:\/\/us.edu.pl\/wydzial\/wnst\/wp-content\/uploads\/sites\/18\/Bez-kategorii\/logo-1-300x32.jpg 300w, https:\/\/us.edu.pl\/wydzial\/wnst\/wp-content\/uploads\/sites\/18\/Bez-kategorii\/logo-1-1024x108.jpg 1024w, https:\/\/us.edu.pl\/wydzial\/wnst\/wp-content\/uploads\/sites\/18\/Bez-kategorii\/logo-1-768x81.jpg 768w, https:\/\/us.edu.pl\/wydzial\/wnst\/wp-content\/uploads\/sites\/18\/Bez-kategorii\/logo-1-575x61.jpg 575w\" sizes=\"(max-width: 1385px) 100vw, 1385px\" \/><\/center><\/p>\n<\/div>\r\n                    <\/div>\r\n                <\/div>\r\n                <div class=\"text-modules\">\r\n                    <div class=\"container\">\r\n                        \r\n                        <div class=\"text-modules__content\"><\/p>\n<h3 style=\"text-align: left;\"><span style=\"color: #002e5a;\"><strong>Projekt edukacyjny<br \/>\n\u201eInformatyka kwantowa i chemia na rzecz zielonej przysz\u0142o\u015bci<br \/>\nUniwersytet \u015al\u0105ski w Katowicach wspiera student\u00f3w i uczni\u00f3w szk\u00f3\u0142 ponadpodstawowych\u201d<\/strong><\/span><\/h3>\n<p>\n<\/div>\r\n                    <\/div>\r\n                <\/div>[vc_column_text css=&#8221;.vc_custom_1738253442385{border-top-width: 4px !important;border-right-width: 4px !important;border-bottom-width: 4px !important;border-left-width: 4px !important;padding-top: 8px !important;padding-right: 8px !important;padding-bottom: 8px !important;padding-left: 8px !important;background-color: #94c11f !important;border-left-color: #94c11f !important;border-left-style: solid !important;border-right-color: #94c11f !important;border-right-style: solid !important;border-top-color: #94c11f !important;border-top-style: solid !important;border-bottom-color: #94c11f !important;border-bottom-style: solid !important;border-radius: 3px !important;}&#8221;]<\/p>\n<p style=\"text-align: left;\">Projekt realizowany jest w ramach programu Fundusze Europejskie dla \u015al\u0105skiego 2021\u20132027 (Fundusz na rzecz Sprawiedliwej Transformacji) dla Priorytetu: FESL.10.00-Fundusze Europejskie na transformacj\u0119 dla Dzia\u0142ania: FESL.10.25-Rozw\u00f3j kszta\u0142cenia wy\u017cszego zgodnie z potrzebami zielonej gospodarki.<\/p>\n<p>[\/vc_column_text][vc_separator color=&#8221;custom&#8221; accent_color=&#8221;#94c11f&#8221;][\/vc_column][\/vc_row][vc_row el_class=&#8221;container&#8221;][vc_column]\r\n                <div class=\"text-modules\">\r\n                    <div class=\"container\">\r\n                        \r\n                        <div class=\"text-modules__content\"><\/p>\n<h3 style=\"text-align: left;\"><span style=\"color: #002a5e;\"><strong>Zadanie 1. Cyfrowa przysz\u0142o\u015b\u0107<\/strong><\/span><\/h3>\n<p>\n<\/div>\r\n                    <\/div>\r\n                <\/div>[\/vc_column][\/vc_row][vc_row el_class=&#8221;container&#8221;][vc_column width=&#8221;2\/3&#8243;]\r\n                <div class=\"text-modules\">\r\n                    <div class=\"container\">\r\n                        \r\n                        <div class=\"text-modules__content\"><p>Realizacja warsztat\u00f3w dla uczni\u00f3w szk\u00f3\u0142 ponadpodstawowych z zakresu: informatyka kwantowa, sztuczna inteligencja i uczenie maszynowe.<\/p>\n<p><strong>Dzia\u0142ania w zadaniu to:<\/strong><\/p>\n<ol>\n<li><strong>Warsztaty wprowadzaj\u0105ce<\/strong><br \/>\nTematyka: Wprowadzenie do Pythona i wybranych bibliotek; Matematyka z komputerem.<\/li>\n<li><strong>Warsztaty specjalistyczne: Kwantowanie<\/strong><br \/>\nTematyka: Fizyka kwantowa, Informatyka kwantowa \u2013 teoria i zastosowanie.<\/li>\n<li><strong>Warsztaty specjalistyczne &#8211; Sztuczna Inteligencja i uczenie maszynowe<\/strong><br \/>\nTematyka: Wizualizacja danych w Pytonie; Sztuczne sieci neuronowe; Od regu\u0142y do wiedzy; Metody uczenia nadzorowanego; Metody uczenia nienadzorowanego; Inteligentne systemy heurystyczne.<\/li>\n<li><strong>Wyk\u0142ady popularnonaukowe<\/strong>.<\/li>\n<\/ol>\n<p>Zadanie realizowane we wsp\u00f3\u0142pracy z podmiotem dzia\u0142aj\u0105cym na rzecz edukacji, tj. z Miastem Katowice.<\/p>\n<p>Uczestnikami i uczestniczkami projektu mog\u0105 by\u0107 uczniowie i uczennice szk\u00f3\u0142:<\/p>\n<ul>\n<li>\u015al\u0105skie Techniczne Zak\u0142ady Naukowe w Katowicach,<\/li>\n<li>II Liceum Og\u00f3lnokszta\u0142c\u0105ce w Katowicach,<\/li>\n<li>X Liceum Og\u00f3lnokszta\u0142c\u0105ce w Katowicach,<\/li>\n<li>IV Liceum Og\u00f3lnokszta\u0142c\u0105ce w Katowicach,<\/li>\n<li>VIII Liceum Og\u00f3lnokszta\u0142c\u0105ce w Katowicach,<\/li>\n<li>Zesp\u00f3\u0142 Szk\u00f3\u0142 Technicznych i Og\u00f3lnokszta\u0142c\u0105cych nr 2 w Katowicach.<\/li>\n<\/ul>\n<p><strong>REKRUTACJA<\/strong><br \/>\nRekrutacja do projektu b\u0119dzie przeprowadzona w ww. szko\u0142ach. Prosimy o \u015bledzenie informacji zawartych w sekcji <a href=\"https:\/\/us.edu.pl\/wydzial\/wnst\/wspolpraca\/szkoly\/kwantowanie\/#1646663012309-e7aac3db-140f\" target=\"_blank\" rel=\"noopener\">Rekrutacja<\/a>\u00a0\u2013 to tam b\u0119d\u0105 si\u0119 pojawia\u0107 og\u0142oszenia rekrutacyjne do odpowiedniej formy wsparcia.<\/p>\n<ul>\n<li>1 edycja: kwiecie\u0144 2024 &#8211; szczeg\u00f3\u0142y wkr\u00f3tce<\/li>\n<li>2 edycja: rok akademicki 2024\/25<\/li>\n<\/ul>\n<p>\n<\/div>\r\n                    <\/div>\r\n                <\/div>[\/vc_column][vc_column width=&#8221;1\/3&#8243;][vc_single_image image=&#8221;22090&#8243; img_size=&#8221;large&#8221; alignment=&#8221;center&#8221;][\/vc_column][\/vc_row][vc_row el_class=&#8221;container&#8221;][vc_column][vc_separator color=&#8221;custom&#8221; border_width=&#8221;2&#8243; accent_color=&#8221;#002e5a&#8221;][vc_column_text]<\/p>\n<h3><span style=\"color: #002e5a;\"><strong>Kontakt<\/strong><\/span><\/h3>\n<p style=\"text-align: left;\"><strong><span style=\"color: #002a5e;\">Biuro Projektu<\/span><\/strong><br \/>\n<span style=\"color: #002a5e;\">Wydzia\u0142 Nauk \u015acis\u0142ych i Technicznych<br \/>\n<\/span>40-006 Katowice, ul. Bankowa 14, pok\u00f3j 323<br \/>\ntel.: 32 359 2452<\/p>\n<p style=\"text-align: left;\"><strong>Koordynator Projektu:<\/strong> dr Katarzyna Kowalska-Szojda, prof. U\u015a<br \/>\nE-mail: <a title=\"napisz do koordynatora projektu\" href=\"mailto:katarzyna.kowalska-szojda@us.edu.pl\">katarzyna.kowalska-szojda@us.edu.pl<\/a><br \/>\ntel.: 32 359 1460<\/p>\n<p style=\"text-align: left;\"><strong>Asystentka ds. administracyjnych:<\/strong> mgr Ewelina \u015alusarek<br \/>\n<span style=\"color: #002a5e;\">E-mail: <a title=\"napisz do asystentki do spraw administracyjnych\" href=\"mailto:ewelina.slusarek@us.edu.pl\">ewelina.slusarek@us.edu.pl<\/a><br \/>\ntel.: 32 359 2452<\/span><\/p>\n<p>[\/vc_column_text][vc_btn title=&#8221;powr\u00f3t do strony g\u0142\u00f3wnej&#8221; style=&#8221;outline-custom&#8221; outline_custom_color=&#8221;#002e5a&#8221; outline_custom_hover_background=&#8221;#002e5a&#8221; outline_custom_hover_text=&#8221;#ffffff&#8221; align=&#8221;center&#8221; link=&#8221;url:https%3A%2F%2Fus.edu.pl%2Fwydzial%2Fwnst%2Fwspolpraca%2Fszkoly%2Fkwantowanie%2F&#8221;][\/vc_column][\/vc_row]<\/p>","protected":false},"excerpt":{"rendered":"<p>[vc_row el_class=&#8221;container&#8221;][vc_column][vc_column_text css=&#8221;.vc_custom_1738253442385{border-top-width: 4px !important;border-right-width: 4px !important;border-bottom-width: 4px !important;border-left-width: 4px !important;padding-top: 8px !important;padding-right: 8px !important;padding-bottom: 8px !important;padding-left: 8px !important;background-color: #94c11f !important;border-left-color: #94c11f !important;border-left-style: solid !important;border-right-color: #94c11f !important;border-right-style: solid !important;border-top-color: #94c11f !important;border-top-style: solid !important;border-bottom-color: #94c11f !important;border-bottom-style: solid !important;border-radius: 3px !important;}&#8221;] Projekt realizowany jest w ramach programu Fundusze Europejskie dla \u015al\u0105skiego 2021\u20132027 (Fundusz na rzecz Sprawiedliwej Transformacji) [&#8230;]<\/p>\n<p><a class=\"btn btn-secondary understrap-read-more-link\" href=\"https:\/\/us.edu.pl\/wydzial\/wnst\/wspolpraca\/szkoly\/kwantowanie\/cyfrowa-przyszlosc\/\">Read More&#8230;<\/a><\/p>\n","protected":false},"author":92,"featured_media":0,"parent":174553,"menu_order":0,"comment_status":"closed","ping_status":"closed","template":"","meta":{"_expiration-date-status":"","_expiration-date":0,"_expiration-date-type":"","_expiration-date-categories":[],"_expiration-date-options":[]},"acf":[],"_links":{"self":[{"href":"https:\/\/us.edu.pl\/wydzial\/wnst\/wp-json\/wp\/v2\/pages\/174882"}],"collection":[{"href":"https:\/\/us.edu.pl\/wydzial\/wnst\/wp-json\/wp\/v2\/pages"}],"about":[{"href":"https:\/\/us.edu.pl\/wydzial\/wnst\/wp-json\/wp\/v2\/types\/page"}],"author":[{"embeddable":true,"href":"https:\/\/us.edu.pl\/wydzial\/wnst\/wp-json\/wp\/v2\/users\/92"}],"replies":[{"embeddable":true,"href":"https:\/\/us.edu.pl\/wydzial\/wnst\/wp-json\/wp\/v2\/comments?post=174882"}],"version-history":[{"count":10,"href":"https:\/\/us.edu.pl\/wydzial\/wnst\/wp-json\/wp\/v2\/pages\/174882\/revisions"}],"predecessor-version":[{"id":186355,"href":"https:\/\/us.edu.pl\/wydzial\/wnst\/wp-json\/wp\/v2\/pages\/174882\/revisions\/186355"}],"up":[{"embeddable":true,"href":"https:\/\/us.edu.pl\/wydzial\/wnst\/wp-json\/wp\/v2\/pages\/174553"}],"wp:attachment":[{"href":"https:\/\/us.edu.pl\/wydzial\/wnst\/wp-json\/wp\/v2\/media?parent=174882"}],"curies":[{"name":"wp","href":"https:\/\/api.w.org\/{rel}","templated":true}]}}