{"id":175787,"date":"2024-05-30T19:49:35","date_gmt":"2024-05-30T17:49:35","guid":{"rendered":"https:\/\/us.edu.pl\/wydzial\/wnst\/?page_id=175787"},"modified":"2025-07-23T10:05:02","modified_gmt":"2025-07-23T08:05:02","slug":"studiujinformatyke","status":"publish","type":"page","link":"https:\/\/us.edu.pl\/wydzial\/wnst\/studia\/kandydat\/studiujinformatyke\/","title":{"rendered":"studiuj informatyk\u0119"},"content":{"rendered":"<p>[vc_row el_class=&#8221;rotor container&#8221;][vc_column el_class=&#8221;napis&#8221;]\r\n                <div class=\"text-modules\">\r\n                    <div class=\"container\">\r\n                        \r\n                        <div class=\"text-modules__content\"><p>Studiuj informatyk\u0119 na \u015al\u0105skim<\/p>\n<\/div>\r\n                    <\/div>\r\n                <\/div>[\/vc_column][\/vc_row][vc_row el_class=&#8221;container&#8221;][vc_column]\r\n                <div class=\"text-modules\">\r\n                    <div class=\"container\">\r\n                        \r\n                        <div class=\"text-modules__content\"><\/p>\n<h3 style=\"text-align: center;\"><span style=\"color: #002e5a;\">Co nas wyr\u00f3\u017cnia?<\/span><\/h3>\n<p>\n<\/div>\r\n                    <\/div>\r\n                <\/div>[\/vc_column][\/vc_row][vc_row el_class=&#8221;bottom linki container wysokosc karty&#8221;][vc_column width=&#8221;1\/4&#8243; el_class=&#8221;shadow rogi&#8221;][vc_column_text]<img class=\"alignnone wp-image-175814 size-full\" src=\"https:\/\/us.edu.pl\/wydzial\/wnst\/wp-content\/uploads\/sites\/18\/Bez-kategorii\/studiuj.jpg\" alt=\"\" width=\"100%\" height=\"auto\" srcset=\"https:\/\/us.edu.pl\/wydzial\/wnst\/wp-content\/uploads\/sites\/18\/Bez-kategorii\/studiuj.jpg 400w, https:\/\/us.edu.pl\/wydzial\/wnst\/wp-content\/uploads\/sites\/18\/Bez-kategorii\/studiuj-300x300.jpg 300w, https:\/\/us.edu.pl\/wydzial\/wnst\/wp-content\/uploads\/sites\/18\/Bez-kategorii\/studiuj-150x150.jpg 150w\" sizes=\"(max-width: 400px) 100vw, 400px\" \/>[\/vc_column_text][vc_column_text css=&#8221;.vc_custom_1753257651094{padding-top: 10px !important;padding-right: 15px !important;padding-bottom: 10px !important;padding-left: 15px !important;}&#8221;]<\/p>\n<table class=\"rogi\" style=\"border-collapse: collapse; width: 100%; background-color: #f3f8fe;\">\n<tbody>\n<tr>\n<td style=\"width: 234.683px; text-align: center;\"><span style=\"color: #011535; font-family: 'PT Sans'; font-weight: 800; font-size: 110%;\"><strong>ZOSTA\u0143 NASZYM STUDENTEM<br \/>\n<\/strong><\/span><\/td>\n<\/tr>\n<\/tbody>\n<\/table>\n<p style=\"font-size: 110%; color: #000000; font-family: PT Sans;\"><strong><br \/>\n<\/strong>3 kierunki w 3 miastach<br \/>\nSosnowiec i Chorz\u00f3w i Katowice<br \/>\n<strong><a href=\"https:\/\/us.edu.pl\/wydzial\/wnst\/studia\/kandydat\/oferta-dydaktyczna\/informatyka\" target=\"_blank\" rel=\"noopener\">Informatyka<\/a> i <a href=\"https:\/\/us.edu.pl\/wydzial\/wnst\/studia\/kandydat\/oferta-dydaktyczna\/informatyka-stosowana\/\" target=\"_blank\" rel=\"noopener\">Informatyka stosowana<\/a> i <a href=\"https:\/\/us.edu.pl\/wydzial\/wnst\/studia\/kandydat\/oferta-dydaktyczna\/data-science-i-sztuczna-inteligencja\/\" target=\"_blank\" rel=\"noopener\">Data Science i sztuczna inteligencja<\/a><\/strong><br \/>\nStudia stacjonarne i niestacjonarne<br \/>\nStudia I i II stopnia, Studia IN\u017bynierskie<br \/>\nponad 10 r\u00f3\u017cnych specjalno\u015bci, pozytywna ocena Polskiej Komisji Akredytacyjnej.<br \/>\nPami\u0119taj, \u017ce nasz plan zaj\u0119\u0107 pozwoli Ci podj\u0105\u0107 prac\u0119 w niepe\u0142nym wymiarze czasu pracy.<\/p>\n<p>[\/vc_column_text][\/vc_column][vc_column width=&#8221;1\/4&#8243; el_class=&#8221;shadow rogi&#8221;][vc_column_text]<img class=\"alignnone wp-image-175820 size-full\" src=\"https:\/\/us.edu.pl\/wydzial\/wnst\/wp-content\/uploads\/sites\/18\/Bez-kategorii\/nauka.jpg\" alt=\"\" width=\"100%\" height=\"auto\" srcset=\"https:\/\/us.edu.pl\/wydzial\/wnst\/wp-content\/uploads\/sites\/18\/Bez-kategorii\/nauka.jpg 800w, https:\/\/us.edu.pl\/wydzial\/wnst\/wp-content\/uploads\/sites\/18\/Bez-kategorii\/nauka-300x300.jpg 300w, https:\/\/us.edu.pl\/wydzial\/wnst\/wp-content\/uploads\/sites\/18\/Bez-kategorii\/nauka-150x150.jpg 150w, https:\/\/us.edu.pl\/wydzial\/wnst\/wp-content\/uploads\/sites\/18\/Bez-kategorii\/nauka-768x768.jpg 768w, https:\/\/us.edu.pl\/wydzial\/wnst\/wp-content\/uploads\/sites\/18\/Bez-kategorii\/nauka-575x575.jpg 575w\" sizes=\"(max-width: 800px) 100vw, 800px\" \/>[\/vc_column_text][vc_column_text css=&#8221;.vc_custom_1717443552765{padding-top: 10px !important;padding-right: 15px !important;padding-bottom: 10px !important;padding-left: 15px !important;}&#8221;]<\/p>\n<table class=\"rogi\" style=\"border-collapse: collapse; width: 100%; background-color: #f3f8fe;\">\n<tbody>\n<tr>\n<td style=\"width: 234.683px; text-align: center;\"><span style=\"color: #2a8cc4; font-family: 'PT Sans'; font-weight: 800; font-size: 110%;\"><strong>ZG\u0141\u0118BIAJ NAUK\u0118<br \/>\n<\/strong><\/span><\/td>\n<\/tr>\n<\/tbody>\n<\/table>\n<p style=\"font-size: 110%; color: #000000; font-family: PT Sans;\"><strong><br \/>\n<\/strong>Wsp\u00f3\u0142praca z <span style=\"font-size: 130%;\"><a href=\"https:\/\/us.edu.pl\/instytut\/ii\/\" target=\"_blank\" rel=\"noopener\"><strong>Instytutem Informatyki<\/strong><\/a>\u00a0<\/span>w ramach <strong><a href=\"https:\/\/us.edu.pl\/instytut\/ii\/badania-i-nauka\/grupy-badawcze\/\" target=\"_blank\" rel=\"noopener\">grup badawczych<\/a><\/strong>.<\/p>\n<p>[\/vc_column_text][\/vc_column][vc_column width=&#8221;1\/4&#8243; el_class=&#8221;shadow rogi&#8221;][vc_column_text]<img class=\"alignnone wp-image-175817 size-full\" src=\"https:\/\/us.edu.pl\/wydzial\/wnst\/wp-content\/uploads\/sites\/18\/Bez-kategorii\/katowice-1.jpg\" alt=\"\" width=\"100%\" height=\"auto\" srcset=\"https:\/\/us.edu.pl\/wydzial\/wnst\/wp-content\/uploads\/sites\/18\/Bez-kategorii\/katowice-1.jpg 770w, https:\/\/us.edu.pl\/wydzial\/wnst\/wp-content\/uploads\/sites\/18\/Bez-kategorii\/katowice-1-300x300.jpg 300w, https:\/\/us.edu.pl\/wydzial\/wnst\/wp-content\/uploads\/sites\/18\/Bez-kategorii\/katowice-1-150x150.jpg 150w, https:\/\/us.edu.pl\/wydzial\/wnst\/wp-content\/uploads\/sites\/18\/Bez-kategorii\/katowice-1-768x768.jpg 768w, https:\/\/us.edu.pl\/wydzial\/wnst\/wp-content\/uploads\/sites\/18\/Bez-kategorii\/katowice-1-575x575.jpg 575w\" sizes=\"(max-width: 770px) 100vw, 770px\" \/>[\/vc_column_text][vc_column_text css=&#8221;.vc_custom_1717445008981{padding-top: 10px !important;padding-right: 15px !important;padding-bottom: 10px !important;padding-left: 15px !important;}&#8221;]<\/p>\n<table class=\"rogi\" style=\"border-collapse: collapse; width: 100%; background-color: #e7f8f0;\">\n<tbody>\n<tr>\n<td style=\"width: 234.683px; text-align: center;\"><span style=\"color: #011535; font-family: 'PT Sans'; font-weight: 800; font-size: 110%;\"><strong>POZNAJ \u015aL\u0104SKIE<br \/>\n<\/strong><\/span><\/td>\n<\/tr>\n<\/tbody>\n<\/table>\n<p style=\"font-size: 110%; color: #000000; font-family: PT Sans;\"><strong><br \/>\n<\/strong><a href=\"https:\/\/miastonauki.pl\/\" target=\"_blank\" rel=\"noopener\"><strong>Katowice &#8211; Europejskie Miasto Nauki 2024<\/strong><\/a><br \/>\n<a href=\"http:\/\/www.slaskifestiwalnauki.pl\/\" target=\"_blank\" rel=\"noopener\"><strong>\u015al\u0105ski Festiwal Nauki<\/strong><\/a><br \/>\n<a href=\"https:\/\/www.planetarium.edu.pl\/\" target=\"_blank\" rel=\"noopener\"><strong>Planetarium \u015al\u0105skie<\/strong><\/a> &#8211; Chorz\u00f3w<br \/>\n<a href=\"https:\/\/kopalniaguido.pl\/index.php\" target=\"_blank\" rel=\"noopener\">Kopania Guido<\/a> &#8211; Zabrze<br \/>\nJura Krakowsko-Cz\u0119stochowska &#8211; wspinaczka i eksploracja jaski\u0144<br \/>\nBeskid \u015al\u0105ski i \u017bywiecki<br \/>\nTrasy narciarskie i rowerowe<br \/>\n<a href=\"https:\/\/www.cee-egzotarium.sosnowiec.pl\/\" target=\"_blank\" rel=\"noopener\"><strong>Ogr\u00f3d Botaniczno-Zoologiczny<\/strong><\/a> &#8211; Sosnowiec<\/p>\n<p>[\/vc_column_text][\/vc_column][vc_column width=&#8221;1\/4&#8243; el_class=&#8221;shadow rogi&#8221;][vc_column_text]<img class=\"alignnone wp-image-175824 size-full\" src=\"https:\/\/us.edu.pl\/wydzial\/wnst\/wp-content\/uploads\/sites\/18\/Bez-kategorii\/biznes.jpg\" alt=\"\" width=\"100%\" height=\"auto\" srcset=\"https:\/\/us.edu.pl\/wydzial\/wnst\/wp-content\/uploads\/sites\/18\/Bez-kategorii\/biznes.jpg 800w, https:\/\/us.edu.pl\/wydzial\/wnst\/wp-content\/uploads\/sites\/18\/Bez-kategorii\/biznes-300x300.jpg 300w, https:\/\/us.edu.pl\/wydzial\/wnst\/wp-content\/uploads\/sites\/18\/Bez-kategorii\/biznes-150x150.jpg 150w, https:\/\/us.edu.pl\/wydzial\/wnst\/wp-content\/uploads\/sites\/18\/Bez-kategorii\/biznes-768x768.jpg 768w, https:\/\/us.edu.pl\/wydzial\/wnst\/wp-content\/uploads\/sites\/18\/Bez-kategorii\/biznes-575x575.jpg 575w\" sizes=\"(max-width: 800px) 100vw, 800px\" \/>[\/vc_column_text][vc_column_text css=&#8221;.vc_custom_1717443881488{padding-top: 10px !important;padding-right: 15px !important;padding-bottom: 10px !important;padding-left: 15px !important;}&#8221;]<\/p>\n<table class=\"rogi\" style=\"border-collapse: collapse; width: 100%; background-color: #f3f8fe;\">\n<tbody>\n<tr>\n<td style=\"width: 234.683px; text-align: center;\"><span style=\"color: #011535; font-family: 'PT Sans'; font-weight: 800; font-size: 110%;\"><strong><span style=\"color: #002e5a;\">TW\u00d3RZ BIZNES<\/span><br \/>\n<\/strong><\/span><\/td>\n<\/tr>\n<\/tbody>\n<\/table>\n<p style=\"font-size: 110%; color: #000000; font-family: PT Sans;\"><strong><br \/>\n<\/strong>Spotkania z krajowymi i zagranicznymi pracodawcami pokazuj\u0105ce od podszewki codzienn\u0105 prac\u0119 w charakterze programisty. W ramach projektu <a href=\"https:\/\/us.edu.pl\/wydzial\/wnst\/studia\/student\/poniedzialek-z-it\/\" target=\"_blank\" rel=\"noopener\"><strong>PONIEDZIA\u0141EK Z IT<\/strong><\/a>\u00a0eksperci z czo\u0142owych firm zajmuj\u0105cych si\u0119 rozwojem oprogramowania przedstawiaj\u0105 kulisy swojej codziennej pracy. Wsp\u00f3\u0142pracujemy z Sopra Steria Polska, Vattenfall IT Services Poland, Software Mind, Sii Polska, Keywords Studios, Diebold Nixdorf, Google, eq system, CERT Polska, Citi Solutions Center (CSC) Poland. Oferujemy tak\u017ce doradztwo zawodowe i coaching oraz <strong><a href=\"http:\/\/www.bk.us.edu.pl\/pracodawca\/baza-ofert-i-cv-dla-pracodawcow\" target=\"_blank\" rel=\"noopener\">liczne oferty pracy,<\/a> <a href=\"http:\/\/www.bk.us.edu.pl\/praktyki-na-studiach\" target=\"_blank\" rel=\"noopener\">praktyk<\/a> i<a href=\"http:\/\/www.bk.us.edu.pl\/aktualnosci\" target=\"_blank\" rel=\"noopener\"> innych form wsp\u00f3\u0142pracy<\/a>.\u00a0<\/strong><\/p>\n<p>[\/vc_column_text][\/vc_column][\/vc_row][vc_column][\/vc_column][vc_row][vc_column]<div class=\"container\"><div class=\"separator\" style=\"background-color: #002E5A\"><\/div><\/div>[\/vc_column][\/vc_row]<\/p>","protected":false},"excerpt":{"rendered":"<p>[vc_row el_class=&#8221;rotor container&#8221;][vc_column el_class=&#8221;napis&#8221;][\/vc_column][\/vc_row][vc_row el_class=&#8221;container&#8221;][vc_column][\/vc_column][\/vc_row][vc_row el_class=&#8221;bottom linki container wysokosc karty&#8221;][vc_column width=&#8221;1\/4&#8243; el_class=&#8221;shadow rogi&#8221;][vc_column_text][\/vc_column_text][vc_column_text css=&#8221;.vc_custom_1753257651094{padding-top: 10px !important;padding-right: 15px !important;padding-bottom: 10px !important;padding-left: 15px !important;}&#8221;] ZOSTA\u0143 NASZYM STUDENTEM 3 kierunki w 3 miastach Sosnowiec i Chorz\u00f3w i Katowice Informatyka i Informatyka stosowana i Data Science i sztuczna inteligencja Studia stacjonarne i niestacjonarne Studia I i II stopnia, Studia [&#8230;]<\/p>\n<p><a class=\"btn btn-secondary understrap-read-more-link\" href=\"https:\/\/us.edu.pl\/wydzial\/wnst\/studia\/kandydat\/studiujinformatyke\/\">Read More&#8230;<\/a><\/p>\n","protected":false},"author":92,"featured_media":0,"parent":540,"menu_order":0,"comment_status":"closed","ping_status":"closed","template":"","meta":{"_expiration-date-status":"","_expiration-date":0,"_expiration-date-type":"","_expiration-date-categories":[],"_expiration-date-options":[]},"acf":[],"_links":{"self":[{"href":"https:\/\/us.edu.pl\/wydzial\/wnst\/wp-json\/wp\/v2\/pages\/175787"}],"collection":[{"href":"https:\/\/us.edu.pl\/wydzial\/wnst\/wp-json\/wp\/v2\/pages"}],"about":[{"href":"https:\/\/us.edu.pl\/wydzial\/wnst\/wp-json\/wp\/v2\/types\/page"}],"author":[{"embeddable":true,"href":"https:\/\/us.edu.pl\/wydzial\/wnst\/wp-json\/wp\/v2\/users\/92"}],"replies":[{"embeddable":true,"href":"https:\/\/us.edu.pl\/wydzial\/wnst\/wp-json\/wp\/v2\/comments?post=175787"}],"version-history":[{"count":10,"href":"https:\/\/us.edu.pl\/wydzial\/wnst\/wp-json\/wp\/v2\/pages\/175787\/revisions"}],"predecessor-version":[{"id":197954,"href":"https:\/\/us.edu.pl\/wydzial\/wnst\/wp-json\/wp\/v2\/pages\/175787\/revisions\/197954"}],"up":[{"embeddable":true,"href":"https:\/\/us.edu.pl\/wydzial\/wnst\/wp-json\/wp\/v2\/pages\/540"}],"wp:attachment":[{"href":"https:\/\/us.edu.pl\/wydzial\/wnst\/wp-json\/wp\/v2\/media?parent=175787"}],"curies":[{"name":"wp","href":"https:\/\/api.w.org\/{rel}","templated":true}]}}