{"id":176455,"date":"2024-06-21T09:40:13","date_gmt":"2024-06-21T07:40:13","guid":{"rendered":"https:\/\/us.edu.pl\/wydzial\/wnst\/?page_id=176455"},"modified":"2024-06-21T12:09:57","modified_gmt":"2024-06-21T10:09:57","slug":"informacja-w-sprawie-promieniowania-jonizujacego","status":"publish","type":"page","link":"https:\/\/us.edu.pl\/wydzial\/wnst\/badania-naukowe\/informacja-w-sprawie-promieniowania-jonizujacego\/","title":{"rendered":"Informacja w sprawie promieniowania jonizuj\u0105cego"},"content":{"rendered":"<p>[vc_row][vc_column]\r\n                <div class=\"text-modules\">\r\n                    <div class=\"container\">\r\n                        \r\n                        <div class=\"text-modules__content\"><p><strong>Informacja o dzia\u0142alno\u015bci polegaj\u0105cej na wykorzystywaniu \u017ar\u00f3de\u0142 promieniowania jonizuj\u0105cego<\/strong><\/p>\n<p>Informujemy, \u017ce na terenie pracowni klasy Z i rentgenowskich Wydzia\u0142u Nauk \u015acis\u0142ych i Technicznych wykonywana jest dzia\u0142alno\u015b\u0107 naukowa i dydaktyczna zwi\u0105zana z nara\u017ceniem na promieniowanie jonizuj\u0105ce, polegaj\u0105ca na:<\/p>\n<ul>\n<li>stosowaniu urz\u0105dze\u0144 wytwarzaj\u0105cych promieniowanie jonizuj\u0105ce,<\/li>\n<li>stosowaniu urz\u0105dze\u0144, w kt\u00f3rych zainstalowano \u017ar\u00f3d\u0142o promieniowania jonizuj\u0105cego,<\/li>\n<li>stosowaniu zamkni\u0119tych \u017ar\u00f3de\u0142 promieniotw\u00f3rczych,<\/li>\n<\/ul>\n<p>Dzia\u0142alno\u015b\u0107 ta jest zgodna z\u00a0obowi\u0105zuj\u0105cymi przepisami Ustawy z dn. 29 listopada 2000 r. &#8211; Prawo atomowe (Dz.U. z 2023 poz. 1173). Uniwersytet \u015al\u0105ski posiada odpowiednie zezwolenia Prezesa Pa\u0144stwowej Agencji Atomistyki dotycz\u0105ce prowadzonej dzia\u0142alno\u015bci.<\/p>\n<p>W ci\u0105gu ostatnich 12 miesi\u0119cy:<\/p>\n<ul>\n<li>dzia\u0142alno\u015b\u0107 zwi\u0105zana z nara\u017ceniem na promieniowanie jonizuj\u0105ce nie spowodowa\u0142a zwi\u0119kszonego nara\u017cenia na promieniowanie os\u00f3b z og\u00f3\u0142u ludno\u015bci, student\u00f3w, doktorant\u00f3w ani pracownik\u00f3w,<\/li>\n<li>nie dosz\u0142o uwolnienia promieniotw\u00f3rczych izotop\u00f3w do \u015brodowiska.<\/li>\n<\/ul>\n<p>Bezpiecze\u0144stwo og\u00f3\u0142u ludno\u015bci oraz pracownik\u00f3w w Uniwersytecie \u015al\u0105skim zapewnione jest przez wprowadzenie adekwatnych \u015brodk\u00f3w ochrony radiologicznej i bezpiecze\u0144stwa j\u0105drowego, w szczeg\u00f3lno\u015bci:<\/p>\n<ul>\n<li>stosowanie odpowiednich zabezpiecze\u0144 \u017ar\u00f3de\u0142 promieniotw\u00f3rczych,<\/li>\n<li>ocena nara\u017cenia oraz ryzyka nara\u017cenia os\u00f3b z og\u00f3\u0142u ludno\u015bci i pracownik\u00f3w, zapobieganie ryzyku za pomoc\u0105 \u015brodk\u00f3w technicznych i organizacyjnych<\/li>\n<li>nadz\u00f3r inspektora ochrony radiologicznej<\/li>\n<li>wyposa\u017cenie pracownik\u00f3w w indywidualne \u015brodki ochronne<\/li>\n<li>regularne pomiary dozymetryczne.<\/li>\n<\/ul>\n<p>Pracownie, kt\u00f3rych dotyczy wspomniana dzia\u0142alno\u015b\u0107, zlokalizowane s\u0105 na terenie kampusu chorzowskiego:<\/p>\n<ol>\n<li>Wydzia\u0142 Nauk \u015acis\u0142ych i Technicznych, ul. 75 Pu\u0142ku Piechoty 1A, 41-500 Chorz\u00f3w<\/li>\n<li>Wydzia\u0142 Nauk \u015acis\u0142ych i Technicznych, ul. 75 Pu\u0142ku Piechoty 1, 41-500 Chorz\u00f3w<\/li>\n<\/ol>\n<p>Data publikacji: 20.06.2024 r.<\/p>\n<\/div>\r\n                    <\/div>\r\n                <\/div>[\/vc_column][\/vc_row]<\/p>","protected":false},"excerpt":{"rendered":"<p>[vc_row][vc_column][\/vc_column][\/vc_row] [&#8230;]<\/p>\n<p><a class=\"btn btn-secondary understrap-read-more-link\" href=\"https:\/\/us.edu.pl\/wydzial\/wnst\/badania-naukowe\/informacja-w-sprawie-promieniowania-jonizujacego\/\">Read More&#8230;<\/a><\/p>\n","protected":false},"author":92,"featured_media":0,"parent":664,"menu_order":0,"comment_status":"closed","ping_status":"closed","template":"","meta":{"_expiration-date-status":"","_expiration-date":0,"_expiration-date-type":"","_expiration-date-categories":[],"_expiration-date-options":[]},"acf":[],"_links":{"self":[{"href":"https:\/\/us.edu.pl\/wydzial\/wnst\/wp-json\/wp\/v2\/pages\/176455"}],"collection":[{"href":"https:\/\/us.edu.pl\/wydzial\/wnst\/wp-json\/wp\/v2\/pages"}],"about":[{"href":"https:\/\/us.edu.pl\/wydzial\/wnst\/wp-json\/wp\/v2\/types\/page"}],"author":[{"embeddable":true,"href":"https:\/\/us.edu.pl\/wydzial\/wnst\/wp-json\/wp\/v2\/users\/92"}],"replies":[{"embeddable":true,"href":"https:\/\/us.edu.pl\/wydzial\/wnst\/wp-json\/wp\/v2\/comments?post=176455"}],"version-history":[{"count":2,"href":"https:\/\/us.edu.pl\/wydzial\/wnst\/wp-json\/wp\/v2\/pages\/176455\/revisions"}],"predecessor-version":[{"id":176481,"href":"https:\/\/us.edu.pl\/wydzial\/wnst\/wp-json\/wp\/v2\/pages\/176455\/revisions\/176481"}],"up":[{"embeddable":true,"href":"https:\/\/us.edu.pl\/wydzial\/wnst\/wp-json\/wp\/v2\/pages\/664"}],"wp:attachment":[{"href":"https:\/\/us.edu.pl\/wydzial\/wnst\/wp-json\/wp\/v2\/media?parent=176455"}],"curies":[{"name":"wp","href":"https:\/\/api.w.org\/{rel}","templated":true}]}}