{"id":176713,"date":"2024-07-17T14:34:43","date_gmt":"2024-07-17T12:34:43","guid":{"rendered":"https:\/\/us.edu.pl\/wydzial\/wnst\/?page_id=176713"},"modified":"2025-07-23T10:06:41","modified_gmt":"2025-07-23T08:06:41","slug":"studiuj-fizyke","status":"publish","type":"page","link":"https:\/\/us.edu.pl\/wydzial\/wnst\/studia\/kandydat\/studiuj-fizyke\/","title":{"rendered":"studiuj fizyk\u0119"},"content":{"rendered":"<p>[vc_row el_class=&#8221;container&#8221;][vc_column offset=&#8221;vc_hidden-lg vc_hidden-md vc_hidden-sm&#8221;]\r\n                <div class=\"text-modules\">\r\n                    <div class=\"container\">\r\n                        \r\n                        <div class=\"text-modules__content\"><\/p>\n<p style=\"text-align: center;\"><strong><a href=\"https:\/\/us.edu.pl\/wydzial\/wnst\/studiuj-fizyke\/#biofizyka\">#biofizyka<\/a> <a href=\"https:\/\/us.edu.pl\/wydzial\/wnst\/studiuj-fizyke\/#fizmedyczna\">#fizyka medyczna<\/a> <a href=\"https:\/\/us.edu.pl\/wydzial\/wnst\/studiuj-fizyke\/#fizyka\">#fizyka<\/a><\/strong><\/p>\n<p>\n<\/div>\r\n                    <\/div>\r\n                <\/div>[\/vc_column][\/vc_row][vc_row el_class=&#8221;bottom container flex&#8221;][vc_column width=&#8221;1\/3&#8243; el_class=&#8221;shadow margines&#8221;][vc_column_text css=&#8221;.vc_custom_1722410999218{padding-right: 10px !important;padding-left: 10px !important;border-radius: 2px !important;}&#8221;]<\/p>\n<h3 style=\"text-align: center;\"><strong><a id=\"biofizyka\"><\/a>Dlaczego warto studiowa\u0107<br \/>\n<\/strong><span style=\"color: #002e5a;\"><strong><span style=\"color: #ff0000;\"><span style=\"font-size: 130%;\">biofizyk\u0119<\/span>?<\/span><\/strong><\/span><\/h3>\n<ul>\n<li>nauczysz si\u0119 analizowa\u0107 i interpretowa\u0107 dane biologiczne\ud83c\udf3f przy u\u017cyciu <strong>narz\u0119dzi komputerowych<\/strong>,<\/li>\n<li>poznasz tajemnice \u017cycia na poziomie molekularnym,<\/li>\n<li>uzyskasz uprawnienia do wykonywania <strong>zawodu optometrysty<\/strong>,<\/li>\n<li>przyczynisz si\u0119 do odkrywania <strong>nowych lek\u00f3w<\/strong>, zrozumienia mechanizm\u00f3w chor\u00f3b czy opracowywania nowych metod diagnostycznych,<\/li>\n<li>rozwiniesz umiej\u0119tno\u015bci analizy danych, krytycznego my\u015blenia i rozwi\u0105zywania problem\u00f3w &#8211; bardzo cenione kwalifikacje na runku pracy.<\/li>\n<\/ul>\n<p><center><img class=\"alignnone size-medium wp-image-177106\" src=\"https:\/\/us.edu.pl\/wydzial\/wnst\/wp-content\/uploads\/sites\/18\/2024\/07\/kopernik.png\" alt=\"\" width=\"150\" height=\"150\" \/><\/center><\/p>\n<p style=\"text-align: left;\">Zrozumiesz tajemnice \u017cycia i przyczynisz si\u0119 do rozwoju medycyny i technologii.<\/p>\n<p>[\/vc_column_text][vc_btn title=&#8221;POZNAJ&#8221; style=&#8221;custom&#8221; custom_background=&#8221;#002e5a&#8221; custom_text=&#8221;#ffffff&#8221; size=&#8221;lg&#8221; align=&#8221;center&#8221; i_align=&#8221;right&#8221; i_icon_fontawesome=&#8221;fas fa-sign-in-alt&#8221; add_icon=&#8221;true&#8221; link=&#8221;url:https%3A%2F%2Fus.edu.pl%2Fwydzial%2Fwnst%2Fstudia%2Fkandydat%2Foferta-dydaktyczna%2Fbiofizyka|target:_blank&#8221;][\/vc_column][vc_column width=&#8221;1\/3&#8243; el_class=&#8221;shadow margines&#8221;][vc_column_text css=&#8221;.vc_custom_1722412111261{padding-right: 10px !important;padding-left: 10px !important;border-radius: 2px !important;}&#8221;]<\/p>\n<h3 style=\"text-align: center;\"><strong><a id=\"fizmedyczna\"><\/a>Dlaczego warto studiowa\u0107<br \/>\n<\/strong><strong><span style=\"font-size: 120%; color: #fbb900;\">fizyk\u0119 medyczn\u0105?<\/span><\/strong><span style=\"color: #002e5a;\"><strong>\u00a0<\/strong><\/span><\/h3>\n<ul>\n<li>b\u0119dziesz mie\u0107 mie\u0107 ciekaw\u0105 i dobrze p\u0142atn\u0105 prac\u0119, w kt\u00f3rej b\u0119dziesz si\u0119 rozwija\u0142 i pracowa\u0142 na najnowszych zdobyczach technologii medycznej,<\/li>\n<li>uzyskasz wyj\u0105tkowe uprawnienia do wykonywania <strong>zawodu elektroradiologa<\/strong>,<\/li>\n<li>rozpoczniesz karier\u0119 naukow\u0105, bo ju\u017c na studiach mo\u017cesz zacz\u0105\u0107 pisa\u0107 swoje pierwsze artyku\u0142y naukowe,<\/li>\n<li>Fizycy Medyczni s\u0105 niezb\u0119dni i poszukiwani na rynku pracy obecnie, a w przysz\u0142o\u015bci b\u0119d\u0105 jeszcze bardziej ze wzgl\u0119du na ci\u0105g\u0142y rozw\u00f3j technologii medycznych, do kt\u00f3rych konieczni s\u0105 ludzie z odpowiednimi kwalifikacjami i wiedz\u0105 z zakresu nauk \u015bcis\u0142ych i medycy,<\/li>\n<li>polubisz<strong> medyczny slang<\/strong>: rentgen (RTG), tomografia komputerowa (TK), rezonans magnetyczny (MR), pozytonowa tomografia emisyjna (PET), elektrokardiografia (EKG), elektroencefalografia (EEG), elektromiografia (EMG),<\/li>\n<li>do\u0142\u0105czysz do grona przyjaci\u00f3\u0142 po\u0142\u0105czonych wsp\u00f3ln\u0105 pasj\u0105.<\/li>\n<\/ul>\n<p><center><img class=\"alignnone wp-image-177109 size-full\" src=\"https:\/\/us.edu.pl\/wydzial\/wnst\/wp-content\/uploads\/sites\/18\/Bez-kategorii\/curie.png\" alt=\"\" width=\"150\" height=\"150\" \/><\/center><\/p>\n<p style=\"text-align: left;\">W s\u0142owach fizyka medyczna znajdziesz: nowoczesne technologie, informatyk\u0119, fizyk\u0119 oraz medycyn\u0119.<\/p>\n<p>[\/vc_column_text][vc_btn title=&#8221;POZNAJ&#8221; style=&#8221;custom&#8221; custom_background=&#8221;#002e5a&#8221; custom_text=&#8221;#ffffff&#8221; size=&#8221;lg&#8221; align=&#8221;center&#8221; i_align=&#8221;right&#8221; i_icon_fontawesome=&#8221;fas fa-sign-in-alt&#8221; add_icon=&#8221;true&#8221; link=&#8221;url:https%3A%2F%2Fus.edu.pl%2Fwydzial%2Fwnst%2Fstudia%2Fkandydat%2Foferta-dydaktyczna%2Ffizyka-medyczna%2F|target:_blank&#8221;][\/vc_column][vc_column width=&#8221;1\/3&#8243; el_class=&#8221;shadow margines&#8221;][vc_column_text css=&#8221;.vc_custom_1726572371466{padding-right: 10px !important;padding-left: 10px !important;border-radius: 2px !important;}&#8221;]<\/p>\n<h3 style=\"text-align: center;\"><strong><a id=\"fizyka\"><\/a>Dlaczego warto studiowa\u0107<br \/>\n<\/strong><span style=\"color: #0095db;\"><strong><span style=\"font-size: 120%;\">fizyk\u0119?<\/span>\u00a0<\/strong><\/span><\/h3>\n<ul>\n<li>odkryjesz, czym jest <strong>mechanika Newtona<\/strong> i jak wp\u0142ywa na nasze \u017cycie,<\/li>\n<li>dowiesz si\u0119, na czym polega <strong>Szczeg\u00f3lna Teoria Wzgl\u0119dno\u015bci Einsteina<\/strong>,<\/li>\n<li>poznasz dzia\u0142anie grawitacji i zobaczysz, dlaczego tak trudno jest \u201eopu\u015bci\u0107\u201d Ziemi\u0119,<\/li>\n<li>nauczysz si\u0119 rozwi\u0105zywa\u0107 niebanalne problemy, a by\u0107 mo\u017ce zmienisz \u015bwiat!<\/li>\n<li><a href=\"https:\/\/us.edu.pl\/instytut\/ifiz\/nauka\/staze-dla-studentow-w-zespolach-badawczych\/\">najlepszym sfinansujemy udzia\u0142 w sta\u017cu badawczym w Instytucie Fizyki<\/a><\/li>\n<\/ul>\n<p><center><img class=\"alignnone size-full wp-image-177107\" src=\"https:\/\/us.edu.pl\/wydzial\/wnst\/wp-content\/uploads\/sites\/18\/Bez-kategorii\/einstein.png\" alt=\"\" width=\"150\" height=\"150\" \/><\/center><\/p>\n<p style=\"text-align: left;\">Zg\u0142\u0119bisz <strong>\u015bwiat fizyki<\/strong> i poznasz najwa\u017cniejsze zasady, kt\u00f3re rz\u0105dz\u0105 \u015bwiatem! Zrozumiesz \u017carty Sheldona z \u201eBig Bang Theory&#8221; i gdzie naprawd\u0119 podzia\u0142 si\u0119 s\u0142awny \ud83d\udc08\u200d\u2b1b kot Schr\u00f6dingera.<\/p>\n<p>[\/vc_column_text][vc_btn title=&#8221;POZNAJ&#8221; style=&#8221;custom&#8221; custom_background=&#8221;#002e5a&#8221; custom_text=&#8221;#ffffff&#8221; size=&#8221;lg&#8221; align=&#8221;center&#8221; i_align=&#8221;right&#8221; i_icon_fontawesome=&#8221;fas fa-sign-in-alt&#8221; add_icon=&#8221;true&#8221; link=&#8221;url:https%3A%2F%2Fus.edu.pl%2Fwydzial%2Fwnst%2Fstudia%2Fkandydat%2Foferta-dydaktyczna%2Ffizyka%2F|target:_blank&#8221;][\/vc_column][\/vc_row][vc_row disable_element=&#8221;yes&#8221; el_class=&#8221;container&#8221;][vc_column][vc_single_image image=&#8221;176727&#8243; img_size=&#8221;full&#8221; alignment=&#8221;center&#8221; style=&#8221;vc_box_rounded&#8221;][vc_row_inner][vc_column_inner width=&#8221;1\/3&#8243;][vc_single_image image=&#8221;176053&#8243; img_size=&#8221;full&#8221; alignment=&#8221;center&#8221; style=&#8221;vc_box_outline&#8221; border_color=&#8221;blue&#8221; onclick=&#8221;custom_link&#8221; img_link_target=&#8221;_blank&#8221; link=&#8221;https:\/\/us.edu.pl\/wydzial\/wnst\/studia\/kandydat\/oferta-dydaktyczna\/biofizyka&#8221;][\/vc_column_inner][vc_column_inner width=&#8221;1\/3&#8243;][vc_single_image image=&#8221;176056&#8243; img_size=&#8221;full&#8221; alignment=&#8221;center&#8221; style=&#8221;vc_box_outline&#8221; border_color=&#8221;blue&#8221; onclick=&#8221;custom_link&#8221; img_link_target=&#8221;_blank&#8221; link=&#8221;https:\/\/us.edu.pl\/wydzial\/wnst\/studia\/kandydat\/oferta-dydaktyczna\/fizyka-medyczna\/&#8221;][\/vc_column_inner][vc_column_inner width=&#8221;1\/3&#8243;][vc_single_image image=&#8221;176057&#8243; img_size=&#8221;full&#8221; alignment=&#8221;center&#8221; style=&#8221;vc_box_outline&#8221; border_color=&#8221;blue&#8221; onclick=&#8221;custom_link&#8221; img_link_target=&#8221;_blank&#8221; link=&#8221;https:\/\/us.edu.pl\/wydzial\/wnst\/studia\/kandydat\/oferta-dydaktyczna\/fizyka&#8221;][\/vc_column_inner][\/vc_row_inner][\/vc_column][\/vc_row]<\/p>","protected":false},"excerpt":{"rendered":"<p>[vc_row el_class=&#8221;container&#8221;][vc_column offset=&#8221;vc_hidden-lg vc_hidden-md vc_hidden-sm&#8221;][\/vc_column][\/vc_row][vc_row el_class=&#8221;bottom container flex&#8221;][vc_column width=&#8221;1\/3&#8243; el_class=&#8221;shadow margines&#8221;][vc_column_text css=&#8221;.vc_custom_1722410999218{padding-right: 10px !important;padding-left: 10px !important;border-radius: 2px !important;}&#8221;] Dlaczego warto studiowa\u0107 biofizyk\u0119? nauczysz si\u0119 analizowa\u0107 i interpretowa\u0107 dane biologiczne\ud83c\udf3f przy u\u017cyciu narz\u0119dzi komputerowych, poznasz tajemnice \u017cycia na poziomie molekularnym, uzyskasz uprawnienia do wykonywania zawodu optometrysty, przyczynisz si\u0119 do odkrywania nowych lek\u00f3w, zrozumienia mechanizm\u00f3w chor\u00f3b czy [&#8230;]<\/p>\n<p><a class=\"btn btn-secondary understrap-read-more-link\" href=\"https:\/\/us.edu.pl\/wydzial\/wnst\/studia\/kandydat\/studiuj-fizyke\/\">Read More&#8230;<\/a><\/p>\n","protected":false},"author":92,"featured_media":0,"parent":540,"menu_order":0,"comment_status":"closed","ping_status":"closed","template":"","meta":{"_expiration-date-status":"","_expiration-date":0,"_expiration-date-type":"","_expiration-date-categories":[],"_expiration-date-options":[]},"acf":[],"_links":{"self":[{"href":"https:\/\/us.edu.pl\/wydzial\/wnst\/wp-json\/wp\/v2\/pages\/176713"}],"collection":[{"href":"https:\/\/us.edu.pl\/wydzial\/wnst\/wp-json\/wp\/v2\/pages"}],"about":[{"href":"https:\/\/us.edu.pl\/wydzial\/wnst\/wp-json\/wp\/v2\/types\/page"}],"author":[{"embeddable":true,"href":"https:\/\/us.edu.pl\/wydzial\/wnst\/wp-json\/wp\/v2\/users\/92"}],"replies":[{"embeddable":true,"href":"https:\/\/us.edu.pl\/wydzial\/wnst\/wp-json\/wp\/v2\/comments?post=176713"}],"version-history":[{"count":11,"href":"https:\/\/us.edu.pl\/wydzial\/wnst\/wp-json\/wp\/v2\/pages\/176713\/revisions"}],"predecessor-version":[{"id":180369,"href":"https:\/\/us.edu.pl\/wydzial\/wnst\/wp-json\/wp\/v2\/pages\/176713\/revisions\/180369"}],"up":[{"embeddable":true,"href":"https:\/\/us.edu.pl\/wydzial\/wnst\/wp-json\/wp\/v2\/pages\/540"}],"wp:attachment":[{"href":"https:\/\/us.edu.pl\/wydzial\/wnst\/wp-json\/wp\/v2\/media?parent=176713"}],"curies":[{"name":"wp","href":"https:\/\/api.w.org\/{rel}","templated":true}]}}