{"id":178264,"date":"2024-09-05T12:13:40","date_gmt":"2024-09-05T10:13:40","guid":{"rendered":"https:\/\/us.edu.pl\/wydzial\/wnst\/?page_id=178264"},"modified":"2024-09-05T12:21:58","modified_gmt":"2024-09-05T10:21:58","slug":"poniedzialek-z-it-2021-2022","status":"publish","type":"page","link":"https:\/\/us.edu.pl\/wydzial\/wnst\/studia\/poniedzialek-z-it\/poniedzialek-z-it-2021-2022\/","title":{"rendered":"Poniedzia\u0142ek z IT 2021\/2022"},"content":{"rendered":"<p>[vc_row el_class=&#8221;container&#8221;][vc_column]\r\n                <div class=\"text-modules\">\r\n                    <div class=\"container\">\r\n                        \r\n                        <div class=\"text-modules__content\"><\/p>\n<h3 style=\"text-align: center;\"><span style=\"color: #002e5a;\">Poniedzia\u0142ek z IT &#8211; projekt dla student\u00f3w, edycja 2021\/2022<\/span><\/h3>\n<p>\n<\/div>\r\n                    <\/div>\r\n                <\/div>[\/vc_column][\/vc_row][vc_row el_class=&#8221;container&#8221;][vc_column width=&#8221;3\/4&#8243;]\r\n                <div class=\"text-modules\">\r\n                    <div class=\"container\">\r\n                        \r\n                        <div class=\"text-modules__content\"><p>Poniedzia\u0142ki nie ciesz\u0105 si\u0119 pozytywn\u0105 opini\u0105, bo ich nadej\u015bcie u\u015bwiadamia, \u017ce weekend si\u0119 sko\u0144czy\u0142 na dobre. A gdyby tak na poniedzia\u0142ki czeka\u0107 z niecierpliwo\u015bci\u0105? To mo\u017cliwe? Oczywi\u015bcie &#8211; dzi\u0119ki Poniedzia\u0142kom z IT!<\/p>\n<p>Pomys\u0142odawczyni\u0105 i koordynatork\u0105 serii jest dr hab. Agnieszka Nowak-Brzezi\u0144ska, prof. U\u015a, w kt\u00f3rej imieniu serdecznie zapraszamy wszystkich zainteresowanych student\u00f3w na bran\u017cowe wyk\u0142ady z obszaru IT. Wyk\u0142ady odbywa\u0107 si\u0119 b\u0119d\u0105 w poniedzia\u0142ki od 17.00 do 18.30 na platformie MS Teams. Prowadz\u0105cy to eksperci z czo\u0142owych firm zajmuj\u0105cych si\u0119 rozwojem oprogramowania, na co dzie\u0144 doskonal\u0105cy istniej\u0105ce rozwi\u0105zania i tworz\u0105cy nowe trendy i kierunki.<\/p>\n<p>Link do platformy MS Teams pozwalaj\u0105cy wzi\u0105\u0107 udzia\u0142 w wyk\u0142adzie b\u0119dzie przes\u0142any mailem do wszystkich student\u00f3w w ka\u017cdy pi\u0105tek poprzedzaj\u0105cy poniedzia\u0142kowy wyk\u0142ad.<\/p>\n<p>Link do pe\u0142nego harmonogramu w formacie pdf: <a href=\"https:\/\/us.edu.pl\/wydzial\/wnst\/wp-content\/uploads\/sites\/18\/Dokumenty-zalaczniki\/harmonogram-28-04-2022.pdf\" class=\"mtli_attachment mtli_pdf\" data-mtli=\"mtli_filesize372,41kB\" class=\"mtli_attachment mtli_pdf\" data-mtli=\"mtli_filesize372,41kB\">harmonogram.pdf<\/a> [aktualizacja 29.04.2022 r.]<\/p>\n<style type=\"text\/css\">a[data-mtli~=\"mtli_filesize372,41kB\"]:after {content:\" (372,41 kB)\"}<\/style><\/div>\r\n                    <\/div>\r\n                <\/div>[\/vc_column][vc_column width=&#8221;1\/4&#8243;]\r\n                <div class=\"text-modules\">\r\n                    <div class=\"container\">\r\n                        \r\n                        <div class=\"text-modules__content\"><p><img class=\"alignnone size-full wp-image-19465\" src=\"https:\/\/us.edu.pl\/wydzial\/wnst\/wp-content\/uploads\/sites\/18\/Nieprzypisane\/IT-Poniedzia\u0142ki-wyrizniajacy.jpg\" alt=\"\" width=\"100%\" height=\"auto\" srcset=\"https:\/\/us.edu.pl\/wydzial\/wnst\/wp-content\/uploads\/sites\/18\/Nieprzypisane\/IT-Poniedzia\u0142ki-wyrizniajacy.jpg 800w, https:\/\/us.edu.pl\/wydzial\/wnst\/wp-content\/uploads\/sites\/18\/Nieprzypisane\/IT-Poniedzia\u0142ki-wyrizniajacy-300x225.jpg 300w, https:\/\/us.edu.pl\/wydzial\/wnst\/wp-content\/uploads\/sites\/18\/Nieprzypisane\/IT-Poniedzia\u0142ki-wyrizniajacy-768x576.jpg 768w, https:\/\/us.edu.pl\/wydzial\/wnst\/wp-content\/uploads\/sites\/18\/Nieprzypisane\/IT-Poniedzia\u0142ki-wyrizniajacy-575x431.jpg 575w\" sizes=\"(max-width: 800px) 100vw, 800px\" \/><\/p>\n<\/div>\r\n                    <\/div>\r\n                <\/div>[\/vc_column][\/vc_row][vc_row el_class=&#8221;container&#8221;][vc_column]<div class=\"container\"><div class=\"separator\" style=\"background-color: #002E5A\"><\/div><\/div><div class=\"container\"><div class=\"separator\" style=\"background-color: #002E5A\"><\/div><\/div>\r\n                <div class=\"text-modules\">\r\n                    <div class=\"container\">\r\n                        \r\n                        <div class=\"text-modules__content\"><\/p>\n<h3><span style=\"color: #002a5e;\">Poznaj, sk\u0105d wywodz\u0105 si\u0119 nasi eksperci<\/span><\/h3>\n<p>\n<\/div>\r\n                    <\/div>\r\n                <\/div>[\/vc_column][\/vc_row][vc_row content_placement=&#8221;top&#8221; el_class=&#8221;container&#8221;][vc_column width=&#8221;1\/3&#8243; el_class=&#8221;shadow margines&#8221;][vc_column_text]<\/p>\n<p><center><img class=\"alignnone wp-image-19621 size-full\" src=\"https:\/\/us.edu.pl\/wydzial\/wnst\/wp-content\/uploads\/sites\/18\/2021\/11\/sopra-steria-logologo.png\" alt=\"\" width=\"100%\" height=\"auto\" srcset=\"https:\/\/us.edu.pl\/wydzial\/wnst\/wp-content\/uploads\/sites\/18\/2021\/11\/sopra-steria-logologo.png 1739w, https:\/\/us.edu.pl\/wydzial\/wnst\/wp-content\/uploads\/sites\/18\/2021\/11\/sopra-steria-logologo-300x60.png 300w, https:\/\/us.edu.pl\/wydzial\/wnst\/wp-content\/uploads\/sites\/18\/2021\/11\/sopra-steria-logologo-768x155.png 768w, https:\/\/us.edu.pl\/wydzial\/wnst\/wp-content\/uploads\/sites\/18\/2021\/11\/sopra-steria-logologo-1024x206.png 1024w, https:\/\/us.edu.pl\/wydzial\/wnst\/wp-content\/uploads\/sites\/18\/2021\/11\/sopra-steria-logologo-575x116.png 575w\" sizes=\"(max-width: 1739px) 100vw, 1739px\" \/><\/center>[\/vc_column_text][vc_text_separator title=&#8221;Sopra Steria&#8221; color=&#8221;custom&#8221; border_width=&#8221;2&#8243; accent_color=&#8221;#002a5e&#8221;][vc_column_text]Sopra Steria Apps Services, jako Globalne Centrum Serwisowe dla rozwoju oprogramowania, jest liderem w dziedzinie transformacji cyfrowej. Tej Firmie zaufa\u0142y organizacje prywatne i publiczne podejmuj\u0105ce z\u0142o\u017cone i krytyczne wyzwania biznesowe. Konsultanci IT na co dzie\u0144 tworz\u0105 oraz doskonal\u0105 istniej\u0105ce ju\u017c rozwi\u0105zania w oparciu o najnowsze technologie, w tym AI. Wykorzystuj\u0105 r\u00f3wnie\u017c takie j\u0119zyki programowania jak Java, .Net, C++ oraz rozwi\u0105zania chmurowe.<\/p>\n<p><em>Jeste\u015bmy przekonani, \u017ce nasze do\u015bwiadczenie oraz zasoby kt\u00f3re postaramy si\u0119 przekaza\u0107 podczas wyk\u0142ad\u00f3w, pozwol\u0105 Wam zdoby\u0107 wiedz\u0119 i rozwin\u0105\u0107 kompetencje niezb\u0119dne w codziennej pracy<\/em>[\/vc_column_text][\/vc_column][vc_column width=&#8221;1\/3&#8243; el_class=&#8221;shadow margines&#8221;][vc_column_text]<\/p>\n<p><center><a href=\"https:\/\/softwaremind.com\/\"><img class=\"alignnone wp-image-19618 size-full\" src=\"https:\/\/us.edu.pl\/wydzial\/wnst\/wp-content\/uploads\/sites\/18\/2021\/11\/Logo_A_white_COLOR1.png\" alt=\"\" width=\"100%\" height=\"auto\" srcset=\"https:\/\/us.edu.pl\/wydzial\/wnst\/wp-content\/uploads\/sites\/18\/2021\/11\/Logo_A_white_COLOR1.png 1739w, https:\/\/us.edu.pl\/wydzial\/wnst\/wp-content\/uploads\/sites\/18\/2021\/11\/Logo_A_white_COLOR1-300x60.png 300w, https:\/\/us.edu.pl\/wydzial\/wnst\/wp-content\/uploads\/sites\/18\/2021\/11\/Logo_A_white_COLOR1-768x155.png 768w, https:\/\/us.edu.pl\/wydzial\/wnst\/wp-content\/uploads\/sites\/18\/2021\/11\/Logo_A_white_COLOR1-1024x206.png 1024w, https:\/\/us.edu.pl\/wydzial\/wnst\/wp-content\/uploads\/sites\/18\/2021\/11\/Logo_A_white_COLOR1-575x116.png 575w\" sizes=\"(max-width: 1739px) 100vw, 1739px\" \/><\/a><\/center>[\/vc_column_text][vc_text_separator title=&#8221;Software Mind&#8221; color=&#8221;custom&#8221; border_width=&#8221;2&#8243; accent_color=&#8221;#002a5e&#8221;][vc_column_text]W Software Mind od ponad 20 lat opracowujemy prze\u0142omowe rozwi\u0105zania w zakresie oprogramowania dla firm na ca\u0142ym \u015bwiecie.<\/p>\n<p>Naszym przepisem na sukces jest zesp\u00f3\u0142 utalentowanych profesjonalist\u00f3w, kt\u00f3rych pasj\u0105 jest tworzenie oprogramowania zmieniaj\u0105cego \u015bwiat na lepsze. Je\u015bli chcesz by\u0107 cz\u0119\u015bci\u0105 tej zmiany to jest u nas dla Ciebie miejsce.[\/vc_column_text][\/vc_column][vc_column width=&#8221;1\/3&#8243; el_class=&#8221;shadow margines&#8221;][vc_column_text css=&#8221;.vc_custom_1704875051551{margin-top: 0px !important;padding-top: 4px !important;}&#8221;]<\/p>\n<p><center><img class=\"alignnone wp-image-172384 size-full\" src=\"https:\/\/us.edu.pl\/wydzial\/wnst\/wp-content\/uploads\/sites\/18\/Bez-kategorii\/key-words-logo1-1.png\" alt=\"\" width=\"100%\" height=\"auto\" srcset=\"https:\/\/us.edu.pl\/wydzial\/wnst\/wp-content\/uploads\/sites\/18\/Bez-kategorii\/key-words-logo1-1.png 1739w, https:\/\/us.edu.pl\/wydzial\/wnst\/wp-content\/uploads\/sites\/18\/Bez-kategorii\/key-words-logo1-1-300x60.png 300w, https:\/\/us.edu.pl\/wydzial\/wnst\/wp-content\/uploads\/sites\/18\/Bez-kategorii\/key-words-logo1-1-1024x206.png 1024w, https:\/\/us.edu.pl\/wydzial\/wnst\/wp-content\/uploads\/sites\/18\/Bez-kategorii\/key-words-logo1-1-768x155.png 768w, https:\/\/us.edu.pl\/wydzial\/wnst\/wp-content\/uploads\/sites\/18\/Bez-kategorii\/key-words-logo1-1-1536x309.png 1536w, https:\/\/us.edu.pl\/wydzial\/wnst\/wp-content\/uploads\/sites\/18\/Bez-kategorii\/key-words-logo1-1-575x116.png 575w\" sizes=\"(max-width: 1739px) 100vw, 1739px\" \/><\/center>[\/vc_column_text][vc_text_separator title=&#8221;Keywords Studios&#8221; color=&#8221;custom&#8221; border_width=&#8221;2&#8243; accent_color=&#8221;#002a5e&#8221;][vc_column_text]<strong>Keywords Studios<\/strong> to mi\u0119dzynarodowa firma \u015bwiadcz\u0105ca szeroki wachlarz us\u0142ug dla klient\u00f3w bran\u017cy gier wideo. Organizacja pr\u0119\u017cnie rozwija si\u0119 globalnie i z du\u017c\u0105 intensywno\u015bci\u0105 poszerza swoj\u0105 dzia\u0142alno\u015b\u0107 r\u00f3wnie\u017c w Katowicach, gdzie zatrudnia ju\u017c 1300 os\u00f3b w ramach trzech linii serwisowych: Functionality Quality Assurance (FQA \u2013 dzia\u0142 test\u00f3w funkcjonalnych), Player Engagement (PE \u2013 dzia\u0142 wsparcia gracza) i Localization Quality Assurance (LQA \u2013 dzia\u0142 zapewnienia jako\u015bci lokalizacji). W najbli\u017cszym czasie firma otworzy sw\u00f3j nowy oddzia\u0142 we Wroc\u0142awiu.[\/vc_column_text][\/vc_column][\/vc_row][vc_row el_class=&#8221;container&#8221;][vc_column]<div class=\"container\"><div class=\"separator\" style=\"background-color: #002E5A\"><\/div><\/div>[\/vc_column][\/vc_row][vc_row content_placement=&#8221;top&#8221; el_class=&#8221;container&#8221;][vc_column width=&#8221;1\/3&#8243; el_class=&#8221;shadow margines&#8221;][vc_column_text]<\/p>\n<p><center><a href=\"https:\/\/sii.pl\"><img class=\"wp-image-25344 size-full aligncenter\" src=\"https:\/\/us.edu.pl\/wydzial\/wnst\/wp-content\/uploads\/sites\/18\/Nieprzypisane\/Sii-logo-1.jpg\" alt=\"\" width=\"100%\" height=\"auto\" srcset=\"https:\/\/us.edu.pl\/wydzial\/wnst\/wp-content\/uploads\/sites\/18\/Nieprzypisane\/Sii-logo-1.jpg 1739w, https:\/\/us.edu.pl\/wydzial\/wnst\/wp-content\/uploads\/sites\/18\/Nieprzypisane\/Sii-logo-1-300x60.jpg 300w, https:\/\/us.edu.pl\/wydzial\/wnst\/wp-content\/uploads\/sites\/18\/Nieprzypisane\/Sii-logo-1-768x155.jpg 768w, https:\/\/us.edu.pl\/wydzial\/wnst\/wp-content\/uploads\/sites\/18\/Nieprzypisane\/Sii-logo-1-1024x206.jpg 1024w, https:\/\/us.edu.pl\/wydzial\/wnst\/wp-content\/uploads\/sites\/18\/Nieprzypisane\/Sii-logo-1-575x116.jpg 575w\" sizes=\"(max-width: 1739px) 100vw, 1739px\" \/><\/a><\/center>[\/vc_column_text][vc_text_separator title=&#8221;Sii&#8221; color=&#8221;custom&#8221; border_width=&#8221;2&#8243; accent_color=&#8221;#002a5e&#8221;][vc_column_text]Sii Polska: 15 lat na rynku, 7000 ekspert\u00f3w, 1 miliard z\u0142otych przychodu, 7-krotny tytu\u0142 Great Place to Work \u2013, najszybciej rozwijaj\u0105c\u0105 si\u0119 firm\u0119 IT, transformacji cyfrowej, BPO i in\u017cynierii przemys\u0142owej w Polsce. Realizujemy projekty dla ponad 200 klient\u00f3w z ca\u0142ego \u015bwiata. Nasz\u0105 misj\u0105 jest identyfikowanie i promowanie najlepszych pracownik\u00f3w, czyli Power People. Sii posiada swoje biura w 14 lokalizacjach w Polsce, w: Warszawie, Krakowie, Wroc\u0142awiu, Gda\u0144sku, Poznaniu, Katowicach, \u0141odzi, Lublinie, Rzeszowie, Bydgoszczy, Pile, Cz\u0119stochowie, Bia\u0142ymstoku i Gliwicach.[\/vc_column_text][\/vc_column][vc_column width=&#8221;1\/3&#8243; el_class=&#8221;shadow margines&#8221;][vc_column_text]<\/p>\n<p><center><a href=\"https:\/\/www.eqsystem.pl\/\"><img class=\"alignnone wp-image-25346 size-full\" src=\"https:\/\/us.edu.pl\/wydzial\/wnst\/wp-content\/uploads\/sites\/18\/Nieprzypisane\/eq-system-logo-1.jpg\" alt=\"eq system logo\" width=\"100%\" height=\"auto\" srcset=\"https:\/\/us.edu.pl\/wydzial\/wnst\/wp-content\/uploads\/sites\/18\/Nieprzypisane\/eq-system-logo-1.jpg 1739w, https:\/\/us.edu.pl\/wydzial\/wnst\/wp-content\/uploads\/sites\/18\/Nieprzypisane\/eq-system-logo-1-300x60.jpg 300w, https:\/\/us.edu.pl\/wydzial\/wnst\/wp-content\/uploads\/sites\/18\/Nieprzypisane\/eq-system-logo-1-768x155.jpg 768w, https:\/\/us.edu.pl\/wydzial\/wnst\/wp-content\/uploads\/sites\/18\/Nieprzypisane\/eq-system-logo-1-1024x206.jpg 1024w, https:\/\/us.edu.pl\/wydzial\/wnst\/wp-content\/uploads\/sites\/18\/Nieprzypisane\/eq-system-logo-1-575x116.jpg 575w\" sizes=\"(max-width: 1739px) 100vw, 1739px\" \/><\/a><\/center>[\/vc_column_text][vc_text_separator title=&#8221;eq system&#8221; color=&#8221;custom&#8221; border_width=&#8221;2&#8243; accent_color=&#8221;#002a5e&#8221;][vc_column_text]Od 1991 roku eq system doradza, tworzy i wdra\u017ca rozwi\u0105zania informatyczne w zakresie kompleksowego zarz\u0105dzania przedsi\u0119biorstwem. Nasz autorski system XRIMER s\u0142u\u017cy optymalizacji proces\u00f3w w zakresie zarz\u0105dzania produkcj\u0105 i personelem. Wsp\u00f3\u0142pracujemy z przedsi\u0119biorstwami, reprezentuj\u0105cymi sektor produkcyjny, us\u0142ugowy i handlowy.<\/p>\n<p>Z roku na rok ro\u015bniemy w si\u0142\u0119 i poszerzamy swoje struktury. Tempo naszego rozwoju jest efektem zespo\u0142owej pracy ponad 180 zdolnych i ambitnych specjalist\u00f3w z r\u00f3\u017cnych dziedzin. Wierzymy w naszych pracownik\u00f3w i ch\u0119tnie w nich inwestujemy. Stawiamy przed nimi wyzwania, bo wiemy, \u017ce razem b\u0119dziemy w stanie sprosta\u0107 ka\u017cdemu z nich.<\/p>\n<p>Zapraszamy na spotkania, podczas kt\u00f3rych b\u0119dziemy dzieli\u0107 si\u0119 wiedz\u0105 i do\u015bwiadczeniem naszych ekspert\u00f3w w zakresie tworzenia oprogramowania i wspiera\u0107 Ci\u0119 w budowaniu kompetencji przydatnych na rynku pracy[\/vc_column_text][\/vc_column][vc_column width=&#8221;1\/3&#8243; el_class=&#8221;shadow margines&#8221;][vc_column_text]<\/p>\n<p><center><a href=\"https:\/\/storkjet.com\/\"><img class=\"aligncenter wp-image-27333 size-full\" src=\"https:\/\/us.edu.pl\/wydzial\/wnst\/wp-content\/uploads\/sites\/18\/Bez-kategorii\/storkjet-logo.jpg\" alt=\"\" width=\"100%\" height=\"auto\" srcset=\"https:\/\/us.edu.pl\/wydzial\/wnst\/wp-content\/uploads\/sites\/18\/Bez-kategorii\/storkjet-logo.jpg 1739w, https:\/\/us.edu.pl\/wydzial\/wnst\/wp-content\/uploads\/sites\/18\/Bez-kategorii\/storkjet-logo-300x60.jpg 300w, https:\/\/us.edu.pl\/wydzial\/wnst\/wp-content\/uploads\/sites\/18\/Bez-kategorii\/storkjet-logo-1024x206.jpg 1024w, https:\/\/us.edu.pl\/wydzial\/wnst\/wp-content\/uploads\/sites\/18\/Bez-kategorii\/storkjet-logo-768x155.jpg 768w, https:\/\/us.edu.pl\/wydzial\/wnst\/wp-content\/uploads\/sites\/18\/Bez-kategorii\/storkjet-logo-1536x309.jpg 1536w, https:\/\/us.edu.pl\/wydzial\/wnst\/wp-content\/uploads\/sites\/18\/Bez-kategorii\/storkjet-logo-575x116.jpg 575w\" sizes=\"(max-width: 1739px) 100vw, 1739px\" \/><\/a><\/center>[\/vc_column_text][vc_text_separator title=&#8221;storkjet&#8221; color=&#8221;custom&#8221; border_width=&#8221;2&#8243; accent_color=&#8221;#002a5e&#8221;][vc_column_text]StorkJet zajmuje si\u0119 tworzeniem oprogramowania dla linii lotniczych, kt\u00f3re pomaga w redukcji zu\u017cycia paliwa oraz emisji CO<sub>2<\/sub>. Nasz zesp\u00f3\u0142 to ponad 30 ekspert\u00f3w z dziedziny efektywno\u015bci paliwowej, analizy danych i in\u017cynierii wydajno\u015bci samolot\u00f3w.<\/p>\n<p>Dzi\u0119ki silnemu zapleczu badawczemu, opartemu na reinwestowaniu 60% obrot\u00f3w w badania i rozw\u00f3j oraz czterech unijnych grantach badawczych, firma opracowa\u0142a najbardziej precyzyjne modele wydajno\u015bci na rynku. Do tej pory przeanalizowali\u015bmy ponad 4 miliony lot\u00f3w, od turbo\u015bmig\u0142owc\u00f3w do najwi\u0119kszych odrzutowc\u00f3w, a wsp\u00f3\u0142pracuj\u0105cy z nami klienci, dzi\u0119ki naszemu oprogramowaniu, w ubieg\u0142ym roku zaoszcz\u0119dzili prawie 24 miliony dolar\u00f3w i zmniejszyli emisj\u0119 CO2 o ponad 106 tysi\u0119cy ton.<\/p>\n<p>W ostatnim czasie firma StorkJet by\u0142a tak\u017ce wielokrotnie nagradzana w konkursach dla najbardziej innowacyjnych technologicznych firm na \u015bwiecie.[\/vc_column_text][\/vc_column][\/vc_row][vc_row el_class=&#8221;container&#8221;][vc_column]<div class=\"container\"><div class=\"separator\" style=\"background-color: #002E5A\"><\/div><\/div>[\/vc_column][\/vc_row][vc_row content_placement=&#8221;top&#8221; el_class=&#8221;container&#8221;][vc_column width=&#8221;1\/3&#8243; el_class=&#8221;shadow margines&#8221;][vc_column_text]<\/p>\n<p><center><a href=\"https:\/\/www.paloaltonetworks.com\/\"><img class=\"alignnone wp-image-156887 size-full\" src=\"https:\/\/us.edu.pl\/wydzial\/wnst\/wp-content\/uploads\/sites\/18\/Bez-kategorii\/Palo-Alto-Networks-logo.png\" alt=\"\" width=\"100%\" height=\"auto\" srcset=\"https:\/\/us.edu.pl\/wydzial\/wnst\/wp-content\/uploads\/sites\/18\/Bez-kategorii\/Palo-Alto-Networks-logo.png 1739w, https:\/\/us.edu.pl\/wydzial\/wnst\/wp-content\/uploads\/sites\/18\/Bez-kategorii\/Palo-Alto-Networks-logo-300x60.png 300w, https:\/\/us.edu.pl\/wydzial\/wnst\/wp-content\/uploads\/sites\/18\/Bez-kategorii\/Palo-Alto-Networks-logo-1024x206.png 1024w, https:\/\/us.edu.pl\/wydzial\/wnst\/wp-content\/uploads\/sites\/18\/Bez-kategorii\/Palo-Alto-Networks-logo-768x155.png 768w, https:\/\/us.edu.pl\/wydzial\/wnst\/wp-content\/uploads\/sites\/18\/Bez-kategorii\/Palo-Alto-Networks-logo-1536x309.png 1536w, https:\/\/us.edu.pl\/wydzial\/wnst\/wp-content\/uploads\/sites\/18\/Bez-kategorii\/Palo-Alto-Networks-logo-575x116.png 575w\" sizes=\"(max-width: 1739px) 100vw, 1739px\" \/><\/a><\/center>[\/vc_column_text][vc_text_separator title=&#8221;Palo Alto Networks&#8221; color=&#8221;custom&#8221; border_width=&#8221;2&#8243; accent_color=&#8221;#002a5e&#8221;][vc_column_text]<\/p>\n<p style=\"text-align: center;\">Nasz\u0105 wizj\u0105 jest d\u0105\u017cenie do \u015bwiata, w kt\u00f3rym ka\u017cdy dzie\u0144 jest bezpieczniejszy ni\u017c poprzedni.<\/p>\n<p>Palo Alto Networks, \u015bwiatowy lider w dziedzinie cyberbezpiecze\u0144stwa, nieustannie dostarczaj\u0105cy innowacje, kt\u00f3re umo\u017cliwiaj\u0105 bezpieczn\u0105 transformacj\u0119 cyfrow\u0105. Misj\u0105 Palo Alto Networks jest d\u0105\u017cenie do budowania zaufanego partnerstwa, gdzie celem jest zapewnienie bezpiecze\u0144stwa cyfrowej cz\u0119\u015bci naszego \u017cycia. Ka\u017cdego dnia Palo Alto Networks zapewnia narz\u0119dzia dla uzyskania widoczno\u015bci w \u015bwiecie cyfrowym, zaufane narz\u0119dzia sztucznej inteligencji, elementy wspomagaj\u0105ce automatyzacj\u0119 i elastyczno\u015b\u0107, kt\u00f3re pozwalaj\u0105 podmiotom biznesowym i organizacjom publicznym na bezpieczny rozw\u00f3j.<\/p>\n<p>Dzi\u0119ki wszechstronnemu portfolio produkt\u00f3w i rosn\u0105cemu ekosystemowi partner\u00f3w, Palo Alto Networks jest liderem w ochronie dziesi\u0105tek tysi\u0119cy organizacji w obszarze \u015brodowisk chmurowych, sieci i rozwi\u0105za\u0144 mobilnych.[\/vc_column_text][\/vc_column][vc_column width=&#8221;1\/3&#8243;][\/vc_column][vc_column width=&#8221;1\/3&#8243;][\/vc_column][\/vc_row]<\/p>\n<style type=\"text\/css\">a[data-mtli~=\"mtli_filesize372,41kB\"]:after {content:\" (372,41 kB)\"}<\/style>","protected":false},"excerpt":{"rendered":"<p>[vc_row el_class=&#8221;container&#8221;][vc_column][\/vc_column][\/vc_row][vc_row el_class=&#8221;container&#8221;][vc_column width=&#8221;3\/4&#8243;][\/vc_column][vc_column width=&#8221;1\/4&#8243;][\/vc_column][\/vc_row][vc_row el_class=&#8221;container&#8221;][vc_column][\/vc_column][\/vc_row][vc_row content_placement=&#8221;top&#8221; el_class=&#8221;container&#8221;][vc_column width=&#8221;1\/3&#8243; el_class=&#8221;shadow margines&#8221;][vc_column_text] [\/vc_column_text][vc_text_separator title=&#8221;Sopra Steria&#8221; color=&#8221;custom&#8221; border_width=&#8221;2&#8243; accent_color=&#8221;#002a5e&#8221;][vc_column_text]Sopra Steria Apps Services, jako Globalne Centrum Serwisowe dla rozwoju oprogramowania, jest liderem w dziedzinie transformacji cyfrowej. Tej Firmie zaufa\u0142y organizacje prywatne i publiczne podejmuj\u0105ce z\u0142o\u017cone i krytyczne wyzwania biznesowe. Konsultanci IT na co dzie\u0144 tworz\u0105 oraz doskonal\u0105 istniej\u0105ce [&#8230;]<\/p>\n<p><a class=\"btn btn-secondary understrap-read-more-link\" href=\"https:\/\/us.edu.pl\/wydzial\/wnst\/studia\/poniedzialek-z-it\/poniedzialek-z-it-2021-2022\/\">Read More&#8230;<\/a><\/p>\n","protected":false},"author":92,"featured_media":0,"parent":160892,"menu_order":0,"comment_status":"closed","ping_status":"closed","template":"","meta":{"_expiration-date-status":"","_expiration-date":0,"_expiration-date-type":"","_expiration-date-categories":[],"_expiration-date-options":[]},"acf":[],"_links":{"self":[{"href":"https:\/\/us.edu.pl\/wydzial\/wnst\/wp-json\/wp\/v2\/pages\/178264"}],"collection":[{"href":"https:\/\/us.edu.pl\/wydzial\/wnst\/wp-json\/wp\/v2\/pages"}],"about":[{"href":"https:\/\/us.edu.pl\/wydzial\/wnst\/wp-json\/wp\/v2\/types\/page"}],"author":[{"embeddable":true,"href":"https:\/\/us.edu.pl\/wydzial\/wnst\/wp-json\/wp\/v2\/users\/92"}],"replies":[{"embeddable":true,"href":"https:\/\/us.edu.pl\/wydzial\/wnst\/wp-json\/wp\/v2\/comments?post=178264"}],"version-history":[{"count":6,"href":"https:\/\/us.edu.pl\/wydzial\/wnst\/wp-json\/wp\/v2\/pages\/178264\/revisions"}],"predecessor-version":[{"id":178292,"href":"https:\/\/us.edu.pl\/wydzial\/wnst\/wp-json\/wp\/v2\/pages\/178264\/revisions\/178292"}],"up":[{"embeddable":true,"href":"https:\/\/us.edu.pl\/wydzial\/wnst\/wp-json\/wp\/v2\/pages\/160892"}],"wp:attachment":[{"href":"https:\/\/us.edu.pl\/wydzial\/wnst\/wp-json\/wp\/v2\/media?parent=178264"}],"curies":[{"name":"wp","href":"https:\/\/api.w.org\/{rel}","templated":true}]}}