{"id":17879,"date":"2021-10-07T10:49:46","date_gmt":"2021-10-07T08:49:46","guid":{"rendered":"https:\/\/us.edu.pl\/wydzial\/wnst\/?page_id=17879"},"modified":"2021-10-20T08:34:33","modified_gmt":"2021-10-20T06:34:33","slug":"matematyka","status":"publish","type":"page","link":"https:\/\/us.edu.pl\/wydzial\/wnst\/studia\/niezbednik\/kierunki\/matematyka\/","title":{"rendered":"matematyka"},"content":{"rendered":"<p>[vc_row el_class=&#8221;container&#8221;][vc_column width=&#8221;1\/5&#8243; el_class=&#8221;foto&#8221;]\r\n                <div class=\"text-modules\">\r\n                    <div class=\"container\">\r\n                        \r\n                        <div class=\"text-modules__content\"><p><img class=\"alignnone wp-image-18551 size-full\" src=\"https:\/\/us.edu.pl\/wydzial\/wnst\/wp-content\/uploads\/sites\/18\/Nieprzypisane\/us_R_04_05_WNST.jpg\" alt=\"\" width=\"100%\" height=\"auto\" srcset=\"https:\/\/us.edu.pl\/wydzial\/wnst\/wp-content\/uploads\/sites\/18\/Nieprzypisane\/us_R_04_05_WNST.jpg 600w, https:\/\/us.edu.pl\/wydzial\/wnst\/wp-content\/uploads\/sites\/18\/Nieprzypisane\/us_R_04_05_WNST-150x150.jpg 150w, https:\/\/us.edu.pl\/wydzial\/wnst\/wp-content\/uploads\/sites\/18\/Nieprzypisane\/us_R_04_05_WNST-300x300.jpg 300w, https:\/\/us.edu.pl\/wydzial\/wnst\/wp-content\/uploads\/sites\/18\/Nieprzypisane\/us_R_04_05_WNST-575x575.jpg 575w\" sizes=\"(max-width: 600px) 100vw, 600px\" \/><\/p>\n<\/div>\r\n                    <\/div>\r\n                <\/div>[\/vc_column][vc_column width=&#8221;4\/5&#8243; el_class=&#8221;foto&#8221;]\r\n                <div class=\"text-modules\">\r\n                    <div class=\"container\">\r\n                        \r\n                        <div class=\"text-modules__content\"><p><span style=\"color: #002e5a; font-size: 200%; font-family: PT Sans Narrow;\">Informacje dla student\u00f3w kierunku matematyka<\/span><\/p>\n<\/div>\r\n                    <\/div>\r\n                <\/div>[\/vc_column][\/vc_row][vc_row][vc_column]<div class=\"container\"><div class=\"separator\" style=\"background-color: #002E5A\"><\/div><\/div>[\/vc_column][\/vc_row][vc_row el_class=&#8221;container&#8221;][vc_column width=&#8221;1\/6&#8243;][vc_btn title=&#8221;Harmonogram zaj\u0119\u0107&#8221; style=&#8221;custom&#8221; custom_background=&#8221;#002043&#8243; custom_text=&#8221;#ffffff&#8221; size=&#8221;lg&#8221; align=&#8221;center&#8221; button_block=&#8221;true&#8221; link=&#8221;url:http%3A%2F%2Fplan.ii.us.edu.pl%2F|||&#8221;][vc_btn title=&#8221;Rejestracje<br \/>\nna zaj\u0119cia&#8221; style=&#8221;custom&#8221; custom_background=&#8221;#002043&#8243; custom_text=&#8221;#ffffff&#8221; size=&#8221;lg&#8221; align=&#8221;center&#8221; button_block=&#8221;true&#8221; link=&#8221;url:https%3A%2F%2Fus.edu.pl%2Fwydzial%2Fwnst%2Fstudia%2Fstudent%2Frejestracje-na-zajecia%2F|||&#8221;][vc_btn title=&#8221;Tematy wyk\u0142ad\u00f3w<br \/>\ndo wyboru&#8221; style=&#8221;custom&#8221; custom_background=&#8221;#002043&#8243; custom_text=&#8221;#ffffff&#8221; size=&#8221;lg&#8221; align=&#8221;center&#8221; button_block=&#8221;true&#8221; link=&#8221;url:https%3A%2F%2Fus.edu.pl%2Fwydzial%2Fwnst%2Ftematy-wykladow|||&#8221;][vc_btn title=&#8221;Tematy<br \/>\nprac dyplomowych&#8221; style=&#8221;custom&#8221; custom_background=&#8221;#002043&#8243; custom_text=&#8221;#ffffff&#8221; size=&#8221;lg&#8221; align=&#8221;center&#8221; button_block=&#8221;true&#8221; link=&#8221;url:https%3A%2F%2Fus.edu.pl%2Fwydzial%2Fwnst%2Ftematy-prac-dyplomowych%2F|||&#8221;][\/vc_column][vc_column width=&#8221;1\/6&#8243;][vc_btn title=&#8221;Dziekanat&#8221; style=&#8221;custom&#8221; custom_background=&#8221;#002043&#8243; custom_text=&#8221;#ffffff&#8221; size=&#8221;lg&#8221; align=&#8221;center&#8221; button_block=&#8221;true&#8221; link=&#8221;url:https%3A%2F%2Fus.edu.pl%2Fwydzial%2Fwnst%2Fstudia%2Fstudent%2Fdziekanaty%2F|||&#8221;][vc_btn title=&#8221;Kolejno\u015b\u0107 wpis\u00f3w w indeksie&#8221; style=&#8221;custom&#8221; custom_background=&#8221;#002043&#8243; custom_text=&#8221;#ffffff&#8221; size=&#8221;lg&#8221; align=&#8221;center&#8221; button_block=&#8221;true&#8221; link=&#8221;|||&#8221;][vc_btn title=&#8221;Projekty&#8221; style=&#8221;custom&#8221; custom_background=&#8221;#002043&#8243; custom_text=&#8221;#ffffff&#8221; size=&#8221;lg&#8221; align=&#8221;center&#8221; button_block=&#8221;true&#8221; link=&#8221;|||&#8221;][vc_btn title=&#8221;InterMaths&#8221; style=&#8221;custom&#8221; custom_background=&#8221;#002043&#8243; custom_text=&#8221;#ffffff&#8221; size=&#8221;lg&#8221; align=&#8221;center&#8221; button_block=&#8221;true&#8221; link=&#8221;url:http%3A%2F%2Fwww.math.us.edu.pl%2FInterMaths%2Findex.html|||&#8221;][\/vc_column][vc_column width=&#8221;1\/6&#8243;][vc_btn title=&#8221;Dy\u017cury&#8221; style=&#8221;custom&#8221; custom_background=&#8221;#002043&#8243; custom_text=&#8221;#fcfcfc&#8221; size=&#8221;lg&#8221; align=&#8221;center&#8221; button_block=&#8221;true&#8221; link=&#8221;url:https%3A%2F%2Fus.edu.pl%2Fwydzial%2Fwnst%2Fstudia%2Fstudent%2Fdyzury%2F|||&#8221;][vc_btn title=&#8221;Opiekunowieroku i praktyk&#8221; style=&#8221;custom&#8221; custom_background=&#8221;#002043&#8243; custom_text=&#8221;#ffffff&#8221; size=&#8221;lg&#8221; align=&#8221;center&#8221; button_block=&#8221;true&#8221; link=&#8221;url:https%3A%2F%2Fus.edu.pl%2Fwydzial%2Fwnst%2Fstudia%2Fstudent%2Fopiekunowie-lat%2F%231601457472168-5f9a0617-2de4|||&#8221;][vc_btn title=&#8221;Specjalno\u015bci&#8221; style=&#8221;custom&#8221; custom_background=&#8221;#002043&#8243; custom_text=&#8221;#ffffff&#8221; size=&#8221;lg&#8221; align=&#8221;center&#8221; button_block=&#8221;true&#8221; link=&#8221;|||&#8221;][\/vc_column][vc_column width=&#8221;3\/6&#8243;]  <div class=\"announcements-wrap\"> \r\n\t\t\t\t\t\t\t\t\t<div class=\"announcements announcements_1\" style=\"background-color:\">\r\n                                <div class=\"section-title\">Komunikaty<\/div>\r\n                                \r\n                                <style>.whubpo.angle-list > li::before{color:  !important}<\/style><div class=\"d-flex flex-wrap\"><ul class=\"angle-list whubpo\" ><li > <a href = \"https:\/\/us.edu.pl\/wydzial\/wnst\/komunikaty\/terminy-egzaminow-poswiadczajacych-kompetencje-jezykowe\/\" style=\"color:\"> Terminy egzamin\u00f3w po\u015bwiadczaj\u0105cych kompetencje j\u0119zykowe <\/a > <\/li > <li > <a href = \"https:\/\/us.edu.pl\/wydzial\/wnst\/komunikaty\/wydarzenie-bk-spotkanie-z-abw\/\" style=\"color:\"> Wydarzenie BK: Spotkanie z ABW | 21.04.2026 r. w spinPLACE <\/a > <\/li > <li > <a href = \"https:\/\/us.edu.pl\/wydzial\/wnst\/komunikaty\/konkurs-na-stanowisko-stypendysty-studenta-w-projekcie-badawczym-ncn-sonata-20\/\" style=\"color:\"> Konkurs na stanowisko stypendysty \u2013 studenta w projekcie badawczym NCN Sonata 20 | 14.04.2026 <\/a > <\/li > <li > <a href = \"https:\/\/us.edu.pl\/wydzial\/wnst\/komunikaty\/szkolenie-bk-bezplatny-webinar-pt-pewnosc-siebie-i-asertywnosc\/\" style=\"color:\"> Szkolenie BK: bezp\u0142atny webinar pt. \u201ePewno\u015b\u0107 siebie i asertywno\u015b\u0107\u201d | 23.04.2026 <\/a > <\/li > <li > <a href = \"https:\/\/us.edu.pl\/wydzial\/wnst\/komunikaty\/godziny-dziekanskie-w-dniu-13-marca-2026-r-xx-swieto-liczby-pi\/\" style=\"color:\"> Godziny dzieka\u0144skie w dniu 13 marca 2026 r. | XX \u015awi\u0119to Liczby Pi <\/a > <\/li > <li > <a href = \"https:\/\/us.edu.pl\/wydzial\/wnst\/komunikaty\/wydarzenie-bk-program-szkoleniowy-testnauci-edycja-2026\/\" style=\"color:\"> Wydarzenie BK: Program szkoleniowy TESTNAUCI \u2013 edycja 2026 <\/a > <\/li > <li > <a href = \"https:\/\/us.edu.pl\/wydzial\/wnst\/komunikaty\/szkolenie-bk-szkolenie-stacjonarne-oko-w-oko-z-rekruterem-jak-wyroznic-sie-na-rynku-pracy\/\" style=\"color:\"> Szkolenie BK: Szkolenie stacjonarne \u201eOko w oko z rekruterem \u2013 jak wyr\u00f3\u017cni\u0107 si\u0119 na rynku pracy\u201d <\/a > <\/li > <\/ul><\/div><a href = \"https:\/\/us.edu.pl\/wydzial\/wnst\/komunikaty\/\" class=\"link-button\">Wszystko<\/a>\r\n\t\t\t\t\t\t\t\t\t<\/div>\r\n\t\t\t\t\t\t\t\t<\/div>[\/vc_column][\/vc_row]<\/p>","protected":false},"excerpt":{"rendered":"<p>[vc_row el_class=&#8221;container&#8221;][vc_column width=&#8221;1\/5&#8243; el_class=&#8221;foto&#8221;][\/vc_column][vc_column width=&#8221;4\/5&#8243; el_class=&#8221;foto&#8221;][\/vc_column][\/vc_row][vc_row][vc_column][\/vc_column][\/vc_row][vc_row el_class=&#8221;container&#8221;][vc_column width=&#8221;1\/6&#8243;][vc_btn title=&#8221;Harmonogram zaj\u0119\u0107&#8221; style=&#8221;custom&#8221; custom_background=&#8221;#002043&#8243; custom_text=&#8221;#ffffff&#8221; size=&#8221;lg&#8221; align=&#8221;center&#8221; button_block=&#8221;true&#8221; link=&#8221;url:http%3A%2F%2Fplan.ii.us.edu.pl%2F|||&#8221;][vc_btn title=&#8221;Rejestracje na zaj\u0119cia&#8221; style=&#8221;custom&#8221; custom_background=&#8221;#002043&#8243; custom_text=&#8221;#ffffff&#8221; size=&#8221;lg&#8221; align=&#8221;center&#8221; button_block=&#8221;true&#8221; link=&#8221;url:https%3A%2F%2Fus.edu.pl%2Fwydzial%2Fwnst%2Fstudia%2Fstudent%2Frejestracje-na-zajecia%2F|||&#8221;][vc_btn title=&#8221;Tematy wyk\u0142ad\u00f3w do wyboru&#8221; style=&#8221;custom&#8221; custom_background=&#8221;#002043&#8243; custom_text=&#8221;#ffffff&#8221; size=&#8221;lg&#8221; align=&#8221;center&#8221; button_block=&#8221;true&#8221; link=&#8221;url:https%3A%2F%2Fus.edu.pl%2Fwydzial%2Fwnst%2Ftematy-wykladow|||&#8221;][vc_btn title=&#8221;Tematy prac dyplomowych&#8221; style=&#8221;custom&#8221; custom_background=&#8221;#002043&#8243; custom_text=&#8221;#ffffff&#8221; size=&#8221;lg&#8221; align=&#8221;center&#8221; button_block=&#8221;true&#8221; link=&#8221;url:https%3A%2F%2Fus.edu.pl%2Fwydzial%2Fwnst%2Ftematy-prac-dyplomowych%2F|||&#8221;][\/vc_column][vc_column width=&#8221;1\/6&#8243;][vc_btn title=&#8221;Dziekanat&#8221; style=&#8221;custom&#8221; custom_background=&#8221;#002043&#8243; custom_text=&#8221;#ffffff&#8221; size=&#8221;lg&#8221; align=&#8221;center&#8221; [&#8230;]<\/p>\n<p><a class=\"btn btn-secondary understrap-read-more-link\" href=\"https:\/\/us.edu.pl\/wydzial\/wnst\/studia\/niezbednik\/kierunki\/matematyka\/\">Read More&#8230;<\/a><\/p>\n","protected":false},"author":92,"featured_media":0,"parent":17881,"menu_order":0,"comment_status":"closed","ping_status":"closed","template":"","meta":{"_expiration-date-status":"saved","_expiration-date":0,"_expiration-date-type":"","_expiration-date-categories":[],"_expiration-date-options":[]},"acf":[],"_links":{"self":[{"href":"https:\/\/us.edu.pl\/wydzial\/wnst\/wp-json\/wp\/v2\/pages\/17879"}],"collection":[{"href":"https:\/\/us.edu.pl\/wydzial\/wnst\/wp-json\/wp\/v2\/pages"}],"about":[{"href":"https:\/\/us.edu.pl\/wydzial\/wnst\/wp-json\/wp\/v2\/types\/page"}],"author":[{"embeddable":true,"href":"https:\/\/us.edu.pl\/wydzial\/wnst\/wp-json\/wp\/v2\/users\/92"}],"replies":[{"embeddable":true,"href":"https:\/\/us.edu.pl\/wydzial\/wnst\/wp-json\/wp\/v2\/comments?post=17879"}],"version-history":[{"count":6,"href":"https:\/\/us.edu.pl\/wydzial\/wnst\/wp-json\/wp\/v2\/pages\/17879\/revisions"}],"predecessor-version":[{"id":18555,"href":"https:\/\/us.edu.pl\/wydzial\/wnst\/wp-json\/wp\/v2\/pages\/17879\/revisions\/18555"}],"up":[{"embeddable":true,"href":"https:\/\/us.edu.pl\/wydzial\/wnst\/wp-json\/wp\/v2\/pages\/17881"}],"wp:attachment":[{"href":"https:\/\/us.edu.pl\/wydzial\/wnst\/wp-json\/wp\/v2\/media?parent=17879"}],"curies":[{"name":"wp","href":"https:\/\/api.w.org\/{rel}","templated":true}]}}