{"id":181438,"date":"2024-11-13T07:47:04","date_gmt":"2024-11-13T06:47:04","guid":{"rendered":"https:\/\/us.edu.pl\/wydzial\/wnst\/?page_id=181438"},"modified":"2024-11-17T08:28:20","modified_gmt":"2024-11-17T07:28:20","slug":"prac","status":"publish","type":"page","link":"https:\/\/us.edu.pl\/wydzial\/wnst\/prac\/","title":{"rendered":"prac"},"content":{"rendered":"<p>[vc_row el_class=&#8221;container&#8221;][vc_column width=&#8221;1\/5&#8243;][vc_wp_custommenu title=&#8221;MENU&#8221; nav_menu=&#8221;926&#8243;][\/vc_column][vc_column width=&#8221;4\/5&#8243;]\r\n                <div class=\"text-modules\">\r\n                    <div class=\"container\">\r\n                        \r\n                        <div class=\"text-modules__content\"><p>Witam Ci\u0119 w serwisie dedykowanym dla pracownik\u00f3w Wydzia\u0142u Nauk \u015acis\u0142ych i Technicznych.<\/p>\n<p>To miejsce zosta\u0142o stworzone z my\u015bl\u0105 o Tobie &#8211; aby pom\u00f3c Ci w codziennej pracy. Serwis zosta\u0142 przygotowany, aby zapewni\u0107 Ci dost\u0119p do kluczowych informacji, narz\u0119dzi oraz zasob\u00f3w, kt\u00f3re wspieraj\u0105 codzienn\u0105 prac\u0119 i u\u0142atwiaj\u0105 komunikacj\u0119 wewn\u0119trzn\u0105.\u00a0Znajdziesz tu wszystkie niezb\u0119dne informacje o procedowaniu spraw w Uniwersytecie oraz o osobach, kt\u00f3re Ci w tym pomog\u0105. Znajdziesz tutaj tak\u017ce informacje o procedurach i linki do potrzebnych dokument\u00f3w.<\/p>\n<p>Serwis zosta\u0142 tak\u017ce przygotowany po to, aby publikowa\u0107 wa\u017cne komunikaty i informacje przygotowywane przez W\u0142adze Wydzia\u0142u.<\/p>\n<p>Chcia\u0142bym, aby ten serwis by\u0142 dla Ciebie pomocny w za\u0142atwieniu codziennych spraw, ale tak\u017ce aby wspiera\u0142 komunikacj\u0119 oraz wymian\u0119 pomys\u0142\u00f3w na naszym Wydziale. Zach\u0119cam Ci\u0119 do aktywnego korzystania z dost\u0119pnych tutaj zasob\u00f3w, a tak\u017ce do dzielenia si\u0119 swoimi pomys\u0142ami i spostrze\u017ceniami. Tw\u00f3j g\u0142os jest dla mnie wa\u017cny!<\/p>\n<p>Razem budujemy Nasz Uniwersytet, stawiamy na jego rozw\u00f3j oraz partnerskie relacje. Dzi\u0119kuj\u0119, \u017ce jeste\u015b cz\u0119\u015bci\u0105 tego procesu.<br \/>\nPowodzenia w pracy i do zobaczenia na kolejnych stronach!<\/p>\n<p><em>dr hab. Seweryn Kowalski, prof. U\u015a<\/em><br \/>\n<em>Dziekan<\/em><\/p>\n<\/div>\r\n                    <\/div>\r\n                <\/div>[vc_row_inner][vc_column_inner width=&#8221;1\/3&#8243;][\/vc_column_inner][vc_column_inner width=&#8221;1\/3&#8243;][vc_single_image image=&#8221;170745&#8243; img_size=&#8221;large&#8221; alignment=&#8221;center&#8221; style=&#8221;vc_box_rounded&#8221;][\/vc_column_inner][vc_column_inner width=&#8221;1\/3&#8243;][\/vc_column_inner][\/vc_row_inner][\/vc_column][\/vc_row]<\/p>","protected":false},"excerpt":{"rendered":"<p>[vc_row el_class=&#8221;container&#8221;][vc_column width=&#8221;1\/5&#8243;][vc_wp_custommenu title=&#8221;MENU&#8221; nav_menu=&#8221;926&#8243;][\/vc_column][vc_column width=&#8221;4\/5&#8243;][vc_row_inner][vc_column_inner width=&#8221;1\/3&#8243;][\/vc_column_inner][vc_column_inner width=&#8221;1\/3&#8243;][vc_single_image image=&#8221;170745&#8243; img_size=&#8221;large&#8221; alignment=&#8221;center&#8221; style=&#8221;vc_box_rounded&#8221;][\/vc_column_inner][vc_column_inner width=&#8221;1\/3&#8243;][\/vc_column_inner][\/vc_row_inner][\/vc_column][\/vc_row] [&#8230;]<\/p>\n<p><a class=\"btn btn-secondary understrap-read-more-link\" href=\"https:\/\/us.edu.pl\/wydzial\/wnst\/prac\/\">Read More&#8230;<\/a><\/p>\n","protected":false},"author":92,"featured_media":0,"parent":0,"menu_order":0,"comment_status":"closed","ping_status":"closed","template":"","meta":{"_expiration-date-status":"","_expiration-date":0,"_expiration-date-type":"","_expiration-date-categories":[],"_expiration-date-options":[]},"acf":[],"_links":{"self":[{"href":"https:\/\/us.edu.pl\/wydzial\/wnst\/wp-json\/wp\/v2\/pages\/181438"}],"collection":[{"href":"https:\/\/us.edu.pl\/wydzial\/wnst\/wp-json\/wp\/v2\/pages"}],"about":[{"href":"https:\/\/us.edu.pl\/wydzial\/wnst\/wp-json\/wp\/v2\/types\/page"}],"author":[{"embeddable":true,"href":"https:\/\/us.edu.pl\/wydzial\/wnst\/wp-json\/wp\/v2\/users\/92"}],"replies":[{"embeddable":true,"href":"https:\/\/us.edu.pl\/wydzial\/wnst\/wp-json\/wp\/v2\/comments?post=181438"}],"version-history":[{"count":7,"href":"https:\/\/us.edu.pl\/wydzial\/wnst\/wp-json\/wp\/v2\/pages\/181438\/revisions"}],"predecessor-version":[{"id":181936,"href":"https:\/\/us.edu.pl\/wydzial\/wnst\/wp-json\/wp\/v2\/pages\/181438\/revisions\/181936"}],"wp:attachment":[{"href":"https:\/\/us.edu.pl\/wydzial\/wnst\/wp-json\/wp\/v2\/media?parent=181438"}],"curies":[{"name":"wp","href":"https:\/\/api.w.org\/{rel}","templated":true}]}}