{"id":181454,"date":"2024-11-13T07:55:11","date_gmt":"2024-11-13T06:55:11","guid":{"rendered":"https:\/\/us.edu.pl\/wydzial\/wnst\/?page_id=181454"},"modified":"2024-11-16T11:51:26","modified_gmt":"2024-11-16T10:51:26","slug":"wyjazdy","status":"publish","type":"page","link":"https:\/\/us.edu.pl\/wydzial\/wnst\/prac\/wyjazdy\/","title":{"rendered":"wyjazdy"},"content":{"rendered":"<p>[vc_row el_class=&#8221;container&#8221;][vc_column width=&#8221;1\/4&#8243;][vc_wp_custommenu title=&#8221;MENU&#8221; nav_menu=&#8221;926&#8243;][\/vc_column][vc_column width=&#8221;3\/4&#8243;]\r\n                <div class=\"text-modules\">\r\n                    <div class=\"container\">\r\n                        \r\n                        <div class=\"text-modules__content\"><\/p>\n<h3>Jak wyjecha\u0107 w podr\u00f3\u017c s\u0142u\u017cbow\u0105 i jak zorganizowa\u0107 przyjazd go\u015bcia na Uniwersytet?<\/h3>\n<p>Na tej stronie znajdziesz informacje<\/p>\n<ul>\n<li>jakie informacje musisz przygotowa\u0107, aby wyjecha\u0107 w krajow\u0105 lub zagraniczn\u0105 podr\u00f3\u017c s\u0142u\u017cbow\u0105<\/li>\n<li>komu wys\u0142a\u0107 przygotowane informacje<\/li>\n<li>jak rozliczy\u0107 podr\u00f3\u017c<\/li>\n<li>na co zwr\u00f3ci\u0107 uwag\u0119 w czasie pobytu<\/li>\n<li>jak liczy si\u0119 diet\u0119<\/li>\n<li>co, je\u015bli jad\u0119 prywatnym samochodem<\/li>\n<li>co, je\u015bli jad\u0119 w podr\u00f3\u017c s\u0142u\u017cbow\u0105, ale nie musz\u0119 za ni\u0105 p\u0142aci\u0107<\/li>\n<li>jak kupi\u0107 bilet<\/li>\n<li>co zrobi\u0107 i do kogo si\u0119 zwr\u00f3ci\u0107, je\u015bli chcesz zaprosi\u0107 na Wydzia\u0142 go\u015bcia z kraju lub z zagranicy<\/li>\n<\/ul>\n<hr \/>\n<p>Przydatne linki:<\/p>\n<ul>\n<li><a href=\"https:\/\/us.edu.pl\/pracownik\/procedury-i-obieg-dokumentow\/sprawy-finansowe-i-ksiegowe\/sprawy-finansowe\/krajowe-podroze-sluzbowe\/\">podr\u00f3\u017ce krajowe<\/a><\/li>\n<li><a href=\"https:\/\/us.edu.pl\/pracownik\/sprawy-miedzynarodowe\/mobilnosc-miedzynarodowa\/wyjazdy-zagraniczne\/\">podr\u00f3\u017ce zagraniczne<\/a><\/li>\n<li><a href=\"https:\/\/us.edu.pl\/pracownik\/sprawy-miedzynarodowe\/mobilnosc-miedzynarodowa\/przyjazdy-z-zagranicy\/\">przyjazd go\u015bcia z zagranicy<\/a><\/li>\n<\/ul>\n<p>\n<\/div>\r\n                    <\/div>\r\n                <\/div>[vc_row_inner][vc_column_inner width=&#8221;1\/3&#8243;][\/vc_column_inner][vc_column_inner width=&#8221;1\/3&#8243;][vc_single_image image=&#8221;170738&#8243; alignment=&#8221;center&#8221; style=&#8221;vc_box_rounded&#8221;][\/vc_column_inner][vc_column_inner width=&#8221;1\/3&#8243;][\/vc_column_inner][\/vc_row_inner][\/vc_column][\/vc_row][vc_row][vc_column][\/vc_column][\/vc_row]<\/p>","protected":false},"excerpt":{"rendered":"<p>[vc_row el_class=&#8221;container&#8221;][vc_column width=&#8221;1\/4&#8243;][vc_wp_custommenu title=&#8221;MENU&#8221; nav_menu=&#8221;926&#8243;][\/vc_column][vc_column width=&#8221;3\/4&#8243;][vc_row_inner][vc_column_inner width=&#8221;1\/3&#8243;][\/vc_column_inner][vc_column_inner width=&#8221;1\/3&#8243;][vc_single_image image=&#8221;170738&#8243; alignment=&#8221;center&#8221; style=&#8221;vc_box_rounded&#8221;][\/vc_column_inner][vc_column_inner width=&#8221;1\/3&#8243;][\/vc_column_inner][\/vc_row_inner][\/vc_column][\/vc_row][vc_row][vc_column][\/vc_column][\/vc_row] [&#8230;]<\/p>\n<p><a class=\"btn btn-secondary understrap-read-more-link\" href=\"https:\/\/us.edu.pl\/wydzial\/wnst\/prac\/wyjazdy\/\">Read More&#8230;<\/a><\/p>\n","protected":false},"author":92,"featured_media":0,"parent":181438,"menu_order":0,"comment_status":"closed","ping_status":"closed","template":"","meta":{"_expiration-date-status":"","_expiration-date":0,"_expiration-date-type":"","_expiration-date-categories":[],"_expiration-date-options":[]},"acf":[],"_links":{"self":[{"href":"https:\/\/us.edu.pl\/wydzial\/wnst\/wp-json\/wp\/v2\/pages\/181454"}],"collection":[{"href":"https:\/\/us.edu.pl\/wydzial\/wnst\/wp-json\/wp\/v2\/pages"}],"about":[{"href":"https:\/\/us.edu.pl\/wydzial\/wnst\/wp-json\/wp\/v2\/types\/page"}],"author":[{"embeddable":true,"href":"https:\/\/us.edu.pl\/wydzial\/wnst\/wp-json\/wp\/v2\/users\/92"}],"replies":[{"embeddable":true,"href":"https:\/\/us.edu.pl\/wydzial\/wnst\/wp-json\/wp\/v2\/comments?post=181454"}],"version-history":[{"count":6,"href":"https:\/\/us.edu.pl\/wydzial\/wnst\/wp-json\/wp\/v2\/pages\/181454\/revisions"}],"predecessor-version":[{"id":181929,"href":"https:\/\/us.edu.pl\/wydzial\/wnst\/wp-json\/wp\/v2\/pages\/181454\/revisions\/181929"}],"up":[{"embeddable":true,"href":"https:\/\/us.edu.pl\/wydzial\/wnst\/wp-json\/wp\/v2\/pages\/181438"}],"wp:attachment":[{"href":"https:\/\/us.edu.pl\/wydzial\/wnst\/wp-json\/wp\/v2\/media?parent=181454"}],"curies":[{"name":"wp","href":"https:\/\/api.w.org\/{rel}","templated":true}]}}