{"id":181468,"date":"2024-11-13T07:59:05","date_gmt":"2024-11-13T06:59:05","guid":{"rendered":"https:\/\/us.edu.pl\/wydzial\/wnst\/?page_id=181468"},"modified":"2024-11-16T11:55:42","modified_gmt":"2024-11-16T10:55:42","slug":"zakupy","status":"publish","type":"page","link":"https:\/\/us.edu.pl\/wydzial\/wnst\/prac\/zakupy\/","title":{"rendered":"zakupy"},"content":{"rendered":"<p>[vc_row el_class=&#8221;container&#8221;][vc_column width=&#8221;1\/4&#8243;][vc_wp_custommenu title=&#8221;MENU&#8221; nav_menu=&#8221;926&#8243;][\/vc_column][vc_column width=&#8221;3\/4&#8243;]\r\n                <div class=\"text-modules\">\r\n                    <div class=\"container\">\r\n                        \r\n                        <div class=\"text-modules__content\"><\/p>\n<h3>Jak zrealizowa\u0107 zakup dostawy lub us\u0142ugi?<\/h3>\n<p>Na tej stronie znajdziesz informacje:<\/p>\n<ul>\n<li>jakie s\u0105 zasady kupowania z dotacji na cele dydaktyczne i naukowe<\/li>\n<li>co mo\u017cna pobra\u0107 z magazyn\u00f3w uniwersyteckich, a co nale\u017cy osobno kupi\u0107<\/li>\n<li>jakie informacje nale\u017cy przygotowa\u0107, aby zrealizowa\u0107 zakup dostawy lub us\u0142ugi<\/li>\n<li>czy ka\u017cdy zakup nale\u017cy zamawia\u0107 przez system SAP<\/li>\n<li>komu nale\u017cy przes\u0142a\u0107 informacje o konieczno\u015bci dokonania zakupu<\/li>\n<li>jak d\u0142ugo trwa procedura zakupu i od czego zale\u017cy<\/li>\n<li>na jakie zakupy Uniwersytet ma podpisane umowy d\u0142ugoterminowe<\/li>\n<li>co zrobi\u0107, gdy zakup zosta\u0142 dokonany niezgodnie z procedur\u0105<\/li>\n<\/ul>\n<hr \/>\n<p>Przydatne linki<\/p>\n<ul>\n<li><a href=\"https:\/\/us.edu.pl\/pracownik\/procedury-i-obieg-dokumentow\/logistyka\/\">serwis po\u015bwi\u0119cony zakupom<\/a><\/li>\n<li><a href=\"https:\/\/us.edu.pl\/pracownik\/procedury-i-obieg-dokumentow\/logistyka\/procedura-zakupow\/\">procedury<\/a><\/li>\n<\/ul>\n<p>\n<\/div>\r\n                    <\/div>\r\n                <\/div>[vc_row_inner][vc_column_inner width=&#8221;1\/3&#8243;][\/vc_column_inner][vc_column_inner width=&#8221;1\/3&#8243;][vc_single_image image=&#8221;170738&#8243; img_size=&#8221;large&#8221;][\/vc_column_inner][vc_column_inner width=&#8221;1\/3&#8243;][\/vc_column_inner][\/vc_row_inner][\/vc_column][\/vc_row]<\/p>","protected":false},"excerpt":{"rendered":"<p>[vc_row el_class=&#8221;container&#8221;][vc_column width=&#8221;1\/4&#8243;][vc_wp_custommenu title=&#8221;MENU&#8221; nav_menu=&#8221;926&#8243;][\/vc_column][vc_column width=&#8221;3\/4&#8243;][vc_row_inner][vc_column_inner width=&#8221;1\/3&#8243;][\/vc_column_inner][vc_column_inner width=&#8221;1\/3&#8243;][vc_single_image image=&#8221;170738&#8243; img_size=&#8221;large&#8221;][\/vc_column_inner][vc_column_inner width=&#8221;1\/3&#8243;][\/vc_column_inner][\/vc_row_inner][\/vc_column][\/vc_row] [&#8230;]<\/p>\n<p><a class=\"btn btn-secondary understrap-read-more-link\" href=\"https:\/\/us.edu.pl\/wydzial\/wnst\/prac\/zakupy\/\">Read More&#8230;<\/a><\/p>\n","protected":false},"author":92,"featured_media":0,"parent":181438,"menu_order":0,"comment_status":"closed","ping_status":"closed","template":"","meta":{"_expiration-date-status":"","_expiration-date":0,"_expiration-date-type":"","_expiration-date-categories":[],"_expiration-date-options":[]},"acf":[],"_links":{"self":[{"href":"https:\/\/us.edu.pl\/wydzial\/wnst\/wp-json\/wp\/v2\/pages\/181468"}],"collection":[{"href":"https:\/\/us.edu.pl\/wydzial\/wnst\/wp-json\/wp\/v2\/pages"}],"about":[{"href":"https:\/\/us.edu.pl\/wydzial\/wnst\/wp-json\/wp\/v2\/types\/page"}],"author":[{"embeddable":true,"href":"https:\/\/us.edu.pl\/wydzial\/wnst\/wp-json\/wp\/v2\/users\/92"}],"replies":[{"embeddable":true,"href":"https:\/\/us.edu.pl\/wydzial\/wnst\/wp-json\/wp\/v2\/comments?post=181468"}],"version-history":[{"count":5,"href":"https:\/\/us.edu.pl\/wydzial\/wnst\/wp-json\/wp\/v2\/pages\/181468\/revisions"}],"predecessor-version":[{"id":181933,"href":"https:\/\/us.edu.pl\/wydzial\/wnst\/wp-json\/wp\/v2\/pages\/181468\/revisions\/181933"}],"up":[{"embeddable":true,"href":"https:\/\/us.edu.pl\/wydzial\/wnst\/wp-json\/wp\/v2\/pages\/181438"}],"wp:attachment":[{"href":"https:\/\/us.edu.pl\/wydzial\/wnst\/wp-json\/wp\/v2\/media?parent=181468"}],"curies":[{"name":"wp","href":"https:\/\/api.w.org\/{rel}","templated":true}]}}