{"id":181477,"date":"2024-11-13T08:06:14","date_gmt":"2024-11-13T07:06:14","guid":{"rendered":"https:\/\/us.edu.pl\/wydzial\/wnst\/?page_id=181477"},"modified":"2024-11-16T10:50:26","modified_gmt":"2024-11-16T09:50:26","slug":"komunikaty","status":"publish","type":"page","link":"https:\/\/us.edu.pl\/wydzial\/wnst\/prac\/komunikaty\/","title":{"rendered":"komunikaty"},"content":{"rendered":"<p>[vc_row el_class=&#8221;container&#8221;][vc_column width=&#8221;1\/5&#8243;][vc_wp_custommenu title=&#8221;MENU&#8221; nav_menu=&#8221;926&#8243;][\/vc_column][vc_column width=&#8221;4\/5&#8243;]\r\n                <div class=\"text-modules\">\r\n                    <div class=\"container\">\r\n                        \r\n                        <div class=\"text-modules__content\"><\/p>\n<h3>Komunikaty Dziekana Wydzia\u0142u<\/h3>\n<p>\n<\/div>\r\n                    <\/div>\r\n                <\/div>[vc_toggle title=&#8221;Spotkanie z pracownikami Wydzia\u0142u | 19.11.2024&#8243;]<small>|dr hab. Seweryn Kowalski, prof. US|<\/small><\/p>\n<p>Zapraszam Pa\u0144stwa na otwarte spotkanie spo\u0142eczno\u015bci akademickiej Wydzia\u0142u. Spotkanie odb\u0119dzie si\u0119 19 listopada o godzinie 13:30 w sali 227 ( Katowice, Bankowa 14, II pi\u0119tro).\u00a0R\u00f3wnocze\u015bnie informuj\u0119 o godzinach dzieka\u0144skich na czas trwania spotkania tj. mi\u0119dzy 13:45 -15:15 (IV blok dydaktyczny).[\/vc_toggle][vc_toggle title=&#8221;PTF o\/Katowice zaprasza na konwersatorium | 7.11.2024&#8243;]<small>|Polskie Towarzystwo Fizyczna o\/Katowice|<\/small><\/p>\n<p>Polskie Towarzystwo Fizyczne Oddzia\u0142 w Katowicach zaprasza na konwersatorium na kt\u00f3rym\u00a0 dr Karina Maciejewska, prof. U\u015a (Instytut In\u017cynierii Biomedycznej, Uniwersytet \u015al\u0105ski w Katowicach)wyg\u0142osi wyk\u0142ad pt. &#8222;In\u017cynieria biomedyczna, fizyka i neuronauka \u0142\u0105cz\u0105 si\u0142y w walce o przywracanie funkcji sensomotorycznych i augmentacji zdolno\u015bci poznawczych cz\u0142owieka&#8221;.<\/p>\n<p>Konwersatorium odb\u0119dzie si\u0119 hybrydowo w czwartek 07.11.2024 r. o godz. 16:00 w Auli Kopernika, ul. Bankowa 14 w Katowicach oraz poprzez platform\u0119 Teams.<br \/>\nDo transmisji w Teams mo\u017cna do\u0142\u0105czy\u0107 od godz. 15:30.<\/p>\n<p>Szczeg\u00f3\u0142y, w tym streszczenie oraz odno\u015bnik do transmisji, znajduj\u0105 si\u0119 na stronie <a class=\"moz-txt-link-freetext\" href=\"https:\/\/www.ptf.us.edu.pl\/wordpress\/?p=1427\">https:\/\/www.ptf.us.edu.pl\/wordpress\/?p=1427<\/a><br \/>\noraz na og\u0142oszeniu (do wydruku) w za\u0142\u0105czniku.[\/vc_toggle][\/vc_column][\/vc_row]<\/p>","protected":false},"excerpt":{"rendered":"<p>[vc_row el_class=&#8221;container&#8221;][vc_column width=&#8221;1\/5&#8243;][vc_wp_custommenu title=&#8221;MENU&#8221; nav_menu=&#8221;926&#8243;][\/vc_column][vc_column width=&#8221;4\/5&#8243;][vc_toggle title=&#8221;Spotkanie z pracownikami Wydzia\u0142u | 19.11.2024&#8243;]|dr hab. Seweryn Kowalski, prof. US| Zapraszam Pa\u0144stwa na otwarte spotkanie spo\u0142eczno\u015bci akademickiej Wydzia\u0142u. Spotkanie odb\u0119dzie si\u0119 19 listopada o godzinie 13:30 w sali 227 ( Katowice, Bankowa 14, II pi\u0119tro).\u00a0R\u00f3wnocze\u015bnie informuj\u0119 o godzinach dzieka\u0144skich na czas trwania spotkania tj. mi\u0119dzy 13:45 -15:15 (IV [&#8230;]<\/p>\n<p><a class=\"btn btn-secondary understrap-read-more-link\" href=\"https:\/\/us.edu.pl\/wydzial\/wnst\/prac\/komunikaty\/\">Read More&#8230;<\/a><\/p>\n","protected":false},"author":92,"featured_media":0,"parent":181438,"menu_order":6,"comment_status":"closed","ping_status":"closed","template":"","meta":{"_expiration-date-status":"","_expiration-date":0,"_expiration-date-type":"","_expiration-date-categories":[],"_expiration-date-options":[]},"acf":[],"_links":{"self":[{"href":"https:\/\/us.edu.pl\/wydzial\/wnst\/wp-json\/wp\/v2\/pages\/181477"}],"collection":[{"href":"https:\/\/us.edu.pl\/wydzial\/wnst\/wp-json\/wp\/v2\/pages"}],"about":[{"href":"https:\/\/us.edu.pl\/wydzial\/wnst\/wp-json\/wp\/v2\/types\/page"}],"author":[{"embeddable":true,"href":"https:\/\/us.edu.pl\/wydzial\/wnst\/wp-json\/wp\/v2\/users\/92"}],"replies":[{"embeddable":true,"href":"https:\/\/us.edu.pl\/wydzial\/wnst\/wp-json\/wp\/v2\/comments?post=181477"}],"version-history":[{"count":4,"href":"https:\/\/us.edu.pl\/wydzial\/wnst\/wp-json\/wp\/v2\/pages\/181477\/revisions"}],"predecessor-version":[{"id":181909,"href":"https:\/\/us.edu.pl\/wydzial\/wnst\/wp-json\/wp\/v2\/pages\/181477\/revisions\/181909"}],"up":[{"embeddable":true,"href":"https:\/\/us.edu.pl\/wydzial\/wnst\/wp-json\/wp\/v2\/pages\/181438"}],"wp:attachment":[{"href":"https:\/\/us.edu.pl\/wydzial\/wnst\/wp-json\/wp\/v2\/media?parent=181477"}],"curies":[{"name":"wp","href":"https:\/\/api.w.org\/{rel}","templated":true}]}}