{"id":181877,"date":"2024-11-16T09:59:04","date_gmt":"2024-11-16T08:59:04","guid":{"rendered":"https:\/\/us.edu.pl\/wydzial\/wnst\/?page_id=181877"},"modified":"2024-11-16T11:52:57","modified_gmt":"2024-11-16T10:52:57","slug":"majatek","status":"publish","type":"page","link":"https:\/\/us.edu.pl\/wydzial\/wnst\/prac\/majatek\/","title":{"rendered":"maj\u0105tek"},"content":{"rendered":"<p>[vc_row el_class=&#8221;container&#8221;][vc_column width=&#8221;1\/5&#8243;][vc_wp_custommenu title=&#8221;MENU&#8221; nav_menu=&#8221;926&#8243;][\/vc_column][vc_column width=&#8221;4\/5&#8243;]\r\n                <div class=\"text-modules\">\r\n                    <div class=\"container\">\r\n                        \r\n                        <div class=\"text-modules__content\"><\/p>\n<h3>Jak ewidencjonowa\u0107 i zarz\u0105dza\u0107 uczelnianym maj\u0105tkiem trwa\u0142ym.<\/h3>\n<p>Na stronie znajdziesz informacje:<\/p>\n<ul>\n<li>jak sprawdzi\u0107, co mam na stanie maj\u0105tkowym<\/li>\n<li>jak oznacza\u0107 maj\u0105tek trwa\u0142y<\/li>\n<li>jak przekaza\u0107 innemu pracownikowi maj\u0105tek trwa\u0142y<\/li>\n<li>jak skasowa\u0107 maj\u0105tek trwa\u0142y<\/li>\n<li>jak przygotowa\u0107 si\u0119 do spisu maj\u0105tku trwa\u0142ego<\/li>\n<\/ul>\n<hr \/>\n<p><a href=\"https:\/\/us.edu.pl\/pracownik\/procedury-i-obieg-dokumentow\/sprawy-finansowe-i-ksiegowe\/sprawy-ksiegowe\/\">Dokumenty zwi\u0105zane z maj\u0105tkiem trwa\u0142ym<\/a><\/p>\n<\/div>\r\n                    <\/div>\r\n                <\/div>[vc_row_inner][vc_column_inner width=&#8221;1\/3&#8243;][\/vc_column_inner][vc_column_inner width=&#8221;1\/3&#8243;][vc_single_image image=&#8221;170745&#8243; img_size=&#8221;large&#8221; alignment=&#8221;center&#8221; style=&#8221;vc_box_rounded&#8221;][\/vc_column_inner][vc_column_inner width=&#8221;1\/3&#8243;][\/vc_column_inner][\/vc_row_inner][\/vc_column][\/vc_row]<\/p>","protected":false},"excerpt":{"rendered":"<p>[vc_row el_class=&#8221;container&#8221;][vc_column width=&#8221;1\/5&#8243;][vc_wp_custommenu title=&#8221;MENU&#8221; nav_menu=&#8221;926&#8243;][\/vc_column][vc_column width=&#8221;4\/5&#8243;][vc_row_inner][vc_column_inner width=&#8221;1\/3&#8243;][\/vc_column_inner][vc_column_inner width=&#8221;1\/3&#8243;][vc_single_image image=&#8221;170745&#8243; img_size=&#8221;large&#8221; alignment=&#8221;center&#8221; style=&#8221;vc_box_rounded&#8221;][\/vc_column_inner][vc_column_inner width=&#8221;1\/3&#8243;][\/vc_column_inner][\/vc_row_inner][\/vc_column][\/vc_row] [&#8230;]<\/p>\n<p><a class=\"btn btn-secondary understrap-read-more-link\" href=\"https:\/\/us.edu.pl\/wydzial\/wnst\/prac\/majatek\/\">Read More&#8230;<\/a><\/p>\n","protected":false},"author":92,"featured_media":0,"parent":181438,"menu_order":3,"comment_status":"closed","ping_status":"closed","template":"","meta":{"_expiration-date-status":"","_expiration-date":0,"_expiration-date-type":"","_expiration-date-categories":[],"_expiration-date-options":[]},"acf":[],"_links":{"self":[{"href":"https:\/\/us.edu.pl\/wydzial\/wnst\/wp-json\/wp\/v2\/pages\/181877"}],"collection":[{"href":"https:\/\/us.edu.pl\/wydzial\/wnst\/wp-json\/wp\/v2\/pages"}],"about":[{"href":"https:\/\/us.edu.pl\/wydzial\/wnst\/wp-json\/wp\/v2\/types\/page"}],"author":[{"embeddable":true,"href":"https:\/\/us.edu.pl\/wydzial\/wnst\/wp-json\/wp\/v2\/users\/92"}],"replies":[{"embeddable":true,"href":"https:\/\/us.edu.pl\/wydzial\/wnst\/wp-json\/wp\/v2\/comments?post=181877"}],"version-history":[{"count":4,"href":"https:\/\/us.edu.pl\/wydzial\/wnst\/wp-json\/wp\/v2\/pages\/181877\/revisions"}],"predecessor-version":[{"id":181932,"href":"https:\/\/us.edu.pl\/wydzial\/wnst\/wp-json\/wp\/v2\/pages\/181877\/revisions\/181932"}],"up":[{"embeddable":true,"href":"https:\/\/us.edu.pl\/wydzial\/wnst\/wp-json\/wp\/v2\/pages\/181438"}],"wp:attachment":[{"href":"https:\/\/us.edu.pl\/wydzial\/wnst\/wp-json\/wp\/v2\/media?parent=181877"}],"curies":[{"name":"wp","href":"https:\/\/api.w.org\/{rel}","templated":true}]}}