{"id":183626,"date":"2024-12-07T11:34:22","date_gmt":"2024-12-07T10:34:22","guid":{"rendered":"https:\/\/us.edu.pl\/wydzial\/wnst\/?page_id=183626"},"modified":"2024-12-07T11:48:37","modified_gmt":"2024-12-07T10:48:37","slug":"formaty-plikow","status":"publish","type":"page","link":"https:\/\/us.edu.pl\/wydzial\/wnst\/strona-glowna\/formaty-plikow\/","title":{"rendered":"formaty plik\u00f3w"},"content":{"rendered":"<p>[vc_row][vc_column]\r\n                <div class=\"text-modules\">\r\n                    <div class=\"container\">\r\n                        \r\n                        <div class=\"text-modules__content\"><\/p>\n<h3><strong><span style=\"color: #002e5a;\">Pliki do pobrania w naszym serwisie dost\u0119pne s\u0105 w nast\u0119puj\u0105cych formatach:<\/span><\/strong><\/h3>\n<h3>Format pliku .PDF<\/h3>\n<p>Otwieranie za pomoc\u0105 dowolnego programu obs\u0142uguj\u0105cego ten format np:<\/p>\n<ul>\n<li><a class=\"ico-hyperlink\" title=\"odno\u015bnik do programu Adobe Acrobat Reader link otwiera si\u0119 w nowym oknie\" href=\"http:\/\/get.adobe.com\/pl\/reader\/\"><span lang=\"en\">Adobe Acrobat Reader<\/span><\/a>\u00a0\/program darmowy\/<\/li>\n<\/ul>\n<h3>Format pliku .JPG<\/h3>\n<p>Otwieranie za pomoc\u0105 dowolnego programu obs\u0142uguj\u0105cego ten format np:<\/p>\n<ul>\n<li><a class=\"ico-hyperlink\" title=\"odno\u015bnik do programu Irfanview link otwiera si\u0119 w nowym oknie\" href=\"http:\/\/www.irfanview.com\/\"><span lang=\"en\">Irfanview<\/span><\/a>\u00a0\/program darmowy\/<\/li>\n<li><a class=\"ico-hyperlink\" title=\"odno\u015bnik do programu Fresh View link otwiera si\u0119 w nowym oknie\" href=\"http:\/\/freshdevices.com\/\"><span lang=\"en\">Fresh View<\/span><\/a>\u00a0\/program darmowy\/<\/li>\n<\/ul>\n<h3>Format pliku .ZIP, .RAR, .7ZIP<\/h3>\n<p>Otwieranie za pomoc\u0105 dowolnego programu obs\u0142uguj\u0105cego ten format np:<\/p>\n<ul>\n<li><a class=\"ico-hyperlink\" title=\"odno\u015bnik do programu Vin Zip link otwiera si\u0119 w nowym oknie\" href=\"http:\/\/www.winzip.com\/wzoldvers.htm\"><span lang=\"en\">WIN ZIP<\/span><\/a>\u00a0\/30-dniowa wersja\/<\/li>\n<li><a class=\"ico-hyperlink\" title=\"odno\u015bnik do programu Vin Rar link otwiera si\u0119 w nowym oknie\" href=\"http:\/\/www.winrar.pl\/\">WIN RAR<\/a>\u00a0\/30-dniowa wersja\/<\/li>\n<li><a class=\"ico-hyperlink\" title=\"odno\u015bnik do programu Win Ace link otwiera si\u0119 w nowym oknie\" href=\"http:\/\/www.tucows.com\/preview\/194310\"><span lang=\"en\">WIN ACE<\/span><\/a>\u00a0\/30-dniowa wersja\/<\/li>\n<li><a class=\"ico-hyperlink\" title=\"odno\u015bnik do programu Tugzip link otwiera si\u0119 w nowym oknie\" href=\"http:\/\/tugzip.com\/downloads\/\"><span lang=\"en\">TUGZIP<\/span><\/a>\u00a0 \/program darmowy\/<\/li>\n<li><a class=\"ico-hyperlink\" title=\"odno\u015bnik do programu Ultimatezip link otwiera si\u0119 w nowym oknie\" href=\"http:\/\/www.ultimatezip.com\/\"><span lang=\"en\">ULTIMATEZIP<\/span><\/a>\u00a0\/program darmowy\/<\/li>\n<li><a class=\"ico-hyperlink\" title=\"odno\u015bnik do programu 7-zip link otwiera si\u0119 w nowym oknie\" href=\"http:\/\/www.7-zip.org\/download.html\"><span lang=\"en\">7-ZIP<\/span><\/a>\u00a0 \/program darmowy\/<\/li>\n<li><a class=\"ico-hyperlink\" title=\"odno\u015bnik do programu Freezip link otwiera si\u0119 w nowym oknie\" href=\"http:\/\/members.ozemail.com.au\/~nulifetv\/freezip\/\"><span lang=\"en\">FREEZIP<\/span><\/a>\u00a0\/program darmowy\/<\/li>\n<\/ul>\n<h3>Format pliku .DOC<\/h3>\n<p>Otwieranie za pomoc\u0105 dowolnego programu obs\u0142uguj\u0105cego ten format np:<\/p>\n<ul>\n<li><a class=\"ico-hyperlink\" title=\"OpenOffice\" href=\"http:\/\/www.openoffice.org\/pl\/product.download.html\" target=\"undefined\" rel=\"noopener\"><span lang=\"en\">OpenOffice<\/span><\/a>\u00a0\/program darmowy\/<\/li>\n<li><a class=\"ico-hyperlink\" title=\"Word Viewer\" href=\"http:\/\/www.microsoft.com\/pl-pl\/download\/details.aspx?id=4\" target=\"undefined\" rel=\"noopener\"><span lang=\"en\">Word Viewer<\/span><\/a>\u00a0\/program darmowy\/<\/li>\n<\/ul>\n<h3>Format pliku .XLS<\/h3>\n<p>Otwieranie za pomoc\u0105 dowolnego programu obs\u0142uguj\u0105cego ten format np:<\/p>\n<ul>\n<li><a class=\"ico-hyperlink\" title=\"OpenOffice\" href=\"http:\/\/www.openoffice.org\/pl\/product.download.html\" target=\"undefined\" rel=\"noopener\"><span lang=\"en\">OpenOffice<\/span><\/a>\u00a0\/program darmowy\/<\/li>\n<li><a class=\"ico-hyperlink\" title=\"Excel Viewer 2003\" href=\"http:\/\/www.microsoft.com\/pl-pl\/download\/details.aspx?id=10\" target=\"undefined\" rel=\"noopener\"><span lang=\"en\">Excel Viewer<\/span><\/a>\u00a0\/program darmowy\/<\/li>\n<\/ul>\n<h3>Format pliku .PPT<\/h3>\n<p>Otwieranie za pomoc\u0105 dowolnego programu obs\u0142uguj\u0105cego ten format np:<\/p>\n<ul>\n<li><a class=\"ico-hyperlink\" title=\"OpenOffice\" href=\"http:\/\/www.openoffice.org\/pl\/product.download.html\" target=\"undefined\" rel=\"noopener\"><span lang=\"en\">OpenOffice<\/span><\/a>\u00a0\/program darmowy\/<\/li>\n<li><a class=\"ico-hyperlink\" title=\"PowerPoint Viewer 2003\" href=\"http:\/\/www.microsoft.com\/pl-pl\/download\/details.aspx?id=6\" target=\"undefined\" rel=\"noopener\"><span lang=\"en\">PowerPoint Viewer<\/span><\/a>\u00a0\/program darmowy\/<\/li>\n<\/ul>\n<p>\n<\/div>\r\n                    <\/div>\r\n                <\/div>[\/vc_column][\/vc_row]<\/p>","protected":false},"excerpt":{"rendered":"<p>[vc_row][vc_column][\/vc_column][\/vc_row] [&#8230;]<\/p>\n<p><a class=\"btn btn-secondary understrap-read-more-link\" href=\"https:\/\/us.edu.pl\/wydzial\/wnst\/strona-glowna\/formaty-plikow\/\">Read More&#8230;<\/a><\/p>\n","protected":false},"author":92,"featured_media":0,"parent":103,"menu_order":0,"comment_status":"closed","ping_status":"closed","template":"","meta":{"_expiration-date-status":"","_expiration-date":0,"_expiration-date-type":"","_expiration-date-categories":[],"_expiration-date-options":[]},"acf":[],"_links":{"self":[{"href":"https:\/\/us.edu.pl\/wydzial\/wnst\/wp-json\/wp\/v2\/pages\/183626"}],"collection":[{"href":"https:\/\/us.edu.pl\/wydzial\/wnst\/wp-json\/wp\/v2\/pages"}],"about":[{"href":"https:\/\/us.edu.pl\/wydzial\/wnst\/wp-json\/wp\/v2\/types\/page"}],"author":[{"embeddable":true,"href":"https:\/\/us.edu.pl\/wydzial\/wnst\/wp-json\/wp\/v2\/users\/92"}],"replies":[{"embeddable":true,"href":"https:\/\/us.edu.pl\/wydzial\/wnst\/wp-json\/wp\/v2\/comments?post=183626"}],"version-history":[{"count":3,"href":"https:\/\/us.edu.pl\/wydzial\/wnst\/wp-json\/wp\/v2\/pages\/183626\/revisions"}],"predecessor-version":[{"id":183632,"href":"https:\/\/us.edu.pl\/wydzial\/wnst\/wp-json\/wp\/v2\/pages\/183626\/revisions\/183632"}],"up":[{"embeddable":true,"href":"https:\/\/us.edu.pl\/wydzial\/wnst\/wp-json\/wp\/v2\/pages\/103"}],"wp:attachment":[{"href":"https:\/\/us.edu.pl\/wydzial\/wnst\/wp-json\/wp\/v2\/media?parent=183626"}],"curies":[{"name":"wp","href":"https:\/\/api.w.org\/{rel}","templated":true}]}}