{"id":1860,"date":"2019-12-14T23:39:53","date_gmt":"2019-12-14T22:39:53","guid":{"rendered":"https:\/\/us.edu.pl\/wydzial\/wnst\/?page_id=1860"},"modified":"2024-11-19T09:43:39","modified_gmt":"2024-11-19T08:43:39","slug":"rady-dydaktyczne-informatyki","status":"publish","type":"page","link":"https:\/\/us.edu.pl\/wydzial\/wnst\/strona-glowna\/wladze\/rady-dydaktyczne-2\/rady-dydaktyczne-informatyki\/","title":{"rendered":"rada dydaktyczna informatyka"},"content":{"rendered":"<p>[vc_row el_class=&#8221;container&#8221;][vc_column]\r\n                <div class=\"text-modules\">\r\n                    <div class=\"container\">\r\n                        \r\n                        <div class=\"text-modules__content\"><\/p>\n<h3 style=\"text-align: left;\"><span style=\"color: #002e5a;\">Rada dydaktyczna kierunk\u00f3w: informatyka i informatyka stosowana rok akademicki 2024\/2025<\/span><\/h3>\n<ol>\n<li style=\"text-align: left;\"><span style=\"color: #002e5a;\">dr Barbara Marsza\u0142-Paszek &#8211; Dyrektor kierunku Informatyka i Informatyka stosowana &#8211; Przewodnicz\u0105ca<\/span><span style=\"color: #002e5a;\"><br \/>\n<\/span><\/li>\n<li><span style=\"color: #002e5a;\">dr Bartosz Dziewit -Zast\u0119pca Dyrektora kierunku Informatyka i Informatyka stosowana &#8211; Zast\u0119pca Przewodnicz\u0105cej<\/span><\/li>\n<li>prof. dr hab. Micha\u0142 Baczy\u0144ski<\/li>\n<li>dr hab. Zbigniew Dendzik, prof. U\u015a<\/li>\n<li>dr Rafa\u0142 Doroz, prof. U\u015a<\/li>\n<li>dr hab. Beata Zielosko, prof. U\u015a<\/li>\n<li>dr Joachim W\u0142odarz<\/li>\n<li>dr in\u017c. Roman Simi\u0144ski<\/li>\n<li>dr in\u017c. Przemys\u0142aw Kud\u0142acik<\/li>\n<li>dr Rafa\u0142 Tyrala<\/li>\n<li>dr Jolanta Sobera<\/li>\n<li>dr Mi\u0142os\u0142aw Chodacki<\/li>\n<li>mgr in\u017c. Arkadiusz Nowakowski<\/li>\n<li>dr Tomasz Xi\u0119ski<\/li>\n<li>dr Grzegorz Machnik<\/li>\n<li>mgr Arkadiusz Sacewicz<\/li>\n<li>dr Paulina Trybek<\/li>\n<li>dr hab. Micha\u0142 Mierzwa, prof. U\u015a<\/li>\n<li>dr Katarzyna Schmidt<\/li>\n<li>dr Katarzyna Mi\u015b<\/li>\n<\/ol>\n<p><span style=\"color: #002e5a;\">przedstawiciele student\u00f3w (zgodnie z za\u0142\u0105cznikiem nr 1 do powo\u0142ania)<\/span><\/p>\n<ol>\n<li>Julia M\u0142odawska &#8211; studentka I stopnia Informatyka<\/li>\n<li>Karol Kazir\u00f3d &#8211; student II stopnia Informatyka<\/li>\n<li>Ivan Maslov \u2013 student I stopnia informatyki stosowanej<\/li>\n<\/ol>\n<p><span style=\"color: #002e5a;\">z g\u0142osem doradczym p<\/span><span style=\"color: #002e5a;\">rzedstawiciele otoczenia spo\u0142eczno-gospodarczego (zgodnie z za\u0142\u0105cznikiem nr 2 do powo\u0142ania):<\/span><\/p>\n<ol>\n<li>Sebastian Stach &#8211; DEVSOFT<\/li>\n<li>Sebastian Zaj\u0105c &#8211; PKO BP<\/li>\n<li>Jaros\u0142aw Wawro &#8211; ATTIMERIK<\/li>\n<li>Dawid Mazur &#8211; CLEAR CODE<\/li>\n<\/ol>\n<p>\n<\/div>\r\n                    <\/div>\r\n                <\/div>[\/vc_column][\/vc_row]<\/p>","protected":false},"excerpt":{"rendered":"<p>[vc_row el_class=&#8221;container&#8221;][vc_column][\/vc_column][\/vc_row] [&#8230;]<\/p>\n<p><a class=\"btn btn-secondary understrap-read-more-link\" href=\"https:\/\/us.edu.pl\/wydzial\/wnst\/strona-glowna\/wladze\/rady-dydaktyczne-2\/rady-dydaktyczne-informatyki\/\">Read More&#8230;<\/a><\/p>\n","protected":false},"author":92,"featured_media":0,"parent":1873,"menu_order":0,"comment_status":"closed","ping_status":"closed","template":"","meta":{"_expiration-date-status":"saved","_expiration-date":0,"_expiration-date-type":"","_expiration-date-categories":[],"_expiration-date-options":[]},"acf":[],"_links":{"self":[{"href":"https:\/\/us.edu.pl\/wydzial\/wnst\/wp-json\/wp\/v2\/pages\/1860"}],"collection":[{"href":"https:\/\/us.edu.pl\/wydzial\/wnst\/wp-json\/wp\/v2\/pages"}],"about":[{"href":"https:\/\/us.edu.pl\/wydzial\/wnst\/wp-json\/wp\/v2\/types\/page"}],"author":[{"embeddable":true,"href":"https:\/\/us.edu.pl\/wydzial\/wnst\/wp-json\/wp\/v2\/users\/92"}],"replies":[{"embeddable":true,"href":"https:\/\/us.edu.pl\/wydzial\/wnst\/wp-json\/wp\/v2\/comments?post=1860"}],"version-history":[{"count":10,"href":"https:\/\/us.edu.pl\/wydzial\/wnst\/wp-json\/wp\/v2\/pages\/1860\/revisions"}],"predecessor-version":[{"id":182190,"href":"https:\/\/us.edu.pl\/wydzial\/wnst\/wp-json\/wp\/v2\/pages\/1860\/revisions\/182190"}],"up":[{"embeddable":true,"href":"https:\/\/us.edu.pl\/wydzial\/wnst\/wp-json\/wp\/v2\/pages\/1873"}],"wp:attachment":[{"href":"https:\/\/us.edu.pl\/wydzial\/wnst\/wp-json\/wp\/v2\/media?parent=1860"}],"curies":[{"name":"wp","href":"https:\/\/api.w.org\/{rel}","templated":true}]}}