{"id":186182,"date":"2025-01-30T11:07:07","date_gmt":"2025-01-30T10:07:07","guid":{"rendered":"https:\/\/us.edu.pl\/wydzial\/wnst\/?page_id=186182"},"modified":"2025-07-23T10:17:38","modified_gmt":"2025-07-23T08:17:38","slug":"zgloszenia-2024","status":"publish","type":"page","link":"https:\/\/us.edu.pl\/wydzial\/wnst\/wspolpraca\/szkoly\/konkurs-chemiczny\/konkurs-chemiczny-2024\/zgloszenia-2024\/","title":{"rendered":"zg\u0142oszenia 2024"},"content":{"rendered":"<p>[vc_row el_class=&#8221;container&#8221;][vc_column]\r\n                <div class=\"text-modules\">\r\n                    <div class=\"container\">\r\n                        <h3 class=\"page-title text__title\">Zg\u0142oszenia na XVII Og\u00f3lnopolski Konkurs Chemiczny<\/h3>\r\n                        <div class=\"text-modules__content\"><p>Zg\u0142oszenia na Konkurs dokonuje si\u0119 poprzez formularz rejestracyjny do dnia <strong>06<\/strong><strong>.03.2023 r. do godz. 12<sup>00<\/sup><\/strong>.<\/p>\n<p><strong>Prosimy o obligatoryjne podanie adresu e-mail uczestnika w formularzu, gdy\u017c b\u0119dzie on konieczny na etapie przeprowadzania konkursu online.<\/strong> Jednocze\u015bnie informujemy, \u017ce nie ma ograniczenia, co do ilo\u015bci zg\u0142aszanych os\u00f3b. Bardzo prosimy o wysy\u0142anie formularzy wy\u0142\u0105cznie w wersji elektronicznej. Ka\u017cde wys\u0142ane w ten spos\u00f3b zg\u0142oszenie zostanie potwierdzone mailem zwrotnym. Po zako\u0144czeniu nap\u0142ywania zg\u0142osze\u0144, na stronie konkursu pojawi si\u0119 lista szk\u00f3\u0142 z liczb\u0105 reprezentuj\u0105cych j\u0105 uczni\u00f3w.<\/p>\n<p>Potwierdzenie op\u0142aty za wszystkich uczestnik\u00f3w z danej szko\u0142y w pliku .pdf nale\u017cy przes\u0142a\u0107 na adres: <a href=\"mailto:konkurs.chemiczny@us.edu.pl\">konkurs.chemiczny@us.edu.pl<\/a> przez nauczyciela b\u0105d\u017a dyrektora szko\u0142y.<\/p>\n<p>Wraz ze zg\u0142oszeniem uczestnik\u00f3w prosimy tak\u017ce o dokonanie wp\u0142aty w wysoko\u015bci 20 z\u0142 za ka\u017cdego zg\u0142oszonego ucznia na konto Uniwersytetu \u015al\u0105skiego &#8211; prosimy o podanie danych szko\u0142y jako wp\u0142acaj\u0105cego oraz podanie tytu\u0142u wp\u0142aty: \u201e<strong>XVII Konkurs Chemiczny<\/strong>\u201d (numer konta: <strong>74 1050 1214 1000 0007 0000 7909<\/strong>, ING Bank \u015al\u0105ski S.A. oddzia\u0142 w Katowicach). \u015arodki uzyskane w ten spos\u00f3b zostan\u0105 w ca\u0142o\u015bci przeznaczone na nagrody dla\u00a0laureat\u00f3w Konkursu.<\/p>\n<p>Wp\u0142aty dokonane przez uczestnik\u00f3w nie podlegaj\u0105 zwrotowi nawet je\u015bli uczestnik\/uczestniczka nie bra\u0142 udzia\u0142u w Konkursie z przyczyn losowych b\u0105d\u017a dzia\u0142ania si\u0142y wy\u017cszej, a niemo\u017cno\u015b\u0107 uczestnictwa nie wynika\u0142a bezpo\u015brednio z winy organizator\u00f3w Konkursu.<\/p>\n<\/div>\r\n                    <\/div>\r\n                <\/div>\r\n                <div class=\"title-with-link color-white\" style=\"background: #002E5A\">\r\n                    <div class=\"container\">\r\n                        <div class=\"title-with-link-container \">\r\n                            <div class=\"title-with-link__title\"><span><\/span><\/div>\r\n                            <a href=\"https:\/\/formularze.us.edu.pl\/konkurschemiczny\" class=\"title-with-link__link\">Link do formularza z zapisami<\/a>\r\n                        <\/div>\r\n                    <\/div>\r\n                <\/div>\r\n            [\/vc_column][\/vc_row][vc_row el_class=&#8221;container&#8221;][vc_column][vc_separator border_width=&#8221;5&#8243; el_class=&#8221;container&#8221;]\r\n                <div class=\"text-modules\">\r\n                    <div class=\"container\">\r\n                        \r\n                        <div class=\"text-modules__content\"><\/p>\n<p style=\"text-align: center;\"><span style=\"letter-spacing: 0.7mm; color: #333333; font-size: 100%;\">Szczeg\u00f3\u0142y techniczne dot. przeprowadzenia XVII Og\u00f3lnopolskiego Konkursu Chemicznego w spos\u00f3b zdalny.<\/span><\/p>\n<ol>\n<li>Uczestnicy zobowi\u0105zani s\u0105 do wype\u0142nienia formularza zg\u0142oszeniowego: <a href=\"https:\/\/formularze.us.edu.pl\/konkurschemiczny\" target=\"_blank\" rel=\"noopener\"><em><strong>https:\/\/formularze.us.edu.pl\/konkurschemiczny<\/strong><\/em><\/a>. Wype\u0142nienie formularza online i akceptacja zg\u00f3d przez ka\u017cdego z uczestnik\u00f3w Konkursu i\/lub opiekuna prawnego (w przypadku niepe\u0142noletnio\u015bci uczestnika) oraz nauczyciela jest wymagana do udzia\u0142u w XVII OKChem. <strong>Bezwzgl\u0119dnie w formularzu nale\u017cy poda\u0107 adres mailowy do komunikacji z uczestnikiem konkursu, na kt\u00f3ry zostanie przes\u0142any link do formularza konkursowego.<\/strong> Niepodanie adresu e-mail uczestnika b\u0105d\u017a niezaakceptowanie poszczeg\u00f3lnych zg\u00f3d jest r\u00f3wnoznaczne z rezygnacj\u0105 uczestnika z udzia\u0142u w XVII OKChem.<\/li>\n<li>Formularz wype\u0142nia jednocze\u015bnie nauczyciel i ucze\u0144 w szkolnej sali komputerowej. Zar\u00f3wno nauczyciel jak i ucze\u0144 potwierdzaj\u0105 niezale\u017cnie od siebie klauzul\u0119 RODO.<\/li>\n<li>Uzyskanie zgody opiekuna prawnego w przypadku niepe\u0142noletnio\u015bci ucznia weryfikuje nauczyciel podczas wsp\u00f3lnego wype\u0142niania formularza zg\u0142oszeniowego.<\/li>\n<li>Zbiorczej op\u0142aty za wszystkich uczestnik\u00f3w Konkursu dokonuje dyrektor szko\u0142y lub jeden z nauczycieli zg\u0142aszaj\u0105c wszystkich uczestnik\u00f3w z danej szko\u0142y. Jednocze\u015bnie nale\u017cy przesy\u0142a\u0107 skan potwierdzenia op\u0142aty w pliku .pdf za wszystkich uczestnik\u00f3w z danej szko\u0142y bior\u0105cych udzia\u0142 w XVII OKChem na adres mailowy: <a href=\"mailto:konkurs.chemiczny@us.edu.pl\">konkurs.chemiczny@us.edu.pl<\/a><\/li>\n<li><strong>W dniu Konkursu<\/strong> <strong>punktualnie o godz. 11.<sup>00<\/sup><\/strong>, ka\u017cdy z uczestnik\u00f3w dostanie na adres mailowy podany w formularzu zg\u0142oszeniowym, link do strony internetowej na kt\u00f3rej zostanie poproszony o podanie swojego imienia i nazwiska, miasta\/miejscowo\u015bci, szko\u0142y kt\u00f3r\u0105 reprezentuje w XVII OKChem. Na tym etapie Konkursu ka\u017cdy z uczestnik\u00f3w musi mie\u0107 dost\u0119p do komputera z \u0142\u0105czem internetowym oraz s\u0142uchawkami b\u0105d\u017a g\u0142o\u015bnikami.<\/li>\n<li><strong>Ka\u017cdy z uczestnik\u00f3w<\/strong> po wype\u0142nieniu podstawowych danych na stronie internetowej <strong>dostanie indywidualny numer, kt\u00f3ry b\u0119dzie identyfikatorem uczestnika.<\/strong> Numer nale\u017cy zachowa\u0107, gdy\u017c wyniki z pierwszego etapu Konkursu oraz osoby zakwalifikowane do drugiego etapu zostan\u0105 opublikowane na stronie internetowej po identyfikatorach uczestnik\u00f3w.<\/li>\n<li>Po wprowadzeniu danych i rozpocz\u0119ciu Konkursu wy\u015bwietli si\u0119 okno, w kt\u00f3rym mo\u017cna b\u0119dzie obejrze\u0107 wyk\u0142ad na portalu YT, z kt\u00f3rego jedno lub kilka pyta\u0144 b\u0119dzie zadanych podczas wype\u0142niania arkusza konkursowego. Podczas wyk\u0142adu mo\u017cna robi\u0107 notatki i korzysta\u0107 z nich w czasie wype\u0142niania arkusza konkursowego.<\/li>\n<li>Po zako\u0144czeniu wyk\u0142adu nale\u017cy przej\u015b\u0107 do wype\u0142niania arkusza konkursowego.<\/li>\n<li>Arkusz konkursowy b\u0119dzie si\u0119 sk\u0142ada\u0142 z 45 pyta\u0144 testowych (A, B, C, D) o zr\u00f3\u017cnicowanym poziomie trudno\u015bci. Tre\u015b\u0107 pyta\u0144 b\u0119dzie obejmowa\u0142a og\u00f3ln\u0105 wiedz\u0119 chemiczn\u0105 i\/lub proste zadania obliczeniowe. Czas przeznaczony na ka\u017cde z zada\u0144 b\u0119dzie wynosi\u0142 1 minut\u0119, a ka\u017cde z zada\u0144 b\u0119dzie mia\u0142o jedn\u0105 dobr\u0105 odpowied\u017a. Po up\u0142ywie 1 minuty nieudzielenie odpowiedzi na pytanie b\u0119dzie skutkowa\u0107 automatycznym przej\u015bciem do nast\u0119pnego pytania i zerow\u0105 liczb\u0105 punkt\u00f3w za brak odpowiedzi. Nie b\u0119dzie mo\u017cna wraca\u0107 do wcze\u015bniej zaznaczonych odpowiedzi.<\/li>\n<li>W przypadku uzyskania identycznej liczby punkt\u00f3w przez uczestnik\u00f3w o kwalifikacji b\u0119dzie decydowa\u0142 og\u00f3lny czas wype\u0142niania formularza konkursowego.<\/li>\n<li>UWAGA. Zar\u00f3wno pula 45 pyta\u0144, jak r\u00f3wnie\u017c kolejno\u015b\u0107 poprawnych odpowiedzi b\u0119dzie dla ka\u017cdego z uczestnik\u00f3w wy\u015bwietlana losowo. Podczas wype\u0142niania formularza konkursowego nale\u017cy mie\u0107 przygotowany uk\u0142ad okresowy pierwiastk\u00f3w, kalkulator oraz kartk\u0119 papieru i d\u0142ugopis.<\/li>\n<li><strong>Po zako\u0144czeniu wype\u0142niania formularza uczestnikowi wy\u015bwietli si\u0119 wynik testu.<\/strong> Na adres mailowy wskazany przez uczestnika zostanie wys\u0142ane podsumowanie <strong>z informacj\u0105 o numerze startowym uczestnika, liczb\u0105 poprawnie udzielonych odpowiedzi oraz sumarycznym czasem, w kt\u00f3rym wype\u0142niono formularz konkursowy. <\/strong><\/li>\n<\/ol>\n<p>\n<\/div>\r\n                    <\/div>\r\n                <\/div>[\/vc_column][\/vc_row][vc_row][vc_column width=&#8221;1\/5&#8243;][\/vc_column][vc_column width=&#8221;1\/5&#8243;][\/vc_column][vc_column width=&#8221;1\/5&#8243;][\/vc_column][vc_column width=&#8221;1\/5&#8243;][\/vc_column][vc_column width=&#8221;1\/5&#8243;][vc_btn title=&#8221;powr\u00f3t do strony g\u0142\u00f3wnej&#8221; style=&#8221;custom&#8221; custom_background=&#8221;#002e5a&#8221; custom_text=&#8221;#ffffff&#8221; align=&#8221;left&#8221; link=&#8221;url:https%3A%2F%2Fus.edu.pl%2Fwydzial%2Fwnst%2Fwspolpraca%2Fszkoly%2Fkonkurs-chemiczny%2F&#8221;][\/vc_column][\/vc_row]<\/p>","protected":false},"excerpt":{"rendered":"<p>[vc_row el_class=&#8221;container&#8221;][vc_column][\/vc_column][\/vc_row][vc_row el_class=&#8221;container&#8221;][vc_column][vc_separator border_width=&#8221;5&#8243; el_class=&#8221;container&#8221;][\/vc_column][\/vc_row][vc_row][vc_column width=&#8221;1\/5&#8243;][\/vc_column][vc_column width=&#8221;1\/5&#8243;][\/vc_column][vc_column width=&#8221;1\/5&#8243;][\/vc_column][vc_column width=&#8221;1\/5&#8243;][\/vc_column][vc_column width=&#8221;1\/5&#8243;][vc_btn title=&#8221;powr\u00f3t do strony g\u0142\u00f3wnej&#8221; style=&#8221;custom&#8221; custom_background=&#8221;#002e5a&#8221; custom_text=&#8221;#ffffff&#8221; align=&#8221;left&#8221; link=&#8221;url:https%3A%2F%2Fus.edu.pl%2Fwydzial%2Fwnst%2Fwspolpraca%2Fszkoly%2Fkonkurs-chemiczny%2F&#8221;][\/vc_column][\/vc_row] [&#8230;]<\/p>\n<p><a class=\"btn btn-secondary understrap-read-more-link\" href=\"https:\/\/us.edu.pl\/wydzial\/wnst\/wspolpraca\/szkoly\/konkurs-chemiczny\/konkurs-chemiczny-2024\/zgloszenia-2024\/\">Read More&#8230;<\/a><\/p>\n","protected":false},"author":92,"featured_media":0,"parent":185998,"menu_order":2,"comment_status":"closed","ping_status":"closed","template":"","meta":{"_expiration-date-status":"saved","_expiration-date":0,"_expiration-date-type":"","_expiration-date-categories":[],"_expiration-date-options":[]},"acf":[],"_links":{"self":[{"href":"https:\/\/us.edu.pl\/wydzial\/wnst\/wp-json\/wp\/v2\/pages\/186182"}],"collection":[{"href":"https:\/\/us.edu.pl\/wydzial\/wnst\/wp-json\/wp\/v2\/pages"}],"about":[{"href":"https:\/\/us.edu.pl\/wydzial\/wnst\/wp-json\/wp\/v2\/types\/page"}],"author":[{"embeddable":true,"href":"https:\/\/us.edu.pl\/wydzial\/wnst\/wp-json\/wp\/v2\/users\/92"}],"replies":[{"embeddable":true,"href":"https:\/\/us.edu.pl\/wydzial\/wnst\/wp-json\/wp\/v2\/comments?post=186182"}],"version-history":[{"count":1,"href":"https:\/\/us.edu.pl\/wydzial\/wnst\/wp-json\/wp\/v2\/pages\/186182\/revisions"}],"predecessor-version":[{"id":186186,"href":"https:\/\/us.edu.pl\/wydzial\/wnst\/wp-json\/wp\/v2\/pages\/186182\/revisions\/186186"}],"up":[{"embeddable":true,"href":"https:\/\/us.edu.pl\/wydzial\/wnst\/wp-json\/wp\/v2\/pages\/185998"}],"wp:attachment":[{"href":"https:\/\/us.edu.pl\/wydzial\/wnst\/wp-json\/wp\/v2\/media?parent=186182"}],"curies":[{"name":"wp","href":"https:\/\/api.w.org\/{rel}","templated":true}]}}