{"id":1865,"date":"2019-12-14T23:56:20","date_gmt":"2019-12-14T22:56:20","guid":{"rendered":"https:\/\/us.edu.pl\/wydzial\/wnst\/?page_id=1865"},"modified":"2024-11-18T19:23:51","modified_gmt":"2024-11-18T18:23:51","slug":"rady-dydaktyczne-inzynierie","status":"publish","type":"page","link":"https:\/\/us.edu.pl\/wydzial\/wnst\/strona-glowna\/wladze\/rady-dydaktyczne-2\/rady-dydaktyczne-inzynierie\/","title":{"rendered":"rada dydaktyczna chemia"},"content":{"rendered":"<p>[vc_row el_class=&#8221;container&#8221;][vc_column]\r\n                <div class=\"text-modules\">\r\n                    <div class=\"container\">\r\n                        \r\n                        <div class=\"text-modules__content\"><\/p>\n<h3 style=\"text-align: left;\"><span style=\"color: #002e5a;\">Rada dydaktyczna kierunk\u00f3w: chemia i\u00a0technologia chemiczna<br \/>\nrok akademicki 2024\/2025<\/span><\/h3>\n<p><span style=\"color: #002e5a;\">z g\u0142osem stanowi\u0105cym<\/span><\/p>\n<ol>\n<li style=\"text-align: left;\"><span style=\"color: #002e5a;\">dr Katarzyna Kowalska-Szojda &#8211; Dyrektor kierunku chemia i technologia chemiczna &#8211; Przewodnicz\u0105ca<\/span><\/li>\n<li><span style=\"color: #002e5a;\">dr hab. Aneta S\u0142odek, prof. U\u015a &#8211; Zast\u0119pca kierunku chemia i technologia chemiczna &#8211; Zast\u0119pca Przewodnicz\u0105cej<\/span><\/li>\n<li>\n<div>prof. dr hab. Monika Musia\u0142<\/div>\n<\/li>\n<li>\n<div>prof. dr hab. Barbara Machura<\/div>\n<\/li>\n<li>prof. dr hab. Wojciech Pisarski<\/li>\n<li>dr hab. Katarzyna Pytlakowska, prof. U\u015a<\/li>\n<li>dr hab. Violeta Kozik, prof. U\u015a<\/li>\n<li>dr hab. Monika Geppert-Rybczy\u0144ska, prof. U\u015a<\/li>\n<li>dr hab. Barbara Hachu\u0142a, prof. U\u015a.<\/li>\n<li>dr hab. in\u017c. Maciej Serda<\/li>\n<li>dr hab. Tomasz Siudyga<\/li>\n<li>dr in\u017c. Gra\u017cyna Szafraniec-Gorol<\/li>\n<li>dr in\u017c. Ewa Pietrasik<\/li>\n<li>dr Marzena Podg\u00f3rna<\/li>\n<li>dr Mateusz Penkala<\/li>\n<li>dr Justyna Polak<\/li>\n<\/ol>\n<p><span style=\"color: #002e5a;\">przedstawiciele student\u00f3w (zgodnie za\u0142\u0105cznikiem nr 1 do powo\u0142ania)<\/span><\/p>\n<ol>\n<li>Jan Jastrzembski \u2013 student chemii I stopnia<\/li>\n<li>Natalia Kr\u00f3lica \u2013 studentka chemii II stopnia<\/li>\n<li>Mateusz B\u0142aszczyk \u2013 student technologii chemicznej I stopnia<\/li>\n<\/ol>\n<p><span style=\"color: #003366;\">z g\u0142osem doradczym<\/span><\/p>\n<ol>\n<li>dr Krystyna Jarzembek<\/li>\n<\/ol>\n<p><span style=\"color: #002e5a;\">z g\u0142osem doradczym przedstawiciele otoczenia spo\u0142eczno-gospodarczego (zgodnie za\u0142\u0105cznikiem nr 2 do powo\u0142ania)<\/span><\/p>\n<ol>\n<li>dr S\u0142awomir Michalik, Przedstawiciel firmy: Zak\u0142ad Utylizacji Odpad\u00f3w sp. z o.o.<\/li>\n<li>mgr Agata Nobis \u2013 przedstawiciel firmy Odczynniki sp. Komandytowa<\/li>\n<li>dr in\u017c. Damian Kasperczyk, przedstawiciel firmy Ekoinwentyka sp. z o.o.<\/li>\n<li>mgr Natalia M\u0142ynarczyk-Kalman \u2013 przedstawiciel firmy Kompania Piwowarska S.A.<\/li>\n<\/ol>\n<p>\n<\/div>\r\n                    <\/div>\r\n                <\/div>[\/vc_column][\/vc_row]<\/p>","protected":false},"excerpt":{"rendered":"<p>[vc_row el_class=&#8221;container&#8221;][vc_column][\/vc_column][\/vc_row] [&#8230;]<\/p>\n<p><a class=\"btn btn-secondary understrap-read-more-link\" href=\"https:\/\/us.edu.pl\/wydzial\/wnst\/strona-glowna\/wladze\/rady-dydaktyczne-2\/rady-dydaktyczne-inzynierie\/\">Read More&#8230;<\/a><\/p>\n","protected":false},"author":92,"featured_media":0,"parent":1873,"menu_order":0,"comment_status":"closed","ping_status":"closed","template":"","meta":{"_expiration-date-status":"saved","_expiration-date":0,"_expiration-date-type":"","_expiration-date-categories":[],"_expiration-date-options":[]},"acf":[],"_links":{"self":[{"href":"https:\/\/us.edu.pl\/wydzial\/wnst\/wp-json\/wp\/v2\/pages\/1865"}],"collection":[{"href":"https:\/\/us.edu.pl\/wydzial\/wnst\/wp-json\/wp\/v2\/pages"}],"about":[{"href":"https:\/\/us.edu.pl\/wydzial\/wnst\/wp-json\/wp\/v2\/types\/page"}],"author":[{"embeddable":true,"href":"https:\/\/us.edu.pl\/wydzial\/wnst\/wp-json\/wp\/v2\/users\/92"}],"replies":[{"embeddable":true,"href":"https:\/\/us.edu.pl\/wydzial\/wnst\/wp-json\/wp\/v2\/comments?post=1865"}],"version-history":[{"count":10,"href":"https:\/\/us.edu.pl\/wydzial\/wnst\/wp-json\/wp\/v2\/pages\/1865\/revisions"}],"predecessor-version":[{"id":181982,"href":"https:\/\/us.edu.pl\/wydzial\/wnst\/wp-json\/wp\/v2\/pages\/1865\/revisions\/181982"}],"up":[{"embeddable":true,"href":"https:\/\/us.edu.pl\/wydzial\/wnst\/wp-json\/wp\/v2\/pages\/1873"}],"wp:attachment":[{"href":"https:\/\/us.edu.pl\/wydzial\/wnst\/wp-json\/wp\/v2\/media?parent=1865"}],"curies":[{"name":"wp","href":"https:\/\/api.w.org\/{rel}","templated":true}]}}