{"id":18662,"date":"2021-10-23T19:43:56","date_gmt":"2021-10-23T17:43:56","guid":{"rendered":"https:\/\/us.edu.pl\/wydzial\/wnst\/?page_id=18662"},"modified":"2022-12-09T15:11:50","modified_gmt":"2022-12-09T14:11:50","slug":"18662-2","status":"publish","type":"page","link":"https:\/\/us.edu.pl\/wydzial\/wnst\/strona-glowna\/realizowane-projekty\/projekty-dydaktyczne\/18662-2\/","title":{"rendered":"Projekt &#8222;Materials Science Ma(s)ters&#8221;"},"content":{"rendered":"<p>[vc_row el_class=&#8221;container&#8221;][vc_column]\r\n                <div class=\"text-modules\">\r\n                    <div class=\"container\">\r\n                        \r\n                        <div class=\"text-modules__content\"><p><img class=\"alignnone size-full wp-image-18665\" src=\"https:\/\/us.edu.pl\/wydzial\/wnst\/wp-content\/uploads\/sites\/18\/Nieprzypisane\/Obraz1.png\" alt=\"\" width=\"100%\" height=\"auto\" srcset=\"https:\/\/us.edu.pl\/wydzial\/wnst\/wp-content\/uploads\/sites\/18\/Nieprzypisane\/Obraz1.png 1144w, https:\/\/us.edu.pl\/wydzial\/wnst\/wp-content\/uploads\/sites\/18\/Nieprzypisane\/Obraz1-300x27.png 300w, https:\/\/us.edu.pl\/wydzial\/wnst\/wp-content\/uploads\/sites\/18\/Nieprzypisane\/Obraz1-768x68.png 768w, https:\/\/us.edu.pl\/wydzial\/wnst\/wp-content\/uploads\/sites\/18\/Nieprzypisane\/Obraz1-1024x91.png 1024w, https:\/\/us.edu.pl\/wydzial\/wnst\/wp-content\/uploads\/sites\/18\/Nieprzypisane\/Obraz1-575x51.png 575w\" sizes=\"(max-width: 1144px) 100vw, 1144px\" \/><\/p>\n<\/div>\r\n                    <\/div>\r\n                <\/div>\r\n                <div class=\"text-modules\">\r\n                    <div class=\"container\">\r\n                        \r\n                        <div class=\"text-modules__content\"><\/p>\n<h3 style=\"text-align: center;\"><strong><span style=\"color: #002e5a;\">Projekt edukacyjny<br \/>\n\u201eMaterials Science Ma(s)ters &#8211; developing a new master&#8217;s degree\u201d <\/span><\/strong><\/h3>\n<p>G\u0142\u00f3wnym celem projektu jest podniesienie jako\u015bci kszta\u0142cenia poprzez opracowanie nowego, interdyscyplinarnego programu studi\u00f3w magisterskich z zakresu in\u017cynierii materia\u0142owej w mi\u0119dzynarodowym konsorcjum, odpowiadaj\u0105cego na potrzeby wsp\u00f3\u0142czesnej gospodarki, rynku pracy i spo\u0142ecze\u0144stwa.<\/p>\n<p>Cel projektu zostanie osi\u0105gni\u0119ty poprzez:<\/p>\n<ul>\n<li>podniesienie wiedzy nauczycieli akademickich w zakresie aktualnych problem\u00f3w i kierunk\u00f3w rozwoju dydaktyki oraz zagadnie\u0144 zwi\u0105zanych z in\u017cynieri\u0105 materia\u0142ow\u0105,<\/li>\n<li>podnoszenie kompetencji dydaktycznych nauczycieli akademickich w ramach kr\u00f3tkich wizyt szkoleniowych,<\/li>\n<li>dostosowanie programu studi\u00f3w do potrzeb otoczenia spo\u0142eczno \u2013 gospodarczego,<\/li>\n<li>zwi\u0119kszenie innowacyjno\u015bci i umi\u0119dzynarodowienia zaanga\u017cowanych instytucji (4) poprzez wymian\u0119 dobrych praktyk, wsp\u00f3lne opracowywanie programu studi\u00f3w i materia\u0142\u00f3w dydaktycznych w formie blended learning oraz promocj\u0119 otwartej edukacji.<\/li>\n<\/ul>\n<p style=\"font-size: 130%; text-align: center;\"><span style=\"color: #002a5e;\"><strong>Strona Projektu: <a style=\"color: #002a5e;\" href=\"http:\/\/matsci.us.edu.pl\" target=\"_blank\" rel=\"noopener noreferrer\">matsci.us.edu.pl<\/a><\/strong><\/span><\/p>\n<p>\n<\/div>\r\n                    <\/div>\r\n                <\/div><div class=\"container\"><div class=\"separator\" style=\"background-color: #002E5A\"><\/div><\/div>[\/vc_column][\/vc_row][vc_row el_class=&#8221;container&#8221;][vc_column width=&#8221;1\/2&#8243;]\r\n                <div class=\"text-modules\">\r\n                    <div class=\"container\">\r\n                        \r\n                        <div class=\"text-modules__content\"><\/p>\n<h3><span style=\"color: #002e5a;\">Instytucje finansuj\u0105ca<\/span><\/h3>\n<p>Fundacja Rozwoju Systemu Edukacji &#8211; Narodowa Agencja Programu Erasmus+ i Europejski Korpusu Solidarno\u015bci<\/p>\n<h3><span style=\"color: #002e5a;\">Kwota dofinansowania<\/span><\/h3>\n<p>EURO 315 650.00<\/p>\n<h3><span style=\"color: #002e5a;\">Okres realizacji<\/span><\/h3>\n<p>01.01.2022 \u2013 01.07.2024<\/p>\n<h3><span style=\"color: #002e5a;\">Konsorcjum uczelni<\/span><\/h3>\n<ul>\n<li>Uniwersytet \u015al\u0105ski w Katowicach, Polska (Lider)<\/li>\n<li>Afyon Kocatepe \u00dcniversitesi, Turcja<\/li>\n<li>\u017dilinsk\u00e1 univerzita v \u017diline, S\u0142owacja<\/li>\n<li>Ivan Franko National University of Lviv, Ukraina<\/li>\n<\/ul>\n<p>\n<\/div>\r\n                    <\/div>\r\n                <\/div>[\/vc_column][vc_column width=&#8221;1\/2&#8243;]\r\n                <div class=\"text-modules\">\r\n                    <div class=\"container\">\r\n                        \r\n                        <div class=\"text-modules__content\"><\/p>\n<h3><span style=\"color: #002a5e;\">Zesp\u00f3\u0142 projektowy<\/span><\/h3>\n<ul>\n<li>dr Joanna Maszybrocka, prof. U\u015a<br \/>\nDyrektor kierunku in\u017cynieria materia\u0142owa<\/li>\n<li>dr hab. Ma\u0142gorzata Karolus, prof. U\u015a<br \/>\nCz\u0142onek Rady Dydaktycznej in\u017cynieria materia\u0142owa<\/li>\n<li>dr Magdalena Szklarska<br \/>\nPe\u0142nomocnik Dziekana ds. Wsp\u00f3\u0142pracy Mi\u0119dzynarodowej<\/li>\n<li>dr hab. Tomasz Goryczka, prof. U\u015a<br \/>\nCz\u0142onek Rady Naukowej Instytutu In\u017cynierii Materia\u0142owej<\/li>\n<li>mgr Joanna Stelmaszak<br \/>\nKierownik Dzia\u0142u Projekt\u00f3w<\/li>\n<\/ul>\n<p>\n<\/div>\r\n                    <\/div>\r\n                <\/div>[\/vc_column][\/vc_row]<\/p>","protected":false},"excerpt":{"rendered":"<p>[vc_row el_class=&#8221;container&#8221;][vc_column][\/vc_column][\/vc_row][vc_row el_class=&#8221;container&#8221;][vc_column width=&#8221;1\/2&#8243;][\/vc_column][vc_column width=&#8221;1\/2&#8243;][\/vc_column][\/vc_row] [&#8230;]<\/p>\n<p><a class=\"btn btn-secondary understrap-read-more-link\" href=\"https:\/\/us.edu.pl\/wydzial\/wnst\/strona-glowna\/realizowane-projekty\/projekty-dydaktyczne\/18662-2\/\">Read More&#8230;<\/a><\/p>\n","protected":false},"author":92,"featured_media":0,"parent":5485,"menu_order":0,"comment_status":"closed","ping_status":"closed","template":"","meta":{"_expiration-date-status":"saved","_expiration-date":0,"_expiration-date-type":"","_expiration-date-categories":[],"_expiration-date-options":[]},"acf":[],"_links":{"self":[{"href":"https:\/\/us.edu.pl\/wydzial\/wnst\/wp-json\/wp\/v2\/pages\/18662"}],"collection":[{"href":"https:\/\/us.edu.pl\/wydzial\/wnst\/wp-json\/wp\/v2\/pages"}],"about":[{"href":"https:\/\/us.edu.pl\/wydzial\/wnst\/wp-json\/wp\/v2\/types\/page"}],"author":[{"embeddable":true,"href":"https:\/\/us.edu.pl\/wydzial\/wnst\/wp-json\/wp\/v2\/users\/92"}],"replies":[{"embeddable":true,"href":"https:\/\/us.edu.pl\/wydzial\/wnst\/wp-json\/wp\/v2\/comments?post=18662"}],"version-history":[{"count":10,"href":"https:\/\/us.edu.pl\/wydzial\/wnst\/wp-json\/wp\/v2\/pages\/18662\/revisions"}],"predecessor-version":[{"id":162166,"href":"https:\/\/us.edu.pl\/wydzial\/wnst\/wp-json\/wp\/v2\/pages\/18662\/revisions\/162166"}],"up":[{"embeddable":true,"href":"https:\/\/us.edu.pl\/wydzial\/wnst\/wp-json\/wp\/v2\/pages\/5485"}],"wp:attachment":[{"href":"https:\/\/us.edu.pl\/wydzial\/wnst\/wp-json\/wp\/v2\/media?parent=18662"}],"curies":[{"name":"wp","href":"https:\/\/api.w.org\/{rel}","templated":true}]}}