{"id":188080,"date":"2025-03-10T14:36:45","date_gmt":"2025-03-10T13:36:45","guid":{"rendered":"https:\/\/us.edu.pl\/wydzial\/wnst\/?page_id=188080"},"modified":"2026-03-16T12:49:27","modified_gmt":"2026-03-16T11:49:27","slug":"wyniki","status":"publish","type":"page","link":"https:\/\/us.edu.pl\/wydzial\/wnst\/wspolpraca\/szkoly\/konkurs-chemiczny\/konkurs-chemiczny-2025\/wyniki\/","title":{"rendered":"wyniki"},"content":{"rendered":"<p>[vc_row el_class=&#8221;container&#8221;][vc_column]\r\n                <div class=\"text-modules\">\r\n                    <div class=\"container\">\r\n                        \r\n                        <div class=\"text-modules__content\"><\/p>\n<h3 style=\"text-align: center;\"><span style=\"color: #002a5e;\">Wyniki XVIII Og\u00f3lnopolskiego Konkursu Chemicznego<\/span><\/h3>\n<p>\n<\/div>\r\n                    <\/div>\r\n                <\/div>[vc_tta_accordion c_icon=&#8221;triangle&#8221; active_section=&#8221;10&#8243; collapsible_all=&#8221;true&#8221; el_id=&#8221;zmiana-koloru&#8221;][vc_tta_section title=&#8221;Finali\u015bci zakwalifikowani do II etapu Konkursu&#8221; tab_id=&#8221;1648541269227-d8c7a935-23c7&#8243;]\r\n                <div class=\"text-modules\">\r\n                    <div class=\"container\">\r\n                        \r\n                        <div class=\"text-modules__content\"><\/p>\n<p style=\"text-align: center;\"><span style=\"letter-spacing: 0.7mm; color: #333333; font-size: 100%;\">Lista finalist\u00f3w XVIII Og\u00f3lnopolskiego Konkursu Chemicznego<\/span><\/p>\n<p style=\"text-align: center;\">Finali\u015bci zakwalifikowani do II etapu konkursu to pierwsze 20 os\u00f3b, kt\u00f3re uzyska\u0142o co najmniej 40 pkt i najlepszy czas wype\u0142niania testu. Laureatami konkursu jest pierwsze 10 os\u00f3b, natomiast finalistami pozostali uczestnicy konkursu.<\/p>\n<p style=\"text-align: center;\"><a href=\"https:\/\/us.edu.pl\/wydzial\/wnst\/wp-content\/uploads\/sites\/18\/2025\/03\/OKChem-2025-finalisci.pdf\" class=\"mtli_attachment mtli_pdf\" data-mtli=\"mtli_filesize222,06kB\" class=\"mtli_attachment mtli_pdf\" data-mtli=\"mtli_filesize222,06kB\" target=\"_blank\" rel=\"noopener\">Wyniki Konkursu | finali\u015bci \u2013 plik pdf do pobrania<\/a><\/p>\n<p>\n<style type=\"text\/css\">a[data-mtli~=\"mtli_filesize222,06kB\"]:after {content:\" (222,06 kB)\"}<\/style><\/div>\r\n                    <\/div>\r\n                <\/div>[\/vc_tta_section][vc_tta_section title=&#8221;Punktacja wszystkich uczestnik\u00f3w po I etapie&#8221; tab_id=&#8221;1648541394917-8bb4d8be-06e0&#8243;]\r\n                <div class=\"text-modules\">\r\n                    <div class=\"container\">\r\n                        \r\n                        <div class=\"text-modules__content\"><\/p>\n<p style=\"text-align: center;\"><span style=\"letter-spacing: 0.7mm; color: #333333; font-size: 100%;\">Punktacja uczestnik\u00f3w XVIII Og\u00f3lnopolskiego Konkursu Chemicznego (poza fina\u0142em)<\/span><\/p>\n<p style=\"text-align: center;\">Osoby kt\u00f3re uzyska\u0142y co najmniej 40 pkt nie zosta\u0142y zakwalifikowane do II etapu XVII OKChem z uwagi na czas wype\u0142niania arkusza konkursowego.<\/p>\n<p style=\"text-align: center;\"><a href=\"https:\/\/us.edu.pl\/wydzial\/wnst\/wp-content\/uploads\/sites\/18\/2025\/03\/OKChem-2025-poza-finalem.pdf\" class=\"mtli_attachment mtli_pdf\" data-mtli=\"mtli_filesize248,76kB\" class=\"mtli_attachment mtli_pdf\" data-mtli=\"mtli_filesize248,76kB\" target=\"_blank\" rel=\"noopener\">Wyniki Konkursu | poza fina\u0142em &#8211; plik pdf do pobrania<\/a><\/p>\n<p>\n<style type=\"text\/css\">a[data-mtli~=\"mtli_filesize248,76kB\"]:after {content:\" (248,76 kB)\"}<\/style><\/div>\r\n                    <\/div>\r\n                <\/div>[\/vc_tta_section][vc_tta_section title=&#8221;Wyniki ko\u0144cowe Konkursu&#8221; tab_id=&#8221;1711023309557-096cc03b-420f&#8221;]\r\n                <div class=\"text-modules\">\r\n                    <div class=\"container\">\r\n                        \r\n                        <div class=\"text-modules__content\"><\/p>\n<p style=\"text-align: center;\"><span style=\"letter-spacing: 0.7mm; color: #333333; font-size: 100%;\">Zwyci\u0119zcy XVIII Og\u00f3lnopolskiego Konkursu Chemicznego<\/span><\/p>\n<p>&nbsp;<\/p>\n<p><center><img class=\"alignnone size-full wp-image-189402\" src=\"https:\/\/us.edu.pl\/wydzial\/wnst\/wp-content\/uploads\/sites\/18\/2025\/04\/Lista-koncowa.png\" alt=\"\" width=\"90%\" height=\"auto\" srcset=\"https:\/\/us.edu.pl\/wydzial\/wnst\/wp-content\/uploads\/sites\/18\/2025\/04\/Lista-koncowa.png 7016w, https:\/\/us.edu.pl\/wydzial\/wnst\/wp-content\/uploads\/sites\/18\/2025\/04\/Lista-koncowa-300x212.png 300w, https:\/\/us.edu.pl\/wydzial\/wnst\/wp-content\/uploads\/sites\/18\/2025\/04\/Lista-koncowa-1024x724.png 1024w, https:\/\/us.edu.pl\/wydzial\/wnst\/wp-content\/uploads\/sites\/18\/2025\/04\/Lista-koncowa-768x543.png 768w, https:\/\/us.edu.pl\/wydzial\/wnst\/wp-content\/uploads\/sites\/18\/2025\/04\/Lista-koncowa-1536x1086.png 1536w, https:\/\/us.edu.pl\/wydzial\/wnst\/wp-content\/uploads\/sites\/18\/2025\/04\/Lista-koncowa-575x407.png 575w\" sizes=\"(max-width: 7016px) 100vw, 7016px\" \/><\/center><br \/>\n<a title=\"odno\u015bnik do pliku o rozszerzeniu pdf. link otwiera si\u0119 w nowym oknie\" href=\"https:\/\/us.edu.pl\/wydzial\/wnst\/wp-content\/uploads\/sites\/18\/2025\/04\/Lista-koncowa.pdf\" class=\"mtli_attachment mtli_pdf\" data-mtli=\"mtli_filesize378,35kB\" class=\"mtli_attachment mtli_pdf\" data-mtli=\"mtli_filesize378,35kB\" target=\"_blank\" rel=\"noopener\">pobierz wersj\u0119 pdf<\/a><\/p>\n<style type=\"text\/css\">a[data-mtli~=\"mtli_filesize378,35kB\"]:after {content:\" (378,35 kB)\"}<\/style><\/div>\r\n                    <\/div>\r\n                <\/div>[\/vc_tta_section][\/vc_tta_accordion][\/vc_column][\/vc_row][vc_row title=&#8221;strona rejestracji&#8221; style=&#8221;custom&#8221; gradient_color_1=&#8221;turquoise&#8221; gradient_color_2=&#8221;blue&#8221; gradient_custom_color_1=&#8221;#dd3333&#8243; gradient_custom_color_2=&#8221;#eeee22&#8243; gradient_text_color=&#8221;#ffffff&#8221; custom_background=&#8221;#002e5a&#8221; custom_text=&#8221;#ffffff&#8221; outline_custom_color=&#8221;#666666&#8243; outline_custom_hover_background=&#8221;#666666&#8243; outline_custom_hover_text=&#8221;#ffffff&#8221; shape=&#8221;rounded&#8221; color=&#8221;grey&#8221; size=&#8221;md&#8221; align=&#8221;left&#8221; button_block=&#8221;&#8221; add_icon=&#8221;&#8221; i_align=&#8221;left&#8221; i_type=&#8221;fontawesome&#8221; i_icon_fontawesome=&#8221;fa fa-adjust&#8221; i_icon_openiconic=&#8221;vc-oi vc-oi-dial&#8221; i_icon_typicons=&#8221;typcn typcn-adjust-brightness&#8221; i_icon_entypo=&#8221;entypo-icon entypo-icon-note&#8221; i_icon_linecons=&#8221;vc_li vc_li-heart&#8221; i_icon_monosocial=&#8221;vc-mono vc-mono-fivehundredpx&#8221; i_icon_material=&#8221;vc-material vc-material-cake&#8221; i_icon_pixelicons=&#8221;vc_pixel_icon vc_pixel_icon-alert&#8221; custom_onclick=&#8221;&#8221; link=&#8221;url:https%3A%2F%2Fus.edu.pl%2Fwydzial%2Fwnst%2Fstudia%2Fstudent%2Frejestracje-na-zajecia||target:%20_blank|&#8221; custom_onclick_code=&#8221;&#8221;][vc_column width=&#8221;1\/5&#8243;][\/vc_column][vc_column width=&#8221;1\/5&#8243;][\/vc_column][vc_column width=&#8221;1\/5&#8243;][\/vc_column][vc_column width=&#8221;1\/5&#8243;][\/vc_column][vc_column width=&#8221;1\/5&#8243;][vc_btn title=&#8221;powr\u00f3t do strony g\u0142\u00f3wnej&#8221; style=&#8221;custom&#8221; custom_background=&#8221;#002e5a&#8221; custom_text=&#8221;#ffffff&#8221; align=&#8221;left&#8221; link=&#8221;url:https%3A%2F%2Fus.edu.pl%2Fwydzial%2Fwnst%2Fwspolpraca%2Fszkoly%2Fkonkurs-chemiczny%2F||target:%20_blank|&#8221;][\/vc_column][\/vc_row]<\/p>\n<style type=\"text\/css\">a[data-mtli~=\"mtli_filesize222,06kB\"]:after {content:\" (222,06 kB)\"}a[data-mtli~=\"mtli_filesize248,76kB\"]:after {content:\" (248,76 kB)\"}a[data-mtli~=\"mtli_filesize378,35kB\"]:after {content:\" (378,35 kB)\"}<\/style>","protected":false},"excerpt":{"rendered":"<p>[vc_row el_class=&#8221;container&#8221;][vc_column][vc_tta_accordion c_icon=&#8221;triangle&#8221; active_section=&#8221;10&#8243; collapsible_all=&#8221;true&#8221; el_id=&#8221;zmiana-koloru&#8221;][vc_tta_section title=&#8221;Finali\u015bci zakwalifikowani do II etapu Konkursu&#8221; tab_id=&#8221;1648541269227-d8c7a935-23c7&#8243;][\/vc_tta_section][vc_tta_section title=&#8221;Punktacja wszystkich uczestnik\u00f3w po I etapie&#8221; tab_id=&#8221;1648541394917-8bb4d8be-06e0&#8243;][\/vc_tta_section][vc_tta_section title=&#8221;Wyniki ko\u0144cowe Konkursu&#8221; tab_id=&#8221;1711023309557-096cc03b-420f&#8221;][\/vc_tta_section][\/vc_tta_accordion][\/vc_column][\/vc_row][vc_row title=&#8221;strona rejestracji&#8221; style=&#8221;custom&#8221; gradient_color_1=&#8221;turquoise&#8221; gradient_color_2=&#8221;blue&#8221; gradient_custom_color_1=&#8221;#dd3333&#8243; gradient_custom_color_2=&#8221;#eeee22&#8243; gradient_text_color=&#8221;#ffffff&#8221; custom_background=&#8221;#002e5a&#8221; custom_text=&#8221;#ffffff&#8221; outline_custom_color=&#8221;#666666&#8243; outline_custom_hover_background=&#8221;#666666&#8243; outline_custom_hover_text=&#8221;#ffffff&#8221; shape=&#8221;rounded&#8221; color=&#8221;grey&#8221; size=&#8221;md&#8221; align=&#8221;left&#8221; button_block=&#8221;&#8221; add_icon=&#8221;&#8221; i_align=&#8221;left&#8221; i_type=&#8221;fontawesome&#8221; i_icon_fontawesome=&#8221;fa fa-adjust&#8221; i_icon_openiconic=&#8221;vc-oi vc-oi-dial&#8221; i_icon_typicons=&#8221;typcn typcn-adjust-brightness&#8221; i_icon_entypo=&#8221;entypo-icon entypo-icon-note&#8221; i_icon_linecons=&#8221;vc_li vc_li-heart&#8221; [&#8230;]<\/p>\n<p><a class=\"btn btn-secondary understrap-read-more-link\" href=\"https:\/\/us.edu.pl\/wydzial\/wnst\/wspolpraca\/szkoly\/konkurs-chemiczny\/konkurs-chemiczny-2025\/wyniki\/\">Read More&#8230;<\/a><\/p>\n","protected":false},"author":92,"featured_media":0,"parent":203754,"menu_order":0,"comment_status":"closed","ping_status":"closed","template":"","meta":{"_expiration-date-status":"saved","_expiration-date":0,"_expiration-date-type":"","_expiration-date-categories":[],"_expiration-date-options":[]},"acf":[],"_links":{"self":[{"href":"https:\/\/us.edu.pl\/wydzial\/wnst\/wp-json\/wp\/v2\/pages\/188080"}],"collection":[{"href":"https:\/\/us.edu.pl\/wydzial\/wnst\/wp-json\/wp\/v2\/pages"}],"about":[{"href":"https:\/\/us.edu.pl\/wydzial\/wnst\/wp-json\/wp\/v2\/types\/page"}],"author":[{"embeddable":true,"href":"https:\/\/us.edu.pl\/wydzial\/wnst\/wp-json\/wp\/v2\/users\/92"}],"replies":[{"embeddable":true,"href":"https:\/\/us.edu.pl\/wydzial\/wnst\/wp-json\/wp\/v2\/comments?post=188080"}],"version-history":[{"count":3,"href":"https:\/\/us.edu.pl\/wydzial\/wnst\/wp-json\/wp\/v2\/pages\/188080\/revisions"}],"predecessor-version":[{"id":189408,"href":"https:\/\/us.edu.pl\/wydzial\/wnst\/wp-json\/wp\/v2\/pages\/188080\/revisions\/189408"}],"up":[{"embeddable":true,"href":"https:\/\/us.edu.pl\/wydzial\/wnst\/wp-json\/wp\/v2\/pages\/203754"}],"wp:attachment":[{"href":"https:\/\/us.edu.pl\/wydzial\/wnst\/wp-json\/wp\/v2\/media?parent=188080"}],"curies":[{"name":"wp","href":"https:\/\/api.w.org\/{rel}","templated":true}]}}