{"id":189944,"date":"2025-04-11T13:42:07","date_gmt":"2025-04-11T11:42:07","guid":{"rendered":"https:\/\/us.edu.pl\/wydzial\/wnst\/?page_id=189944"},"modified":"2025-11-24T09:35:47","modified_gmt":"2025-11-24T08:35:47","slug":"sniadanie-biznesowe","status":"publish","type":"page","link":"https:\/\/us.edu.pl\/wydzial\/wnst\/badania-naukowe\/sniadanie-biznesowe\/","title":{"rendered":"\u015aniadanie biznesowe | spotkania z przemys\u0142em"},"content":{"rendered":"<p><\/p>\n<p>[vc_row el_class=&#8221;container&#8221;][vc_column]\r\n                <div class=\"text-modules\">\r\n                    <div class=\"container\">\r\n                        \r\n                        <div class=\"text-modules__content\"><\/p>\n<h3 style=\"text-align: center;\"><strong><span style=\"color: #002e5a;\"><span style=\"color: #333399; font-size: 120%;\">\u015aniadanie biznesowe<br \/>\n<\/span>projekt, dzi\u0119ki kt\u00f3remu poznasz ofert\u0119 badawcz\u0105 Wydzia\u0142u Nauk \u015acis\u0142ych i Technicznych<\/span><\/strong><\/h3>\n<p>\n<\/div>\r\n                    <\/div>\r\n                <\/div>[\/vc_column][\/vc_row][vc_row el_class=&#8221;container&#8221;][vc_column width=&#8221;1\/2&#8243;]\r\n                <div class=\"text-modules\">\r\n                    <div class=\"container\">\r\n                        \r\n                        <div class=\"text-modules__content\"><p>Wydzia\u0142 Nauk \u015acis\u0142ych i Technicznych to miejsce, gdzie nauka spotyka si\u0119 z praktyk\u0105 \u2013 wsp\u00f3\u0142praca z nami to dost\u0119p do najnowszych technologii i wykwalifikowanych specjalist\u00f3w.<\/p>\n<p>Spotkania typu \u015bniadanie biznesowe s\u0105 niezb\u0119dne, poniewa\u017c umo\u017cliwiaj\u0105 bezpo\u015bredni dialog mi\u0119dzy \u015bwiatem nauki a przedstawicielami lokalnego biznesu, co sprzyja tworzeniu innowacyjnych rozwi\u0105za\u0144 opartych na najnowszych badaniach. Dzi\u0119ki takim inicjatywom przedsi\u0119biorcy ze \u015al\u0105ska mog\u0105 lepiej pozna\u0107 potencja\u0142 Uniwersytetu \u015al\u0105skiego, w szczeg\u00f3lno\u015bci Wydzia\u0142u Nauk \u015acis\u0142ych i Technicznych, i skuteczniej wykorzystywa\u0107 wiedz\u0119 akademick\u0105 w realizacji projekt\u00f3w i wdro\u017ce\u0144.<\/p>\n<p>Oferujemy mo\u017cliwo\u015b\u0107 wsp\u00f3lnych projekt\u00f3w badawczo-rozwojowych, kt\u00f3re prze\u0142o\u017c\u0105 si\u0119 na realne korzy\u015bci biznesowe. Nasza kadra i zaplecze laboratoryjne wspieraj\u0105 rozw\u00f3j nowoczesnych rozwi\u0105za\u0144 w odpowiedzi na potrzeby rynku. Wsp\u00f3\u0142praca z nami to inwestycja w przysz\u0142o\u015b\u0107 Twojej firmy i przewaga konkurencyjna na dynamicznie zmieniaj\u0105cym si\u0119 rynku technologicznym.<\/p>\n<p>\u015aniadanie biznesowe to propozycja wsp\u00f3\u0142pracy w r\u00f3\u017cnych obszarach nowoczesnych technologii.<\/p>\n<\/div>\r\n                    <\/div>\r\n                <\/div>[\/vc_column][vc_column width=&#8221;1\/2&#8243;][vc_single_image image=&#8221;190234&#8243; img_size=&#8221;large&#8221; alignment=&#8221;center&#8221; style=&#8221;vc_box_rounded&#8221;][\/vc_column][\/vc_row][vc_row el_class=&#8221;container&#8221;][vc_column][vc_separator color=&#8221;custom&#8221; border_width=&#8221;4&#8243; accent_color=&#8221;#f6ecdc&#8221;]\r\n                <div class=\"text-modules\">\r\n                    <div class=\"container\">\r\n                        \r\n                        <div class=\"text-modules__content\"><\/p>\n<h3><span style=\"color: #002a5e;\">Koordynatorzy<\/span><\/h3>\n<ul>\n<li><a title=\"odno\u015bnik do innej strony www, link otwiera si\u0119 w nowym oknie\" href=\"https:\/\/ab.us.edu.pl\/emp?id=19302\" target=\"_blank\" rel=\"noopener\">dr hab. Agnieszka Nowak\u2013Brzezi\u0144ska, prof. U\u015a<\/a>, Prodziekan Wydzia\u0142u ds. promocji i rozwoju &#8211; Wydzia\u0142 Nauk \u015acis\u0142ych i Technicznych<\/li>\n<li><a title=\"odno\u015bnik do innej strony www, link otwiera si\u0119 w nowym oknie\" href=\"https:\/\/ab.us.edu.pl\/emp?id=PE97019\" target=\"_blank\" rel=\"noopener\">dr Joanna \u015ar\u00f3bka<\/a> <strong>&#8211;<\/strong> Biuro Wsp\u00f3\u0142pracy z Gospodark\u0105<\/li>\n<\/ul>\n<h3><span style=\"color: #002a5e;\">Kontakt<\/span><\/h3>\n<ul>\n<li>Biuro Wsp\u00f3\u0142pracy z Gospodark\u0105, email: <a href=\"mailto:transfer@us.edu.pl\" target=\"_blank\" rel=\"noopener\">transfer@us.edu.pl<\/a>.<\/li>\n<\/ul>\n<h3><span style=\"color: #002a5e;\">Miejsce spotka\u0144<\/span><\/h3>\n<ul>\n<li>Kampus Chorz\u00f3w, ul. 75. Pu\u0142ku Piechoty 1A, aula P\/0\/05<\/li>\n<\/ul>\n<p>\n<\/div>\r\n                    <\/div>\r\n                <\/div>[vc_row_inner][vc_column_inner width=&#8221;1\/6&#8243;][vc_btn title=&#8221;chemia&#8221; style=&#8221;custom&#8221; custom_background=&#8221;#002e5a&#8221; custom_text=&#8221;#ffffff&#8221; align=&#8221;center&#8221; button_block=&#8221;true&#8221; link=&#8221;url:https%3A%2F%2Fus.edu.pl%2Finstytut%2Fich%2Fdzialalnosc-naukowa%2Fzespoly-badawcze%2F|title:odno%C5%9Bnik%20do%20strony%20Instytutu%20Chemii|target:_blank&#8221;][\/vc_column_inner][vc_column_inner width=&#8221;1\/6&#8243;][vc_btn title=&#8221;fizyka&#8221; style=&#8221;custom&#8221; custom_background=&#8221;#f6ecdc&#8221; custom_text=&#8221;#000000&#8243; align=&#8221;center&#8221; button_block=&#8221;true&#8221; link=&#8221;url:https%3A%2F%2Fus.edu.pl%2Finstytut%2Fifiz%2Fnauka%2Fzespoly-badawcze%2F|title:odno%C5%9Bnik%20do%20strony%20Instytutu%20Fizyki|target:_blank&#8221;][\/vc_column_inner][vc_column_inner width=&#8221;1\/6&#8243;][vc_btn title=&#8221;informatyka&#8221; style=&#8221;custom&#8221; custom_background=&#8221;#f6ecdc&#8221; custom_text=&#8221;#000000&#8243; align=&#8221;center&#8221; button_block=&#8221;true&#8221; link=&#8221;url:https%3A%2F%2Fus.edu.pl%2Finstytut%2Fii%2Fbadania-i-nauka%2Fgrupy-badawcze%2F|title:odno%C5%9Bnik%20do%20strony%20Instytutu%20Informatyki|target:_blank&#8221;][\/vc_column_inner][vc_column_inner width=&#8221;1\/6&#8243;][vc_btn title=&#8221;in\u017cynieria biomedyczna&#8221; style=&#8221;custom&#8221; custom_background=&#8221;#002e5a&#8221; custom_text=&#8221;#ffffff&#8221; align=&#8221;center&#8221; button_block=&#8221;true&#8221; link=&#8221;url:https%3A%2F%2Fus.edu.pl%2Finstytut%2Fiib%2Fbadaniainauka%2Fkierunki-badawcze%2F|title:odno%C5%9Bnik%20do%20strony%20Instytutu%20In%C5%BCynierii%20Biomedycznej|target:_blank&#8221;][\/vc_column_inner][vc_column_inner width=&#8221;1\/6&#8243;][vc_btn title=&#8221;in\u017cynieria materia\u0142owa&#8221; style=&#8221;custom&#8221; custom_background=&#8221;#f6ecdc&#8221; custom_text=&#8221;#002e5a&#8221; align=&#8221;center&#8221; button_block=&#8221;true&#8221; link=&#8221;url:https%3A%2F%2Fus.edu.pl%2Finstytut%2Fiim%2Fnauka%2Foferta-badawcza%2F|title:odno%C5%9Bnik%20do%20strony%20Instytutu%20In%C5%BCynierii%20Materia%C5%82owej|target:_blank&#8221;][\/vc_column_inner][vc_column_inner width=&#8221;1\/6&#8243;][vc_btn title=&#8221;matematyka&#8221; style=&#8221;custom&#8221; custom_background=&#8221;#002e5a&#8221; custom_text=&#8221;#ffffff&#8221; align=&#8221;center&#8221; button_block=&#8221;true&#8221; link=&#8221;url:https%3A%2F%2Fus.edu.pl%2Finstytut%2Fim|title:odno%C5%9Bnik%20do%20strony%20Instytutu%20Matematyki|target:_blank&#8221;][\/vc_column_inner][\/vc_row_inner][\/vc_column][\/vc_row][vc_row el_class=&#8221;container&#8221;][vc_column][vc_separator color=&#8221;custom&#8221; border_width=&#8221;4&#8243; accent_color=&#8221;#f6ecdc&#8221;][\/vc_column][\/vc_row][vc_row el_class=&#8221;container&#8221;][vc_column width=&#8221;1\/4&#8243;][vc_single_image image=&#8221;202343&#8243; img_size=&#8221;large&#8221; alignment=&#8221;center&#8221; style=&#8221;vc_box_rounded&#8221; onclick=&#8221;custom_link&#8221; img_link_target=&#8221;_blank&#8221; link=&#8221;https:\/\/us.edu.pl\/wydzial\/wnst\/event\/iii-sniadanie-biznesowe-sztuczna-inteligencja-ai-i-jej-zastosowania\/&#8221;][vc_column_text]<\/p>\n<p style=\"text-align: center;\"><strong><span style=\"color: #002e5a;\">\u015aniadanie biznesowe 3<br \/>\nSztuczna Inteligencja (AI) i jej zastosowania<br \/>\n20.11.2025<\/span><\/strong><\/p>\n<p>[\/vc_column_text][\/vc_column][vc_column width=&#8221;1\/4&#8243;][vc_single_image image=&#8221;189964&#8243; img_size=&#8221;large&#8221; alignment=&#8221;center&#8221; style=&#8221;vc_box_rounded&#8221; onclick=&#8221;custom_link&#8221; img_link_target=&#8221;_blank&#8221; link=&#8221;https:\/\/us.edu.pl\/wydzial\/wnst\/event\/ii-sniadanie-biznesowe-innowacyjne-technologie-w-motoryzacji-wspolpraca-nauki-i-biznesu-dla-zrownowazonej-przyszlosci\/&#8221;][vc_column_text]<\/p>\n<p style=\"text-align: center;\"><strong><span style=\"color: #002e5a;\">\u015aniadanie biznesowe 2<br \/>\nInnowacyjne technologie w motoryzacji \u2013 wsp\u00f3\u0142praca nauki i biznesu dla zr\u00f3wnowa\u017conej przysz\u0142o\u015bci<br \/>\n10.04.2025<\/span><\/strong><\/p>\n<p>[\/vc_column_text][\/vc_column][vc_column width=&#8221;1\/4&#8243;][vc_single_image image=&#8221;189960&#8243; img_size=&#8221;large&#8221; alignment=&#8221;center&#8221; style=&#8221;vc_box_rounded&#8221; onclick=&#8221;custom_link&#8221; img_link_target=&#8221;_blank&#8221; link=&#8221;https:\/\/us.edu.pl\/wydzial\/wnst\/event\/i-sniadanie-biznesowe-nanotechnologia-w-fizyce-biomedycynie-i-inzynierii-materialowej\/&#8221;][vc_column_text]<\/p>\n<p style=\"text-align: center;\"><span style=\"color: #002e5a;\"><strong>\u015aniadanie biznesowe 1<br \/>\nNanotechnologia w fizyce, biomedycynie i in\u017cynierii materia\u0142owej<br \/>\n16.01.2025<\/strong><\/span><\/p>\n<p style=\"text-align: center;\"><span style=\"color: #002e5a;\">\u00a0<\/span><\/p>\n<p>[\/vc_column_text][\/vc_column][vc_column width=&#8221;1\/4&#8243;][\/vc_column][\/vc_row]<\/p>\n<p><\/p>","protected":false},"excerpt":{"rendered":"<p>[vc_row el_class=&#8221;container&#8221;][vc_column][\/vc_column][\/vc_row][vc_row el_class=&#8221;container&#8221;][vc_column width=&#8221;1\/2&#8243;][\/vc_column][vc_column width=&#8221;1\/2&#8243;][vc_single_image image=&#8221;190234&#8243; img_size=&#8221;large&#8221; alignment=&#8221;center&#8221; style=&#8221;vc_box_rounded&#8221;][\/vc_column][\/vc_row][vc_row el_class=&#8221;container&#8221;][vc_column][vc_separator color=&#8221;custom&#8221; border_width=&#8221;4&#8243; accent_color=&#8221;#f6ecdc&#8221;][vc_row_inner][vc_column_inner width=&#8221;1\/6&#8243;][vc_btn title=&#8221;chemia&#8221; style=&#8221;custom&#8221; custom_background=&#8221;#002e5a&#8221; custom_text=&#8221;#ffffff&#8221; align=&#8221;center&#8221; button_block=&#8221;true&#8221; link=&#8221;url:https%3A%2F%2Fus.edu.pl%2Finstytut%2Fich%2Fdzialalnosc-naukowa%2Fzespoly-badawcze%2F|title:odno%C5%9Bnik%20do%20strony%20Instytutu%20Chemii|target:_blank&#8221;][\/vc_column_inner][vc_column_inner width=&#8221;1\/6&#8243;][vc_btn title=&#8221;fizyka&#8221; style=&#8221;custom&#8221; custom_background=&#8221;#f6ecdc&#8221; custom_text=&#8221;#000000&#8243; align=&#8221;center&#8221; button_block=&#8221;true&#8221; link=&#8221;url:https%3A%2F%2Fus.edu.pl%2Finstytut%2Fifiz%2Fnauka%2Fzespoly-badawcze%2F|title:odno%C5%9Bnik%20do%20strony%20Instytutu%20Fizyki|target:_blank&#8221;][\/vc_column_inner][vc_column_inner width=&#8221;1\/6&#8243;][vc_btn title=&#8221;informatyka&#8221; style=&#8221;custom&#8221; custom_background=&#8221;#f6ecdc&#8221; custom_text=&#8221;#000000&#8243; align=&#8221;center&#8221; button_block=&#8221;true&#8221; link=&#8221;url:https%3A%2F%2Fus.edu.pl%2Finstytut%2Fii%2Fbadania-i-nauka%2Fgrupy-badawcze%2F|title:odno%C5%9Bnik%20do%20strony%20Instytutu%20Informatyki|target:_blank&#8221;][\/vc_column_inner][vc_column_inner width=&#8221;1\/6&#8243;][vc_btn title=&#8221;in\u017cynieria biomedyczna&#8221; style=&#8221;custom&#8221; custom_background=&#8221;#002e5a&#8221; custom_text=&#8221;#ffffff&#8221; align=&#8221;center&#8221; button_block=&#8221;true&#8221; link=&#8221;url:https%3A%2F%2Fus.edu.pl%2Finstytut%2Fiib%2Fbadaniainauka%2Fkierunki-badawcze%2F|title:odno%C5%9Bnik%20do%20strony%20Instytutu%20In%C5%BCynierii%20Biomedycznej|target:_blank&#8221;][\/vc_column_inner][vc_column_inner width=&#8221;1\/6&#8243;][vc_btn title=&#8221;in\u017cynieria materia\u0142owa&#8221; style=&#8221;custom&#8221; custom_background=&#8221;#f6ecdc&#8221; custom_text=&#8221;#002e5a&#8221; align=&#8221;center&#8221; button_block=&#8221;true&#8221; link=&#8221;url:https%3A%2F%2Fus.edu.pl%2Finstytut%2Fiim%2Fnauka%2Foferta-badawcza%2F|title:odno%C5%9Bnik%20do%20strony%20Instytutu%20In%C5%BCynierii%20Materia%C5%82owej|target:_blank&#8221;][\/vc_column_inner][vc_column_inner [&#8230;]<\/p>\n<p><a class=\"btn btn-secondary understrap-read-more-link\" href=\"https:\/\/us.edu.pl\/wydzial\/wnst\/badania-naukowe\/sniadanie-biznesowe\/\">Read More&#8230;<\/a><\/p>\n","protected":false},"author":92,"featured_media":0,"parent":664,"menu_order":0,"comment_status":"closed","ping_status":"closed","template":"","meta":{"_expiration-date-status":"","_expiration-date":0,"_expiration-date-type":"","_expiration-date-categories":[],"_expiration-date-options":[]},"acf":[],"_links":{"self":[{"href":"https:\/\/us.edu.pl\/wydzial\/wnst\/wp-json\/wp\/v2\/pages\/189944"}],"collection":[{"href":"https:\/\/us.edu.pl\/wydzial\/wnst\/wp-json\/wp\/v2\/pages"}],"about":[{"href":"https:\/\/us.edu.pl\/wydzial\/wnst\/wp-json\/wp\/v2\/types\/page"}],"author":[{"embeddable":true,"href":"https:\/\/us.edu.pl\/wydzial\/wnst\/wp-json\/wp\/v2\/users\/92"}],"replies":[{"embeddable":true,"href":"https:\/\/us.edu.pl\/wydzial\/wnst\/wp-json\/wp\/v2\/comments?post=189944"}],"version-history":[{"count":10,"href":"https:\/\/us.edu.pl\/wydzial\/wnst\/wp-json\/wp\/v2\/pages\/189944\/revisions"}],"predecessor-version":[{"id":202782,"href":"https:\/\/us.edu.pl\/wydzial\/wnst\/wp-json\/wp\/v2\/pages\/189944\/revisions\/202782"}],"up":[{"embeddable":true,"href":"https:\/\/us.edu.pl\/wydzial\/wnst\/wp-json\/wp\/v2\/pages\/664"}],"wp:attachment":[{"href":"https:\/\/us.edu.pl\/wydzial\/wnst\/wp-json\/wp\/v2\/media?parent=189944"}],"curies":[{"name":"wp","href":"https:\/\/api.w.org\/{rel}","templated":true}]}}