{"id":190468,"date":"2025-04-24T11:51:24","date_gmt":"2025-04-24T09:51:24","guid":{"rendered":"https:\/\/us.edu.pl\/wydzial\/wnst\/?page_id=190468"},"modified":"2025-09-04T14:53:15","modified_gmt":"2025-09-04T12:53:15","slug":"chorzow","status":"publish","type":"page","link":"https:\/\/us.edu.pl\/wydzial\/wnst\/chorzow\/","title":{"rendered":"Chorz\u00f3w"},"content":{"rendered":"<p>[vc_row][vc_column]\n                <div class=\"article-loop loop-section \">\n                <div class=\"container \">\n                    <div class=\"article-loop-top loop-section-top\">\n                        <h2 class=\"section-title\">Chorz\u00f3w wprawia w ruch z Uniwersytetem \u015al\u0105skim<\/h2>\n                    \n                        <div class=\"article-loop-top_right loop-section-top__right\">    <a href = \"\" class=\"link-button\" > Wszystko<\/a><\/div>\n                    <\/div><div class=\"article-loop-main article-loop-main_big-and-smalls\">\n                        <article class=\"article-loop-post article-loop-post_big\">\r\n                <a href=\"https:\/\/us.edu.pl\/wydzial\/wnst\/2026\/04\/17\/dzien-ziemi-w-chorzowie-final-na-kampusie-chorzowskim-22-04-2026-r\/\" class=\"article-loop-post__thumbnail thumbnail\"\r\n                   style=\"background-image: url(https:\/\/us.edu.pl\/wydzial\/wnst\/wp-content\/uploads\/sites\/18\/Bez-kategorii\/Wyrozniajacy_800x600-6.png)\">\r\n                    <span>wi\u0119cej<\/span>\r\n                <\/a>\r\n\r\n                <div class=\"article-loop-post__content\">\r\n                    <h3 class=\"article-loop-post__title\">\r\n                        <a href=\"https:\/\/us.edu.pl\/wydzial\/wnst\/2026\/04\/17\/dzien-ziemi-w-chorzowie-final-na-kampusie-chorzowskim-22-04-2026-r\/\">Dzie\u0144 Ziemi w Chorzowie | Fina\u0142 na Kampusie Chorzowskim 22.04.2026 r.<\/a>\r\n                    <\/h3>\r\n                    <div class=\"article-loop-post__categories\" >\r\n                        <a href=\"https:\/\/us.edu.pl\/wydzial\/wnst\/category\/chorzow\/\">chorzow<\/a>\r\n                    <\/div>\r\n                    <div class=\"article-loop-post__first_paragraph\" >\r\n                        Uniwersytet \u015al\u0105ski w Katowicach oraz miasto Chorz\u00f3w zapraszaj\u0105 obchody Dnia Ziemi 2026 r. Tegoroczne obchody podzielono na dwa etapy. Pierwszy z nich to Miejski Dzie\u0144 Ziemi, kt\u00f3ry odb\u0119dzie si\u0119 w sobot\u0119, 18 kwietnia. Od godziny 10:00 do 13:00 w Dolinie G\u00f3rnika na ca\u0142e rodziny czeka\u0107 b\u0119dzie niezb\u0119dny sprz\u0119t \u2013 r\u0119kawice i worki \u2013 oraz wsp\u00f3lna zabawa...\r\n                    <\/div>\r\n                <\/div >\r\n            <\/article > <div><article class=\"article-loop-post \">\r\n                <a href=\"https:\/\/us.edu.pl\/wydzial\/wnst\/2026\/03\/09\/zobacz-wystawe-eksperyment-na-terenie-chorzowskiego-kampusu-us\/\" class=\"article-loop-post__thumbnail thumbnail\"\r\n                   style=\"background-image: url(https:\/\/us.edu.pl\/wydzial\/wnst\/wp-content\/uploads\/sites\/18\/Bez-kategorii\/wystawa-eksperyment-us-300x300.png)\">\r\n                    <span>wi\u0119cej<\/span>\r\n                <\/a>\r\n\r\n                <div class=\"article-loop-post__content\">\r\n                    <h3 class=\"article-loop-post__title\">\r\n                        <a href=\"https:\/\/us.edu.pl\/wydzial\/wnst\/2026\/03\/09\/zobacz-wystawe-eksperyment-na-terenie-chorzowskiego-kampusu-us\/\">Zobacz wystaw\u0119 &#8222;Eksperyment&#8221; na terenie chorzowskiego kampusu U\u015a<\/a>\r\n                    <\/h3>\r\n                    <div class=\"article-loop-post__categories\" >\r\n                        <a href=\"https:\/\/us.edu.pl\/wydzial\/wnst\/category\/chorzow\/\">chorzow<\/a><a href=\"https:\/\/us.edu.pl\/wydzial\/wnst\/category\/wiadomosci\/\">wiadomo\u015bci<\/a>\r\n                    <\/div>\r\n                    <div class=\"article-loop-post__first_paragraph\" hidden>\r\n                        \r\n                    <\/div>\r\n                <\/div >\r\n            <\/article > <article class=\"article-loop-post \">\r\n                <a href=\"https:\/\/us.edu.pl\/wydzial\/wnst\/2025\/07\/15\/dziyn-slonskij-fany-19-07-2025\/\" class=\"article-loop-post__thumbnail thumbnail\"\r\n                   style=\"background-image: url(https:\/\/us.edu.pl\/wydzial\/wnst\/wp-content\/uploads\/sites\/18\/Bez-kategorii\/fana-300x225.png)\">\r\n                    <span>wi\u0119cej<\/span>\r\n                <\/a>\r\n\r\n                <div class=\"article-loop-post__content\">\r\n                    <h3 class=\"article-loop-post__title\">\r\n                        <a href=\"https:\/\/us.edu.pl\/wydzial\/wnst\/2025\/07\/15\/dziyn-slonskij-fany-19-07-2025\/\">Dziy\u0144 \u015al\u014dnskij Fany | 19.07.2025<\/a>\r\n                    <\/h3>\r\n                    <div class=\"article-loop-post__categories\" >\r\n                        <a href=\"https:\/\/us.edu.pl\/wydzial\/wnst\/category\/chorzow\/\">chorzow<\/a><a href=\"https:\/\/us.edu.pl\/wydzial\/wnst\/category\/wiadomosci\/\">wiadomo\u015bci<\/a>\r\n                    <\/div>\r\n                    <div class=\"article-loop-post__first_paragraph\" hidden>\r\n                        \r\n                    <\/div>\r\n                <\/div >\r\n            <\/article > <\/div>\n                    <\/div><div class=\"article-loop-main article-loop-main_smalls\"><article class=\"article-loop-post \">\r\n                <a href=\"https:\/\/us.edu.pl\/wydzial\/wnst\/2025\/07\/02\/uniwersytet-slaski-na-ing-silesia-beats-2025\/\" class=\"article-loop-post__thumbnail thumbnail\"\r\n                   style=\"background-image: url(https:\/\/us.edu.pl\/wydzial\/wnst\/wp-content\/uploads\/sites\/18\/Bez-kategorii\/ING-SILESIA-BEATS-PLAKAT-300x300.jpg)\">\r\n                    <span>wi\u0119cej<\/span>\r\n                <\/a>\r\n\r\n                <div class=\"article-loop-post__content\">\r\n                    <h3 class=\"article-loop-post__title\">\r\n                        <a href=\"https:\/\/us.edu.pl\/wydzial\/wnst\/2025\/07\/02\/uniwersytet-slaski-na-ing-silesia-beats-2025\/\">Uniwersytet \u015al\u0105ski na ING Silesia Beats 2025 | 19-21.06.2025<\/a>\r\n                    <\/h3>\r\n                    <div class=\"article-loop-post__categories\" >\r\n                        <a href=\"https:\/\/us.edu.pl\/wydzial\/wnst\/category\/chorzow\/\">chorzow<\/a><a href=\"https:\/\/us.edu.pl\/wydzial\/wnst\/category\/wiadomosci\/\">wiadomo\u015bci<\/a>\r\n                    <\/div>\r\n                    <div class=\"article-loop-post__first_paragraph\" hidden>\r\n                        \r\n                    <\/div>\r\n                <\/div >\r\n            <\/article > <article class=\"article-loop-post \">\r\n                <a href=\"https:\/\/us.edu.pl\/wydzial\/wnst\/2025\/06\/09\/195803\/\" class=\"article-loop-post__thumbnail thumbnail\"\r\n                   style=\"background-image: url(https:\/\/us.edu.pl\/wydzial\/wnst\/wp-content\/uploads\/sites\/18\/Bez-kategorii\/5-10-300x225.png)\">\r\n                    <span>wi\u0119cej<\/span>\r\n                <\/a>\r\n\r\n                <div class=\"article-loop-post__content\">\r\n                    <h3 class=\"article-loop-post__title\">\r\n                        <a href=\"https:\/\/us.edu.pl\/wydzial\/wnst\/2025\/06\/09\/195803\/\">Obchody Dnia Ziemi w Chorzowie | 05.06.2025<\/a>\r\n                    <\/h3>\r\n                    <div class=\"article-loop-post__categories\" >\r\n                        <a href=\"https:\/\/us.edu.pl\/wydzial\/wnst\/category\/chorzow\/\">chorzow<\/a><a href=\"https:\/\/us.edu.pl\/wydzial\/wnst\/category\/wiadomosci\/\">wiadomo\u015bci<\/a>\r\n                    <\/div>\r\n                    <div class=\"article-loop-post__first_paragraph\" hidden>\r\n                        \r\n                    <\/div>\r\n                <\/div >\r\n            <\/article > <article class=\"article-loop-post \">\r\n                <a href=\"https:\/\/us.edu.pl\/wydzial\/wnst\/2025\/05\/19\/chorzow-dla-zdrowia\/\" class=\"article-loop-post__thumbnail thumbnail\"\r\n                   style=\"background-image: url(https:\/\/us.edu.pl\/wydzial\/wnst\/wp-content\/uploads\/sites\/18\/Bez-kategorii\/chorzow-dla-zdrowia-wyr-300x225.png)\">\r\n                    <span>wi\u0119cej<\/span>\r\n                <\/a>\r\n\r\n                <div class=\"article-loop-post__content\">\r\n                    <h3 class=\"article-loop-post__title\">\r\n                        <a href=\"https:\/\/us.edu.pl\/wydzial\/wnst\/2025\/05\/19\/chorzow-dla-zdrowia\/\">Uniwersytet \u015al\u0105ski partnerem wydarzenia &#8222;Chorz\u00f3w dla Zdrowia&#8221; w dniu 23.05.2025<\/a>\r\n                    <\/h3>\r\n                    <div class=\"article-loop-post__categories\" >\r\n                        <a href=\"https:\/\/us.edu.pl\/wydzial\/wnst\/category\/chorzow\/\">chorzow<\/a><a href=\"https:\/\/us.edu.pl\/wydzial\/wnst\/category\/wiadomosci\/\">wiadomo\u015bci<\/a>\r\n                    <\/div>\r\n                    <div class=\"article-loop-post__first_paragraph\" hidden>\r\n                        Poznaj panelistk\u0119 i ambasadork\u0119 kierunku biofizyka - <a href=\"https:\/\/us.edu.pl\/kandydat\/dorota-zygadlo-ambasadorka-kierunku-studiow\/\" target=\"_blank\" rel=\"noopener\">https:\/\/us.edu.pl\/kandydat\/dorota-zygadlo-ambasadorka-kierunku-studiow\/<\/a>\r\n                    <\/div>\r\n                <\/div >\r\n            <\/article > <\/div>\n                <div class=\"article-loop-main article-loop-main_big-posts-responsive\" data-home-url=\"https:\/\/us.edu.pl\/wydzial\/wnst\">\n                        <a href = \"#\" data-slide = \"prev\" class=\"arrow\" >\n                            <em class=\"ci ci-arrow-left\" ><\/em >\n                            <span class=\"d-none\" > arrow<\/span >\n                        <\/a>\n    \n                        <a href = \"#\" data-slide = \"next\" class=\"arrow\" >\n                            <em class=\"ci ci-arrow-right\" ><\/em >\n                            <span class=\"d-none\" > arrow<\/span >\n                        <\/a>\n                        <div class=\"row items\" >\n                            \r\n            <div class=\"vc_column_container vc_col-sm-4\">\r\n                <a href=\"https:\/\/us.edu.pl\/wydzial\/wnst\/2026\/04\/17\/dzien-ziemi-w-chorzowie-final-na-kampusie-chorzowskim-22-04-2026-r\/\" class=\"article-loop-post__thumbnail thumbnail\"\r\n                    style=\"background-image: url(https:\/\/us.edu.pl\/wydzial\/wnst\/wp-content\/uploads\/sites\/18\/Bez-kategorii\/Wyrozniajacy_800x600-6-300x225.png)\">\r\n                    <span>wi\u0119cej<\/span>\r\n                <\/a>\r\n\r\n                <div class=\"article-loop-post__content\">\r\n                    <h3 class=\"article-loop-post__title\">\r\n                        <a href=\"https:\/\/us.edu.pl\/wydzial\/wnst\/2026\/04\/17\/dzien-ziemi-w-chorzowie-final-na-kampusie-chorzowskim-22-04-2026-r\/\">Dzie\u0144 Ziemi w Chorzowie | Fina\u0142 na Kampusie Chorzowskim 22.04.2026 r.<\/a>\r\n                    <\/h3>\r\n            \r\n                    <div class=\"article-loop-post__categories\">\r\n                        <a href=\"https:\/\/us.edu.pl\/wydzial\/wnst\/category\/chorzow\/\">chorzow<\/a>\r\n                    <\/div>    \r\n                <\/div>\r\n            <\/div>\r\n        \r\n            <div class=\"vc_column_container vc_col-sm-4\">\r\n                <a href=\"https:\/\/us.edu.pl\/wydzial\/wnst\/2026\/03\/09\/zobacz-wystawe-eksperyment-na-terenie-chorzowskiego-kampusu-us\/\" class=\"article-loop-post__thumbnail thumbnail\"\r\n                    style=\"background-image: url(https:\/\/us.edu.pl\/wydzial\/wnst\/wp-content\/uploads\/sites\/18\/Bez-kategorii\/wystawa-eksperyment-us-300x300.png)\">\r\n                    <span>wi\u0119cej<\/span>\r\n                <\/a>\r\n\r\n                <div class=\"article-loop-post__content\">\r\n                    <h3 class=\"article-loop-post__title\">\r\n                        <a href=\"https:\/\/us.edu.pl\/wydzial\/wnst\/2026\/03\/09\/zobacz-wystawe-eksperyment-na-terenie-chorzowskiego-kampusu-us\/\">Zobacz wystaw\u0119 &#8222;Eksperyment&#8221; na terenie chorzowskiego kampusu U\u015a<\/a>\r\n                    <\/h3>\r\n            \r\n                    <div class=\"article-loop-post__categories\">\r\n                        <a href=\"https:\/\/us.edu.pl\/wydzial\/wnst\/category\/chorzow\/\">chorzow<\/a><a href=\"https:\/\/us.edu.pl\/wydzial\/wnst\/category\/wiadomosci\/\">wiadomo\u015bci<\/a>\r\n                    <\/div>    \r\n                <\/div>\r\n            <\/div>\r\n        \r\n            <div class=\"vc_column_container vc_col-sm-4\">\r\n                <a href=\"https:\/\/us.edu.pl\/wydzial\/wnst\/2025\/07\/15\/dziyn-slonskij-fany-19-07-2025\/\" class=\"article-loop-post__thumbnail thumbnail\"\r\n                    style=\"background-image: url(https:\/\/us.edu.pl\/wydzial\/wnst\/wp-content\/uploads\/sites\/18\/Bez-kategorii\/fana-300x225.png)\">\r\n                    <span>wi\u0119cej<\/span>\r\n                <\/a>\r\n\r\n                <div class=\"article-loop-post__content\">\r\n                    <h3 class=\"article-loop-post__title\">\r\n                        <a href=\"https:\/\/us.edu.pl\/wydzial\/wnst\/2025\/07\/15\/dziyn-slonskij-fany-19-07-2025\/\">Dziy\u0144 \u015al\u014dnskij Fany | 19.07.2025<\/a>\r\n                    <\/h3>\r\n            \r\n                    <div class=\"article-loop-post__categories\">\r\n                        <a href=\"https:\/\/us.edu.pl\/wydzial\/wnst\/category\/chorzow\/\">chorzow<\/a><a href=\"https:\/\/us.edu.pl\/wydzial\/wnst\/category\/wiadomosci\/\">wiadomo\u015bci<\/a>\r\n                    <\/div>    \r\n                <\/div>\r\n            <\/div>\r\n        \n                        <\/div>\n                    <\/div><\/div ><\/div > [\/vc_column][\/vc_row]<\/p>","protected":false},"excerpt":{"rendered":"<p>[vc_row][vc_column][\/vc_column][\/vc_row] [&#8230;]<\/p>\n<p><a class=\"btn btn-secondary understrap-read-more-link\" href=\"https:\/\/us.edu.pl\/wydzial\/wnst\/2025\/07\/15\/dziyn-slonskij-fany-19-07-2025\/\">Read More&#8230;<\/a><\/p>\n","protected":false},"author":92,"featured_media":0,"parent":0,"menu_order":0,"comment_status":"closed","ping_status":"closed","template":"page-templates\/page-with-sidebar.php","meta":{"_expiration-date-status":"","_expiration-date":0,"_expiration-date-type":"","_expiration-date-categories":[],"_expiration-date-options":[]},"acf":[],"_links":{"self":[{"href":"https:\/\/us.edu.pl\/wydzial\/wnst\/wp-json\/wp\/v2\/pages\/190468"}],"collection":[{"href":"https:\/\/us.edu.pl\/wydzial\/wnst\/wp-json\/wp\/v2\/pages"}],"about":[{"href":"https:\/\/us.edu.pl\/wydzial\/wnst\/wp-json\/wp\/v2\/types\/page"}],"author":[{"embeddable":true,"href":"https:\/\/us.edu.pl\/wydzial\/wnst\/wp-json\/wp\/v2\/users\/92"}],"replies":[{"embeddable":true,"href":"https:\/\/us.edu.pl\/wydzial\/wnst\/wp-json\/wp\/v2\/comments?post=190468"}],"version-history":[{"count":10,"href":"https:\/\/us.edu.pl\/wydzial\/wnst\/wp-json\/wp\/v2\/pages\/190468\/revisions"}],"predecessor-version":[{"id":200710,"href":"https:\/\/us.edu.pl\/wydzial\/wnst\/wp-json\/wp\/v2\/pages\/190468\/revisions\/200710"}],"wp:attachment":[{"href":"https:\/\/us.edu.pl\/wydzial\/wnst\/wp-json\/wp\/v2\/media?parent=190468"}],"curies":[{"name":"wp","href":"https:\/\/api.w.org\/{rel}","templated":true}]}}