{"id":190608,"date":"2025-04-24T12:21:17","date_gmt":"2025-04-24T10:21:17","guid":{"rendered":"https:\/\/us.edu.pl\/wydzial\/wnst\/?page_id=190608"},"modified":"2025-09-17T11:56:51","modified_gmt":"2025-09-17T09:56:51","slug":"studenci","status":"publish","type":"page","link":"https:\/\/us.edu.pl\/wydzial\/wnst\/chorzow\/studenci\/","title":{"rendered":"miasto student\u00f3w"},"content":{"rendered":"<p>[vc_row][vc_column]\r\n                <div class=\"text-modules\">\r\n                    <div class=\"container\">\r\n                        \r\n                        <div class=\"text-modules__content\"><\/p>\n<h3><span style=\"color: #002e5a;\">Chorz\u00f3w &#8211; miasto dla student\u00f3w<\/span><\/h3>\n<p>Chorz\u00f3w \u2013 miasto le\u017c\u0105ce w sercu G\u00f3rnego \u015al\u0105ska, jest pod wieloma wzgl\u0119dami wyj\u0105tkowe. Odchodz\u0105c od przemys\u0142owego wizerunku, Chorz\u00f3w buduje swoj\u0105 tera\u017aniejszo\u015b\u0107 i przysz\u0142o\u015b\u0107, kszta\u0142tuj\u0105c coraz bardziej atrakcyjny rynek us\u0142ug z my\u015bl\u0105 nie tylko o mieszka\u0144cach.<\/p>\n<hr \/>\n<p>Miasto Chorz\u00f3w sta\u0142o si\u0119 te\u017c\u00a0<strong>miastem akademickim<\/strong>\u00a0dzi\u0119ki strategicznej wsp\u00f3\u0142pracy z Uniwersytetem \u015al\u0105skim, kt\u00f3ra obejmuje:<\/p>\n<ul>\n<li>budow\u0119 nowych akademik\u00f3w,<\/li>\n<li>adaptacj\u0119 istniej\u0105cych budynk\u00f3w na cele mieszkalne<\/li>\n<li>patronat nad Akademickim Zespo\u0142em Szk\u00f3\u0142 Og\u00f3lnokszta\u0142c\u0105cych,<\/li>\n<li>wsp\u00f3\u0142praca w ramach projektu:\u00a0<strong>Program Naukowy dla \u015al\u0105ska\u00a0<\/strong>(stypendia i fundusze na wyjazdy naukowe, konferencje czy realizacj\u0119 projekt\u00f3w i wsp\u00f3\u0142praca z naukowcami).<\/li>\n<\/ul>\n<hr \/>\n<p>Miasto Chorz\u00f3w oferuje dla student\u00f3w Chorzowsk\u0105 Kart\u0119 Mieszka\u0144ca. Wymagane jest przedstawienie wa\u017cnej legitymacji studenckiej oraz dokumentu potwierdzaj\u0105cego nauk\u0119 na uczelni z siedzib\u0105 w Chorzowie.<\/p>\n<ol>\n<li>Jak otrzyma\u0107 ChKM\u00a0<a href=\"https:\/\/mieszkamwchorzowie.pl\/uzyskaj-karte\/\">https:\/\/mieszkamwchorzowie.pl\/uzyskaj-karte\/<\/a><\/li>\n<li>Partnerzy ChKM\u00a0<a href=\"https:\/\/mieszkamwchorzowie.pl\/category\/partnerzy\/\">https:\/\/mieszkamwchorzowie.pl\/category\/partnerzy\/<\/a><\/li>\n<\/ol>\n<p>\n<\/div>\r\n                    <\/div>\r\n                <\/div>[\/vc_column][\/vc_row][vc_row][vc_column css=&#8221;.vc_custom_1757677363280{margin-right: 5px !important;margin-left: 5px !important;padding-top: 5px !important;padding-right: 5px !important;padding-bottom: 5px !important;padding-left: 5px !important;}&#8221;]\r\n                <div class=\"text-modules\">\r\n                    <div class=\"container\">\r\n                        \r\n                        <div class=\"text-modules__content\"><\/p>\n<h3 style=\"text-align: center;\"><span style=\"color: #002e5a;\">Rozrywka, czas wolny i nauka<\/span><\/h3>\n<p>\n<\/div>\r\n                    <\/div>\r\n                <\/div>[\/vc_column][\/vc_row][vc_row content_placement=&#8221;middle&#8221;][vc_column width=&#8221;1\/3&#8243;][vc_column_text css=&#8221;.vc_custom_1757679295856{border-top-width: 4px !important;border-right-width: 4px !important;border-bottom-width: 4px !important;border-left-width: 4px !important;padding-top: 4px !important;padding-right: 4px !important;padding-bottom: 4px !important;padding-left: 4px !important;background-color: #1e73be !important;border-left-color: #1e73be !important;border-left-style: solid !important;border-right-color: #1e73be !important;border-right-style: solid !important;border-top-color: #1e73be !important;border-top-style: solid !important;border-bottom-color: #1e73be !important;border-bottom-style: solid !important;border-radius: 4px !important;}&#8221;]<\/p>\n<h3 style=\"text-align: left;\"><span style=\"color: #ffffff;\">KULTURANIE<br \/>\nW CHORZOWIE<\/span><\/h3>\n<p>[\/vc_column_text][\/vc_column][vc_column width=&#8221;2\/3&#8243; css=&#8221;.vc_custom_1757679221872{margin-top: 10px !important;margin-bottom: 10px !important;margin-left: 10px !important;border-left-width: 5px !important;border-left-color: #1e73be !important;border-left-style: solid !important;}&#8221;]\r\n                <div class=\"text-modules\">\r\n                    <div class=\"container\">\r\n                        \r\n                        <div class=\"text-modules__content\"><\/p>\n<ol>\n<li><a href=\"https:\/\/coteroz.eu\/\">Kalendarz wydarze\u0144<\/a><\/li>\n<li><a href=\"https:\/\/hk.chorzow.eu\/\">Huta Kultury<\/a><\/li>\n<li><a href=\"https:\/\/turysta.chorzow.eu\/article\/domy-kultury-1\">Instytucje kultury<\/a><\/li>\n<\/ol>\n<p>\n<\/div>\r\n                    <\/div>\r\n                <\/div>[\/vc_column][\/vc_row][vc_row content_placement=&#8221;middle&#8221;][vc_column width=&#8221;1\/3&#8243;][vc_column_text css=&#8221;.vc_custom_1757679445817{border-top-width: 4px !important;border-right-width: 4px !important;border-bottom-width: 4px !important;border-left-width: 4px !important;padding-top: 4px !important;padding-right: 4px !important;padding-bottom: 4px !important;padding-left: 4px !important;background-color: #fbb900 !important;border-left-color: #fbb900 !important;border-left-style: solid !important;border-right-color: #fbb900 !important;border-right-style: solid !important;border-top-color: #fbb900 !important;border-top-style: solid !important;border-bottom-color: #fbb900 !important;border-bottom-style: solid !important;border-radius: 4px !important;}&#8221;]<\/p>\n<h3 style=\"text-align: left;\"><span style=\"color: #ffffff;\">TURYSTYCZNIE<br \/>\nW CHORZOWIE<\/span><\/h3>\n<p>[\/vc_column_text][\/vc_column][vc_column width=&#8221;2\/3&#8243; css=&#8221;.vc_custom_1757679469400{margin-top: 10px !important;margin-bottom: 10px !important;margin-left: 10px !important;border-left-width: 5px !important;border-left-color: #fbb900 !important;border-left-style: solid !important;}&#8221;]\r\n                <div class=\"text-modules\">\r\n                    <div class=\"container\">\r\n                        \r\n                        <div class=\"text-modules__content\"><\/p>\n<ol>\n<li><a href=\"https:\/\/mieszkamwchorzowie.pl\/category\/atrakcje\/\">G\u0142\u00f3wne atrakcje Chorzowa<\/a><\/li>\n<li><a href=\"https:\/\/slaskiezoo.pl\/\">\u015al\u0105skie ZOO<\/a><\/li>\n<li><a href=\"https:\/\/turysta.chorzow.eu\/article\/zabie-doly\">Kompleks Przyrodniczo-Krajobrazowy \u017babie Do\u0142y<\/a><\/li>\n<li><a href=\"https:\/\/turysta.chorzow.eu\/article\/poczta-glowna\">Poczta g\u0142\u00f3wna<\/a><\/li>\n<li><a href=\"https:\/\/turysta.chorzow.eu\/article\/chorzowskie-pomniki\">Chorzowskie pomniki<\/a><\/li>\n<li><a href=\"https:\/\/turysta.chorzow.eu\/article\/schron-dowodzenia\">Schron dowodzenia<\/a><\/li>\n<li><a href=\"http:\/\/muzeumgpe-chorzow.pl\/pl\/\">Skansen<\/a><\/li>\n<li><a href=\"https:\/\/turysta.chorzow.eu\/category\/zabytki\">Zabytki<\/a><\/li>\n<\/ol>\n<p>\n<\/div>\r\n                    <\/div>\r\n                <\/div>[\/vc_column][\/vc_row][vc_row content_placement=&#8221;middle&#8221;][vc_column width=&#8221;1\/3&#8243;][vc_column_text css=&#8221;.vc_custom_1757679599235{margin-left: 4px !important;border-top-width: 4px !important;border-right-width: 4px !important;border-bottom-width: 4px !important;border-left-width: 4px !important;padding-top: 4px !important;padding-right: 4px !important;padding-bottom: 4px !important;padding-left: 4px !important;background-color: #e30613 !important;border-left-color: #e30613 !important;border-left-style: solid !important;border-right-color: #e30613 !important;border-right-style: solid !important;border-top-color: #e30613 !important;border-top-style: solid !important;border-bottom-color: #e30613 !important;border-bottom-style: solid !important;border-radius: 4px !important;}&#8221;]<\/p>\n<h3 style=\"text-align: left;\"><span style=\"color: #ffffff;\">SPORTOWO<br \/>\nW CHORZOWIE<\/span><\/h3>\n<p>[\/vc_column_text][\/vc_column][vc_column width=&#8221;2\/3&#8243; css=&#8221;.vc_custom_1757679239091{margin-top: 10px !important;margin-bottom: 10px !important;margin-left: 10px !important;border-left-width: 5px !important;border-left-color: #e30613 !important;border-left-style: solid !important;}&#8221;]\r\n                <div class=\"text-modules\">\r\n                    <div class=\"container\">\r\n                        \r\n                        <div class=\"text-modules__content\"><\/p>\n<ol>\n<li><a href=\"https:\/\/moris.chorzow.pl\/\">Miejski O\u015brodek Rekreacji i Sportu<\/a><\/li>\n<li><a href=\"https:\/\/superautostadionslaski.pl\/\" target=\"_blank\" rel=\"noopener\">Stadion \u015al\u0105ski<\/a><\/li>\n<li><a href=\"https:\/\/turysta.chorzow.eu\/article\/obiekty-sportowe\">Obiekty sportowe<\/a><\/li>\n<\/ol>\n<p>\n<\/div>\r\n                    <\/div>\r\n                <\/div>[\/vc_column][\/vc_row][vc_row content_placement=&#8221;middle&#8221;][vc_column width=&#8221;1\/3&#8243;][vc_column_text css=&#8221;.vc_custom_1757679680706{margin-left: 4px !important;border-top-width: 4px !important;border-right-width: 4px !important;border-bottom-width: 4px !important;border-left-width: 4px !important;padding-top: 4px !important;padding-right: 4px !important;padding-bottom: 4px !important;padding-left: 4px !important;background-color: #94c11f !important;border-left-color: #94c11f !important;border-left-style: solid !important;border-right-color: #94c11f !important;border-right-style: solid !important;border-top-color: #94c11f !important;border-top-style: solid !important;border-bottom-color: #94c11f !important;border-bottom-style: solid !important;border-radius: 4px !important;}&#8221;]<\/p>\n<h3 style=\"text-align: left;\"><span style=\"color: #ffffff;\">PARKI<br \/>\nW CHORZOWIE<\/span><\/h3>\n<p>[\/vc_column_text][\/vc_column][vc_column width=&#8221;2\/3&#8243; css=&#8221;.vc_custom_1757679755432{margin-top: 10px !important;margin-bottom: 10px !important;margin-left: 10px !important;border-left-width: 5px !important;border-left-color: #94c11f !important;border-left-style: solid !important;}&#8221;]\r\n                <div class=\"text-modules\">\r\n                    <div class=\"container\">\r\n                        \r\n                        <div class=\"text-modules__content\"><\/p>\n<ol>\n<li><a href=\"https:\/\/odpady.chorzow.eu\/chorzowskie-cuda-przyrody\/40-park-roz\" target=\"_blank\" rel=\"noopener\">Park R\u00f3\u017c<\/a><\/li>\n<li><a href=\"https:\/\/parkslaski.pl\/\" target=\"_blank\" rel=\"noopener\">TAURON Park \u015al\u0105ski<\/a><\/li>\n<li><a href=\"http:\/\/www.parki.org.pl\/parki-miejskie\/park-redena-park-na-gorze-wyzwolenia-w-chorzo\" target=\"_blank\" rel=\"noopener\">Park na Wzg\u00f3rzu Wyzwolenia<\/a><\/li>\n<li><a href=\"https:\/\/slaskiemiasta.pl\/chorzow\/park-hutnikow-w-chorzowie\/\" target=\"_blank\" rel=\"noopener\">Park Hutnik\u00f3w<\/a><\/li>\n<li><a href=\"https:\/\/slaskiemiasta.pl\/chorzow\/chorzowstary\/dolina-gornika-w-chorzowie\/\" target=\"_blank\" rel=\"noopener\">Dolina G\u00f3rnika<\/a><\/li>\n<\/ol>\n<p>\n<\/div>\r\n                    <\/div>\r\n                <\/div>[\/vc_column][\/vc_row][vc_row content_placement=&#8221;middle&#8221;][vc_column width=&#8221;1\/3&#8243;][vc_column_text css=&#8221;.vc_custom_1757680406671{border-top-width: 4px !important;border-right-width: 4px !important;border-bottom-width: 4px !important;border-left-width: 4px !important;padding-top: 4px !important;padding-right: 4px !important;padding-bottom: 4px !important;padding-left: 4px !important;background-color: #ef7d00 !important;border-left-color: #ef7d00 !important;border-left-style: solid !important;border-right-color: #ef7d00 !important;border-right-style: solid !important;border-top-color: #ef7d00 !important;border-top-style: solid !important;border-bottom-color: #ef7d00 !important;border-bottom-style: solid !important;border-radius: 4px !important;}&#8221;]<\/p>\n<h3 style=\"text-align: left;\"><span style=\"color: #ffffff;\">STUDIUJ<br \/>\nW CHORZOWIE<\/span><\/h3>\n<p>[\/vc_column_text][\/vc_column][vc_column width=&#8221;2\/3&#8243; css=&#8221;.vc_custom_1757680598592{margin-top: 10px !important;margin-bottom: 10px !important;margin-left: 10px !important;border-left-width: 5px !important;border-left-color: #ef7d00 !important;border-left-style: solid !important;}&#8221;]\r\n                <div class=\"text-modules\">\r\n                    <div class=\"container\">\r\n                        \r\n                        <div class=\"text-modules__content\"><\/p>\n<div class=\"wpb_text_column wpb_content_element filterDiv wn\u015bt B chor biol chem fizy geog info mate angi fran hisz niem rosy wlos show\">\n<div class=\"wpb_wrapper\">\n<ol>\n<li><a href=\"https:\/\/us.edu.pl\/wydzial\/wnst\/studia\/kandydat\/oferta-dydaktyczna\/biofizyka\" rel=\"noopener\">biofizyka<\/a> | Wydzia\u0142 Nauk \u015acis\u0142ych i Technicznych<\/li>\n<li><a href=\"https:\/\/us.edu.pl\/wydzial\/wnst\/studia\/kandydat\/oferta-dydaktyczna\/chemia\/\" rel=\"noopener\">chemia<\/a> | Wydzia\u0142 Nauk \u015acis\u0142ych i Technicznych<\/li>\n<li><a href=\"https:\/\/us.edu.pl\/wydzial\/wnst\/studia\/kandydat\/oferta-dydaktyczna\/fizyka\/\" rel=\"noopener\">fizyka<\/a> | Wydzia\u0142 Nauk \u015acis\u0142ych i Technicznych<\/li>\n<li><a href=\"https:\/\/us.edu.pl\/wydzial\/wnst\/studia\/kandydat\/oferta-dydaktyczna\/fizyka-medyczna\/\" rel=\"noopener\">fizyka medyczna<\/a> | Wydzia\u0142 Nauk \u015acis\u0142ych i Technicznych<\/li>\n<li><a href=\"https:\/\/us.edu.pl\/kolegium\/ism\/\">Indywidualne Studia Mi\u0119dzydziedzinowe<\/a> | Kolegium Indywidualnych Studi\u00f3w Mi\u0119dzyobszarowych<\/li>\n<li><a href=\"https:\/\/us.edu.pl\/kolegium\/ism\/\">Indywidualne Studia Nauczycielskie<\/a> | Kolegium Indywidualnych Studi\u00f3w Mi\u0119dzyobszarowych<\/li>\n<li><a href=\"https:\/\/us.edu.pl\/wydzial\/wnst\/studia\/kandydat\/oferta-dydaktyczna\/informatyka-stosowana\/\" rel=\"noopener\">informatyka stosowana<\/a> | Wydzia\u0142 Nauk \u015acis\u0142ych i Technicznych<\/li>\n<li><a href=\"https:\/\/us.edu.pl\/wydzial\/wnst\/studia\/kandydat\/oferta-dydaktyczna\/inzynieria-biomedyczna\/\" rel=\"noopener\">in\u017cynieria biomedyczna<\/a> | Wydzia\u0142 Nauk \u015acis\u0142ych i Technicznych<\/li>\n<li><a href=\"https:\/\/us.edu.pl\/wydzial\/wnst\/studia\/kandydat\/oferta-dydaktyczna\/inzynieria-materialowa\/\" rel=\"noopener\">in\u017cynieria materia\u0142owa<\/a> | Wydzia\u0142 Nauk \u015acis\u0142ych i Technicznych<\/li>\n<li><a href=\"https:\/\/us.edu.pl\/wydzial\/wnst\/studia\/kandydat\/oferta-dydaktyczna\/materials-science-and-engineering\/\" rel=\"noopener\">Materials Science and Engineering<\/a>\u00a0| Wydzia\u0142 Nauk \u015acis\u0142ych i Technicznych |\u00a0<strong>studia w j\u0119zyku angielskim<\/strong><\/li>\n<li><a href=\"https:\/\/www.mssd.us.edu.pl\/aktualnosci\/rekrutacja-2024-2025\/\">Mi\u0119dzynarodowa \u015arodowiskowa Szko\u0142a Doktorska przy Centrum Studi\u00f3w Polarnych<\/a> (studia III stopnia)<\/li>\n<li><a href=\"https:\/\/us.edu.pl\/wydzial\/wnst\/studia\/kandydat\/oferta-dydaktyczna\/mikro-i-nanotechnologia\/\" rel=\"noopener\">mikro i nanotechnologia<\/a> | Wydzia\u0142 Nauk \u015acis\u0142ych i Technicznych<\/li>\n<li><a href=\"https:\/\/us.edu.pl\/wydzial\/wnp\/studia\/kierunki-studiow\/ochrona-srodowiska-2\/\" rel=\"noopener\">ochrona \u015brodowiska<\/a> | Wydzia\u0142 Nauk Przyrodniczych<\/li>\n<li><a href=\"https:\/\/us.edu.pl\/wydzial\/wnst\/studia\/kandydat\/oferta-dydaktyczna\/physics\/\">Physics<\/a>\u00a0| Wydzia\u0142 Nauk \u015acis\u0142ych i Technicznych |\u00a0<strong>studia w j\u0119zyku angielskim<\/strong><\/li>\n<li><a href=\"https:\/\/us.edu.pl\/szkola-doktorska\/jak-zostac-doktorantem\/\">Szko\u0142a Doktorska<\/a> (studia III stopnia)<\/li>\n<li><a href=\"https:\/\/us.edu.pl\/wydzial\/wnst\/studia\/kandydat\/oferta-dydaktyczna\/technologia-chemiczna\/\" rel=\"noopener\">technologia chemiczna<\/a>\u00a0| Wydzia\u0142 Nauk \u015acis\u0142ych i Technicznych<\/li>\n<\/ol>\n<\/div>\n<\/div>\n<p>\n<\/div>\r\n                    <\/div>\r\n                <\/div>[\/vc_column][\/vc_row]<\/p>","protected":false},"excerpt":{"rendered":"<p>[vc_row][vc_column][\/vc_column][\/vc_row][vc_row][vc_column css=&#8221;.vc_custom_1757677363280{margin-right: 5px !important;margin-left: 5px !important;padding-top: 5px !important;padding-right: 5px !important;padding-bottom: 5px !important;padding-left: 5px !important;}&#8221;][\/vc_column][\/vc_row][vc_row content_placement=&#8221;middle&#8221;][vc_column width=&#8221;1\/3&#8243;][vc_column_text css=&#8221;.vc_custom_1757679295856{border-top-width: 4px !important;border-right-width: 4px !important;border-bottom-width: 4px !important;border-left-width: 4px !important;padding-top: 4px !important;padding-right: 4px !important;padding-bottom: 4px !important;padding-left: 4px !important;background-color: #1e73be !important;border-left-color: #1e73be !important;border-left-style: solid !important;border-right-color: #1e73be !important;border-right-style: solid !important;border-top-color: #1e73be !important;border-top-style: solid !important;border-bottom-color: #1e73be !important;border-bottom-style: solid !important;border-radius: 4px !important;}&#8221;] KULTURANIE W [&#8230;]<\/p>\n<p><a class=\"btn btn-secondary understrap-read-more-link\" href=\"https:\/\/us.edu.pl\/wydzial\/wnst\/chorzow\/studenci\/\">Read More&#8230;<\/a><\/p>\n","protected":false},"author":92,"featured_media":0,"parent":190468,"menu_order":3,"comment_status":"closed","ping_status":"closed","template":"page-templates\/page-with-sidebar.php","meta":{"_expiration-date-status":"","_expiration-date":0,"_expiration-date-type":"","_expiration-date-categories":[],"_expiration-date-options":[]},"acf":[],"_links":{"self":[{"href":"https:\/\/us.edu.pl\/wydzial\/wnst\/wp-json\/wp\/v2\/pages\/190608"}],"collection":[{"href":"https:\/\/us.edu.pl\/wydzial\/wnst\/wp-json\/wp\/v2\/pages"}],"about":[{"href":"https:\/\/us.edu.pl\/wydzial\/wnst\/wp-json\/wp\/v2\/types\/page"}],"author":[{"embeddable":true,"href":"https:\/\/us.edu.pl\/wydzial\/wnst\/wp-json\/wp\/v2\/users\/92"}],"replies":[{"embeddable":true,"href":"https:\/\/us.edu.pl\/wydzial\/wnst\/wp-json\/wp\/v2\/comments?post=190608"}],"version-history":[{"count":10,"href":"https:\/\/us.edu.pl\/wydzial\/wnst\/wp-json\/wp\/v2\/pages\/190608\/revisions"}],"predecessor-version":[{"id":201111,"href":"https:\/\/us.edu.pl\/wydzial\/wnst\/wp-json\/wp\/v2\/pages\/190608\/revisions\/201111"}],"up":[{"embeddable":true,"href":"https:\/\/us.edu.pl\/wydzial\/wnst\/wp-json\/wp\/v2\/pages\/190468"}],"wp:attachment":[{"href":"https:\/\/us.edu.pl\/wydzial\/wnst\/wp-json\/wp\/v2\/media?parent=190608"}],"curies":[{"name":"wp","href":"https:\/\/api.w.org\/{rel}","templated":true}]}}