{"id":193655,"date":"2025-05-20T12:56:54","date_gmt":"2025-05-20T10:56:54","guid":{"rendered":"https:\/\/us.edu.pl\/wydzial\/wnst\/?page_id=193655"},"modified":"2025-07-25T11:14:25","modified_gmt":"2025-07-25T09:14:25","slug":"data-science-i-sztuczna-inteligencja","status":"publish","type":"page","link":"https:\/\/us.edu.pl\/wydzial\/wnst\/studia\/kandydat\/oferta-dydaktyczna\/data-science-i-sztuczna-inteligencja\/","title":{"rendered":"Data Science i sztuczna inteligencja"},"content":{"rendered":"<p>[vc_row css=&#8221;.vc_custom_1747742126296{padding-right: 20px !important;padding-left: 20px !important;}&#8221;][vc_column]\r\n                <div class=\"text-modules reverse\">\r\n                    <div class=\"container\">\r\n                        <h3 class=\"section-title section-title_border-bottom\">Data Science i sztuczna inteligencja - studia I stopnia, stacjonarne<\/h3> <h3 class=\"subtitle text-modules__subtitle\">j\u0119zyk wyk\u0142adowy: polski<\/h3>\r\n                        <div class=\"row m-0\">\r\n                            <div class=\"text-modules__content\">\r\n                                Data Science i sztuczna inteligencja \u2013 studia przysz\u0142o\u015bci!<\/p>\n<p>Zanurz si\u0119 w \u015bwiat nowoczesnych technologii i zosta\u0144 ekspertem od danych i inteligentnych system\u00f3w! Kierunek Data Science i Sztuczna Inteligencja to propozycja dla tych, kt\u00f3rzy chc\u0105 tworzy\u0107 innowacje, rozwi\u0105zywa\u0107 realne problemy biznesowe i mie\u0107 wp\u0142yw na kszta\u0142towanie cyfrowej przysz\u0142o\u015bci.<\/p>\n<p>Kierunek Data Science i sztuczna inteligencja to interdyscyplinarne studia, kt\u00f3re \u0142\u0105cz\u0105 matematyk\u0119, informatyk\u0119, statystyk\u0119 oraz nowoczesne technologie zwi\u0105zane z analiz\u0105 danych i uczeniem maszynowym. Studenci ucz\u0105 si\u0119 projektowa\u0107 inteligentne systemy, tworzy\u0107 algorytmy uczenia maszynowego i wykorzystywa\u0107 dane w praktyce. Absolwenci tego kierunku znajduj\u0105 zatrudnienie jako data scienti\u015bci, analitycy danych czy in\u017cynierowie AI w bran\u017cach takich jak IT, finanse, medycyna czy przemys\u0142. \r\n                                <div class=\"mt-3\"><a href=\"https:\/\/informator.us.edu.pl\/programmes\/list\/all\/DS\/?_s=1\" class=\"link-button mr-3 \">Karta kierunku - program studi\u00f3w <\/a><\/div>\r\n                            <\/div>\r\n                            \r\n                            <div class=\"text-modules__img\"><img src=\"https:\/\/us.edu.pl\/wydzial\/wnst\/wp-content\/uploads\/sites\/18\/Bez-kategorii\/2025_US_Rekrutacja-Grafiki_WNST-3.png\" alt=\"img\"><\/div>\r\n                        <\/div>\r\n                    <\/div>\r\n                <\/div>[\/vc_column][\/vc_row][vc_row disable_element=&#8221;yes&#8221; css=&#8221;.vc_custom_1753434845660{padding-right: 20px !important;padding-left: 20px !important;background-color: #f2f2f2 !important;}&#8221;][vc_column]\r\n                <div class=\"text-modules\">\r\n                    <div class=\"container\">\r\n                        \r\n                        <div class=\"text-modules__content\"><\/p>\n<h3>Zapisz si\u0119 na studia<\/h3>\n<p><strong><span style=\"color: #0095db;\">Tura 1 (02.06.2025 12:00 \u2013 11.07.2025 23:59)<br \/>\n<\/span><\/strong><\/p>\n<\/div>\r\n                    <\/div>\r\n                <\/div>[vc_btn title=&#8221;przejd\u017a do internetowej rejestracji dla kandydat\u00f3w&#8221; style=&#8221;outline-custom&#8221; outline_custom_color=&#8221;#002a5e&#8221; outline_custom_hover_background=&#8221;#002a5e&#8221; outline_custom_hover_text=&#8221;#ffffff&#8221; size=&#8221;lg&#8221; i_icon_fontawesome=&#8221;fas fa-arrow-right&#8221; add_icon=&#8221;true&#8221; link=&#8221;url:https%3A%2F%2Firk.us.edu.pl%2Fpl%2Foffer%2FSW-2025-Z%2Fprogramme%2FW4-S1DS25%2F|target:_blank&#8221;][\/vc_column][\/vc_row]<\/p>","protected":false},"excerpt":{"rendered":"<p>[vc_row css=&#8221;.vc_custom_1747742126296{padding-right: 20px !important;padding-left: 20px !important;}&#8221;][vc_column][\/vc_column][\/vc_row][vc_row disable_element=&#8221;yes&#8221; css=&#8221;.vc_custom_1753434845660{padding-right: 20px !important;padding-left: 20px !important;background-color: #f2f2f2 !important;}&#8221;][vc_column][vc_btn title=&#8221;przejd\u017a do internetowej rejestracji dla kandydat\u00f3w&#8221; style=&#8221;outline-custom&#8221; outline_custom_color=&#8221;#002a5e&#8221; outline_custom_hover_background=&#8221;#002a5e&#8221; outline_custom_hover_text=&#8221;#ffffff&#8221; size=&#8221;lg&#8221; i_icon_fontawesome=&#8221;fas fa-arrow-right&#8221; add_icon=&#8221;true&#8221; link=&#8221;url:https%3A%2F%2Firk.us.edu.pl%2Fpl%2Foffer%2FSW-2025-Z%2Fprogramme%2FW4-S1DS25%2F|target:_blank&#8221;][\/vc_column][\/vc_row] [&#8230;]<\/p>\n<p><a class=\"btn btn-secondary understrap-read-more-link\" href=\"https:\/\/us.edu.pl\/wydzial\/wnst\/studia\/kandydat\/oferta-dydaktyczna\/data-science-i-sztuczna-inteligencja\/\">Read More&#8230;<\/a><\/p>\n","protected":false},"author":3553,"featured_media":0,"parent":2272,"menu_order":16,"comment_status":"closed","ping_status":"closed","template":"page-templates\/page-with-sidebar-and-bookmarks.php","meta":{"_expiration-date-status":"","_expiration-date":0,"_expiration-date-type":"","_expiration-date-categories":[],"_expiration-date-options":[]},"acf":[],"_links":{"self":[{"href":"https:\/\/us.edu.pl\/wydzial\/wnst\/wp-json\/wp\/v2\/pages\/193655"}],"collection":[{"href":"https:\/\/us.edu.pl\/wydzial\/wnst\/wp-json\/wp\/v2\/pages"}],"about":[{"href":"https:\/\/us.edu.pl\/wydzial\/wnst\/wp-json\/wp\/v2\/types\/page"}],"author":[{"embeddable":true,"href":"https:\/\/us.edu.pl\/wydzial\/wnst\/wp-json\/wp\/v2\/users\/3553"}],"replies":[{"embeddable":true,"href":"https:\/\/us.edu.pl\/wydzial\/wnst\/wp-json\/wp\/v2\/comments?post=193655"}],"version-history":[{"count":10,"href":"https:\/\/us.edu.pl\/wydzial\/wnst\/wp-json\/wp\/v2\/pages\/193655\/revisions"}],"predecessor-version":[{"id":198142,"href":"https:\/\/us.edu.pl\/wydzial\/wnst\/wp-json\/wp\/v2\/pages\/193655\/revisions\/198142"}],"up":[{"embeddable":true,"href":"https:\/\/us.edu.pl\/wydzial\/wnst\/wp-json\/wp\/v2\/pages\/2272"}],"wp:attachment":[{"href":"https:\/\/us.edu.pl\/wydzial\/wnst\/wp-json\/wp\/v2\/media?parent=193655"}],"curies":[{"name":"wp","href":"https:\/\/api.w.org\/{rel}","templated":true}]}}