{"id":1954,"date":"2019-12-19T12:00:25","date_gmt":"2019-12-19T11:00:25","guid":{"rendered":"https:\/\/us.edu.pl\/wydzial\/wnst\/?page_id=1954"},"modified":"2022-11-18T10:40:12","modified_gmt":"2022-11-18T09:40:12","slug":"komunikaty-dla-pracownikow","status":"publish","type":"page","link":"https:\/\/us.edu.pl\/wydzial\/wnst\/strona-glowna\/komunikaty-dla-pracownikow\/","title":{"rendered":"pracownik"},"content":{"rendered":"<p>[vc_row el_class=&#8221;container&#8221;][vc_column width=&#8221;1\/2&#8243;][vc_wp_posts title=&#8221;Wiadomo\u015bci&#8221; number=&#8221;10&#8243; show_date=&#8221;1&#8243;][vc_row_inner css=&#8221;.vc_custom_1668764275614{background-color: #002e5a !important;}&#8221;][vc_column_inner][vc_wp_text]<\/p>\n<h3 style=\"text-align: center;\"><a href=\"https:\/\/www2.ncn.gov.pl\/baza-ofert\/\"><span style=\"color: #ffffff;\">Oferty pracy w projektach finansowanych przez NCN<\/span><\/a><\/h3>\n<p>[\/vc_wp_text][\/vc_column_inner][\/vc_row_inner][\/vc_column][vc_column width=&#8221;1\/2&#8243;]  <div class=\"announcements-wrap\"> \r\n\t\t\t\t\t\t\t\t\t<div class=\"announcements announcements_1\" style=\"background-color:\">\r\n                                <div class=\"section-title\">Komunikaty<\/div>\r\n                                \r\n                                <style>.gqhsgd.angle-list > li::before{color:  !important}<\/style><div class=\"d-flex flex-wrap\"><ul class=\"angle-list gqhsgd\" ><li > <a href = \"https:\/\/us.edu.pl\/wydzial\/wnst\/komunikaty\/godziny-dziekanskie-w-dniu-13-marca-2026-r-xx-swieto-liczby-pi\/\" style=\"color:\"> Godziny dzieka\u0144skie w dniu 13 marca 2026 r. | XX \u015awi\u0119to Liczby Pi <\/a > <\/li > <li > <a href = \"https:\/\/us.edu.pl\/wydzial\/wnst\/komunikaty\/oferta-pracy-doktorant-stypendysta-konkurs-ncn-26-01-2026\/\" style=\"color:\"> Oferta pracy doktorant &#8211; stypendysta | 26.01.2026 <\/a > <\/li > <li > <a href = \"https:\/\/us.edu.pl\/wydzial\/wnst\/komunikaty\/oferta-pracy-student-stypendysta-w-dyscyplinie-nauk-fizycznych-25-01-2026\/\" style=\"color:\"> Oferta pracy student &#8211; stypendysta w dyscyplinie nauk fizycznych | 25.01.2026 <\/a > <\/li > <li > <a href = \"https:\/\/us.edu.pl\/wydzial\/wnst\/komunikaty\/biuro-organizacyjne-i-dziekanat-w-chorzowie-w-dniu-19-12-2025-r-nieczynne\/\" style=\"color:\"> Biuro Organizacyjne i Dziekanat w Chorzowie w dniu 19.12.2025 r. nieczynne <\/a > <\/li > <li > <a href = \"https:\/\/us.edu.pl\/wydzial\/wnst\/komunikaty\/konkurs-na-stanowisko-doktoranta-stypendysty-w-dyscyplinie-nauk-fizycznych-opus-27-20-11-2025-r\/\" style=\"color:\"> Konkurs na stanowisko doktoranta \u2013 stypendysty w dyscyplinie nauk fizycznych OPUS 27 | 20.11.2025 r. <\/a > <\/li > <li > <a href = \"https:\/\/us.edu.pl\/wydzial\/wnst\/komunikaty\/biura-organizacyjne-i-dziekanat-w-dniu-10-11-2025-r-nieczynne\/\" style=\"color:\"> Biura Organizacyjne i Dziekanat w dniu 10.11.2025 r. nieczynne <\/a > <\/li > <li > <a href = \"https:\/\/us.edu.pl\/wydzial\/wnst\/komunikaty\/konkurs-na-stanowisko-doktoranta-stypendysty-w-opus-27-28-10-2025\/\" style=\"color:\"> Konkurs na stanowisko doktoranta \u2013 stypendysty OPUS 27 | 28.10.2025 <\/a > <\/li > <li > <a href = \"https:\/\/us.edu.pl\/wydzial\/wnst\/komunikaty\/konkurs-na-stanowisko-doktoranta-stypendysty-w-instytucie-chemii-sonata16-22-10-2025\/\" style=\"color:\"> Konkurs na stanowisko doktoranta \u2013 stypendysty w Instytucie Chemii SONATA16 | 22.10.2025 <\/a > <\/li > <li > <a href = \"https:\/\/us.edu.pl\/wydzial\/wnst\/komunikaty\/konkurs-na-stanowisko-studenta-stypendysty-w-dyscyplinie-nauki-chemiczne-sonata20-24-10-2025\/\" style=\"color:\"> Konkurs na stanowisko studenta-stypendysty w dyscyplinie nauki chemiczne SONATA20 | 24.10.2025 <\/a > <\/li > <li > <a href = \"https:\/\/us.edu.pl\/wydzial\/wnst\/komunikaty\/konkurs-na-stanowisko-studenta-stypendysty-w-dyscyplinie-nauk-fizycznych-maestro-09-10-2025\/\" style=\"color:\"> Konkurs na stanowisko studenta-stypendysty w dyscyplinie nauk fizycznych MAESTRO | 09.10.2025 <\/a > <\/li > <\/ul><\/div><a href = \"https:\/\/us.edu.pl\/wydzial\/wnst\/komunikaty\/\" class=\"link-button\">Wszystko<\/a>\r\n\t\t\t\t\t\t\t\t\t<\/div>\r\n\t\t\t\t\t\t\t\t<\/div>[\/vc_column][\/vc_row][vc_row][vc_column]\n\t\t\t\t<input type=\"hidden\" name=\"promoted_only\" value=\"\">\n\t\t\t\t<input type=\"hidden\" name=\"order\" value=\"DESC\">\n\t\t\t\t<input type=\"hidden\" name=\"order_by\" value=\"post_date\">\n\n\t\t\t\t<div class=\"article-loop loop-section article-loop_tall color-blue\" style=\"background: \">\n\t\t\t\t\t <div class=\"container \">\n\t\t\t\t\t \t<div class=\"col-12 article-loop-gutter-left\">\n\t\t\t\t\t\t  <div class=\"article-loop-top loop-section-top\">\n\t\t\t\t\t\t\t\t<h2 class=\"section-title\">Poznajmy si\u0119<\/h2><div class=\"article-loop-top_right loop-section-top__right\" >\n\t\t\t\t\t\t\t\t\t <select name=\"sort\" title = \"filter by category\"\n\t\t\t\t\t\t\t\t\t\t  class=\"article-loop-sort\" >\n\t\t\t\t\t\t\t\t\t\t  <option value = \"\" selected disabled > filtrowanie wed\u0142ug kategorii<\/option>\n\t\t\t\t\t\t\t\t\t\t  <option value = \"18-479\" > Wszystko<\/option> <option data-link='https:\/\/us.edu.pl\/wydzial\/wnst\/category\/poznajmy-sie\/' value='18-479'>poznajmy si\u0119<\/option><\/select>    <a href = \"https:\/\/us.edu.pl\/wydzial\/wnst\/wszystko?title=Poznajmy+si%C4%99&order=DESC&order_by=post_date&categories%5B0%5D=18-479\" class=\"link-button \" > Wszystko<\/a><\/div>  \n\t\t\t\t\t\t  <\/div>\n\t\t\t\t\t\t  <div class=\"article-loop-main carousel\" data-home-url=\"https:\/\/us.edu.pl\/wydzial\/wnst\" >\n\t\t\t\t\t\t\t\t<a href = \"#\" data-slide = \"prev\" title=\"przesu\u0144 pasek Poznajmy si\u0119w lewo\" class=\"arrow\" >\n\t\t\t\t\t\t\t\t\t <em class=\"ci ci-arrow-left\" ><\/em >\n\t\t\t\t\t\t\t\t\t <span class=\"d-none\" > arrow<\/span >\n\t\t\t\t\t\t\t\t<\/a>\n\t \n\t\t\t\t\t\t\t\t<a href = \"#\" data-slide = \"next\" title=\"przesu\u0144 pasek Poznajmy si\u0119 w prawo\" class=\"arrow\" >\n\t\t\t\t\t\t\t\t\t <em class=\"ci ci-arrow-right\" ><\/em >\n\t\t\t\t\t\t\t\t\t <span class=\"d-none\" > arrow<\/span >\n\t\t\t\t\t\t\t\t<\/a>\n\t\t\t\t\t\t\t\t<div class=\"row items\" >\n\t\t\t\t\t\t\t\t\t \r\n            <article class=\"article-loop-post carousel-slide\">\r\n                <a href=\"https:\/\/us.edu.pl\/wydzial\/wnst\/2021\/06\/10\/poznajmy-sie-dr-inz-pawel-swit\/\" class=\"article-loop-post__thumbnail thumbnail\"\r\n                    style=\"background-image: url(https:\/\/us.edu.pl\/wydzial\/wnst\/wp-content\/uploads\/sites\/18\/Nieprzypisane\/Swit-Pawel-wyr-300x200.jpg)\">\r\n                    <span>wi\u0119cej<\/span>\r\n                <\/a>\r\n\r\n                <div class=\"article-loop-post__content\">\r\n                    <h3 class=\"article-loop-post__title\">\r\n                        <a href=\"https:\/\/us.edu.pl\/wydzial\/wnst\/2021\/06\/10\/poznajmy-sie-dr-inz-pawel-swit\/\">Poznajmy si\u0119 | dr in\u017c. Pawe\u0142 \u015awit<\/a>\r\n                    <\/h3>\r\n            \r\n                    <div class=\"article-loop-post__categories\">\r\n                        <a href=\"https:\/\/us.edu.pl\/wydzial\/wnst\/category\/badania\/\">badania<\/a><a href=\"https:\/\/us.edu.pl\/wydzial\/wnst\/category\/ich\/\">Instytut Chemii<\/a><a href=\"https:\/\/us.edu.pl\/wydzial\/wnst\/category\/poznajmy-sie\/\">poznajmy si\u0119<\/a>\r\n                    <\/div>    \r\n                <\/div>\r\n            <\/article>\r\n        \r\n            <article class=\"article-loop-post carousel-slide\">\r\n                <a href=\"https:\/\/us.edu.pl\/wydzial\/wnst\/2021\/06\/02\/poznajmy-sie\/\" class=\"article-loop-post__thumbnail thumbnail\"\r\n                    style=\"background-image: url(https:\/\/us.edu.pl\/wydzial\/wnst\/wp-content\/uploads\/sites\/18\/Nieprzypisane\/Argyrios-Anagnostopoulos-wyr-300x200.jpg)\">\r\n                    <span>wi\u0119cej<\/span>\r\n                <\/a>\r\n\r\n                <div class=\"article-loop-post__content\">\r\n                    <h3 class=\"article-loop-post__title\">\r\n                        <a href=\"https:\/\/us.edu.pl\/wydzial\/wnst\/2021\/06\/02\/poznajmy-sie\/\">Poznajmy si\u0119 | dr Argyrios Anagnostopoulos<\/a>\r\n                    <\/h3>\r\n            \r\n                    <div class=\"article-loop-post__categories\">\r\n                        <a href=\"https:\/\/us.edu.pl\/wydzial\/wnst\/category\/badania\/\">badania<\/a><a href=\"https:\/\/us.edu.pl\/wydzial\/wnst\/category\/ich\/\">Instytut Chemii<\/a><a href=\"https:\/\/us.edu.pl\/wydzial\/wnst\/category\/poznajmy-sie\/\">poznajmy si\u0119<\/a>\r\n                    <\/div>    \r\n                <\/div>\r\n            <\/article>\r\n        \r\n            <article class=\"article-loop-post carousel-slide\">\r\n                <a href=\"https:\/\/us.edu.pl\/wydzial\/wnst\/2021\/05\/26\/poznajmy-sie-dr-yaroslav-grosu\/\" class=\"article-loop-post__thumbnail thumbnail\"\r\n                    style=\"background-image: url(https:\/\/us.edu.pl\/wydzial\/wnst\/wp-content\/uploads\/sites\/18\/Nieprzypisane\/yaroslav-grosu-300x200.jpg)\">\r\n                    <span>wi\u0119cej<\/span>\r\n                <\/a>\r\n\r\n                <div class=\"article-loop-post__content\">\r\n                    <h3 class=\"article-loop-post__title\">\r\n                        <a href=\"https:\/\/us.edu.pl\/wydzial\/wnst\/2021\/05\/26\/poznajmy-sie-dr-yaroslav-grosu\/\">Poznajmy si\u0119 | dr Yaroslav Grosu<\/a>\r\n                    <\/h3>\r\n            \r\n                    <div class=\"article-loop-post__categories\">\r\n                        <a href=\"https:\/\/us.edu.pl\/wydzial\/wnst\/category\/badania\/\">badania<\/a><a href=\"https:\/\/us.edu.pl\/wydzial\/wnst\/category\/ich\/\">Instytut Chemii<\/a><a href=\"https:\/\/us.edu.pl\/wydzial\/wnst\/category\/poznajmy-sie\/\">poznajmy si\u0119<\/a>\r\n                    <\/div>    \r\n                <\/div>\r\n            <\/article>\r\n        \n\t\t\t\t\t\t\t\t<\/div>\n\t\t\t\t\t\t  <\/div>\n\t\t\t\t\t <\/div>\n\t\t\t\t\t <\/div>\n\t\t\t\t<\/div>[\/vc_column][\/vc_row]<\/p>","protected":false},"excerpt":{"rendered":"<p>[vc_row el_class=&#8221;container&#8221;][vc_column width=&#8221;1\/2&#8243;][vc_wp_posts title=&#8221;Wiadomo\u015bci&#8221; number=&#8221;10&#8243; show_date=&#8221;1&#8243;][vc_row_inner css=&#8221;.vc_custom_1668764275614{background-color: #002e5a !important;}&#8221;][vc_column_inner][vc_wp_text] Oferty pracy w projektach finansowanych przez NCN [\/vc_wp_text][\/vc_column_inner][\/vc_row_inner][\/vc_column][vc_column width=&#8221;1\/2&#8243;][\/vc_column][\/vc_row][vc_row][vc_column][\/vc_column][\/vc_row] [&#8230;]<\/p>\n<p><a class=\"btn btn-secondary understrap-read-more-link\" href=\"https:\/\/us.edu.pl\/wydzial\/wnst\/2021\/05\/26\/poznajmy-sie-dr-yaroslav-grosu\/\">Read More&#8230;<\/a><\/p>\n","protected":false},"author":92,"featured_media":0,"parent":103,"menu_order":5,"comment_status":"closed","ping_status":"closed","template":"","meta":{"_expiration-date-status":"saved","_expiration-date":0,"_expiration-date-type":"","_expiration-date-categories":[],"_expiration-date-options":[]},"acf":[],"_links":{"self":[{"href":"https:\/\/us.edu.pl\/wydzial\/wnst\/wp-json\/wp\/v2\/pages\/1954"}],"collection":[{"href":"https:\/\/us.edu.pl\/wydzial\/wnst\/wp-json\/wp\/v2\/pages"}],"about":[{"href":"https:\/\/us.edu.pl\/wydzial\/wnst\/wp-json\/wp\/v2\/types\/page"}],"author":[{"embeddable":true,"href":"https:\/\/us.edu.pl\/wydzial\/wnst\/wp-json\/wp\/v2\/users\/92"}],"replies":[{"embeddable":true,"href":"https:\/\/us.edu.pl\/wydzial\/wnst\/wp-json\/wp\/v2\/comments?post=1954"}],"version-history":[{"count":10,"href":"https:\/\/us.edu.pl\/wydzial\/wnst\/wp-json\/wp\/v2\/pages\/1954\/revisions"}],"predecessor-version":[{"id":161795,"href":"https:\/\/us.edu.pl\/wydzial\/wnst\/wp-json\/wp\/v2\/pages\/1954\/revisions\/161795"}],"up":[{"embeddable":true,"href":"https:\/\/us.edu.pl\/wydzial\/wnst\/wp-json\/wp\/v2\/pages\/103"}],"wp:attachment":[{"href":"https:\/\/us.edu.pl\/wydzial\/wnst\/wp-json\/wp\/v2\/media?parent=1954"}],"curies":[{"name":"wp","href":"https:\/\/api.w.org\/{rel}","templated":true}]}}