{"id":198640,"date":"2025-07-28T13:14:58","date_gmt":"2025-07-28T11:14:58","guid":{"rendered":"https:\/\/us.edu.pl\/wydzial\/wnst\/?page_id=198640"},"modified":"2025-10-29T21:51:23","modified_gmt":"2025-10-29T20:51:23","slug":"science-spark","status":"publish","type":"page","link":"https:\/\/us.edu.pl\/wydzial\/wnst\/wspolpraca\/szkoly\/science-spark\/","title":{"rendered":"Science SPARK"},"content":{"rendered":"<p>[vc_row][vc_column width=&#8221;1\/3&#8243;][vc_single_image image=&#8221;198631&#8243; img_size=&#8221;200&#215;100&#8243;][\/vc_column][vc_column width=&#8221;1\/3&#8243;][vc_single_image image=&#8221;18786&#8243; alignment=&#8221;center&#8221;][\/vc_column][vc_column width=&#8221;1\/3&#8243;][vc_single_image image=&#8221;198630&#8243; img_size=&#8221;200&#215;100&#8243;][\/vc_column][\/vc_row][vc_row][vc_column]<div class=\"container\"><div class=\"separator\" style=\"background-color: #002E5A\"><\/div><\/div>[\/vc_column][\/vc_row][vc_row][vc_column]\r\n                <div class=\"text-modules\">\r\n                    <div class=\"container\">\r\n                        <h3 class=\"page-title text__title\">Science SPARK - Szko\u0142a, Pasja, Aktywno\u015b\u0107, Rozw\u00f3j, Kreatywno\u015b\u0107<\/h3>\r\n                        <div class=\"text-modules__content\"><p><b><span data-contrast=\"none\">Opis:<\/span><\/b><span data-ccp-props=\"{&quot;134233117&quot;:true,&quot;134233118&quot;:true,&quot;201341983&quot;:0,&quot;335551550&quot;:6,&quot;335551620&quot;:6,&quot;335559740&quot;:276}\">\u00a0<\/span><\/p>\n<p>Inicjatywa stawia na rozwijanie kreatywno\u015bci, wyobra\u017ani, my\u015blenia analitycznego i naturalnej ciekawo\u015bci poznawczej dzieci i m\u0142odzie\u017cy szkolnej w r\u00f3\u017cnych dziedzinach wiedzy nauk \u015bcis\u0142ych i technicznych. Projekt d\u0105\u017cy do popularyzacji nauki w przyst\u0119pny i anga\u017cuj\u0105cy spos\u00f3b, podkre\u015blaj\u0105c znaczenie nauki w codziennym \u017cyciu.<\/p>\n<p><b><span data-contrast=\"none\">Cele\u00a0projektu:<\/span><\/b><span data-ccp-props=\"{&quot;134233117&quot;:true,&quot;134233118&quot;:true,&quot;201341983&quot;:0,&quot;335551550&quot;:6,&quot;335551620&quot;:6,&quot;335559740&quot;:240}\">\u00a0<\/span><\/p>\n<ol>\n<li>Budowanie pozytywnego wizerunku nauki, w szczeg\u00f3lno\u015bci STEM, inspiruj\u0105c m\u0142odych ludzi do rozwoju i poznania otaczaj\u0105cego \u015bwiata.<\/li>\n<li>W ramach projektu zaplanowano realizacj\u0119 zaj\u0119\u0107 pozaszkolnych z zakresu STEM: wyk\u0142ad\u00f3w interdyscyplinarnych z pokazami eksperyment\u00f3w, warsztat\u00f3w tematycznych oraz tutoringu dla uczni\u00f3w szk\u00f3\u0142 podstawowych i ponadpodstawowych.<\/li>\n<li>Organizacja konferencji &#8211; w czasie warsztat\u00f3w i wyk\u0142ad\u00f3w nauczyciele nauk przyrodniczych i \u015bcis\u0142ych podnios\u0105 swoje kompetencje dydaktyczne w zakresie bardziej efektywnego i kreatywnego przekazywania wiedzy i umiej\u0119tno\u015bci uczniom w ramach nauczania przedmiot\u00f3w \u015bcis\u0142ych.<\/li>\n<\/ol>\n<p><b><span data-contrast=\"none\">Termin realizacji:<\/span><\/b><span data-ccp-props=\"{&quot;134233117&quot;:true,&quot;134233118&quot;:true,&quot;201341983&quot;:0,&quot;335559740&quot;:240}\">\u00a0<\/span><\/p>\n<p><span data-contrast=\"none\">01.10.2025 &#8211; 31.12.2025<\/span><\/p>\n<p><strong>Dofinansowanie projektu ze \u015brodk\u00f3w Ministra Edukacji i Nauki<\/strong><\/p>\n<p><span data-contrast=\"auto\">316 682,00 z\u0142<\/span><\/p>\n<p><span data-ccp-props=\"{&quot;134233117&quot;:true,&quot;134233118&quot;:true,&quot;201341983&quot;:0,&quot;335559740&quot;:276}\"><b>Ca\u0142kowita warto\u015b\u0107<\/b>\u00a0<\/span><\/p>\n<p><span data-contrast=\"auto\">333 350,00 z\u0142<\/span><\/p>\n<p><b><span data-contrast=\"none\">Kierownik projektu:<\/span><\/b><span data-ccp-props=\"{&quot;201341983&quot;:0,&quot;335559739&quot;:160,&quot;335559740&quot;:276}\">\u00a0<\/span><\/p>\n<ul>\n<li data-leveltext=\"\uf0b7\" data-font=\"Symbol\" data-listid=\"1\" aria-setsize=\"-1\" data-aria-posinset=\"1\" data-aria-level=\"1\">dr Marcin \u0141aciak, prof. U\u015a<\/li>\n<\/ul>\n<p><span data-contrast=\"none\"><strong>Koordynator ds. administracyjnych i sprawozdawczo\u015bci:<\/strong><\/span><\/p>\n<ul>\n<li><span data-contrast=\"none\">mgr Patrycja Wajda-Mierzwa<\/span><\/li>\n<\/ul>\n<p><b>Koordynatorzy<span data-contrast=\"none\">\u00a0zada\u0144:<\/span><\/b><span data-ccp-props=\"{&quot;201341983&quot;:0,&quot;335559739&quot;:160,&quot;335559740&quot;:276}\">\u00a0<\/span><\/p>\n<ul>\n<li>Zadanie 1 &#8211; Wyk\u0142ady interdyscyplinarne z pokazami eksperyment\u00f3w \u201eNauka wok\u00f3\u0142 nas\u201d &#8211; dr Aneta Szczygielska-\u0141aciak, prof. U\u015a<\/li>\n<li>Zadanie 2 &#8211; Warsztaty tematyczne dla uczni\u00f3w szk\u00f3\u0142 \u015brednich &#8211; dr Marcin \u0141aciak, prof. U\u015a<\/li>\n<li>Zadanie 3 &#8211; Tutoring \u201eZ Naukowcem r\u0119ka w r\u0119k\u0119\u201d &#8211; dr hab. Ma\u0142gorzata Karolus, prof. U\u015a<\/li>\n<li>Zadanie 4 &#8211; Konferencja &#8211; dr hab. Katarzyna Schmidt, prof. U\u015a<\/li>\n<\/ul>\n<p><a href=\"https:\/\/us.edu.pl\/wydzial\/wnst\/wp-content\/uploads\/sites\/18\/Szkoly\/Spark\/plakat.pdf\" class=\"mtli_attachment mtli_pdf\" data-mtli=\"mtli_filesize1,12MB\" class=\"mtli_attachment mtli_pdf\" data-mtli=\"mtli_filesize1,12MB\"><span style=\"color: #000000;\">Plakat informacyjny<\/span><\/a><\/p>\n<p><b><span data-contrast=\"none\">Akty prawne:<\/span><\/b><span data-ccp-props=\"{&quot;201341983&quot;:0,&quot;335559739&quot;:160,&quot;335559740&quot;:276}\">\u00a0<\/span><\/p>\n<ul>\n<li><span style=\"color: #ff0000;\">Zarz\u0105dzenie Rektora nr \/2025<\/span><\/li>\n<li><span style=\"color: #ff0000;\">Zarz\u0105dzenie Rektora nr \/2025<\/span><\/li>\n<li><span style=\"color: #ff0000;\">Zarz\u0105dzenie Rektora nr \/2025<\/span><\/li>\n<li><span style=\"color: #ff0000;\">O\u015bwiadczenie o zapoznaniu z regulaminem oraz klauzula RODO<\/span><\/li>\n<\/ul>\n<p>\n<style type=\"text\/css\">a[data-mtli~=\"mtli_filesize1,12MB\"]:after {content:\" (1,12 MB)\"}<\/style><\/div>\r\n                    <\/div>\r\n                <\/div>[\/vc_column][\/vc_row][vc_row][vc_column]<div class=\"container\"><div class=\"separator\" style=\"background-color: #002E5A\"><\/div><\/div>[\/vc_column][vc_column]\r\n                <div class=\"text-modules\">\r\n                    <div class=\"container\">\r\n                        \r\n                        <div class=\"text-modules__content\"><\/p>\n<p style=\"text-align: center;\">Projekt \u201eScience SPARK &#8211; Szko\u0142a, Pasja, Aktywno\u015b\u0107, Rozw\u00f3j, Kreatywno\u015b\u0107\u201d realizowany jest w ramach programu \u201eOdkrywcy\u201d.<\/p>\n<p style=\"text-align: center;\">Zadanie finansowane ze \u015brodk\u00f3w Ministra Edukacji.<\/p>\n<p>\n<\/div>\r\n                    <\/div>\r\n                <\/div>[\/vc_column][\/vc_row]<\/p>\n<style type=\"text\/css\">a[data-mtli~=\"mtli_filesize1,12MB\"]:after {content:\" (1,12 MB)\"}<\/style>","protected":false},"excerpt":{"rendered":"<p>[vc_row][vc_column width=&#8221;1\/3&#8243;][vc_single_image image=&#8221;198631&#8243; img_size=&#8221;200&#215;100&#8243;][\/vc_column][vc_column width=&#8221;1\/3&#8243;][vc_single_image image=&#8221;18786&#8243; alignment=&#8221;center&#8221;][\/vc_column][vc_column width=&#8221;1\/3&#8243;][vc_single_image image=&#8221;198630&#8243; img_size=&#8221;200&#215;100&#8243;][\/vc_column][\/vc_row][vc_row][vc_column][\/vc_column][\/vc_row][vc_row][vc_column][\/vc_column][\/vc_row][vc_row][vc_column][\/vc_column][vc_column][\/vc_column][\/vc_row] [&#8230;]<\/p>\n<p><a class=\"btn btn-secondary understrap-read-more-link\" href=\"https:\/\/us.edu.pl\/wydzial\/wnst\/wspolpraca\/szkoly\/science-spark\/\">Read More&#8230;<\/a><\/p>\n","protected":false},"author":104,"featured_media":0,"parent":680,"menu_order":0,"comment_status":"closed","ping_status":"closed","template":"page-templates\/page-with-sidebar.php","meta":{"_expiration-date-status":"","_expiration-date":0,"_expiration-date-type":"","_expiration-date-categories":[],"_expiration-date-options":[]},"acf":[],"_links":{"self":[{"href":"https:\/\/us.edu.pl\/wydzial\/wnst\/wp-json\/wp\/v2\/pages\/198640"}],"collection":[{"href":"https:\/\/us.edu.pl\/wydzial\/wnst\/wp-json\/wp\/v2\/pages"}],"about":[{"href":"https:\/\/us.edu.pl\/wydzial\/wnst\/wp-json\/wp\/v2\/types\/page"}],"author":[{"embeddable":true,"href":"https:\/\/us.edu.pl\/wydzial\/wnst\/wp-json\/wp\/v2\/users\/104"}],"replies":[{"embeddable":true,"href":"https:\/\/us.edu.pl\/wydzial\/wnst\/wp-json\/wp\/v2\/comments?post=198640"}],"version-history":[{"count":5,"href":"https:\/\/us.edu.pl\/wydzial\/wnst\/wp-json\/wp\/v2\/pages\/198640\/revisions"}],"predecessor-version":[{"id":200627,"href":"https:\/\/us.edu.pl\/wydzial\/wnst\/wp-json\/wp\/v2\/pages\/198640\/revisions\/200627"}],"up":[{"embeddable":true,"href":"https:\/\/us.edu.pl\/wydzial\/wnst\/wp-json\/wp\/v2\/pages\/680"}],"wp:attachment":[{"href":"https:\/\/us.edu.pl\/wydzial\/wnst\/wp-json\/wp\/v2\/media?parent=198640"}],"curies":[{"name":"wp","href":"https:\/\/api.w.org\/{rel}","templated":true}]}}