{"id":198810,"date":"2025-07-28T15:07:26","date_gmt":"2025-07-28T13:07:26","guid":{"rendered":"https:\/\/us.edu.pl\/wydzial\/wnst\/?page_id=198810"},"modified":"2025-10-29T21:49:43","modified_gmt":"2025-10-29T20:49:43","slug":"science-spark-kontakt","status":"publish","type":"page","link":"https:\/\/us.edu.pl\/wydzial\/wnst\/wspolpraca\/szkoly\/science-spark\/science-spark-kontakt\/","title":{"rendered":"Science SPARK &#8211; kontakt"},"content":{"rendered":"<p>[vc_row][vc_column width=&#8221;1\/3&#8243;][vc_single_image image=&#8221;198631&#8243; img_size=&#8221;200&#215;100&#8243;][\/vc_column][vc_column width=&#8221;1\/3&#8243;][vc_single_image image=&#8221;18786&#8243; alignment=&#8221;center&#8221;][\/vc_column][vc_column width=&#8221;1\/3&#8243;][vc_single_image image=&#8221;198630&#8243; img_size=&#8221;200&#215;100&#8243;][\/vc_column][\/vc_row][vc_row][vc_column]<div class=\"container\"><div class=\"separator\" style=\"background-color: #002E5A\"><\/div><\/div>[\/vc_column][\/vc_row][vc_row][vc_column]\r\n                <div class=\"text-modules\">\r\n                    <div class=\"container\">\r\n                        <h3 class=\"page-title text__title\">Kontakt<\/h3>\r\n                        <div class=\"text-modules__content\"><p>Wszystkie pytania og\u00f3lne dotycz\u0105ce projektu prosimy kierowa\u0107 poczt\u0105 elektroniczn\u0105 na adres:<\/p>\n<p><a href=\"mailto:marcin.laciak@us.edu.pl\">marcin.laciak@us.edu.pl<\/a><\/p>\n<p>lub telefonicznie pod numerem:<\/p>\n<p>tel. 32 349-77-42<\/p>\n<p>&nbsp;<\/p>\n<p>Wszystkie pytania dotycz\u0105ce wyk\u0142ad\u00f3w &#8222;Nauka wok\u00f3\u0142 nas&#8221; prosimy kierowa\u0107 poczt\u0105 elektroniczn\u0105 na adres:<\/p>\n<p><a href=\"mailto:aneta.szczygielska@us.edu.pl\">aneta.szczygielska@us.edu.pl<\/a><\/p>\n<p>&nbsp;<\/p>\n<p>Wszystkie pytania dotycz\u0105ce tutoringu prosimy kierowa\u0107 poczt\u0105 elektroniczn\u0105 na adres:<\/p>\n<p><a href=\"https:\/\/us.edu.pl\/wydzial\/wnst\/wspolpraca\/szkoly\/z-nauka-za-pan-brat\/kontakt\/malgorzata.karolus@us.edu.pl\">malgorzata.karolus@us.edu.pl<\/a><\/p>\n<p>&nbsp;<\/p>\n<p>Wszystkie pytania dotycz\u0105ce warsztat\u00f3w prosimy kierowa\u0107 poczt\u0105 elektroniczn\u0105 na adres:<\/p>\n<p><a href=\"mailto:marcin.laciak@us.edu.pl\">marcin.laciak@us.edu.pl<\/a><\/p>\n<p>&nbsp;<\/p>\n<p>Wszystkie pytania dotycz\u0105ce konferencji &#8222;Mosty do przysz\u0142o\u015bci&#8221; prosimy kierowa\u0107 poczt\u0105 elektroniczn\u0105 na adres:<\/p>\n<p><a href=\"mailto:katarzyna.schmidt@us.edu.pl\">katarzyna.schmidt@us.edu.pl<\/a><\/p>\n<\/div>\r\n                    <\/div>\r\n                <\/div>[\/vc_column][\/vc_row][vc_row][vc_column]<div class=\"container\"><div class=\"separator\" style=\"background-color: #002E5A\"><\/div><\/div>[\/vc_column][vc_column]\r\n                <div class=\"text-modules\">\r\n                    <div class=\"container\">\r\n                        \r\n                        <div class=\"text-modules__content\"><\/p>\n<p style=\"text-align: center;\">Projekt \u201eScience SPARK &#8211; Szko\u0142a, Pasja, Aktywno\u015b\u0107, Rozw\u00f3j, Kreatywno\u015b\u0107\u201d realizowany jest w ramach programu \u201eOdkrywcy\u201d.<\/p>\n<p style=\"text-align: center;\">Zadanie finansowane ze \u015brodk\u00f3w Ministra Edukacji.<\/p>\n<p>\n<\/div>\r\n                    <\/div>\r\n                <\/div>[\/vc_column][\/vc_row]<\/p>","protected":false},"excerpt":{"rendered":"<p>[vc_row][vc_column width=&#8221;1\/3&#8243;][vc_single_image image=&#8221;198631&#8243; img_size=&#8221;200&#215;100&#8243;][\/vc_column][vc_column width=&#8221;1\/3&#8243;][vc_single_image image=&#8221;18786&#8243; alignment=&#8221;center&#8221;][\/vc_column][vc_column width=&#8221;1\/3&#8243;][vc_single_image image=&#8221;198630&#8243; img_size=&#8221;200&#215;100&#8243;][\/vc_column][\/vc_row][vc_row][vc_column][\/vc_column][\/vc_row][vc_row][vc_column][\/vc_column][\/vc_row][vc_row][vc_column][\/vc_column][vc_column][\/vc_column][\/vc_row] [&#8230;]<\/p>\n<p><a class=\"btn btn-secondary understrap-read-more-link\" href=\"https:\/\/us.edu.pl\/wydzial\/wnst\/wspolpraca\/szkoly\/science-spark\/science-spark-kontakt\/\">Read More&#8230;<\/a><\/p>\n","protected":false},"author":104,"featured_media":0,"parent":198640,"menu_order":100,"comment_status":"closed","ping_status":"closed","template":"page-templates\/page-with-sidebar.php","meta":{"_expiration-date-status":"","_expiration-date":0,"_expiration-date-type":"","_expiration-date-categories":[],"_expiration-date-options":[]},"acf":[],"_links":{"self":[{"href":"https:\/\/us.edu.pl\/wydzial\/wnst\/wp-json\/wp\/v2\/pages\/198810"}],"collection":[{"href":"https:\/\/us.edu.pl\/wydzial\/wnst\/wp-json\/wp\/v2\/pages"}],"about":[{"href":"https:\/\/us.edu.pl\/wydzial\/wnst\/wp-json\/wp\/v2\/types\/page"}],"author":[{"embeddable":true,"href":"https:\/\/us.edu.pl\/wydzial\/wnst\/wp-json\/wp\/v2\/users\/104"}],"replies":[{"embeddable":true,"href":"https:\/\/us.edu.pl\/wydzial\/wnst\/wp-json\/wp\/v2\/comments?post=198810"}],"version-history":[{"count":4,"href":"https:\/\/us.edu.pl\/wydzial\/wnst\/wp-json\/wp\/v2\/pages\/198810\/revisions"}],"predecessor-version":[{"id":198872,"href":"https:\/\/us.edu.pl\/wydzial\/wnst\/wp-json\/wp\/v2\/pages\/198810\/revisions\/198872"}],"up":[{"embeddable":true,"href":"https:\/\/us.edu.pl\/wydzial\/wnst\/wp-json\/wp\/v2\/pages\/198640"}],"wp:attachment":[{"href":"https:\/\/us.edu.pl\/wydzial\/wnst\/wp-json\/wp\/v2\/media?parent=198810"}],"curies":[{"name":"wp","href":"https:\/\/api.w.org\/{rel}","templated":true}]}}