{"id":200143,"date":"2025-08-27T17:54:24","date_gmt":"2025-08-27T15:54:24","guid":{"rendered":"https:\/\/us.edu.pl\/wydzial\/wnst\/?page_id=200143"},"modified":"2026-01-28T13:46:57","modified_gmt":"2026-01-28T12:46:57","slug":"warsztaty-tematyczne-dla-uczniow-szkol-srednich","status":"publish","type":"page","link":"https:\/\/us.edu.pl\/wydzial\/wnst\/wspolpraca\/szkoly\/science-spark\/warsztaty-tematyczne-dla-uczniow-szkol-srednich\/","title":{"rendered":"Warsztaty tematyczne dla uczni\u00f3w szk\u00f3\u0142 \u015brednich"},"content":{"rendered":"<p>[vc_row][vc_column width=&#8221;1\/3&#8243;][vc_single_image image=&#8221;198631&#8243; img_size=&#8221;200&#215;100&#8243;][\/vc_column][vc_column width=&#8221;1\/3&#8243;][vc_single_image image=&#8221;18786&#8243; alignment=&#8221;center&#8221;][\/vc_column][vc_column width=&#8221;1\/3&#8243;][vc_single_image image=&#8221;198630&#8243; img_size=&#8221;200&#215;100&#8243;][\/vc_column][\/vc_row][vc_row][vc_column]<div class=\"container\"><div class=\"separator\" style=\"background-color: #002E5A\"><\/div><\/div>[\/vc_column][\/vc_row][vc_row][vc_column]\r\n                <div class=\"text-modules\">\r\n                    <div class=\"container\">\r\n                        \r\n                        <div class=\"text-modules__content\"><p><img class=\"alignleft wp-image-171098 size-medium\" src=\"https:\/\/us.edu.pl\/wydzial\/wnst\/wp-content\/uploads\/sites\/18\/Szkoly\/Z-nauka-za-pan-brat\/logotypy\/Blizej-nauki_kolor-300x223.png\" alt=\"\" width=\"300\" height=\"223\" srcset=\"https:\/\/us.edu.pl\/wydzial\/wnst\/wp-content\/uploads\/sites\/18\/Szkoly\/Z-nauka-za-pan-brat\/logotypy\/Blizej-nauki_kolor-300x223.png 300w, https:\/\/us.edu.pl\/wydzial\/wnst\/wp-content\/uploads\/sites\/18\/Szkoly\/Z-nauka-za-pan-brat\/logotypy\/Blizej-nauki_kolor-1024x760.png 1024w, https:\/\/us.edu.pl\/wydzial\/wnst\/wp-content\/uploads\/sites\/18\/Szkoly\/Z-nauka-za-pan-brat\/logotypy\/Blizej-nauki_kolor-768x570.png 768w, https:\/\/us.edu.pl\/wydzial\/wnst\/wp-content\/uploads\/sites\/18\/Szkoly\/Z-nauka-za-pan-brat\/logotypy\/Blizej-nauki_kolor-1536x1140.png 1536w, https:\/\/us.edu.pl\/wydzial\/wnst\/wp-content\/uploads\/sites\/18\/Szkoly\/Z-nauka-za-pan-brat\/logotypy\/Blizej-nauki_kolor-2048x1521.png 2048w, https:\/\/us.edu.pl\/wydzial\/wnst\/wp-content\/uploads\/sites\/18\/Szkoly\/Z-nauka-za-pan-brat\/logotypy\/Blizej-nauki_kolor-575x427.png 575w\" sizes=\"(max-width: 300px) 100vw, 300px\" \/>Celem g\u0142\u00f3wnym warsztat\u00f3w jest zaznajomienie uczestnik\u00f3w z warsztatem pracy naukowca oraz wzrost ich wiedzy o aktualnych trendach badawczych w naukach \u015bcis\u0142ych, technicznych i przyrodniczych.<\/p>\n<p><strong>Warsztaty\u00a0dedykowane s\u0105 uczniom wszystkich klas, wszystkich typ\u00f3w szk\u00f3\u0142 \u015brednich.\u00a0<\/strong><\/p>\n<p><strong>Udzia\u0142 w projekcie jest bezp\u0142atny.<\/strong><\/p>\n<p><strong>Ka\u017cdy ucze\u0144 mo\u017ce wzi\u0105\u0107 udzia\u0142 tylko w jednym warsztacie tematycznym.<\/strong><\/p>\n<p>Zaj\u0119cia prowadzone b\u0119d\u0105 w laboratoriach i pracowniach znajduj\u0105cych si\u0119 na Wydziale Nauk \u015acis\u0142ych i Technicznych Uniwersytetu \u015al\u0105skiego oraz Wydziale Nauk Przyrodniczych.<\/p>\n<p>Podczas warsztat\u00f3w uczestnicy b\u0119d\u0105 mieli okazj\u0119 w praktyce przekona\u0107 si\u0119, na czym polega praca naukowca, osobi\u015bcie przeprowadz\u0105 proste eksperymenty naukowe z\u00a0wykorzystaniem odczynnik\u00f3w, pomocy dydaktycznych, sprz\u0119tu laboratoryjnego i sprz\u0119tu komputerowego.<\/p>\n<p>Warsztaty prowadzone b\u0119d\u0105 przez wykwalifikowanych wyk\u0142adowc\u00f3w, dydaktyk\u00f3w z\u202fWydzia\u0142u Nauk \u015acis\u0142ych i Technicznych\u00a0oraz Wydzia\u0142u Nauk Przyrodniczych Uniwersytetu \u015al\u0105skiego oraz specjalist\u00f3w ze wsp\u00f3\u0142pracuj\u0105cych jednostek naukowych i dydaktycznych. Wyk\u0142adowcy wprowadz\u0105 s\u0142uchaczy w\u00a0\u015bwiat nauki i nowoczesnych technologii. Zakres materia\u0142u b\u0119dzie odwo\u0142ywa\u0142 si\u0119 do podstawy\u00a0programowej szk\u00f3\u0142 \u015brednich w danej dziedzinie jak i zawiera\u0142 tre\u015bci znacznie rozszerzaj\u0105ce wiedz\u0119 uczestnik\u00f3w.<\/p>\n<p><strong>Ka\u017cdy z temat\u00f3w to 15h dydaktycznych zaj\u0119\u0107. <\/strong>Zaj\u0119cia b\u0119d\u0105 si\u0119 odbywa\u0142y w terminach przedstawionych poni\u017cej. Wyk\u0142adowcy zastrzegaj\u0105 sobie prawo do zmiany termin\u00f3w zaj\u0119\u0107.<\/p>\n<\/div>\r\n                    <\/div>\r\n                <\/div>\r\n                <div class=\"text-modules\">\r\n                    <div class=\"container\">\r\n                        <h3 class=\"page-title text__title\">Informacje o warsztatach<\/h3>\r\n                        <div class=\"text-modules__content\"><p><strong>DNA w biotechnologii ro\u015blin<\/strong><\/p>\n<ul>\n<li>Opis warsztatu: izolacja DNA, PCR, elektroforeza agarozowa, transformacja genetyczna, regeneracja w kulturze in vitro<\/li>\n<li>Prowadz\u0105cy: dr Barbara W\u00f3jcikowska, dr Katarzyna Nowak<\/li>\n<li>Miejsce realizacji warsztat\u00f3w: Wydzia\u0142 Nauk Przyrodniczych, Jagiello\u0144ska 28, Katowice<\/li>\n<li>Terminy spotka\u0144: 25.10.2025, 8.11.2025, 15.11.2025, 22.11.2025, 29.11.2025, godz. 9:00-11:15<\/li>\n<li>Ilo\u015b\u0107 miejsc: 8<\/li>\n<\/ul>\n<p>&nbsp;<\/p>\n<p><strong>Technologie 3D bez tajemnic skanowanie, mikrotomografia, druk<\/strong><\/p>\n<ul>\n<li>Opis warsztatu: Warsztaty b\u0119d\u0105 podzielone na 3 cz\u0119\u015bci i b\u0119d\u0105 dotyczy\u0142y: mikrotomografii komputerowej i badania budowy wewn\u0119trznej obiekt\u00f3w technicznych i biologicznych; skanowania 3D z wykorzystaniem skaner\u00f3w \u015bwiat\u0142a strukturalnego; drukowania 3d w technologiach FFF\/FDM oraz SLA.<\/li>\n<li>Prowadz\u0105cy: dr in\u017c. Piotr Duda, prof. U\u015a<\/li>\n<li>Miejsce realizacji warsztat\u00f3w: Wydzia\u0142 Nauk \u015bcis\u0142ych i Technicznych, ul. 75 Pu\u0142ku Piechoty 1 (Budynek H), Chorz\u00f3w, sala P8 Laboratorium Mikrotomografii<\/li>\n<li>Terminy spotka\u0144: 07.11.2025, 21.11.2025<\/li>\n<li>Ilo\u015b\u0107 miejsc: 8<\/li>\n<\/ul>\n<p>&nbsp;<\/p>\n<p><strong>Programowanie rzeczywisto\u015bci &#8211; Internet rzeczy IoT<\/strong><\/p>\n<ul>\n<li>Opis warsztatu: Na zaj\u0119ciach zbudujemy, oprogramujemy i uruchomimy proste uk\u0142ady internetu rzeczy. Znajomo\u015b\u0107 pythona nie jest wymagana, chocia\u017c przydatna<\/li>\n<li>Prowadz\u0105cy: dr hab. in\u017c. Micha\u0142 Mierzwa, prof. U\u015a<\/li>\n<li>Miejsce realizacji warsztat\u00f3w: Wydzia\u0142 Nauk \u015bcis\u0142ych i Technicznych, ul. 75 Pu\u0142ku Piechoty 1A (nowy budynek), Chorz\u00f3w<\/li>\n<li>Terminy spotka\u0144: 15.11.2025, 22.11.2025, 29.11.2025<\/li>\n<li>Ilo\u015b\u0107 miejsc: 8<\/li>\n<\/ul>\n<p>&nbsp;<\/p>\n<p><strong>Inteligentny pojazd?<\/strong><\/p>\n<ul>\n<li>Opis warsztatu: fizyka i matematyka w zastosowaniach &#8211; programowanie LEGO MINDSTORMS(SPIKE)<\/li>\n<li>Prowadz\u0105cy: dr Jolanta Sobera<\/li>\n<li>Miejsce realizacji warsztat\u00f3w: Wydzia\u0142 Nauk \u015bcis\u0142ych i Technicznych, ul.Bankowa 14, Katowice, sala 215<\/li>\n<li>Terminy spotka\u0144: 15.11.2025, 22.11.2025, 29.11.2025 godziny 9:00-13:15<\/li>\n<li>Ilo\u015b\u0107 miejsc: 8<\/li>\n<\/ul>\n<p>&nbsp;<\/p>\n<p><strong>In\u017cynieria Materia\u0142owa: Projektowanie \u015awiata<\/strong><\/p>\n<ul>\n<li>Opis warsztatu: Czy zastanawia\u0142e\u015b si\u0119 kiedy\u015b, jak to jest projektowa\u0107 materi\u0119? Od najnowocze\u015bniejszych smartfon\u00f3w, przez energooszcz\u0119dne budynki, a\u017c po sprz\u0119t kosmiczny \u2013 za wszystkim stoi In\u017cynieria Materia\u0142owa. To tu chemia, fizyka i in\u017cynieria spotykaj\u0105 si\u0119, by tworzy\u0107 przysz\u0142o\u015b\u0107. Zapraszamy na intensywne, praktyczne warsztaty, podczas kt\u00f3rych przestaniesz by\u0107 tylko u\u017cytkownikiem, a staniesz si\u0119 projektantem i tw\u00f3rc\u0105 materia\u0142\u00f3w! Przygotuj si\u0119 na brudzenie r\u0105k, intensywn\u0105 prac\u0119 grupow\u0105 i mn\u00f3stwo praktycznych wyzwa\u0144 in\u017cynierskich, aby samodzielnie stworzy\u0107 innowacyjne substancje i zamieni\u0107 je w ma\u0142e dzie\u0142a sztuki lub funkcjonalne prototypy. Poznasz te\u017c w\u0142asno\u015bci materia\u0142\u00f3w i spr\u00f3bujesz je sprawdzi\u0107!<\/li>\n<li>Prowadz\u0105cy: dr in\u017c. Izabela Matu\u0142a, prof. U\u015a dr Justyna Jurek-Suliga dr Magdalena Szklarska<\/li>\n<li>Miejsce realizacji warsztat\u00f3w: Wydzia\u0142 Nauk \u015bcis\u0142ych i Technicznych, ul. 75 Pu\u0142ku Piechoty 1A (nowy budynek), Chorz\u00f3w<\/li>\n<li>Terminy spotka\u0144: 15.11.2025, 22.11.2025, 29.11.2025, godziny 9:00-13:00<\/li>\n<li>Ilo\u015b\u0107 miejsc: 8<\/li>\n<\/ul>\n<p>&nbsp;<\/p>\n<p><strong>Od danych do wniosk\u00f3w: Python w naukach \u015bcis\u0142ych<\/strong><\/p>\n<ul>\n<li>Opis warsztatu: Warsztaty po\u015bwi\u0119cone praktycznemu wykorzystaniu j\u0119zyka Python w analizie danych naukowych. Uczestnicy b\u0119d\u0105 mieli okazj\u0119 pracowa\u0107 na przyk\u0142adach zwi\u0105zanych z przetwarzaniem i analiz\u0105 sekwencji oraz obraz\u00f3w, z zastosowaniem narz\u0119dzi sztucznej inteligencji. Celem zaj\u0119\u0107 jest rozwijanie umiej\u0119tno\u015bci eksploracji danych, wizualizacji wynik\u00f3w oraz tworzenia prostych modeli analitycznych wspieraj\u0105cych badania w naukach \u015bcis\u0142ych.<\/li>\n<li>Prowadz\u0105cy: dr Paulina Trybek, dr Bartosz Dziewit<\/li>\n<li>Miejsce realizacji warsztat\u00f3w: Wydzia\u0142 Nauk \u015bcis\u0142ych i Technicznych, ul. 75 Pu\u0142ku Piechoty 1A (nowy budynek), Chorz\u00f3w<\/li>\n<li>Terminy spotka\u0144: do ustalenia<\/li>\n<li>Ilo\u015b\u0107 miejsc: 8<\/li>\n<\/ul>\n<p>&nbsp;<\/p>\n<p><strong>Fizyka w do\u015bwiadczeniach<\/strong><\/p>\n<ul>\n<li>Opis warsztatu: W czasie warsztat\u00f3w dokonamy pomiar\u00f3w podstawowych wielko\u015bci fizycznych. Zag\u0142\u0119bimy si\u0119 w \u015bwiat mechaniki, elektryczno\u015bci i fal. We\u017amiesz r\u00f3wnie\u017c udzia\u0142 w efektownych pokazach eksperyment\u00f3w. Warsztaty rozwijaj\u0105 umiej\u0119tno\u015b\u0107 precyzyjnego my\u015blenia, pracy badawczej i analizy danych &#8211; przydatnych nie tylko w fizyce. Fizyka to nie tylko wzory, ale prawdziwe do\u015bwiadczenia, a ka\u017cdy pomiar to krok do zrozumienia \u015bwiata!<\/li>\n<li>Prowadz\u0105cy: dr Aneta Szczygielska-\u0141aciak, prof. U\u015a, dr Marcin \u0141aciak, prof. U\u015a<\/li>\n<li>Miejsce realizacji warsztat\u00f3w: Wydzia\u0142 Nauk \u015bcis\u0142ych i Technicznych, ul. 75 Pu\u0142ku Piechoty 1A (nowy budynek), Chorz\u00f3w<\/li>\n<li>Terminy spotka\u0144: 25.10.2025, 8.11.2025, 29.11.2025, godz. 9:00-13:15<\/li>\n<li>Ilo\u015b\u0107 miejsc: 8<\/li>\n<\/ul>\n<p>&nbsp;<\/p>\n<p><strong>W fascynuj\u0105cym \u015bwiecie reakcji chemicznych<\/strong><\/p>\n<ul>\n<li>Opis warsztatu: Podczas warsztat\u00f3w uczestnicy b\u0119d\u0105 mogli przekona\u0107 si\u0119, \u017ce chemia to nie tylko trudne wzory, reakcje, uk\u0142ad okresowy i skomplikowane obliczenia. Chemia towarzyszy nam w codziennym \u017cyciu, jest kolorowa i potrafi zadziwia\u0107. W ramach warsztat\u00f3w przeprowadzimy ciekawe i efektowne do\u015bwiadczenia z zakresu chemii nieorganicznej, organicznej oraz zwi\u0105zk\u00f3w bioorganicznych. Uczniowie b\u0119d\u0105 mieli okazj\u0119 pozna\u0107 w\u0142a\u015bciwo\u015bci wybranych pierwiastk\u00f3w oraz zwi\u0105zk\u00f3w chemicznych, a tak\u017ce wsp\u00f3lnie przygotowa\u0107 materia\u0142y dla przemys\u0142u farmaceutycznego i kosmetycznego. Przeprowadzimy ciekawe reakcje charakterystyczne dla wybranych grup zwi\u0105zk\u00f3w chemicznych, co pozwoli uczestnikom zrozumie\u0107 r\u00f3\u017cnorodno\u015b\u0107 reakcji i ich zastosowania. Dzi\u0119ki tym warsztatom uczestnicy zdob\u0119d\u0105 wiedz\u0119 na temat w\u0142a\u015bciwo\u015bci najwa\u017cniejszych zwi\u0105zk\u00f3w bioorganicznych oraz ich funkcji w organizmach \u017cywych. Naucz\u0105 si\u0119 tak\u017ce metod ich identyfikacji, co rozwinie ich umiej\u0119tno\u015bci praktyczne. Opr\u00f3cz tego, b\u0119d\u0105 mieli szans\u0119 zobaczy\u0107 \u201emagiczne\u201d sztuczki i tajemnice chemiczne \u2013 takie jak kameleon chemiczny, znikaj\u0105cy b\u0142\u0119kit czy chemiczne \u015bwiat\u0142a drogowe. Zapraszamy na niezwyk\u0142\u0105 podr\u00f3\u017c do \u015bwiata chemii, gdzie nauka \u0142\u0105czy si\u0119 z zabaw\u0105, a odkrywanie nowych zjawisk staje si\u0119 pasjonuj\u0105c\u0105 przygod\u0105.<\/li>\n<li>Prowadz\u0105cy: dr Mariola Bartoszek, dr Joanna Panek, dr Justyna Polak, dr hab. Tomasz Siudyga, prof. U\u015a, dr Barbara Szpikowska-Sroka<\/li>\n<li>Miejsce realizacji warsztat\u00f3w: Wydzia\u0142 Nauk \u015bcis\u0142ych i Technicznych, ul. 75 Pu\u0142ku Piechoty 1A (nowy budynek), Chorz\u00f3w<\/li>\n<li>Terminy spotka\u0144: 25.10.2025, 15.11.2025 i 22.11.2025, godz. 9:00-13:15<\/li>\n<li>Ilo\u015b\u0107 miejsc: 24<\/li>\n<li>W rekrutacji realizowane b\u0119d\u0105 tematy:\n<ol>\n<li><strong>Tajniki chemii organicznej &#8211; zastosowania w farmacji i przemy\u015ble kosmetycznym,<\/strong><\/li>\n<li><strong>Chemia zwi\u0105zk\u00f3w bioorganicznych &#8211; w\u0142a\u015bciwo\u015bci, wykrywanie i analiza bia\u0142ek, cukr\u00f3w, t\u0142uszcz\u00f3w i kwas\u00f3w nukleinowych,<\/strong><\/li>\n<li><strong>W \u015bwiecie chemii nieorganicznej &#8211; w\u0142a\u015bciwo\u015bci wybranych grup zwi\u0105zk\u00f3w, ciekawe i efektowne eksperymenty chemiczne<\/strong>.<\/li>\n<\/ol>\n<\/li>\n<\/ul>\n<p>\n<\/div>\r\n                    <\/div>\r\n                <\/div>\r\n                <div class=\"text-modules\">\r\n                    <div class=\"container\">\r\n                        \r\n                        <div class=\"text-modules__content\"><p>Na zako\u0144czenie edycji warsztat\u00f3w uczestnicy wezm\u0105 udzia\u0142 w <strong>obowi\u0105zkowym<\/strong> zako\u0144czeniu projektu, kt\u00f3re odb\u0119dzie si\u0119 w Planetarium \u2013 \u015al\u0105ski Park Nauki <strong>13 grudnia 2025 r., godz. 11:00.<\/strong><\/p>\n<p>Ka\u017cdy uczestnik otrzyma certyfikat uczestnictwa w projekcie oraz suplement w\u00a0zakresie warsztat\u00f3w, w kt\u00f3rych bra\u0142 udzia\u0142.<\/p>\n<p>Uczestnicy maj\u0105 mo\u017cliwo\u015b\u0107 brania udzia\u0142u r\u00f3wnie\u017c w innych zaj\u0119ciach oferowanych w ramach projektu \u201eScience &#8211; SPARK\u201d poprzez osobn\u0105 rekrutacj\u0119\/rejestracj\u0119, to jest w:<\/p>\n<ol>\n<li>Wyk\u0142adach interdyscyplinarnych z pokazami;<\/li>\n<li>programie tutoringowym (niezale\u017cna rekrutacja, 30 godzin lekcyjnych, udzia\u0142 bezp\u0142atny); Wybrany zostanie temat badawczy, nad kt\u00f3rym nast\u0119pnie uczestnicy b\u0119d\u0105 pracowa\u0107 pod okiem tutora \u2013 naukowca; Podsumowaniem pracy badawczej b\u0119dzie sesja posterowa, podczas kt\u00f3rej uczestnicy zaprezentuj\u0105 wyniki swoich projekt\u00f3w.<\/li>\n<\/ol>\n<p>\n<\/div>\r\n                    <\/div>\r\n                <\/div>\r\n                <div class=\"text-modules\">\r\n                    <div class=\"container\">\r\n                        <h3 class=\"page-title text__title\">Rejestracja<\/h3>\r\n                        <div class=\"text-modules__content\"><p>Rejestracja odbywa\u0142 b\u0119dzie si\u0119 poprzez formularz elektroniczny, kt\u00f3ry znajduje si\u0119 na stronie:<\/p>\n<p><a href=\"https:\/\/formularze.us.edu.pl\/site\/index\/1060\"> https:\/\/formularze.us.edu.pl\/site\/index\/1060<\/a><\/p>\n<p>Rejestracja uruchomiania zostanie 13.10.2025 r. o godzinie 20:00 i potrwa do wyczerpania puli miejsc.<\/p>\n<\/div>\r\n                    <\/div>\r\n                <\/div>\r\n                <div class=\"text-modules\">\r\n                    <div class=\"container\">\r\n                        <h3 class=\"page-title text__title\">Zako\u0144czenie projektu<\/h3>\r\n                        <div class=\"text-modules__content\"><p>Serdecznie zapraszamy wszystkich uczestnik\u00f3w projektu Science Spark na ostanie obowi\u0105zkowe zaj\u0119cia po\u0142\u0105czone z uroczystym zako\u0144czeniem projektu i rozdaniem certyfikat\u00f3w uczestnictwa.<\/p>\n<p>Zapraszamy Was, zgodnie z wcze\u015bniejsz\u0105 informacj\u0105, w najbli\u017csz\u0105 <strong>sobot\u0119 13.12.2025 r. do Planetarium \u2013 \u015al\u0105skiego Parku Nauki w Chorzowie<\/strong> (aleja Planetarium 4, Chorz\u00f3w). Nasze spotkanie rozpocznie si\u0119 o <strong>godzinie 11:00<\/strong> i potrwa do <strong>godziny ok. 14:30<\/strong>.<\/p>\n<p><strong>Dojazd i powr\u00f3t uczestnik\u00f3w we w\u0142asnym zakresie<\/strong>. Osoby niepe\u0142noletnie, je\u017celi nie b\u0119d\u0105 odebrane przez opiekun\u00f3w, powinny mie\u0107 za\u015bwiadczenie, \u017ce mog\u0105 wraca\u0107 samemu.<\/p>\n<p><strong>Program spotkania:<\/strong><\/p>\n<p>11:00 \u2013 11:30 wr\u0119czenie Certyfikat\u00f3w Uczestnictwa, Sala Idei, Sala Idei mie\u015bci 100 os\u00f3b, zapraszamy wy\u0142\u0105cznie uczestnik\u00f3w warsztat\u00f3w i programu tutoringowego wraz z\u00a0 opiekunami naukowymi.<br \/>\n11:30 \u2013 12:00 <em>Sesja Posterowa cz.1<\/em>, Hol przy kasach. Prezentacja projekt\u00f3w badawczych realizowanych przez M\u0142odych Badaczy w ramach Programu Tutoringowego: \u201eZ naukowcem r\u0119ka w r\u0119k\u0119\u201d. Zaprezentowanych zostanie 15 plakat\u00f3w.<br \/>\n12:00 \u2013 13:15 zwiedzanie z przewodnikiem w grupach 10 osobowych ekspozycji: Astronomia lub Geofizyka,<br \/>\n13:15 \u2013 13:30 <em>Sesja Posterowa cz.2, <\/em>Planetarium, hol przy kasach<br \/>\n13:30 \u2013 14:30 Seans<em> Gwiazdy dla opornych \u2013 gdy nie by\u0142o GPS<\/em>, Sala Planetarium<\/p>\n<p>Dojazd i doj\u015bcie do Planetarium \u2013 \u015al\u0105ski Park Nauki: <a href=\"https:\/\/www.planetarium.edu.pl\/index\/jak-do-nas-trafic.html\">https:\/\/www.planetarium.edu.pl\/index\/jak-do-nas-trafic.html<\/a><br \/>\n<strong>Uwaga!<\/strong> Ze wzgl\u0119du na trwaj\u0105ce w Parku \u015al\u0105skim prace remontowe, bardzo prosimy przy planowaniu wizyty o uwzgl\u0119dnienie d\u0142u\u017cszego czasu doj\u015bcia do Planetarium.<\/p>\n<p>Rodzic\u00f3w zach\u0119camy do indywidualnego zwiedzania Planetarium i udzia\u0142u w seansie. Nale\u017cy zaplanowa\u0107 wizyt\u0119 na stronie Planetarium: <a href=\"https:\/\/www.planetarium.edu.pl\/rezerwacja\/termin.html\">https:\/\/www.planetarium.edu.pl\/rezerwacja\/termin.html<\/a><\/p>\n<\/div>\r\n                    <\/div>\r\n                <\/div>[\/vc_column][\/vc_row][vc_row][vc_column]<div class=\"container\"><div class=\"separator\" style=\"background-color: #002E5A\"><\/div><\/div>[\/vc_column][vc_column]\r\n                <div class=\"text-modules\">\r\n                    <div class=\"container\">\r\n                        \r\n                        <div class=\"text-modules__content\"><\/p>\n<p style=\"text-align: center;\">Projekt \u201eScience SPARK &#8211; Szko\u0142a, Pasja, Aktywno\u015b\u0107, Rozw\u00f3j, Kreatywno\u015b\u0107\u201d realizowany jest w ramach programu \u201eOdkrywcy\u201d.<\/p>\n<p style=\"text-align: center;\">Zadanie finansowane ze \u015brodk\u00f3w Ministra Edukacji.<\/p>\n<p>\n<\/div>\r\n                    <\/div>\r\n                <\/div>[\/vc_column][\/vc_row]<\/p>","protected":false},"excerpt":{"rendered":"<p>[vc_row][vc_column width=&#8221;1\/3&#8243;][vc_single_image image=&#8221;198631&#8243; img_size=&#8221;200&#215;100&#8243;][\/vc_column][vc_column width=&#8221;1\/3&#8243;][vc_single_image image=&#8221;18786&#8243; alignment=&#8221;center&#8221;][\/vc_column][vc_column width=&#8221;1\/3&#8243;][vc_single_image image=&#8221;198630&#8243; img_size=&#8221;200&#215;100&#8243;][\/vc_column][\/vc_row][vc_row][vc_column][\/vc_column][\/vc_row][vc_row][vc_column][\/vc_column][\/vc_row][vc_row][vc_column][\/vc_column][vc_column][\/vc_column][\/vc_row] [&#8230;]<\/p>\n<p><a class=\"btn btn-secondary understrap-read-more-link\" href=\"https:\/\/us.edu.pl\/wydzial\/wnst\/wspolpraca\/szkoly\/science-spark\/warsztaty-tematyczne-dla-uczniow-szkol-srednich\/\">Read More&#8230;<\/a><\/p>\n","protected":false},"author":104,"featured_media":0,"parent":198640,"menu_order":20,"comment_status":"closed","ping_status":"closed","template":"page-templates\/page-with-sidebar.php","meta":{"_expiration-date-status":"","_expiration-date":0,"_expiration-date-type":"","_expiration-date-categories":[],"_expiration-date-options":[]},"acf":[],"_links":{"self":[{"href":"https:\/\/us.edu.pl\/wydzial\/wnst\/wp-json\/wp\/v2\/pages\/200143"}],"collection":[{"href":"https:\/\/us.edu.pl\/wydzial\/wnst\/wp-json\/wp\/v2\/pages"}],"about":[{"href":"https:\/\/us.edu.pl\/wydzial\/wnst\/wp-json\/wp\/v2\/types\/page"}],"author":[{"embeddable":true,"href":"https:\/\/us.edu.pl\/wydzial\/wnst\/wp-json\/wp\/v2\/users\/104"}],"replies":[{"embeddable":true,"href":"https:\/\/us.edu.pl\/wydzial\/wnst\/wp-json\/wp\/v2\/comments?post=200143"}],"version-history":[{"count":10,"href":"https:\/\/us.edu.pl\/wydzial\/wnst\/wp-json\/wp\/v2\/pages\/200143\/revisions"}],"predecessor-version":[{"id":203602,"href":"https:\/\/us.edu.pl\/wydzial\/wnst\/wp-json\/wp\/v2\/pages\/200143\/revisions\/203602"}],"up":[{"embeddable":true,"href":"https:\/\/us.edu.pl\/wydzial\/wnst\/wp-json\/wp\/v2\/pages\/198640"}],"wp:attachment":[{"href":"https:\/\/us.edu.pl\/wydzial\/wnst\/wp-json\/wp\/v2\/media?parent=200143"}],"curies":[{"name":"wp","href":"https:\/\/api.w.org\/{rel}","templated":true}]}}