{"id":202073,"date":"2025-10-23T14:26:33","date_gmt":"2025-10-23T12:26:33","guid":{"rendered":"https:\/\/us.edu.pl\/wydzial\/wnst\/?page_id=202073"},"modified":"2025-10-24T14:37:28","modified_gmt":"2025-10-24T12:37:28","slug":"swieto-liczby-pi-xix-edycja","status":"publish","type":"page","link":"https:\/\/us.edu.pl\/wydzial\/wnst\/wspolpraca\/szkoly\/swieto-liczby-pi\/swieto-liczby-pi-xix-edycja\/","title":{"rendered":"\u015awi\u0119to Liczby Pi"},"content":{"rendered":"<p>[vc_row el_class=&#8221;container&#8221;][vc_column width=&#8221;2\/5&#8243; el_class=&#8221;container&#8221;][vc_row_inner][vc_column_inner]            \r\n            <div class=\"sidebar_moduls sidebar_moduls_facebok fb-page\"\r\n              data-href=\"https:\/\/www.facebook.com\/swietoliczbypi\/\" \r\n              data-width=\"330\"\r\n              data-hide-cover=\"false\"\r\n              data-show-facepile=\"true\"><\/div>\r\n             \r\n             <div id=\"fb-root\"><\/div>\r\n            <script async defer crossorigin=\"anonymous\" src=\" https:\/\/connect.facebook.net\/pl_PL\/sdk.js#xfbml=1&version=v4.0 \">                        \r\n            <\/script>\r\n            [\/vc_column_inner][\/vc_row_inner]\r\n                <div class=\"text-modules\">\r\n                    <div class=\"container\">\r\n                        \r\n                        <div class=\"text-modules__content\"><p><a href=\"https:\/\/us.edu.pl\/wydzial\/wnst\/wp-content\/uploads\/sites\/18\/2025\/02\/plakat.jpg\" target=\"_blank\" rel=\"noopener\"><img class=\"alignnone wp-image-187460 size-full\" src=\"https:\/\/us.edu.pl\/wydzial\/wnst\/wp-content\/uploads\/sites\/18\/2025\/02\/plakat.jpg\" alt=\"\" width=\"100%\" height=\"auto\" srcset=\"https:\/\/us.edu.pl\/wydzial\/wnst\/wp-content\/uploads\/sites\/18\/2025\/02\/plakat.jpg 800w, https:\/\/us.edu.pl\/wydzial\/wnst\/wp-content\/uploads\/sites\/18\/2025\/02\/plakat-213x300.jpg 213w, https:\/\/us.edu.pl\/wydzial\/wnst\/wp-content\/uploads\/sites\/18\/2025\/02\/plakat-727x1024.jpg 727w, https:\/\/us.edu.pl\/wydzial\/wnst\/wp-content\/uploads\/sites\/18\/2025\/02\/plakat-768x1082.jpg 768w, https:\/\/us.edu.pl\/wydzial\/wnst\/wp-content\/uploads\/sites\/18\/2025\/02\/plakat-408x575.jpg 408w\" sizes=\"(max-width: 800px) 100vw, 800px\" \/><\/a><\/p>\n<\/div>\r\n                    <\/div>\r\n                <\/div>[\/vc_column][vc_column width=&#8221;3\/5&#8243;]\r\n                <div class=\"text-modules\">\r\n                    <div class=\"container\">\r\n                        \r\n                        <div class=\"text-modules__content\"><\/p>\n<p style=\"text-align: center;\"><span style=\"font-size: 130%; color: #003366;\"><strong>XIX \u015awi\u0119to Liczby Pi<br \/>\npi\u0105tek 14 marca 2025<br \/>\n<\/strong><\/span><\/p>\n<p><span style=\"color: #002e5a;\">\u015awi\u0119to Liczby Pi to wydarzenie popularyzatorskie, kt\u00f3rego data dyktowana jest przez 3 pierwsze cyfry liczby \u03c0: 3,14\u2026 Przypomnijmy, \u017ce jest to ameryka\u0144ski zapis daty 14 marca.<\/span><\/p>\n<p><span style=\"color: #002e5a;\">Podczas \u015awi\u0119ta uczniowie szk\u00f3\u0142 podstawowych i ponadpodstawowych bior\u0105 udzia\u0142 w wyk\u0142adach, warsztatach, pokazach organizowanych przez pracownik\u00f3w i student\u00f3w Wydzia\u0142u Nauk \u015acis\u0142ych i Technicznych. Trudne zagadnienia przedstawiamy w uproszczonej formie.<\/span><\/p>\n<hr style=\"background-color: #fcc85b;\" \/>\n<p><strong><span style=\"color: #002e5a;\">Wa\u017cne daty:<\/span><\/strong><br \/>\n<span style=\"color: #002e5a;\">Publikacja harmonogramu: 17.02.2025 r.<\/span><br \/>\n<span style=\"color: #002e5a;\">Otwarcie zapis\u00f3w: 03.03.2025 r. godz. 15:00<\/span><\/p>\n<hr style=\"background-color: #fcc85b;\" \/>\n<p><span style=\"color: #002e5a;\"><strong>Wyk\u0142ad inauguracyjny<\/strong><\/span><br \/>\n<span style=\"color: #002e5a;\">Jak co roku <strong>\u015awi\u0119to Liczby Pi<\/strong> rozpoczniemy wyk\u0142adem inauguracyjnym pt. \u201e<strong>Chemiczne \u015bledztwa w mrocznym \u015bwiecie fa\u0142szerstw produkt\u00f3w spo\u017cywczych<\/strong>\u201d, kt\u00f3ry poprowadzi prof. dr hab. Micha\u0142 Daszykowski, prorektor ds. finans\u00f3w na Uniwersytecie \u015al\u0105skim.<br \/>\n<\/span><\/p>\n<\/div>\r\n                    <\/div>\r\n                <\/div>[vc_btn title=&#8221;Transmisja online wyk\u0142adu inauguracyjnego &#8211; YOUTUBE&#8221; style=&#8221;custom&#8221; custom_background=&#8221;#fcc85b&#8221; custom_text=&#8221;#000000&#8243; align=&#8221;center&#8221; button_block=&#8221;true&#8221; link=&#8221;url:https%3A%2F%2Fyoutube.com%2Flive%2F0nRoydpjCT0%3Ffeature%3Dshare&#8221;]\r\n                <div class=\"text-modules\">\r\n                    <div class=\"container\">\r\n                        \r\n                        <div class=\"text-modules__content\"><p><strong><span style=\"color: #002e5a;\">Uwaga nowo\u015b\u0107!!!<\/span><\/strong><br \/>\n<span style=\"color: #002e5a;\">Z okazji <b>\u015awi\u0119ta Liczby Pi<\/b> Instytut Fizyki Uniwersytetu \u015al\u0105skiego otwiera swoje drzwi dla wszystkich g\u0142odnych wiedzy, dobrej zabawy i zaprasza na <strong>naukowy<\/strong> <strong>STAND-UP czyli sekretne \u017cycie naukowca<\/strong>.\u00a0<\/span><span style=\"color: #002e5a;\">Wi\u0119cej o STAND-UPie na stronie\u00a0<a title=\"Odno\u015bnik do innej strony www link otwiera nowe okno\" href=\"https:\/\/us.edu.pl\/instytut\/ifiz\/naukowy-stand-up\" target=\"_blank\" rel=\"noopener\">Instytutu Fizyki<\/a><\/span><\/p>\n<\/div>\r\n                    <\/div>\r\n                <\/div>[vc_btn title=&#8221;Transmisja online Naukowy STAND-UP &#8211; YOUTUBE&#8221; style=&#8221;custom&#8221; custom_background=&#8221;#fcc85b&#8221; custom_text=&#8221;#000000&#8243; align=&#8221;center&#8221; button_block=&#8221;true&#8221; link=&#8221;url:https%3A%2F%2Fwww.youtube.com%2Flive%2FtOFk-gYwPIg&#8221;][\/vc_column][\/vc_row]<\/p>","protected":false},"excerpt":{"rendered":"<p>[vc_row el_class=&#8221;container&#8221;][vc_column width=&#8221;2\/5&#8243; el_class=&#8221;container&#8221;][vc_row_inner][vc_column_inner][\/vc_column_inner][\/vc_row_inner][\/vc_column][vc_column width=&#8221;3\/5&#8243;][vc_btn title=&#8221;Transmisja online wyk\u0142adu inauguracyjnego &#8211; YOUTUBE&#8221; style=&#8221;custom&#8221; custom_background=&#8221;#fcc85b&#8221; custom_text=&#8221;#000000&#8243; align=&#8221;center&#8221; button_block=&#8221;true&#8221; link=&#8221;url:https%3A%2F%2Fyoutube.com%2Flive%2F0nRoydpjCT0%3Ffeature%3Dshare&#8221;][vc_btn title=&#8221;Transmisja online Naukowy STAND-UP &#8211; YOUTUBE&#8221; style=&#8221;custom&#8221; custom_background=&#8221;#fcc85b&#8221; custom_text=&#8221;#000000&#8243; align=&#8221;center&#8221; button_block=&#8221;true&#8221; link=&#8221;url:https%3A%2F%2Fwww.youtube.com%2Flive%2FtOFk-gYwPIg&#8221;][\/vc_column][\/vc_row] [&#8230;]<\/p>\n<p><a class=\"btn btn-secondary understrap-read-more-link\" href=\"https:\/\/us.edu.pl\/wydzial\/wnst\/wspolpraca\/szkoly\/swieto-liczby-pi\/swieto-liczby-pi-xix-edycja\/\">Read More&#8230;<\/a><\/p>\n","protected":false},"author":3553,"featured_media":0,"parent":742,"menu_order":0,"comment_status":"closed","ping_status":"closed","template":"page-templates\/page-with-sidebar.php","meta":{"_expiration-date-status":"","_expiration-date":0,"_expiration-date-type":"","_expiration-date-categories":[],"_expiration-date-options":[]},"acf":[],"_links":{"self":[{"href":"https:\/\/us.edu.pl\/wydzial\/wnst\/wp-json\/wp\/v2\/pages\/202073"}],"collection":[{"href":"https:\/\/us.edu.pl\/wydzial\/wnst\/wp-json\/wp\/v2\/pages"}],"about":[{"href":"https:\/\/us.edu.pl\/wydzial\/wnst\/wp-json\/wp\/v2\/types\/page"}],"author":[{"embeddable":true,"href":"https:\/\/us.edu.pl\/wydzial\/wnst\/wp-json\/wp\/v2\/users\/3553"}],"replies":[{"embeddable":true,"href":"https:\/\/us.edu.pl\/wydzial\/wnst\/wp-json\/wp\/v2\/comments?post=202073"}],"version-history":[{"count":1,"href":"https:\/\/us.edu.pl\/wydzial\/wnst\/wp-json\/wp\/v2\/pages\/202073\/revisions"}],"predecessor-version":[{"id":202080,"href":"https:\/\/us.edu.pl\/wydzial\/wnst\/wp-json\/wp\/v2\/pages\/202073\/revisions\/202080"}],"up":[{"embeddable":true,"href":"https:\/\/us.edu.pl\/wydzial\/wnst\/wp-json\/wp\/v2\/pages\/742"}],"wp:attachment":[{"href":"https:\/\/us.edu.pl\/wydzial\/wnst\/wp-json\/wp\/v2\/media?parent=202073"}],"curies":[{"name":"wp","href":"https:\/\/api.w.org\/{rel}","templated":true}]}}