{"id":202507,"date":"2025-11-14T15:24:04","date_gmt":"2025-11-14T14:24:04","guid":{"rendered":"https:\/\/us.edu.pl\/wydzial\/wnst\/?page_id=202507"},"modified":"2025-12-01T11:59:18","modified_gmt":"2025-12-01T10:59:18","slug":"kontrola-jakosci-materialow-i-wyrobow","status":"publish","type":"page","link":"https:\/\/us.edu.pl\/wydzial\/wnst\/studia\/kandydat\/oferta-dydaktyczna\/kontrola-jakosci-materialow-i-wyrobow\/","title":{"rendered":"kontrola jako\u015bci materia\u0142\u00f3w i wyrob\u00f3w"},"content":{"rendered":"<p>[vc_row][vc_column]\r\n                <div class=\"text-modules reverse\">\r\n                    <div class=\"container\">\r\n                        <h3 class=\"section-title section-title_border-bottom\">Kontrola jako\u015bci materia\u0142\u00f3w i wyrob\u00f3w - studia stacjonarne II stopnia<\/h3> <h3 class=\"subtitle text-modules__subtitle\">j\u0119zyk wyk\u0142adowy - polski<\/h3>\r\n                        <div class=\"row m-0\">\r\n                            <div class=\"text-modules__content\">\r\n                                <strong>Kontrola Jako\u015bci Materia\u0142\u00f3w i Wyrob\u00f3w<\/strong> \u2013 studia dla tych, kt\u00f3rzy chc\u0105 wiedzie\u0107, z czego naprawd\u0119 \u201ezrobiony\u201d jest \u015bwiat.<\/p>\n<p>W \u015bwiecie, w kt\u00f3rym jako\u015b\u0107 przek\u0142ada si\u0119 na przewag\u0119 konkurencyjn\u0105, ro\u015bnie zapotrzebowanie na specjalist\u00f3w zdolnych oceni\u0107 ka\u017cdy etap produkcji i zapewni\u0107, \u017ce finalny produkt spe\u0142nia najwy\u017csze standardy. Ten kierunek kszta\u0142ci w\u0142a\u015bnie takich <strong>ekspert\u00f3w \u2013 profesjonalist\u00f3w<\/strong> \u0142\u0105cz\u0105cych wiedz\u0119 techniczn\u0105 z analitycznym my\u015bleniem i odpowiedzialno\u015bci\u0105 za to, by wyroby by\u0142y niezawodne, bezpieczne i zgodne z oczekiwaniami rynku.<\/p>\n<p>Podczas studi\u00f3w poznasz <strong>nowoczesne metody<\/strong> badania materia\u0142\u00f3w i produkt\u00f3w, nauczysz si\u0119 identyfikowa\u0107 niezgodno\u015bci i ocenia\u0107 ich wp\u0142yw na jako\u015b\u0107, a tak\u017ce projektowa\u0107 procesy minimalizuj\u0105ce b\u0142\u0119dy i podnosz\u0105ce poziom produkcji. B\u0119dziesz pracowa\u0107 na realnych przyk\u0142adach \u2013 w laboratoriach i warunkach zbli\u017conych do przemys\u0142owych \u2013 aby po uko\u0144czeniu studi\u00f3w by\u0107 gotowym do dzia\u0142ania od pierwszego dnia.\u00a0Nauczysz si\u0119, jak bada\u0107 materia\u0142y i wyroby przy u\u017cyciu n<strong>owoczesnych metod fizycznych i chemicznych<\/strong>, jak ocenia\u0107 ich w\u0142a\u015bciwo\u015bci, wykrywa\u0107 wady i analizowa\u0107 przyczyny ich powstawania.<\/p>\n<p>To kierunek dla os\u00f3b, kt\u00f3re lubi\u0105 <strong>\u0142\u0105czenie nauki z praktyk\u0105<\/strong> \u2013 w laboratorium, w przemy\u015ble, w kontroli jako\u015bci czy w dzia\u0142ach badawczo-rozwojowych. Absolwenci zdobywaj\u0105 wiedz\u0119 potrzebn\u0105 do pracy przy <strong>ocenie jako\u015bci materia\u0142\u00f3w, wdra\u017caniu system\u00f3w zarz\u0105dzania jako\u015bci\u0105, analizie proces\u00f3w technologicznych<\/strong> oraz <strong>interpretacji wynik\u00f3w bada\u0144 i audyt\u00f3w technicznych<\/strong>.<\/p>\n<p>Je\u015bli interesuje Ci\u0119, jak powstaj\u0105 nowoczesne materia\u0142y i jak sprawi\u0107, by by\u0142y jeszcze lepsze \u2013 ten kierunek jest w\u0142a\u015bnie dla Ciebie. \r\n                                <div class=\"mt-3\"><a href=\"https:\/\/informator.us.edu.pl\/programmes\/list\/all\/MA\/\" class=\"link-button mr-3 \">Karta kierunku - program studi\u00f3w <\/a><\/div>\r\n                            <\/div>\r\n                            \r\n                            <div class=\"text-modules__img\"><img src=\"https:\/\/us.edu.pl\/wydzial\/wnst\/wp-content\/uploads\/sites\/18\/Bez-kategorii\/kontrola-jakosci-materialow-i-wyrobow.jpg\" alt=\"img\"><\/div>\r\n                        <\/div>\r\n                    <\/div>\r\n                <\/div>[\/vc_column][\/vc_row][vc_row css=&#8221;.vc_custom_1764585890089{padding-right: 20px !important;padding-left: 20px !important;background-color: #f2f2f2 !important;}&#8221;][vc_column]\r\n                <div class=\"text-modules\">\r\n                    <div class=\"container\">\r\n                        \r\n                        <div class=\"text-modules__content\"><\/p>\n<h3>Zapisz si\u0119 na studia II stopnia<\/h3>\n<p><strong><span style=\"color: #0095db;\">Tura 1 (16.12.2025 12:00 \u2013 16.02.2026 23:59)<\/span><\/strong><\/p>\n<\/div>\r\n                    <\/div>\r\n                <\/div>[vc_btn title=&#8221;przejd\u017a do internetowej rejestracji dla kandydat\u00f3w&#8221; style=&#8221;outline-custom&#8221; outline_custom_color=&#8221;#002a5e&#8221; outline_custom_hover_background=&#8221;#002a5e&#8221; outline_custom_hover_text=&#8221;#ffffff&#8221; size=&#8221;lg&#8221; i_icon_fontawesome=&#8221;fas fa-arrow-right&#8221; add_icon=&#8221;true&#8221; link=&#8221;url:https%3A%2F%2Firk.us.edu.pl%2Fpl%2Foffer%2FSW-2025-L%2Fprogramme%2FW4-S2KJ25%2F%3Ffrom%3Dfield%3AKJ|target:_blank&#8221;][\/vc_column][\/vc_row]<\/p>","protected":false},"excerpt":{"rendered":"<p>[vc_row][vc_column][\/vc_column][\/vc_row][vc_row css=&#8221;.vc_custom_1764585890089{padding-right: 20px !important;padding-left: 20px !important;background-color: #f2f2f2 !important;}&#8221;][vc_column][vc_btn title=&#8221;przejd\u017a do internetowej rejestracji dla kandydat\u00f3w&#8221; style=&#8221;outline-custom&#8221; outline_custom_color=&#8221;#002a5e&#8221; outline_custom_hover_background=&#8221;#002a5e&#8221; outline_custom_hover_text=&#8221;#ffffff&#8221; size=&#8221;lg&#8221; i_icon_fontawesome=&#8221;fas fa-arrow-right&#8221; add_icon=&#8221;true&#8221; link=&#8221;url:https%3A%2F%2Firk.us.edu.pl%2Fpl%2Foffer%2FSW-2025-L%2Fprogramme%2FW4-S2KJ25%2F%3Ffrom%3Dfield%3AKJ|target:_blank&#8221;][\/vc_column][\/vc_row] [&#8230;]<\/p>\n<p><a class=\"btn btn-secondary understrap-read-more-link\" href=\"https:\/\/us.edu.pl\/wydzial\/wnst\/studia\/kandydat\/oferta-dydaktyczna\/kontrola-jakosci-materialow-i-wyrobow\/\">Read More&#8230;<\/a><\/p>\n","protected":false},"author":92,"featured_media":0,"parent":2272,"menu_order":10,"comment_status":"closed","ping_status":"closed","template":"page-templates\/page-with-sidebar-and-bookmarks.php","meta":{"_expiration-date-status":"","_expiration-date":0,"_expiration-date-type":"","_expiration-date-categories":[],"_expiration-date-options":[]},"acf":[],"_links":{"self":[{"href":"https:\/\/us.edu.pl\/wydzial\/wnst\/wp-json\/wp\/v2\/pages\/202507"}],"collection":[{"href":"https:\/\/us.edu.pl\/wydzial\/wnst\/wp-json\/wp\/v2\/pages"}],"about":[{"href":"https:\/\/us.edu.pl\/wydzial\/wnst\/wp-json\/wp\/v2\/types\/page"}],"author":[{"embeddable":true,"href":"https:\/\/us.edu.pl\/wydzial\/wnst\/wp-json\/wp\/v2\/users\/92"}],"replies":[{"embeddable":true,"href":"https:\/\/us.edu.pl\/wydzial\/wnst\/wp-json\/wp\/v2\/comments?post=202507"}],"version-history":[{"count":10,"href":"https:\/\/us.edu.pl\/wydzial\/wnst\/wp-json\/wp\/v2\/pages\/202507\/revisions"}],"predecessor-version":[{"id":202906,"href":"https:\/\/us.edu.pl\/wydzial\/wnst\/wp-json\/wp\/v2\/pages\/202507\/revisions\/202906"}],"up":[{"embeddable":true,"href":"https:\/\/us.edu.pl\/wydzial\/wnst\/wp-json\/wp\/v2\/pages\/2272"}],"wp:attachment":[{"href":"https:\/\/us.edu.pl\/wydzial\/wnst\/wp-json\/wp\/v2\/media?parent=202507"}],"curies":[{"name":"wp","href":"https:\/\/api.w.org\/{rel}","templated":true}]}}