{"id":202722,"date":"2025-11-20T18:42:04","date_gmt":"2025-11-20T17:42:04","guid":{"rendered":"https:\/\/us.edu.pl\/wydzial\/wnst\/?page_id=202722"},"modified":"2025-11-21T09:32:56","modified_gmt":"2025-11-21T08:32:56","slug":"expedu","status":"publish","type":"page","link":"https:\/\/us.edu.pl\/wydzial\/wnst\/strona-glowna\/realizowane-projekty\/projekty-dydaktyczne\/expedu\/","title":{"rendered":"expEDU"},"content":{"rendered":"<p>[vc_row][vc_column]\r\n                <div class=\"text-modules\">\r\n                    <div class=\"container\">\r\n                        <h3 class=\"page-title text__title\">expEDU \u2013 Experiments for Better Teaching in Higher Education<\/h3>\r\n                        <div class=\"text-modules__content\"><p><strong>expEDU<\/strong> to mi\u0119dzynarodowy projekt realizowany przez cztery uczelnie z Polski, S\u0142owacji, Czech i Ukrainy. Konsorcjum tworz\u0105:<\/p>\n<ul>\n<li><strong>Uniwersytet \u015al\u0105ski w Katowicach (Polska)<\/strong><\/li>\n<li><strong>\u017dilinsk\u00e1 univerzita v \u017diline (S\u0142owacja)<\/strong><\/li>\n<li><strong>Vysok\u00e1 \u0161kola b\u00e1\u0148sk\u00e1 \u2013 Technick\u00e1 univerzita Ostrava (Czechy)<\/strong><\/li>\n<li><strong>Ivan Franko National University of Lviv (Ukraina)<\/strong><\/li>\n<\/ul>\n<p>Celem projektu expEDU jest podniesienie jako\u015bci kszta\u0142cenia akademickiego w obszarze STEM poprzez rozw\u00f3j nowoczesnych i \u0142atwo dost\u0119pnych materia\u0142\u00f3w dydaktycznych opartych na eksperymencie. Projekt zak\u0142ada przygotowanie <strong>80 film\u00f3w prezentuj\u0105cych do\u015bwiadczenia z fizyki i chemii<\/strong>, wraz z <strong>szczeg\u00f3\u0142owymi instrukcjami<\/strong> do wykorzystania podczas zaj\u0119\u0107 akademickich. Wszystkie materia\u0142y powstan\u0105 w pi\u0119ciu j\u0119zykach i zostan\u0105 dostosowane do potrzeb os\u00f3b ze szczeg\u00f3lnymi potrzebami.<\/p>\n<p>Inicjatywa wspiera innowacyjne metody nauczania, rozw\u00f3j kompetencji dydaktycznych kadry akademickiej oraz zwi\u0119kszenie dost\u0119pno\u015bci edukacji \u2013 r\u00f3wnie\u017c na uczelniach o ograniczonym zapleczu technicznym. Projekt obejmuje tak\u017ce <strong>wizyty studyjne, warsztaty, seminaria i konferencje<\/strong>, kt\u00f3re umo\u017cliwi\u0105 wymian\u0119 dobrych praktyk oraz wzmocni\u0105 wsp\u00f3\u0142prac\u0119 mi\u0119dzynarodow\u0105, szczeg\u00f3lnie istotn\u0105 w kontek\u015bcie wsparcia partnerskiej uczelni ukrai\u0144skiej.<\/p>\n<p>Rezultaty expEDU pos\u0142u\u017c\u0105 nie tylko wyk\u0142adowcom i studentom kierunk\u00f3w \u015bcis\u0142ych, lecz tak\u017ce nauczycielom i przysz\u0142ym edukatorom, promuj\u0105c nowoczesne, anga\u017cuj\u0105ce i oparte na do\u015bwiadczeniu podej\u015bcie do nauczania przedmiot\u00f3w STEM.<\/p>\n<p><img class=\"alignnone size-medium wp-image-202734\" src=\"https:\/\/us.edu.pl\/wydzial\/wnst\/wp-content\/uploads\/sites\/18\/Szkoly\/expEDU\/PL-Dofinansowane-przez-UE_POS-300x57.png\" alt=\"\" width=\"300\" height=\"57\" srcset=\"https:\/\/us.edu.pl\/wydzial\/wnst\/wp-content\/uploads\/sites\/18\/Szkoly\/expEDU\/PL-Dofinansowane-przez-UE_POS-300x57.png 300w, https:\/\/us.edu.pl\/wydzial\/wnst\/wp-content\/uploads\/sites\/18\/Szkoly\/expEDU\/PL-Dofinansowane-przez-UE_POS-768x147.png 768w, https:\/\/us.edu.pl\/wydzial\/wnst\/wp-content\/uploads\/sites\/18\/Szkoly\/expEDU\/PL-Dofinansowane-przez-UE_POS-575x110.png 575w, https:\/\/us.edu.pl\/wydzial\/wnst\/wp-content\/uploads\/sites\/18\/Szkoly\/expEDU\/PL-Dofinansowane-przez-UE_POS.png 1000w\" sizes=\"(max-width: 300px) 100vw, 300px\" \/><\/p>\n<p>Sfinansowane ze \u015brodk\u00f3w UE. Wyra\u017cone pogl\u0105dy i opinie s\u0105\u02db jedynie opiniami autora lub autor\u00f3w i niekoniecznie odzwierciedlaj\u0105 pogl\u0105dy i opinie Unii Europejskiej lub Fundacji Rozwoju Systemu Edukacji. Unia Europejska ani Fundacja Rozwoju Systemu Edukacji nie ponosz\u0105 za nie odpowiedzialno\u015bci.<\/p>\n<\/div>\r\n                    <\/div>\r\n                <\/div>[\/vc_column][\/vc_row]<\/p>","protected":false},"excerpt":{"rendered":"<p>[vc_row][vc_column][\/vc_column][\/vc_row] [&#8230;]<\/p>\n<p><a class=\"btn btn-secondary understrap-read-more-link\" href=\"https:\/\/us.edu.pl\/wydzial\/wnst\/strona-glowna\/realizowane-projekty\/projekty-dydaktyczne\/expedu\/\">Read More&#8230;<\/a><\/p>\n","protected":false},"author":104,"featured_media":0,"parent":5485,"menu_order":0,"comment_status":"closed","ping_status":"closed","template":"","meta":{"_expiration-date-status":"","_expiration-date":0,"_expiration-date-type":"","_expiration-date-categories":[],"_expiration-date-options":[]},"acf":[],"_links":{"self":[{"href":"https:\/\/us.edu.pl\/wydzial\/wnst\/wp-json\/wp\/v2\/pages\/202722"}],"collection":[{"href":"https:\/\/us.edu.pl\/wydzial\/wnst\/wp-json\/wp\/v2\/pages"}],"about":[{"href":"https:\/\/us.edu.pl\/wydzial\/wnst\/wp-json\/wp\/v2\/types\/page"}],"author":[{"embeddable":true,"href":"https:\/\/us.edu.pl\/wydzial\/wnst\/wp-json\/wp\/v2\/users\/104"}],"replies":[{"embeddable":true,"href":"https:\/\/us.edu.pl\/wydzial\/wnst\/wp-json\/wp\/v2\/comments?post=202722"}],"version-history":[{"count":2,"href":"https:\/\/us.edu.pl\/wydzial\/wnst\/wp-json\/wp\/v2\/pages\/202722\/revisions"}],"predecessor-version":[{"id":202737,"href":"https:\/\/us.edu.pl\/wydzial\/wnst\/wp-json\/wp\/v2\/pages\/202722\/revisions\/202737"}],"up":[{"embeddable":true,"href":"https:\/\/us.edu.pl\/wydzial\/wnst\/wp-json\/wp\/v2\/pages\/5485"}],"wp:attachment":[{"href":"https:\/\/us.edu.pl\/wydzial\/wnst\/wp-json\/wp\/v2\/media?parent=202722"}],"curies":[{"name":"wp","href":"https:\/\/api.w.org\/{rel}","templated":true}]}}