{"id":203777,"date":"2026-02-10T09:38:23","date_gmt":"2026-02-10T08:38:23","guid":{"rendered":"https:\/\/us.edu.pl\/wydzial\/wnst\/?page_id=203777"},"modified":"2026-02-10T09:40:44","modified_gmt":"2026-02-10T08:40:44","slug":"o-konkursie-2025","status":"publish","type":"page","link":"https:\/\/us.edu.pl\/wydzial\/wnst\/wspolpraca\/szkoly\/konkurs-chemiczny\/konkurs-chemiczny-2025\/o-konkursie-2025\/","title":{"rendered":"o Konkursie 2025"},"content":{"rendered":"<p><\/p>\n<p>[vc_row][vc_column][vc_column_text][\/vc_column_text][\/vc_column][\/vc_row][vc_row el_class=&#8221;container&#8221;][vc_column]\r\n                <div class=\"text-modules\">\r\n                    <div class=\"container\">\r\n                        <h3 class=\"page-title text__title\">O Konkursie<\/h3>\r\n                        <div class=\"text-modules__content\"><p>XVIII Og\u00f3lnopolski Konkurs Chemiczny sk\u0142ada si\u0119 z dw\u00f3ch etap\u00f3w:<\/p>\n<ul>\n<li>etap pierwszy \u2013 pisemny (formu\u0142a online) &#8211; 10.03.2025 r.<\/li>\n<li>etap drugi (fina\u0142) \u2013 laboratoryjny &#8211; 28.03.2025 r.<\/li>\n<\/ul>\n<p>Cz\u0119\u015b\u0107 pisemna, kt\u00f3ra odb\u0119dzie si\u0119 w dniu <strong>10<\/strong><strong>.03.<\/strong><strong>2025 r.<\/strong>\u00a0b\u0119dzie mia\u0142a charakter eliminacji, natomiast zadania laboratoryjne stanowi\u0107 b\u0119d\u0105 fina\u0142 Konkursu. Fina\u0142 odb\u0119dzie\u00a0 si\u0119 <strong>28.03.2025 r.<\/strong> Do fina\u0142u dopuszczonych zostanie do 20 najlepszych uczestniczek i uczestnik\u00f3w eliminacji.<\/p>\n<p style=\"text-align: center;\"><strong>Pierwszy etap odb\u0119dzie si\u0119 on-line<\/strong><\/p>\n<p>Do pobrania:<br \/>\n<a href=\"https:\/\/us.edu.pl\/wydzial\/wnst\/wp-content\/uploads\/sites\/18\/2025\/02\/regulamin-zalacznik-do-zarzadzenia-24-z-2025.pdf\" class=\"mtli_attachment mtli_pdf\" data-mtli=\"mtli_filesize162,48kB\" class=\"mtli_attachment mtli_pdf\" data-mtli=\"mtli_filesize162,48kB\">Regulamin Konkursu<\/a><br \/>\n<a href=\"https:\/\/us.edu.pl\/wydzial\/wnst\/wp-content\/uploads\/sites\/18\/Dokumenty-zalaczniki\/Zalacznik-do-regulaminu-Konkurs-Chemiczny.pdf\" class=\"mtli_attachment mtli_pdf\" data-mtli=\"mtli_filesize246,00kB\" class=\"mtli_attachment mtli_pdf\" data-mtli=\"mtli_filesize246,00kB\">Klauzula informacyjne RODO<\/a><\/p>\n<h3><span style=\"color: #002a5e;\">Program pierwszego etapu Konkursu<\/span><\/h3>\n<ol>\n<li>Wyk\u0142ad popularnonaukowy (rozpocz\u0119cie o godzinie 11<sup>00<\/sup>);<\/li>\n<li>Cz\u0119\u015b\u0107 pisemna Konkursu (rozpocz\u0119cie oko\u0142o godziny 11<sup>30<\/sup>);<\/li>\n<\/ol>\n<p>W cz\u0119\u015bci pisemnej Konkursu uczestnicy b\u0119d\u0105 rozwi\u0105zywa\u0107 zadania testowe, przy czym dwa pytania b\u0119d\u0119 dotyczy\u0107 wys\u0142uchanego wyk\u0142adu. Tematyka zada\u0144 mie\u015bci\u0107 si\u0119 b\u0119dzie w programie chemii przewidzianym dla lice\u00f3w og\u00f3lnokszta\u0142c\u0105cych.<\/p>\n<p>Lista zawodnik\u00f3w zakwalifikowanych do fina\u0142u zostanie opublikowana na stronie Konkursu.<\/p>\n<h3><span style=\"color: #002a5e;\">Program drugiego etapu Konkursu &#8211; FINA\u0141<\/span><\/h3>\n<ol>\n<li>Zbi\u00f3rka finalist\u00f3w: 28.03.2025 r. godz. 9<sup>30<\/sup> &#8211; hol budynku Instytutu Chemii Uniwersytetu \u015al\u0105skiego, ul. Szkolna 9;<\/li>\n<li>Fina\u0142 Konkursu (pocz\u0105tek oko\u0142o godz. 10<sup>00<\/sup>).<br \/>\nW finale zawodnicy b\u0119d\u0105 rozwi\u0105zywa\u0107 niezbyt skomplikowane manualnie zadania laboratoryjne. Przed przyst\u0105pieniem do rozwi\u0105zywania zada\u0144 przewidujemy po\u015bwi\u0119cenie oko\u0142o p\u00f3\u0142 godziny na zademonstrowanie m\u0142odzie\u017cy potrzebnych element\u00f3w techniki laboratoryjnej. Powinno to u\u0142atwi\u0107 wykonywanie zada\u0144 laboratoryjnych tym uczestnikom Konkursu, kt\u00f3rzy mieli dotychczas niewiele okazji do samodzielnej pracy w laboratorium chemicznym. Przewidujemy, \u017ce cz\u0119\u015b\u0107 fina\u0142owa Konkursu zako\u0144czy si\u0119 oko\u0142o godz. 13<sup>00<\/sup>.<\/li>\n<li>Og\u0142oszenie wynik\u00f3w Konkursu i wr\u0119czenie nagr\u00f3d &#8211; oko\u0142o godz. 15<sup>00<\/sup>.<strong><br \/>\n<\/strong><\/li>\n<\/ol>\n<p style=\"text-align: center;\"><strong>Uwaga. Zadania b\u0119d\u0105 mia\u0142y r\u00f3wnie\u017c charakter testowy, ale ich tematyka b\u0119dzie zwi\u0105zana z eksperymentami (w prob\u00f3wkach).<\/strong><\/p>\n<h3><span style=\"color: #002a5e;\">Nagrody<\/span><\/h3>\n<p>Nagrody otrzymuj\u0105 tak laureaci jak i finali\u015bci Konkursu. Fundatorami nagr\u00f3d s\u0105:<\/p>\n<p style=\"text-align: center;\">SYNTHOS S.A. &#8211; G\u0142\u00f3wny Sponsor Konkursu<\/p>\n<p style=\"text-align: center;\">JM Rektor Uniwersytetu \u015al\u0105skiego i Instytut Chemii U\u015a<\/p>\n<p style=\"text-align: center;\">Polskie Towarzystwo Chemiczne<\/p>\n<h3><span style=\"color: #002a5e;\">Informacje organizacyjne<\/span><\/h3>\n<p>Prosimy Dyrekcje Szk\u00f3\u0142 o przes\u0142anie do dnia <strong>07.03.2025<\/strong><strong>\u00a0r.<\/strong> do godziny 12<sup>00<\/sup> formularza zg\u0142oszeniowego wype\u0142nionego przez ka\u017cdego uczestnika konkursu dost\u0119pnego na stronie: <a href=\"https:\/\/us.edu.pl\/wydzial\/wnst\/wspolpraca\/szkoly\/konkurs-chemiczny\/zgloszenia\/\"><strong>zg\u0142oszenia<\/strong><\/a>. Prosimy o obligatoryjne podanie adresu e-mail uczestnika, gdy\u017c b\u0119dzie on konieczny na etapie przeprowadzania konkursu online. Jednocze\u015bnie informujemy, \u017ce nie ma ograniczenia, co do liczby zg\u0142aszanych os\u00f3b. <span style=\"color: #000000;\">Bardzo prosimy o wysy\u0142anie formularzy w wersji elektronicznej. Ka\u017cde wys\u0142ane w ten spos\u00f3b zg\u0142oszenie zostanie potwierdzone mailem zwrotnym. W trakcie nap\u0142ywania zg\u0142osze\u0144, na stronie Konkursu pojawi si\u0119 lista szk\u00f3\u0142 wraz z informacj\u0119 o liczbie reprezentuj\u0105cych j\u0105 uczni\u00f3w. Wype\u0142niony formularz nale\u017cy przes\u0142a\u0107 na adres: <strong><a style=\"color: #000000;\" href=\"konkurs.chemiczny@us.edu.pl\">konkurs.chemiczny@us.edu.pl<\/a><\/strong><\/span><\/p>\n<style type=\"text\/css\">a[data-mtli~=\"mtli_filesize162,48kB\"]:after {content:\" (162,48 kB)\"}a[data-mtli~=\"mtli_filesize246,00kB\"]:after {content:\" (246,00 kB)\"}<\/style><\/div>\r\n                    <\/div>\r\n                <\/div>[\/vc_column][\/vc_row][vc_row el_class=&#8221;container&#8221;][vc_column el_class=&#8221;container&#8221; css=&#8221;.vc_custom_1705054348756{border-top-width: 4px !important;border-right-width: 4px !important;border-bottom-width: 4px !important;border-left-width: 4px !important;background-color: #002a5e !important;border-left-color: #002a5e !important;border-left-style: solid !important;border-right-color: #002a5e !important;border-right-style: solid !important;border-top-color: #002a5e !important;border-top-style: solid !important;border-bottom-color: #002a5e !important;border-bottom-style: solid !important;border-radius: 4px !important;}&#8221;]\r\n                <div class=\"text-modules\">\r\n                    <div class=\"container\">\r\n                        \r\n                        <div class=\"text-modules__content\"><\/p>\n<p style=\"text-align: center;\"><span style=\"letter-spacing: 0.7mm; color: #ffffff; font-size: 100%;\">Wszelkich informacji o Konkursie udzielaj\u0105:<\/span><\/p>\n<p style=\"text-align: center;\"><span style=\"color: #ffffff;\">Patrycja Filipek | tel. 32 359 1620<br \/>\ndr Marek Matussek | tel. 32 359 1357<\/span><\/p>\n<p style=\"text-align: center;\"><span style=\"color: #999999;\">email: <a style=\"color: #999999;\" href=\"mailto:konkurs.chemiczny@us.edu.pl\">konkurs.chemiczny@us.edu.pl<\/a><\/span><\/p>\n<p>\n<\/div>\r\n                    <\/div>\r\n                <\/div>[\/vc_column][\/vc_row]<\/p>\n<p><\/p>\n<style type=\"text\/css\">a[data-mtli~=\"mtli_filesize162,48kB\"]:after {content:\" (162,48 kB)\"}a[data-mtli~=\"mtli_filesize246,00kB\"]:after {content:\" (246,00 kB)\"}<\/style>","protected":false},"excerpt":{"rendered":"<p>[vc_row][vc_column][vc_column_text][\/vc_column_text][\/vc_column][\/vc_row][vc_row el_class=&#8221;container&#8221;][vc_column][\/vc_column][\/vc_row][vc_row el_class=&#8221;container&#8221;][vc_column el_class=&#8221;container&#8221; css=&#8221;.vc_custom_1705054348756{border-top-width: 4px !important;border-right-width: 4px !important;border-bottom-width: 4px !important;border-left-width: 4px !important;background-color: #002a5e !important;border-left-color: #002a5e !important;border-left-style: solid !important;border-right-color: #002a5e !important;border-right-style: solid !important;border-top-color: #002a5e !important;border-top-style: solid !important;border-bottom-color: #002a5e !important;border-bottom-style: solid !important;border-radius: 4px !important;}&#8221;][\/vc_column][\/vc_row] [&#8230;]<\/p>\n<p><a class=\"btn btn-secondary understrap-read-more-link\" href=\"https:\/\/us.edu.pl\/wydzial\/wnst\/wspolpraca\/szkoly\/konkurs-chemiczny\/konkurs-chemiczny-2025\/o-konkursie-2025\/\">Read More&#8230;<\/a><\/p>\n","protected":false},"author":92,"featured_media":0,"parent":203754,"menu_order":0,"comment_status":"closed","ping_status":"closed","template":"","meta":{"_expiration-date-status":"saved","_expiration-date":0,"_expiration-date-type":"","_expiration-date-categories":[],"_expiration-date-options":[]},"acf":[],"_links":{"self":[{"href":"https:\/\/us.edu.pl\/wydzial\/wnst\/wp-json\/wp\/v2\/pages\/203777"}],"collection":[{"href":"https:\/\/us.edu.pl\/wydzial\/wnst\/wp-json\/wp\/v2\/pages"}],"about":[{"href":"https:\/\/us.edu.pl\/wydzial\/wnst\/wp-json\/wp\/v2\/types\/page"}],"author":[{"embeddable":true,"href":"https:\/\/us.edu.pl\/wydzial\/wnst\/wp-json\/wp\/v2\/users\/92"}],"replies":[{"embeddable":true,"href":"https:\/\/us.edu.pl\/wydzial\/wnst\/wp-json\/wp\/v2\/comments?post=203777"}],"version-history":[{"count":2,"href":"https:\/\/us.edu.pl\/wydzial\/wnst\/wp-json\/wp\/v2\/pages\/203777\/revisions"}],"predecessor-version":[{"id":203783,"href":"https:\/\/us.edu.pl\/wydzial\/wnst\/wp-json\/wp\/v2\/pages\/203777\/revisions\/203783"}],"up":[{"embeddable":true,"href":"https:\/\/us.edu.pl\/wydzial\/wnst\/wp-json\/wp\/v2\/pages\/203754"}],"wp:attachment":[{"href":"https:\/\/us.edu.pl\/wydzial\/wnst\/wp-json\/wp\/v2\/media?parent=203777"}],"curies":[{"name":"wp","href":"https:\/\/api.w.org\/{rel}","templated":true}]}}