{"id":204004,"date":"2026-02-20T13:01:14","date_gmt":"2026-02-20T12:01:14","guid":{"rendered":"https:\/\/us.edu.pl\/wydzial\/wnst\/?page_id=204004"},"modified":"2026-03-11T09:00:47","modified_gmt":"2026-03-11T08:00:47","slug":"wydarzenia-towarzyszace-xx-swieto-liczby-pi","status":"publish","type":"page","link":"https:\/\/us.edu.pl\/wydzial\/wnst\/wspolpraca\/szkoly\/swieto-liczby-pi\/wydarzenia-towarzyszace-xx-swieto-liczby-pi\/","title":{"rendered":"Wydarzenia Towarzysz\u0105ce XX \u015awi\u0119to Liczby Pi"},"content":{"rendered":"<p>[vc_row css=&#8221;.vc_custom_1771854478041{padding-right: 50px !important;padding-left: 50px !important;}&#8221;][vc_column width=&#8221;2\/3&#8243;]\r\n                <div class=\"text-modules\">\r\n                    <div class=\"container\">\r\n                        <h3 class=\"page-title text__title\">Wydarzenia towarzysz\u0105ce<\/h3>\r\n                        <div class=\"text-modules__content\"><p>W ramach jubileuszowego XX \u015awi\u0119ta Liczby Pi zapraszamy na wydarzenia towarzysz\u0105ce, kt\u00f3re odb\u0119d\u0105 si\u0119 w sobot\u0119 <strong><span style=\"color: #003366;\">14 marca 2026 r.<\/span><\/strong><\/p>\n<\/div>\r\n                    <\/div>\r\n                <\/div>[vc_tta_tabs color=&#8221;sandy-brown&#8221; active_section=&#8221;1&#8243; no_fill_content_area=&#8221;true&#8221; css=&#8221;.vc_custom_1771846761075{margin-left: 50px !important;border-top-width: 1px !important;border-right-width: 1px !important;border-bottom-width: 1px !important;border-left-width: 1px !important;border-left-color: #dd9933 !important;border-right-color: #dd9933 !important;border-top-color: #dd9933 !important;border-bottom-color: #dd9933 !important;}&#8221;][vc_tta_section title=&#8221;parkrun &#8211; edycja z liczb\u0105 Pi&#8221; tab_id=&#8221;1771589925629-724579a4-f8d6&#8243;][vc_row_inner][vc_column_inner width=&#8221;1\/3&#8243;][vc_single_image image=&#8221;204013&#8243; img_size=&#8221;full&#8221; alignment=&#8221;center&#8221;][\/vc_column_inner][vc_column_inner width=&#8221;2\/3&#8243;]\r\n                <div class=\"text-modules\">\r\n                    <div class=\"container\">\r\n                        \r\n                        <div class=\"text-modules__content\"><\/p>\n<h3><span style=\"color: #003366;\">14 marca 2026 r.<br \/>\nparkrun &#8211; edycja z liczb\u0105 Pi<\/span><\/h3>\n<p>Zapraszamy wszystkich ch\u0119tnych do wzi\u0119cia udzia\u0142u w biegu, truchcie, marszu na odcinku 5 km zorganizowanym wsp\u00f3lnie z\u00a0<a href=\"https:\/\/www.radio.katowice.pl\/patronaty.html\">Polskim Radiem Katowice<\/a>\u00a0oraz\u00a0<a href=\"https:\/\/www.parkrun.pl\/katowice\/\">parkrun Katowice<\/a>.<br \/>\nKa\u017cdy finiszuj\u0105cy zdob\u0119dzie unikalny medal z liczb\u0105 \u03c0 \u2013 pami\u0105tk\u0119 z jubileuszu!<\/p>\n<p>Start: 9:00 (prosimy o wcze\u015bniejsze przybycie w celu wykonania rozgrzewki)<br \/>\nPark im. T. Ko\u015bciuszki w Katowicach<br \/>\nZbi\u00f3rka 8:45 pod pomnikiem<br \/>\nPobiegnij, przejd\u017a spacerem \u2013 dystans 5 km, czyli \u03c0 z hakiem!<br \/>\nBieg bezp\u0142atny dla wszystkich, wymagana wcze\u015bniejsza jednorazowa rejestracja na <span data-processed=\"true\"><a class=\"H23r4e\" href=\"https:\/\/www.parkrun.pl\/katowice\/\" target=\"_blank\" rel=\"noopener\" data-processed=\"true\">stronie parkrun<\/a><\/span>.<br \/>\n<strong>Zobacz tras\u0119:<\/strong>\u00a0<a href=\"https:\/\/www.google.com\/maps\/d\/viewer?mid=1M-RtdxkO7-CgRaqDtJjynGCky4s&amp;femb=1&amp;ll=50.24454440499706%2C19.003772650000013&amp;z=17\">https:\/\/www.google.com\/maps<\/a><br \/>\n<strong>Zarejestruj si\u0119:<\/strong>\u00a0<a href=\"https:\/\/www.parkrun.pl\/register\/?eventName=katowice\">https:\/\/www.parkrun.pl\/register\/?eventName=katowice<\/a><br \/>\nBardzo prosimy przynie\u015b\u0107 ze sob\u0105 nadany w ramach rejestracji Indywidualny Kod Uczestnika, kt\u00f3ry potrzebny jest to podania Twojego rezultatu.<\/p>\n<p>Do zobaczenia na starcie!<\/p>\n<\/div>\r\n                    <\/div>\r\n                <\/div>[\/vc_column_inner][\/vc_row_inner][\/vc_tta_section][vc_tta_section title=&#8221;Liczba Pi w muzyce &#8211; koncert jubileuszowy XX \u015awi\u0119ta Liczby Pi&#8221; tab_id=&#8221;1771589925643-cd175b79-4992&#8243;][vc_row_inner][vc_column_inner width=&#8221;1\/3&#8243;][vc_single_image image=&#8221;204014&#8243; img_size=&#8221;full&#8221; alignment=&#8221;center&#8221;][\/vc_column_inner][vc_column_inner width=&#8221;2\/3&#8243;]\r\n                <div class=\"text-modules\">\r\n                    <div class=\"container\">\r\n                        \r\n                        <div class=\"text-modules__content\"><\/p>\n<h3><span style=\"color: #003366;\">14 marca 2026 r.<\/span><br \/>\n<span style=\"color: #003366;\">Koncert <em>Liczba Pi w muzyce<\/em><\/span><\/h3>\n<p>Wydzia\u0142 Nauk \u015acis\u0142ych i Technicznych Uniwersytetu \u015al\u0105skiego w Katowicach oraz Polskie Radio Katowice zapraszaj\u0105 do Sali Koncertowej na jubileuszowy koncert z okazji XX \u015awi\u0119ta Liczby Pi.<\/p>\n<p>17:00-18:30<br \/>\nStudio Koncertowe Radia Katowice, ul. Ligonia 29, Katowice<br \/>\nCena biletu: 10 PLN | <a href=\"https:\/\/radio.katowice.pl\/zobacz,74934,Liczba-Pi-w-muzyce.html\">Kup Bilet<\/a><\/p>\n<h3><span style=\"color: #003366;\">Koncert w wykonaniu muzyk\u00f3w<\/span><\/h3>\n<ul>\n<li>prof. dr hab. Jerzy G\u0142\u00f3wczewski &#8211; saksofon<\/li>\n<li>dr hab. Piotr Kopi\u0144ski, Prof. AM &#8211; fortepian<\/li>\n<li>\u0141ukasz Beb\u0142ot &#8211; kontrabas<\/li>\n<li>Micha\u0142 \u017byme\u0142ka &#8211; perkusja<\/li>\n<\/ul>\n<h3><span style=\"color: #003366;\">Program<\/span><\/h3>\n<ul>\n<li><strong>17:00 &#8211; 17:05<\/strong>\u00a0uroczyste przywitanie go\u015bci<\/li>\n<li><strong>17:05 &#8211; 17:15<\/strong>\u00a0INTRO: O tym, jak to si\u0119 zacz\u0119\u0142o z t\u0105 Liczb\u0105 Pi w U\u015a &#8211; Beata Tomanek oraz prof. Maciej Sablik<\/li>\n<li><strong>17:15 &#8211; 17:25<\/strong>\u00a0koncert cz\u0119\u015b\u0107 I<\/li>\n<li><strong>17:25 &#8211; 17:40<\/strong>\u00a0O tym, jak nauki \u015bcis\u0142e odnajduj\u0105 si\u0119 w fizyce medycznej \u2013 Beata Tomanek oraz prof. W\u0142adys\u0142aw Borgie\u0142 i prof. Armand Cholewka<\/li>\n<li><strong>17:40 &#8211; 17:50<\/strong>\u00a0koncert cz\u0119\u015b\u0107 II<\/li>\n<li><strong>17:50 &#8211; 18:05<\/strong>\u00a0O tym, dlaczego muzyk musi by\u0107 matematykiem &#8211; Beata Tomanek oraz prof. Jerzy G\u0142\u00f3wczewski i prof. AM Piotr Kopi\u0144ski<\/li>\n<li><strong>18:05 &#8211; 18:15<\/strong>\u00a0koncert cz\u0119\u015b\u0107 III<\/li>\n<li><strong>18:15 &#8211; 18:30<\/strong>\u00a0O tym, dlaczego nauki \u015bcis\u0142e s\u0105 niezb\u0119dne w projektowaniu nowoczesnych technologii \u2013 Beata Tomanek oraz prof. U\u015a Sylwia Golba<\/li>\n<li><strong>18:30 <\/strong>zako\u0144czenie<\/li>\n<\/ul>\n<p>\n<\/div>\r\n                    <\/div>\r\n                <\/div>[\/vc_column_inner][\/vc_row_inner][\/vc_tta_section][\/vc_tta_tabs][\/vc_column][vc_column width=&#8221;1\/3&#8243; css=&#8221;.vc_custom_1771847480951{border-right-width: 100px !important;}&#8221;][vc_single_image image=&#8221;203636&#8243; img_size=&#8221;large&#8221; alignment=&#8221;center&#8221; style=&#8221;vc_box_rounded&#8221;][\/vc_column][\/vc_row]<\/p>","protected":false},"excerpt":{"rendered":"<p>[vc_row css=&#8221;.vc_custom_1771854478041{padding-right: 50px !important;padding-left: 50px !important;}&#8221;][vc_column width=&#8221;2\/3&#8243;][vc_tta_tabs color=&#8221;sandy-brown&#8221; active_section=&#8221;1&#8243; no_fill_content_area=&#8221;true&#8221; css=&#8221;.vc_custom_1771846761075{margin-left: 50px !important;border-top-width: 1px !important;border-right-width: 1px !important;border-bottom-width: 1px !important;border-left-width: 1px !important;border-left-color: #dd9933 !important;border-right-color: #dd9933 !important;border-top-color: #dd9933 !important;border-bottom-color: #dd9933 !important;}&#8221;][vc_tta_section title=&#8221;parkrun &#8211; edycja z liczb\u0105 Pi&#8221; tab_id=&#8221;1771589925629-724579a4-f8d6&#8243;][vc_row_inner][vc_column_inner width=&#8221;1\/3&#8243;][vc_single_image image=&#8221;204013&#8243; img_size=&#8221;full&#8221; alignment=&#8221;center&#8221;][\/vc_column_inner][vc_column_inner width=&#8221;2\/3&#8243;][\/vc_column_inner][\/vc_row_inner][\/vc_tta_section][vc_tta_section title=&#8221;Liczba Pi w muzyce &#8211; koncert jubileuszowy XX \u015awi\u0119ta Liczby Pi&#8221; tab_id=&#8221;1771589925643-cd175b79-4992&#8243;][vc_row_inner][vc_column_inner width=&#8221;1\/3&#8243;][vc_single_image image=&#8221;204014&#8243; [&#8230;]<\/p>\n<p><a class=\"btn btn-secondary understrap-read-more-link\" href=\"https:\/\/us.edu.pl\/wydzial\/wnst\/wspolpraca\/szkoly\/swieto-liczby-pi\/wydarzenia-towarzyszace-xx-swieto-liczby-pi\/\">Read More&#8230;<\/a><\/p>\n","protected":false},"author":3553,"featured_media":0,"parent":742,"menu_order":0,"comment_status":"closed","ping_status":"closed","template":"","meta":{"_expiration-date-status":"","_expiration-date":0,"_expiration-date-type":"","_expiration-date-categories":[],"_expiration-date-options":[]},"acf":[],"_links":{"self":[{"href":"https:\/\/us.edu.pl\/wydzial\/wnst\/wp-json\/wp\/v2\/pages\/204004"}],"collection":[{"href":"https:\/\/us.edu.pl\/wydzial\/wnst\/wp-json\/wp\/v2\/pages"}],"about":[{"href":"https:\/\/us.edu.pl\/wydzial\/wnst\/wp-json\/wp\/v2\/types\/page"}],"author":[{"embeddable":true,"href":"https:\/\/us.edu.pl\/wydzial\/wnst\/wp-json\/wp\/v2\/users\/3553"}],"replies":[{"embeddable":true,"href":"https:\/\/us.edu.pl\/wydzial\/wnst\/wp-json\/wp\/v2\/comments?post=204004"}],"version-history":[{"count":10,"href":"https:\/\/us.edu.pl\/wydzial\/wnst\/wp-json\/wp\/v2\/pages\/204004\/revisions"}],"predecessor-version":[{"id":204333,"href":"https:\/\/us.edu.pl\/wydzial\/wnst\/wp-json\/wp\/v2\/pages\/204004\/revisions\/204333"}],"up":[{"embeddable":true,"href":"https:\/\/us.edu.pl\/wydzial\/wnst\/wp-json\/wp\/v2\/pages\/742"}],"wp:attachment":[{"href":"https:\/\/us.edu.pl\/wydzial\/wnst\/wp-json\/wp\/v2\/media?parent=204004"}],"curies":[{"name":"wp","href":"https:\/\/api.w.org\/{rel}","templated":true}]}}