{"id":204433,"date":"2026-03-16T12:46:21","date_gmt":"2026-03-16T11:46:21","guid":{"rendered":"https:\/\/us.edu.pl\/wydzial\/wnst\/?page_id=204433"},"modified":"2026-03-27T13:14:43","modified_gmt":"2026-03-27T12:14:43","slug":"wyniki-2026","status":"publish","type":"page","link":"https:\/\/us.edu.pl\/wydzial\/wnst\/wspolpraca\/szkoly\/konkurs-chemiczny\/wyniki-2026\/","title":{"rendered":"wyniki"},"content":{"rendered":"<p><\/p>\n<p>[vc_row el_class=&#8221;container&#8221;][vc_column]\r\n                <div class=\"text-modules\">\r\n                    <div class=\"container\">\r\n                        \r\n                        <div class=\"text-modules__content\"><\/p>\n<h3 style=\"text-align: center;\"><span style=\"color: #002a5e;\">Wyniki XIX Og\u00f3lnopolskiego Konkursu Chemicznego<\/span><\/h3>\n<p>\n<\/div>\r\n                    <\/div>\r\n                <\/div>[vc_tta_accordion c_icon=&#8221;triangle&#8221; active_section=&#8221;10&#8243; collapsible_all=&#8221;true&#8221; el_id=&#8221;zmiana-koloru&#8221;][vc_tta_section title=&#8221;Finali\u015bci zakwalifikowani do II etapu Konkursu&#8221; tab_id=&#8221;1648541269227-d8c7a935-23c7&#8243;]\r\n                <div class=\"text-modules\">\r\n                    <div class=\"container\">\r\n                        \r\n                        <div class=\"text-modules__content\"><\/p>\n<p style=\"text-align: center;\"><span style=\"letter-spacing: 0.7mm; color: #333333; font-size: 100%;\">Lista finalist\u00f3w XIX Og\u00f3lnopolskiego Konkursu Chemicznego<\/span><\/p>\n<p style=\"text-align: center;\">Finali\u015bci zakwalifikowani do II etapu konkursu to pierwsze 20 os\u00f3b, kt\u00f3re uzyska\u0142o co najmniej 40 pkt i najlepszy czas wype\u0142niania testu. Laureatami konkursu jest pierwsze 10 os\u00f3b, natomiast finalistami pozostali uczestnicy konkursu.<\/p>\n<p style=\"text-align: center;\"><a href=\"https:\/\/us.edu.pl\/wydzial\/wnst\/wp-content\/uploads\/sites\/18\/Dokumenty-zalaczniki\/Konkurs-Chemiczny2026-letap-finalisci.pdf\" class=\"mtli_attachment mtli_pdf\" data-mtli=\"mtli_filesize101,03kB\" class=\"mtli_attachment mtli_pdf\" data-mtli=\"mtli_filesize101,03kB\" target=\"_blank\" rel=\"noopener\">Wyniki Konkursu | finali\u015bci \u2013 plik pdf do pobrania<\/a><\/p>\n<p>\n<style type=\"text\/css\">a[data-mtli~=\"mtli_filesize101,03kB\"]:after {content:\" (101,03 kB)\"}<\/style><\/div>\r\n                    <\/div>\r\n                <\/div>[\/vc_tta_section][vc_tta_section title=&#8221;Punktacja wszystkich uczestnik\u00f3w po I etapie&#8221; tab_id=&#8221;1648541394917-8bb4d8be-06e0&#8243;]\r\n                <div class=\"text-modules\">\r\n                    <div class=\"container\">\r\n                        \r\n                        <div class=\"text-modules__content\"><\/p>\n<p style=\"text-align: center;\"><span style=\"letter-spacing: 0.7mm; color: #333333; font-size: 100%;\">Punktacja uczestnik\u00f3w XIX Og\u00f3lnopolskiego Konkursu Chemicznego (poza fina\u0142em)<\/span><\/p>\n<p style=\"text-align: center;\">Osoby kt\u00f3re uzyska\u0142y co najmniej 40 pkt nie zosta\u0142y zakwalifikowane do II etapu XIX OKChem z uwagi na czas wype\u0142niania arkusza konkursowego.<\/p>\n<p style=\"text-align: center;\"><a href=\"https:\/\/us.edu.pl\/wydzial\/wnst\/wp-content\/uploads\/sites\/18\/Dokumenty-zalaczniki\/Konkurs-Chemiczny2026letap-poza-finalem.pdf\" class=\"mtli_attachment mtli_pdf\" data-mtli=\"mtli_filesize169,52kB\" class=\"mtli_attachment mtli_pdf\" data-mtli=\"mtli_filesize169,52kB\" target=\"_blank\" rel=\"noopener\">Wyniki Konkursu | poza fina\u0142em &#8211; plik pdf do pobrania<\/a><\/p>\n<p>\n<style type=\"text\/css\">a[data-mtli~=\"mtli_filesize169,52kB\"]:after {content:\" (169,52 kB)\"}<\/style><\/div>\r\n                    <\/div>\r\n                <\/div>[\/vc_tta_section][vc_tta_section title=&#8221;Wyniki ko\u0144cowe Konkursu&#8221; tab_id=&#8221;1774613438493-d8a1d5df-c716&#8243;][vc_single_image image=&#8221;204855&#8243; img_size=&#8221;full&#8221; alignment=&#8221;center&#8221; style=&#8221;vc_box_rounded&#8221;]\r\n                <div class=\"text-modules\">\r\n                    <div class=\"container\">\r\n                        \r\n                        <div class=\"text-modules__content\"><p><a class=\"mtli_attachment mtli_pdf mtli_attachment mtli_pdf mtli_attachment mtli_pdf\" title=\"odno\u015bnik do pliku o rozszerzeniu pdf. link otwiera si\u0119 w nowym oknie\" href=\"https:\/\/us.edu.pl\/wydzial\/wnst\/wp-content\/uploads\/sites\/18\/zdjecia-wydarzenia\/konkurs-chemiczny\/Wyniki-koncowe-XIX-OKCh.pdf\" data-mtli=\"mtli_filesize486,12kB\" data-mtli=\"mtli_filesize486,12kB\" target=\"_blank\" rel=\"noopener\" data-mtli=\"mtli_filesize378,35kB\">pobierz wersj\u0119 pdf<\/a><\/p>\n<style type=\"text\/css\">a[data-mtli~=\"mtli_filesize486,12kB\"]:after {content:\" (486,12 kB)\"}<\/style><\/div>\r\n                    <\/div>\r\n                <\/div>[\/vc_tta_section][\/vc_tta_accordion][\/vc_column][\/vc_row][vc_row title=&#8221;strona rejestracji&#8221; style=&#8221;custom&#8221; gradient_color_1=&#8221;turquoise&#8221; gradient_color_2=&#8221;blue&#8221; gradient_custom_color_1=&#8221;#dd3333&#8243; gradient_custom_color_2=&#8221;#eeee22&#8243; gradient_text_color=&#8221;#ffffff&#8221; custom_background=&#8221;#002e5a&#8221; custom_text=&#8221;#ffffff&#8221; outline_custom_color=&#8221;#666666&#8243; outline_custom_hover_background=&#8221;#666666&#8243; outline_custom_hover_text=&#8221;#ffffff&#8221; shape=&#8221;rounded&#8221; color=&#8221;grey&#8221; size=&#8221;md&#8221; align=&#8221;left&#8221; button_block=&#8221;&#8221; add_icon=&#8221;&#8221; i_align=&#8221;left&#8221; i_type=&#8221;fontawesome&#8221; i_icon_fontawesome=&#8221;fa fa-adjust&#8221; i_icon_openiconic=&#8221;vc-oi vc-oi-dial&#8221; i_icon_typicons=&#8221;typcn typcn-adjust-brightness&#8221; i_icon_entypo=&#8221;entypo-icon entypo-icon-note&#8221; i_icon_linecons=&#8221;vc_li vc_li-heart&#8221; i_icon_monosocial=&#8221;vc-mono vc-mono-fivehundredpx&#8221; i_icon_material=&#8221;vc-material vc-material-cake&#8221; i_icon_pixelicons=&#8221;vc_pixel_icon vc_pixel_icon-alert&#8221; custom_onclick=&#8221;&#8221; link=&#8221;url:https%3A%2F%2Fus.edu.pl%2Fwydzial%2Fwnst%2Fstudia%2Fstudent%2Frejestracje-na-zajecia||target:%20_blank|&#8221; custom_onclick_code=&#8221;&#8221;][vc_column width=&#8221;1\/5&#8243;][\/vc_column][vc_column width=&#8221;1\/5&#8243;][\/vc_column][vc_column width=&#8221;1\/5&#8243;][\/vc_column][vc_column width=&#8221;1\/5&#8243;][\/vc_column][vc_column width=&#8221;1\/5&#8243;][vc_btn title=&#8221;powr\u00f3t do strony g\u0142\u00f3wnej&#8221; style=&#8221;custom&#8221; custom_background=&#8221;#002e5a&#8221; custom_text=&#8221;#ffffff&#8221; align=&#8221;left&#8221; link=&#8221;url:https%3A%2F%2Fus.edu.pl%2Fwydzial%2Fwnst%2Fwspolpraca%2Fszkoly%2Fkonkurs-chemiczny%2F||target:%20_blank|&#8221;][\/vc_column][\/vc_row]<\/p>\n<p><\/p>\n<style type=\"text\/css\">a[data-mtli~=\"mtli_filesize101,03kB\"]:after {content:\" (101,03 kB)\"}a[data-mtli~=\"mtli_filesize169,52kB\"]:after {content:\" (169,52 kB)\"}a[data-mtli~=\"mtli_filesize486,12kB\"]:after {content:\" (486,12 kB)\"}<\/style>","protected":false},"excerpt":{"rendered":"<p>[vc_row el_class=&#8221;container&#8221;][vc_column][vc_tta_accordion c_icon=&#8221;triangle&#8221; active_section=&#8221;10&#8243; collapsible_all=&#8221;true&#8221; el_id=&#8221;zmiana-koloru&#8221;][vc_tta_section title=&#8221;Finali\u015bci zakwalifikowani do II etapu Konkursu&#8221; tab_id=&#8221;1648541269227-d8c7a935-23c7&#8243;][\/vc_tta_section][vc_tta_section title=&#8221;Punktacja wszystkich uczestnik\u00f3w po I etapie&#8221; tab_id=&#8221;1648541394917-8bb4d8be-06e0&#8243;][\/vc_tta_section][vc_tta_section title=&#8221;Wyniki ko\u0144cowe Konkursu&#8221; tab_id=&#8221;1774613438493-d8a1d5df-c716&#8243;][vc_single_image image=&#8221;204855&#8243; img_size=&#8221;full&#8221; alignment=&#8221;center&#8221; style=&#8221;vc_box_rounded&#8221;][\/vc_tta_section][\/vc_tta_accordion][\/vc_column][\/vc_row][vc_row title=&#8221;strona rejestracji&#8221; style=&#8221;custom&#8221; gradient_color_1=&#8221;turquoise&#8221; gradient_color_2=&#8221;blue&#8221; gradient_custom_color_1=&#8221;#dd3333&#8243; gradient_custom_color_2=&#8221;#eeee22&#8243; gradient_text_color=&#8221;#ffffff&#8221; custom_background=&#8221;#002e5a&#8221; custom_text=&#8221;#ffffff&#8221; outline_custom_color=&#8221;#666666&#8243; outline_custom_hover_background=&#8221;#666666&#8243; outline_custom_hover_text=&#8221;#ffffff&#8221; shape=&#8221;rounded&#8221; color=&#8221;grey&#8221; size=&#8221;md&#8221; align=&#8221;left&#8221; button_block=&#8221;&#8221; add_icon=&#8221;&#8221; i_align=&#8221;left&#8221; i_type=&#8221;fontawesome&#8221; i_icon_fontawesome=&#8221;fa fa-adjust&#8221; i_icon_openiconic=&#8221;vc-oi vc-oi-dial&#8221; i_icon_typicons=&#8221;typcn typcn-adjust-brightness&#8221; [&#8230;]<\/p>\n<p><a class=\"btn btn-secondary understrap-read-more-link\" href=\"https:\/\/us.edu.pl\/wydzial\/wnst\/wspolpraca\/szkoly\/konkurs-chemiczny\/wyniki-2026\/\">Read More&#8230;<\/a><\/p>\n","protected":false},"author":92,"featured_media":0,"parent":23043,"menu_order":0,"comment_status":"closed","ping_status":"closed","template":"","meta":{"_expiration-date-status":"saved","_expiration-date":0,"_expiration-date-type":"","_expiration-date-categories":[],"_expiration-date-options":[]},"acf":[],"_links":{"self":[{"href":"https:\/\/us.edu.pl\/wydzial\/wnst\/wp-json\/wp\/v2\/pages\/204433"}],"collection":[{"href":"https:\/\/us.edu.pl\/wydzial\/wnst\/wp-json\/wp\/v2\/pages"}],"about":[{"href":"https:\/\/us.edu.pl\/wydzial\/wnst\/wp-json\/wp\/v2\/types\/page"}],"author":[{"embeddable":true,"href":"https:\/\/us.edu.pl\/wydzial\/wnst\/wp-json\/wp\/v2\/users\/92"}],"replies":[{"embeddable":true,"href":"https:\/\/us.edu.pl\/wydzial\/wnst\/wp-json\/wp\/v2\/comments?post=204433"}],"version-history":[{"count":5,"href":"https:\/\/us.edu.pl\/wydzial\/wnst\/wp-json\/wp\/v2\/pages\/204433\/revisions"}],"predecessor-version":[{"id":204859,"href":"https:\/\/us.edu.pl\/wydzial\/wnst\/wp-json\/wp\/v2\/pages\/204433\/revisions\/204859"}],"up":[{"embeddable":true,"href":"https:\/\/us.edu.pl\/wydzial\/wnst\/wp-json\/wp\/v2\/pages\/23043"}],"wp:attachment":[{"href":"https:\/\/us.edu.pl\/wydzial\/wnst\/wp-json\/wp\/v2\/media?parent=204433"}],"curies":[{"name":"wp","href":"https:\/\/api.w.org\/{rel}","templated":true}]}}