{"id":2078,"date":"2020-01-08T10:05:56","date_gmt":"2020-01-08T09:05:56","guid":{"rendered":"https:\/\/us.edu.pl\/wydzial\/wnst\/?page_id=2078"},"modified":"2024-10-18T13:09:40","modified_gmt":"2024-10-18T11:09:40","slug":"system-zapewniania-jakosci-ksztalcenia","status":"publish","type":"page","link":"https:\/\/us.edu.pl\/wydzial\/wnst\/studia\/system-zapewniania-jakosci-ksztalcenia\/","title":{"rendered":"System Zapewniania Jako\u015bci Kszta\u0142cenia"},"content":{"rendered":"<p>[vc_row][vc_column]\r\n                <div class=\"text-modules\">\r\n                    <div class=\"container\">\r\n                        \r\n                        <div class=\"text-modules__content\"><p>W trosce o sta\u0142e podnoszenie jako\u015bci kszta\u0142cenia Uniwersytet \u015al\u0105ski wprowadzi\u0142 System Zapewniania Jako\u015bci Kszta\u0142cenia. System jest zbiorem wytycznych, zasad i procedur obejmuj\u0105cych wszystkie aspekty procesu kszta\u0142cenia.<br \/>\n<a href=\"https:\/\/us.edu.pl\/wydzial\/wnst\/wp-content\/uploads\/sites\/18\/Dokumenty-zalaczniki\/SZJK\/WSZJK-WNST_zalacznik-do-uchwaly-nr-1-z-14-10-2024.pdf\" class=\"mtli_attachment mtli_pdf\" data-mtli=\"mtli_filesize700,38kB\" class=\"mtli_attachment mtli_pdf\" data-mtli=\"mtli_filesize700,38kB\">Procedury Systemu Zapewniania Jako\u015bci Kszta\u0142cenia dla kierunk\u00f3w studi\u00f3w organizowanych przez Wydzia\u0142 Nauk \u015acis\u0142ych i Technicznych<\/a><\/p>\n<style type=\"text\/css\">a[data-mtli~=\"mtli_filesize700,38kB\"]:after {content:\" (700,38 kB)\"}<\/style><\/div>\r\n                    <\/div>\r\n                <\/div>[\/vc_column][\/vc_row][vc_row content_placement=&#8221;middle&#8221; el_class=&#8221;container&#8221;][vc_column width=&#8221;1\/3&#8243; css=&#8221;.vc_custom_1729243523093{border-right-width: 3px !important;border-right-color: #002e5a !important;border-right-style: solid !important;border-radius: 3px !important;}&#8221;]\r\n                <div class=\"text-modules\">\r\n                    <div class=\"container\">\r\n                        \r\n                        <div class=\"text-modules__content\"><p><span style=\"color: #002e5a;\"><strong>dr Agnieszka Kulawik<\/strong> &#8211; pe\u0142nomocnik ds. jako\u015bci kszta\u0142cenia i akredytacji na Wydziale Nauk \u015acis\u0142ych i Technicznych w kadencji 2024-2028<\/span><\/p>\n<p>kontakt:<br \/>\nmail: <a href=\"mailto:agnieszka.kulawik@us.edu.pl\">agnieszka.kulawik@us.edu.pl<\/a><\/p>\n<\/div>\r\n                    <\/div>\r\n                <\/div>[\/vc_column][vc_column width=&#8221;2\/3&#8243;]\r\n                <div class=\"tiles-section\" style=\"background: \">\r\n                    <div class=\"container\">\r\n                        <h3 class=\"page-title\"><\/h3>\r\n                        <div class=\"tiles tiles-4\">\r\n                            <a href=\"https:\/\/aktyprawne.us.edu.pl\/d\/5441\/5\/\" class=\"tile tile_ \" style=\"background-color: #002E5A; font-weight: ; color: #ffffff;  \">\r\n                                \r\n                                   <div class=\"tile__img\"><img src=\"https:\/\/us.edu.pl\/wydzial\/wnst\/wp-content\/uploads\/sites\/18\/Nieprzypisane\/ok-biel.png\" alt=\"Ankiety\"> <\/div>\r\n                               \r\n                                <div class=\"tile__name\">Ankiety<\/div>\r\n                            <\/a>\r\n                            <a href=\"https:\/\/informator.us.edu.pl\/programmes\/list\/faculties\/W4\/\" class=\"tile tile_ \" style=\"background-color: #002E5A; font-weight: ; color: #ffffff;  \">\r\n                                \r\n                                   <div class=\"tile__img\"><img src=\"https:\/\/us.edu.pl\/wydzial\/wnst\/wp-content\/uploads\/sites\/18\/Nieprzypisane\/ok-biel.png\" alt=\"Karta Kierunku\"> <\/div>\r\n                               \r\n                                <div class=\"tile__name\">Karta Kierunku<\/div>\r\n                            <\/a>\r\n                            <a href=\"https:\/\/apd.us.edu.pl\/?_s=1\" class=\"tile tile_ \" style=\"background-color: #002E5A; font-weight: ; color: #ffffff;  \">\r\n                                \r\n                                   <div class=\"tile__img\"><img src=\"https:\/\/us.edu.pl\/wydzial\/wnst\/wp-content\/uploads\/sites\/18\/Nieprzypisane\/ok-biel.png\" alt=\"APD\"> <\/div>\r\n                               \r\n                                <div class=\"tile__name\">APD<\/div>\r\n                            <\/a>\r\n                            <a href=\"https:\/\/osa.us.edu.pl\/home\" class=\"tile tile_ \" style=\"background-color: #002E5A; font-weight: ; color: #ffffff;  \">\r\n                                \r\n                                   <div class=\"tile__img\"><img src=\"https:\/\/us.edu.pl\/wydzial\/wnst\/wp-content\/uploads\/sites\/18\/Nieprzypisane\/ok-biel.png\" alt=\"OSA\"> <\/div>\r\n                               \r\n                                <div class=\"tile__name\">OSA<\/div>\r\n                            <\/a><\/div>\r\n                    <\/div>\r\n                <\/div>[\/vc_column][\/vc_row][vc_row el_class=&#8221;container&#8221;][vc_column]\r\n                <div class=\"text-modules reverse\">\r\n                    <div class=\"container\">\r\n                         \r\n                        <div class=\"row m-0\">\r\n                            <div class=\"text-modules__content\">\r\n                                Polityk\u0119 jako\u015bci kszta\u0142cenia na Uniwersytecie \u015al\u0105skim w Katowicach okre\u015bla zarz\u0105dzenie <a href=\"https:\/\/aktyprawne.us.edu.pl\/423-lista\/d\/221\/5\/?reporef=%2F%3Fsearch-global%3D145%252f2019)\" target=\"_blank\" rel=\"noopener\">JM Rektora nr 145\/2019<\/a>. Kluczowym zadaniem wdra\u017canego w Uczelni SZJK jest zagwarantowanie takiej jako\u015bci oferty dydaktycznej oraz warunk\u00f3w studiowania, aby studenci mogli rozwija\u0107 sw\u00f3j potencja\u0142 i zdobywa\u0107 wykszta\u0142cenie na najwy\u017cszym poziomie. SZJK obejmuje w szczeg\u00f3lno\u015bci:<\/p>\n<ol>\n<li>Wyznaczanie standard\u00f3w jako\u015bci i tworzenie jednolitych zasad zapewniania jako\u015bci kszta\u0142cenia w Uczelni.<\/li>\n<li>Rozszerzanie i uatrakcyjnianie oferty edukacyjnej Uczelni poprzez dba\u0142o\u015b\u0107 o wysok\u0105 jako\u015b\u0107 i doskonalenie program\u00f3w studi\u00f3w prowadzonych kierunk\u00f3w studi\u00f3w na wszystkich poziomach i profilach kszta\u0142cenia.<\/li>\n<li>Dba\u0142o\u015b\u0107 o wysok\u0105 jako\u015b\u0107 procesu kszta\u0142cenia we wszystkich jednostkach Uczelni.<\/li>\n<li>Zapobieganie zjawiskom patologicznym w procesie dydaktycznym oraz wspieranie zwalczania tych zjawisk.<\/li>\n<li>Doskonalenie jako\u015bci kszta\u0142cenia poprzez dzia\u0142ania upowszechniaj\u0105ce dobre praktyki, szkolenia wewn\u0119trzne oraz efektywn\u0105 wsp\u00f3\u0142prac\u0119 przedstawicieli spo\u0142eczno\u015bci akademickiej.<\/li>\n<li>Monitorowanie poziomu satysfakcji student\u00f3w z procesu kszta\u0142cenia oraz poziomu satysfakcji absolwent\u00f3w ze studi\u00f3w.<\/li>\n<li>Monitorowanie wsp\u00f3\u0142pracy z interesariuszami zewn\u0119trznymi i wewn\u0119trznymi oraz wykorzystywanie tych relacji na rzecz podnoszenia jako\u015bci kszta\u0142cenia.<\/li>\n<li>Nadz\u00f3r nad tworzeniem i funkcjonowaniem informatycznych narz\u0119dzi wspieraj\u0105cych proces kszta\u0142cenia.<\/li>\n<li>Zapewnianie wysokiej jako\u015bci kadry dydaktycznej.<\/li>\n<li>Monitorowanie zasob\u00f3w wsparcia dydaktycznego i materialnego studentom i doktorantom<\/li>\n<\/ol>\n<div class=\"mt-3\"><\/div>\r\n                            <\/div>\r\n                            \r\n                            \r\n                        <\/div>\r\n                    <\/div>\r\n                <\/div>[\/vc_column][\/vc_row]<\/p>\n<style type=\"text\/css\">a[data-mtli~=\"mtli_filesize700,38kB\"]:after {content:\" (700,38 kB)\"}<\/style>","protected":false},"excerpt":{"rendered":"<p>[vc_row][vc_column][\/vc_column][\/vc_row][vc_row content_placement=&#8221;middle&#8221; el_class=&#8221;container&#8221;][vc_column width=&#8221;1\/3&#8243; css=&#8221;.vc_custom_1729243523093{border-right-width: 3px !important;border-right-color: #002e5a !important;border-right-style: solid !important;border-radius: 3px !important;}&#8221;][\/vc_column][vc_column width=&#8221;2\/3&#8243;][\/vc_column][\/vc_row][vc_row el_class=&#8221;container&#8221;][vc_column][\/vc_column][\/vc_row] [&#8230;]<\/p>\n<p><a class=\"btn btn-secondary understrap-read-more-link\" href=\"https:\/\/us.edu.pl\/wydzial\/wnst\/studia\/system-zapewniania-jakosci-ksztalcenia\/\">Read More&#8230;<\/a><\/p>\n","protected":false},"author":92,"featured_media":0,"parent":538,"menu_order":4,"comment_status":"closed","ping_status":"closed","template":"","meta":{"_expiration-date-status":"saved","_expiration-date":0,"_expiration-date-type":"","_expiration-date-categories":[],"_expiration-date-options":[]},"acf":[],"_links":{"self":[{"href":"https:\/\/us.edu.pl\/wydzial\/wnst\/wp-json\/wp\/v2\/pages\/2078"}],"collection":[{"href":"https:\/\/us.edu.pl\/wydzial\/wnst\/wp-json\/wp\/v2\/pages"}],"about":[{"href":"https:\/\/us.edu.pl\/wydzial\/wnst\/wp-json\/wp\/v2\/types\/page"}],"author":[{"embeddable":true,"href":"https:\/\/us.edu.pl\/wydzial\/wnst\/wp-json\/wp\/v2\/users\/92"}],"replies":[{"embeddable":true,"href":"https:\/\/us.edu.pl\/wydzial\/wnst\/wp-json\/wp\/v2\/comments?post=2078"}],"version-history":[{"count":10,"href":"https:\/\/us.edu.pl\/wydzial\/wnst\/wp-json\/wp\/v2\/pages\/2078\/revisions"}],"predecessor-version":[{"id":180608,"href":"https:\/\/us.edu.pl\/wydzial\/wnst\/wp-json\/wp\/v2\/pages\/2078\/revisions\/180608"}],"up":[{"embeddable":true,"href":"https:\/\/us.edu.pl\/wydzial\/wnst\/wp-json\/wp\/v2\/pages\/538"}],"wp:attachment":[{"href":"https:\/\/us.edu.pl\/wydzial\/wnst\/wp-json\/wp\/v2\/media?parent=2078"}],"curies":[{"name":"wp","href":"https:\/\/api.w.org\/{rel}","templated":true}]}}