{"id":21908,"date":"2022-01-13T20:44:13","date_gmt":"2022-01-13T19:44:13","guid":{"rendered":"https:\/\/us.edu.pl\/wydzial\/wnst\/?page_id=21908"},"modified":"2024-02-01T14:01:37","modified_gmt":"2024-02-01T13:01:37","slug":"film","status":"publish","type":"page","link":"https:\/\/us.edu.pl\/wydzial\/wnst\/strona-glowna\/promocja\/wydzial-w-mediach\/film\/","title":{"rendered":"filmy"},"content":{"rendered":"<p>[vc_row el_class=&#8221;shadow, container&#8221;][vc_column][vc_row_inner][vc_column_inner][vc_empty_space height=&#8221;20&#8243;][\/vc_column_inner][\/vc_row_inner][vc_row_inner][vc_column_inner el_class=&#8221;shadow&#8221; width=&#8221;1\/3&#8243;][vc_column_text]<\/p>\n<p style=\"text-align: center; font-size: 140%; color: #002a5a;\"><strong>Komunikator naukowy<br \/>\n(Science Communicator)<br \/>\n<\/strong><\/p>\n<p>[\/vc_column_text]\r\n                <div class=\"text-modules\">\r\n                    <div class=\"container\">\r\n                        \r\n                        <div class=\"text-modules__content\"><p><iframe loading=\"lazy\" title=\"Dr in\u017c. Maciej Serda - niezwyk\u0142y w\u0119giel, czyli o fulerenach i ich zastosowaniach w medycynie\" src=\"https:\/\/www.youtube.com\/embed\/sUF1lI87S7Y\" width=\"100%\" height=\"auto\" frameborder=\"0\" allowfullscreen=\"allowfullscreen\"><span data-mce-type=\"bookmark\" style=\"display: inline-block; width: 0px; overflow: hidden; line-height: 0;\" class=\"mce_SELRES_start\">\ufeff<\/span><\/iframe><\/p>\n<\/div>\r\n                    <\/div>\r\n                <\/div>[vc_column_text]<\/p>\n<p style=\"text-align: center; font-size: 140%; color: #002a5a;\"><strong>Dr in\u017c. MACIEJ SERDA<br \/>\n<small>Instytut Fizyki<\/small><\/strong><\/p>\n<p style=\"text-align: center;\"><a href=\"https:\/\/ab.us.edu.pl\/emp?id=46541\"><span style=\"color: #002a5e;\">wi\u0119cej o autorze<\/span><\/a><\/p>\n<p>[\/vc_column_text][vc_text_separator title=&#8221;opublikowano 30-01-2024&#8243; title_align=&#8221;separator_align_right&#8221; align=&#8221;align_right&#8221; color=&#8221;blue&#8221;][\/vc_column_inner][vc_column_inner el_class=&#8221;shadow&#8221; width=&#8221;1\/3&#8243; el_id=&#8221;font&#8221;][vc_column_text]<\/p>\n<p style=\"text-align: center; font-size: 140%; color: #002a5a;\"><strong>Komunikator naukowy<br \/>\n(Science Communicator)<br \/>\n<\/strong><\/p>\n<p>[\/vc_column_text]\r\n                <div class=\"text-modules\">\r\n                    <div class=\"container\">\r\n                        \r\n                        <div class=\"text-modules__content\"><p><iframe loading=\"lazy\" title=\"Prof. Robert Musio\u0142 - mikrokosmos, czyli czym s\u0105 i co robi\u0105 sondy molekularne\" src=\"https:\/\/www.youtube.com\/embed\/wjsF5LOOVlQ\" width=\"100%\" height=\"auto\" frameborder=\"0\" allowfullscreen=\"allowfullscreen\"><span data-mce-type=\"bookmark\" style=\"display: inline-block; width: 0px; overflow: hidden; line-height: 0;\" class=\"mce_SELRES_start\">\ufeff<\/span><\/iframe><\/p>\n<\/div>\r\n                    <\/div>\r\n                <\/div>[vc_column_text]<\/p>\n<p style=\"text-align: center; font-size: 140%; color: #002a5a;\"><strong>Prof. dr hab. ROBERT MUSIO\u0141<br \/>\n<small>Instytut Chemii<\/small><\/strong><\/p>\n<p style=\"text-align: center;\"><a href=\"https:\/\/ab.us.edu.pl\/emp?id=18502\"><span style=\"color: #002a5e;\">wi\u0119cej o autorze<\/span><\/a><\/p>\n<p>[\/vc_column_text][vc_text_separator title=&#8221;opublikowano 29-01-2024&#8243; title_align=&#8221;separator_align_right&#8221; align=&#8221;align_right&#8221; color=&#8221;blue&#8221;][\/vc_column_inner][vc_column_inner el_class=&#8221;shadow&#8221; width=&#8221;1\/3&#8243;][vc_column_text]<\/p>\n<p style=\"text-align: center; font-size: 140%; color: #002a5a;\"><strong>Komunikator naukowy<br \/>\n(Science Communicator)<br \/>\n<\/strong><\/p>\n<p>[\/vc_column_text]\r\n                <div class=\"text-modules\">\r\n                    <div class=\"container\">\r\n                        \r\n                        <div class=\"text-modules__content\"><p><iframe loading=\"lazy\" title=\"Prof. Robert Musio\u0142 - o nowych lekach; o homeopatii; o popularyzacji nauki i o m\u0119skim zdrowiu\" src=\"https:\/\/www.youtube.com\/embed\/ICVQnungq00\" width=\"100%\" height=\"auto\" frameborder=\"0\" allowfullscreen=\"allowfullscreen\"><span data-mce-type=\"bookmark\" style=\"display: inline-block; width: 0px; overflow: hidden; line-height: 0;\" class=\"mce_SELRES_start\">\ufeff<\/span><\/iframe><\/p>\n<\/div>\r\n                    <\/div>\r\n                <\/div>[vc_column_text]<\/p>\n<p style=\"text-align: center; font-size: 140%; color: #002a5a;\"><strong>Prof. dr hab. ROBERT MUSIO\u0141<br \/>\n<small>Instytut Chemii<\/small><\/strong><\/p>\n<p style=\"text-align: center;\"><a href=\"https:\/\/ab.us.edu.pl\/emp?id=18502\"><span style=\"color: #002a5e;\">wi\u0119cej o autorze<\/span><\/a><\/p>\n<p>[\/vc_column_text][vc_text_separator title=&#8221;opublikowano 10-11-2023&#8243; title_align=&#8221;separator_align_right&#8221; align=&#8221;align_right&#8221; color=&#8221;blue&#8221;][\/vc_column_inner][\/vc_row_inner][vc_row_inner][vc_column_inner][vc_empty_space height=&#8221;20&#8243;][\/vc_column_inner][\/vc_row_inner][vc_row_inner][vc_column_inner el_class=&#8221;shadow&#8221; width=&#8221;1\/3&#8243;][vc_column_text]<\/p>\n<p style=\"text-align: center; font-size: 140%; color: #002a5a;\"><strong>Redaktor Wiktor Niedzicki<br \/>\nCiekawizja<br \/>\n<\/strong><\/p>\n<p>[\/vc_column_text]\r\n                <div class=\"text-modules\">\r\n                    <div class=\"container\">\r\n                        \r\n                        <div class=\"text-modules__content\"><p><iframe loading=\"lazy\" title=\"YouTube video player\" src=\"https:\/\/www.youtube.com\/embed\/i2Kz1DUnzOo\" width=\"100%\" height=\"auto\" frameborder=\"0\" allowfullscreen=\"allowfullscreen\"><span data-mce-type=\"bookmark\" style=\"display: inline-block; width: 0px; overflow: hidden; line-height: 0;\" class=\"mce_SELRES_start\">\ufeff<\/span><\/iframe><\/p>\n<\/div>\r\n                    <\/div>\r\n                <\/div>[vc_column_text]<\/p>\n<p style=\"text-align: center; font-size: 140%; color: #002a5a;\"><strong>Dr hab. ANDRZEJ SWINAREW, prof. U\u015a<br \/>\n<small>Instytut In\u017cynierii Biomedycznej<\/small><\/strong><\/p>\n<p style=\"text-align: center;\"><a href=\"https:\/\/us.edu.pl\/instytut\/iib\/dr-hab-andrzej-swinarew-prof-us\/\"><span style=\"color: #002a5e;\">wi\u0119cej o autorze<\/span><\/a><\/p>\n<p>[\/vc_column_text][vc_text_separator title=&#8221;opublikowano 10-01-2022&#8243; title_align=&#8221;separator_align_right&#8221; align=&#8221;align_right&#8221; color=&#8221;blue&#8221;][\/vc_column_inner][vc_column_inner el_class=&#8221;shadow&#8221; width=&#8221;1\/3&#8243;][vc_column_text]<\/p>\n<p style=\"text-align: center; font-size: 140%; color: #002a5a;\"><strong>Redaktor Wiktor Niedzicki<br \/>\nCiekawizja<br \/>\n<\/strong><\/p>\n<p>[\/vc_column_text]\r\n                <div class=\"text-modules\">\r\n                    <div class=\"container\">\r\n                        \r\n                        <div class=\"text-modules__content\"><p><iframe loading=\"lazy\" title=\"YouTube video player\" src=\"https:\/\/www.youtube.com\/embed\/GQieHRGxyPw\" width=\"100%\" height=\"auto\" frameborder=\"0\" allowfullscreen=\"allowfullscreen\"><span data-mce-type=\"bookmark\" style=\"display: inline-block; width: 0px; overflow: hidden; line-height: 0;\" class=\"mce_SELRES_start\">\ufeff<\/span><\/iframe><\/p>\n<\/div>\r\n                    <\/div>\r\n                <\/div>[vc_column_text]<\/p>\n<p style=\"text-align: center; font-size: 140%; color: #002a5a;\"><strong>Prof. dr hab. ROBERT MUSIO\u0141<br \/>\n<small>Instytut Chemii<\/small><\/strong><\/p>\n<p style=\"text-align: center;\"><a href=\"https:\/\/ab.us.edu.pl\/emp?id=18502\"><span style=\"color: #002a5e;\">wi\u0119cej o autorze<\/span><\/a><\/p>\n<p>[\/vc_column_text][vc_text_separator title=&#8221;opublikowano 30-12-2021&#8243; title_align=&#8221;separator_align_right&#8221; align=&#8221;align_right&#8221; color=&#8221;blue&#8221;][\/vc_column_inner][vc_column_inner el_class=&#8221;shadow&#8221; width=&#8221;1\/3&#8243;][vc_column_text]<\/p>\n<p style=\"text-align: center; font-size: 140%; color: #002a5a;\"><strong>Redaktor Wiktor Niedzicki<br \/>\nCiekawizja<br \/>\n<\/strong><\/p>\n<p>[\/vc_column_text]\r\n                <div class=\"text-modules\">\r\n                    <div class=\"container\">\r\n                        \r\n                        <div class=\"text-modules__content\"><p><iframe loading=\"lazy\" title=\"YouTube video player\" src=\"https:\/\/www.youtube.com\/embed\/O0CjJKgOl2U\" width=\"100%\" height=\"auto\" frameborder=\"0\" allowfullscreen=\"allowfullscreen\"><span data-mce-type=\"bookmark\" style=\"display: inline-block; width: 0px; overflow: hidden; line-height: 0;\" class=\"mce_SELRES_start\">\ufeff<\/span><\/iframe><\/p>\n<\/div>\r\n                    <\/div>\r\n                <\/div>[vc_column_text]<\/p>\n<p style=\"text-align: center; font-size: 140%; color: #002a5a;\"><strong>Prof. dr hab. DANUTA STR\u00d3\u017b<br \/>\n<small>Instytut In\u017cynierii Materia\u0142owej<\/small><\/strong><\/p>\n<p style=\"text-align: center;\"><a href=\"https:\/\/ab.us.edu.pl\/emp?id=26262\"><span style=\"color: #002a5e;\">wi\u0119cej o autorze<\/span><\/a><\/p>\n<p>[\/vc_column_text][vc_text_separator title=&#8221;opublikowano 24-05-2021&#8243; title_align=&#8221;separator_align_right&#8221; align=&#8221;align_right&#8221; color=&#8221;blue&#8221;][\/vc_column_inner][\/vc_row_inner][\/vc_column][\/vc_row]<\/p>","protected":false},"excerpt":{"rendered":"<p>[vc_row el_class=&#8221;shadow, container&#8221;][vc_column][vc_row_inner][vc_column_inner][vc_empty_space height=&#8221;20&#8243;][\/vc_column_inner][\/vc_row_inner][vc_row_inner][vc_column_inner el_class=&#8221;shadow&#8221; width=&#8221;1\/3&#8243;][vc_column_text] Komunikator naukowy (Science Communicator) [\/vc_column_text][vc_column_text] Dr in\u017c. MACIEJ SERDA Instytut Fizyki wi\u0119cej o autorze [\/vc_column_text][vc_text_separator title=&#8221;opublikowano 30-01-2024&#8243; title_align=&#8221;separator_align_right&#8221; align=&#8221;align_right&#8221; color=&#8221;blue&#8221;][\/vc_column_inner][vc_column_inner el_class=&#8221;shadow&#8221; width=&#8221;1\/3&#8243; el_id=&#8221;font&#8221;][vc_column_text] Komunikator naukowy (Science Communicator) [\/vc_column_text][vc_column_text] Prof. dr hab. ROBERT MUSIO\u0141 Instytut Chemii wi\u0119cej o autorze [\/vc_column_text][vc_text_separator title=&#8221;opublikowano 29-01-2024&#8243; title_align=&#8221;separator_align_right&#8221; align=&#8221;align_right&#8221; color=&#8221;blue&#8221;][\/vc_column_inner][vc_column_inner el_class=&#8221;shadow&#8221; width=&#8221;1\/3&#8243;][vc_column_text] Komunikator naukowy (Science [&#8230;]<\/p>\n<p><a class=\"btn btn-secondary understrap-read-more-link\" href=\"https:\/\/us.edu.pl\/wydzial\/wnst\/strona-glowna\/promocja\/wydzial-w-mediach\/film\/\">Read More&#8230;<\/a><\/p>\n","protected":false},"author":92,"featured_media":0,"parent":21964,"menu_order":0,"comment_status":"closed","ping_status":"closed","template":"","meta":{"_expiration-date-status":"saved","_expiration-date":0,"_expiration-date-type":"","_expiration-date-categories":[],"_expiration-date-options":[]},"acf":[],"_links":{"self":[{"href":"https:\/\/us.edu.pl\/wydzial\/wnst\/wp-json\/wp\/v2\/pages\/21908"}],"collection":[{"href":"https:\/\/us.edu.pl\/wydzial\/wnst\/wp-json\/wp\/v2\/pages"}],"about":[{"href":"https:\/\/us.edu.pl\/wydzial\/wnst\/wp-json\/wp\/v2\/types\/page"}],"author":[{"embeddable":true,"href":"https:\/\/us.edu.pl\/wydzial\/wnst\/wp-json\/wp\/v2\/users\/92"}],"replies":[{"embeddable":true,"href":"https:\/\/us.edu.pl\/wydzial\/wnst\/wp-json\/wp\/v2\/comments?post=21908"}],"version-history":[{"count":10,"href":"https:\/\/us.edu.pl\/wydzial\/wnst\/wp-json\/wp\/v2\/pages\/21908\/revisions"}],"predecessor-version":[{"id":172776,"href":"https:\/\/us.edu.pl\/wydzial\/wnst\/wp-json\/wp\/v2\/pages\/21908\/revisions\/172776"}],"up":[{"embeddable":true,"href":"https:\/\/us.edu.pl\/wydzial\/wnst\/wp-json\/wp\/v2\/pages\/21964"}],"wp:attachment":[{"href":"https:\/\/us.edu.pl\/wydzial\/wnst\/wp-json\/wp\/v2\/media?parent=21908"}],"curies":[{"name":"wp","href":"https:\/\/api.w.org\/{rel}","templated":true}]}}