{"id":22359,"date":"2022-01-25T20:04:01","date_gmt":"2022-01-25T19:04:01","guid":{"rendered":"https:\/\/us.edu.pl\/wydzial\/wnst\/?page_id=22359"},"modified":"2024-10-31T09:06:07","modified_gmt":"2024-10-31T08:06:07","slug":"instytut-inzynierii-materialowej","status":"publish","type":"page","link":"https:\/\/us.edu.pl\/wydzial\/wnst\/strona-glowna\/struktura\/instytuty-naukowe\/instytut-inzynierii-materialowej\/","title":{"rendered":"Instytut In\u017cynierii Materia\u0142owej"},"content":{"rendered":"<p>[vc_row el_class=&#8221;container&#8221;][vc_column width=&#8221;1\/2&#8243; css=&#8221;.vc_custom_1576367394433{margin-top: 3px !important;margin-left: 3px !important;border-top-width: 3px !important;border-left-width: 3px !important;padding-top: 3px !important;padding-left: 3px !important;}&#8221;]\r\n                <div class=\"text-modules reverse\">\r\n                    <div class=\"container\">\r\n                         \r\n                        <div class=\"row m-0\">\r\n                            <div class=\"text-modules__content\">\r\n                                <span style=\"font-size: 12pt;\"><strong><span style=\"color: #003366;\">dr hab. Grzegorz Dercz, prof. U\u015a<br \/>\n<\/span><\/strong><\/span><\/p>\n<p><span style=\"font-size: 12pt;\"><strong>Dyrektor Instytutu In\u017cynierii Materia\u0142owej<\/strong><\/span> \r\n                                <div class=\"mt-3\"><a href=\"https:\/\/ab.us.edu.pl\/emp?id=4322\" class=\"link-button mr-3 \">kontakt<\/a><\/div>\r\n                            <\/div>\r\n                            \r\n                            <div class=\"text-modules__img\"><img src=\"https:\/\/us.edu.pl\/wydzial\/wnst\/wp-content\/uploads\/sites\/18\/2022\/10\/DerczGrzegorzP-1-820x1024.jpg\" alt=\"img\"><\/div>\r\n                        <\/div>\r\n                    <\/div>\r\n                <\/div>\r\n                <div class=\"text-modules reverse\">\r\n                    <div class=\"container\">\r\n                         \r\n                        <div class=\"row m-0\">\r\n                            <div class=\"text-modules__content\">\r\n                                <span style=\"font-size: 12pt;\"><strong><span style=\"color: #003366;\">dr Maciej Zubko, prof. U\u015a<br \/>\n<\/span><\/strong><\/span><\/p>\n<p><span style=\"font-size: 12pt;\"><strong>Zast\u0119pca Dyrektora Instytutu In\u017cynierii Materia\u0142owej<\/strong><\/span><\/p>\n<p>&nbsp;<\/p>\n<p>&nbsp;<\/p>\n<p>&nbsp;<\/p>\n<div class=\"mt-3\"><a href=\"https:\/\/ab.us.edu.pl\/emp\/40581\" class=\"link-button mr-3 \">kontakt<\/a><\/div>\r\n                            <\/div>\r\n                            \r\n                            <div class=\"text-modules__img\"><img src=\"https:\/\/us.edu.pl\/wydzial\/wnst\/wp-content\/uploads\/sites\/18\/Bez-kategorii\/Zubko-maciej820x1024.jpg\" alt=\"img\"><\/div>\r\n                        <\/div>\r\n                    <\/div>\r\n                <\/div>\r\n                <div class=\"text-modules\">\r\n                    <div class=\"container\">\r\n                        \r\n                        <div class=\"text-modules__content\"><\/p>\n<h3><span style=\"color: #002e5a;\">Kontakt<\/span><\/h3>\n<p class=\"rtecenter\"><strong>Biuro Ewaluacji i Obs\u0142ugi Instytut\u00f3w<br \/>\n<\/strong>ul. 75 Pu\u0142ku Piechoty 1a\/F\/2\/18+19, 41-500 Chorz\u00f3w<br \/>\ntel. 32 349 75 14<br \/>\nwww: <a href=\"https:\/\/us.edu.pl\/instytut\/iim\">https:\/\/us.edu.pl\/instytut\/iim\/<\/a>, e-mail: <a href=\"mailto:iim.wnst@us.edu.pl\">iim.wnst@us.edu.pl<\/a><\/p>\n<p>\n<\/div>\r\n                    <\/div>\r\n                <\/div>[vc_gmaps link=&#8221;#E-8_JTNDaWZyYW1lJTIwc3JjJTNEJTIyaHR0cHMlM0ElMkYlMkZ3d3cuZ29vZ2xlLmNvbSUyRm1hcHMlMkZlbWJlZCUzRnBiJTNEJTIxMW0xOCUyMTFtMTIlMjExbTMlMjExZDQwNzk3LjA2MDgzMTk0MjA1JTIxMmQxOC45OTkzMDI4NDE4NzU2OCUyMTNkNTAuMjc2Njg4NDkyNzY5MzUlMjEybTMlMjExZjAlMjEyZjAlMjEzZjAlMjEzbTIlMjExaTEwMjQlMjEyaTc2OCUyMTRmMTMuMSUyMTNtMyUyMTFtMiUyMTFzMHg0NzE2ZDI3ZmZkODY1YTMzJTI1M0EweDVhNDg4NjhjZmFhNmM5NjYlMjEyc0luc3R5dHV0JTI1MjBJbiUyNUM1JTI1QkN5bmllcmlpJTI1MjBNYXRlcmlhJTI1QzUlMjU4Mm93ZWolMjUyMFVuaXdlcnN5dGV0dSUyNTIwJTI1QzUlMjU5QWwlMjVDNCUyNTg1c2tpZWdvJTIxNWUwJTIxM20yJTIxMXNwbCUyMTJzcGwlMjE0djE2NDMxOTIwMjM5MTElMjE1bTIlMjExc3BsJTIxMnNwbCUyMiUyMHdpZHRoJTNEJTIyNjAwJTIyJTIwaGVpZ2h0JTNEJTIyNDUwJTIyJTIwc3R5bGUlM0QlMjJib3JkZXIlM0EwJTNCJTIyJTIwYWxsb3dmdWxsc2NyZWVuJTNEJTIyJTIyJTIwbG9hZGluZyUzRCUyMmxhenklMjIlM0UlM0MlMkZpZnJhbWUlM0U=&#8221; css=&#8221;.vc_custom_1643193057950{border-top-width: 1px !important;border-right-width: 1px !important;border-bottom-width: 1px !important;border-left-width: 1px !important;border-left-style: solid !important;border-right-style: solid !important;border-top-style: solid !important;border-bottom-style: solid !important;}&#8221;][\/vc_column][vc_column width=&#8221;1\/2&#8243; css=&#8221;.vc_custom_1578306577267{border-left-width: 1px !important;border-left-color: #c9c9c9 !important;border-left-style: solid !important;}&#8221;]\r\n                <div class=\"text-modules\">\r\n                    <div class=\"container\">\r\n                        <h3 class=\"page-title text__title\">Instytut In\u017cynierii Materia\u0142owej<\/h3>\r\n                        <div class=\"text-modules__content\"><p>Realizowane w Instytucie zadania badawcze maj\u0105 charakter interdyscyplinarny i dotycz\u0105 fizyki cia\u0142a sta\u0142ego, materia\u0142oznawstwa, fizykochemii materia\u0142\u00f3w, chemii i technologii polimer\u00f3w, technologii materia\u0142\u00f3w elektroceramicznych, technologii wytwarzania, morfologii, w\u0142a\u015bciwo\u015bci i zastosowa\u0144 warstwy wierzchniej, a tak\u017ce elektrochemii, wchodz\u0105ce w zakres in\u017cynierii materia\u0142owej i nauki o materia\u0142ach.<\/p>\n<p>S\u0105 prowadzone zaw\u0142aszcza w obszarach takich, jak:<\/p>\n<ul>\n<li>badania struktury i w\u0142a\u015bciwo\u015bci materia\u0142\u00f3w z uwzgl\u0119dnieniem bada\u0144 powierzchni (materia\u0142y metaliczne, biomateria\u0142y, stopy z pami\u0119ci\u0105 kszta\u0142tu, materia\u0142y polimerowe);<\/li>\n<li>elektrochemiczne metody otrzymywania i badania materia\u0142\u00f3w;<\/li>\n<li>rozw\u00f3j i doskonalenie metod bada\u0144 struktury atomowej, elektronowej i w\u0142a\u015bciwo\u015bci materia\u0142\u00f3w;<\/li>\n<li>komputerowe modelowanie materia\u0142\u00f3w;<\/li>\n<li>mikro- i nanotechnologia materia\u0142\u00f3w ceramicznych.<\/li>\n<\/ul>\n<p>Podstawowy cel prowadzonych bada\u0144 stanowi poszukiwanie i interpretowanie zwi\u0105zk\u00f3w pomi\u0119dzy realn\u0105 mikrostruktur\u0105, sk\u0142adem chemicznym materia\u0142\u00f3w a ich w\u0142a\u015bciwo\u015bciami konstrukcyjnymi i funkcjonalnymi oraz poszukiwanie obszar\u00f3w ich zastosowa\u0144. Problematyka badawcza Instytutu jest ukierunkowana na innowacyjno\u015b\u0107 i wspieranie rozwoju spo\u0142eczno-gospodarczego regionu. Dotyczy tak\u017ce opracowywania technologii nowych materia\u0142\u00f3w funkcjonalnych.<\/p>\n<\/div>\r\n                    <\/div>\r\n                <\/div>[\/vc_column][\/vc_row]<\/p>","protected":false},"excerpt":{"rendered":"<p>[vc_row el_class=&#8221;container&#8221;][vc_column width=&#8221;1\/2&#8243; css=&#8221;.vc_custom_1576367394433{margin-top: 3px !important;margin-left: 3px !important;border-top-width: 3px !important;border-left-width: 3px !important;padding-top: 3px !important;padding-left: 3px !important;}&#8221;][vc_gmaps link=&#8221;#E-8_JTNDaWZyYW1lJTIwc3JjJTNEJTIyaHR0cHMlM0ElMkYlMkZ3d3cuZ29vZ2xlLmNvbSUyRm1hcHMlMkZlbWJlZCUzRnBiJTNEJTIxMW0xOCUyMTFtMTIlMjExbTMlMjExZDQwNzk3LjA2MDgzMTk0MjA1JTIxMmQxOC45OTkzMDI4NDE4NzU2OCUyMTNkNTAuMjc2Njg4NDkyNzY5MzUlMjEybTMlMjExZjAlMjEyZjAlMjEzZjAlMjEzbTIlMjExaTEwMjQlMjEyaTc2OCUyMTRmMTMuMSUyMTNtMyUyMTFtMiUyMTFzMHg0NzE2ZDI3ZmZkODY1YTMzJTI1M0EweDVhNDg4NjhjZmFhNmM5NjYlMjEyc0luc3R5dHV0JTI1MjBJbiUyNUM1JTI1QkN5bmllcmlpJTI1MjBNYXRlcmlhJTI1QzUlMjU4Mm93ZWolMjUyMFVuaXdlcnN5dGV0dSUyNTIwJTI1QzUlMjU5QWwlMjVDNCUyNTg1c2tpZWdvJTIxNWUwJTIxM20yJTIxMXNwbCUyMTJzcGwlMjE0djE2NDMxOTIwMjM5MTElMjE1bTIlMjExc3BsJTIxMnNwbCUyMiUyMHdpZHRoJTNEJTIyNjAwJTIyJTIwaGVpZ2h0JTNEJTIyNDUwJTIyJTIwc3R5bGUlM0QlMjJib3JkZXIlM0EwJTNCJTIyJTIwYWxsb3dmdWxsc2NyZWVuJTNEJTIyJTIyJTIwbG9hZGluZyUzRCUyMmxhenklMjIlM0UlM0MlMkZpZnJhbWUlM0U=&#8221; css=&#8221;.vc_custom_1643193057950{border-top-width: 1px !important;border-right-width: 1px !important;border-bottom-width: 1px !important;border-left-width: 1px !important;border-left-style: solid !important;border-right-style: solid !important;border-top-style: solid !important;border-bottom-style: solid !important;}&#8221;][\/vc_column][vc_column width=&#8221;1\/2&#8243; css=&#8221;.vc_custom_1578306577267{border-left-width: 1px !important;border-left-color: #c9c9c9 !important;border-left-style: solid !important;}&#8221;][\/vc_column][\/vc_row] [&#8230;]<\/p>\n<p><a class=\"btn btn-secondary understrap-read-more-link\" href=\"https:\/\/us.edu.pl\/wydzial\/wnst\/strona-glowna\/struktura\/instytuty-naukowe\/instytut-inzynierii-materialowej\/\">Read More&#8230;<\/a><\/p>\n","protected":false},"author":4017,"featured_media":0,"parent":297,"menu_order":0,"comment_status":"closed","ping_status":"closed","template":"","meta":{"_expiration-date-status":"saved","_expiration-date":0,"_expiration-date-type":"","_expiration-date-categories":[],"_expiration-date-options":[]},"acf":[],"_links":{"self":[{"href":"https:\/\/us.edu.pl\/wydzial\/wnst\/wp-json\/wp\/v2\/pages\/22359"}],"collection":[{"href":"https:\/\/us.edu.pl\/wydzial\/wnst\/wp-json\/wp\/v2\/pages"}],"about":[{"href":"https:\/\/us.edu.pl\/wydzial\/wnst\/wp-json\/wp\/v2\/types\/page"}],"author":[{"embeddable":true,"href":"https:\/\/us.edu.pl\/wydzial\/wnst\/wp-json\/wp\/v2\/users\/4017"}],"replies":[{"embeddable":true,"href":"https:\/\/us.edu.pl\/wydzial\/wnst\/wp-json\/wp\/v2\/comments?post=22359"}],"version-history":[{"count":10,"href":"https:\/\/us.edu.pl\/wydzial\/wnst\/wp-json\/wp\/v2\/pages\/22359\/revisions"}],"predecessor-version":[{"id":181124,"href":"https:\/\/us.edu.pl\/wydzial\/wnst\/wp-json\/wp\/v2\/pages\/22359\/revisions\/181124"}],"up":[{"embeddable":true,"href":"https:\/\/us.edu.pl\/wydzial\/wnst\/wp-json\/wp\/v2\/pages\/297"}],"wp:attachment":[{"href":"https:\/\/us.edu.pl\/wydzial\/wnst\/wp-json\/wp\/v2\/media?parent=22359"}],"curies":[{"name":"wp","href":"https:\/\/api.w.org\/{rel}","templated":true}]}}