{"id":22998,"date":"2022-02-01T11:04:12","date_gmt":"2022-02-01T10:04:12","guid":{"rendered":"https:\/\/us.edu.pl\/wydzial\/wnst\/?page_id=22998"},"modified":"2023-06-28T16:06:45","modified_gmt":"2023-06-28T14:06:45","slug":"prasa-ogolna","status":"publish","type":"page","link":"https:\/\/us.edu.pl\/wydzial\/wnst\/strona-glowna\/promocja\/wydzial-w-mediach\/prasa-ogolna\/","title":{"rendered":"prasa"},"content":{"rendered":"<p>[vc_row][vc_column]\r\n                <div class=\"text-modules\">\r\n                    <div class=\"container\">\r\n                        \r\n                        <div class=\"text-modules__content\"><\/p>\n<h3 style=\"text-align: center;\"><span style=\"color: #ffcc00;\">Prasa codzienna<br \/>\n<\/span><\/h3>\n<p>\n<\/div>\r\n                    <\/div>\r\n                <\/div>[vc_empty_space height=&#8221;4px&#8221; css=&#8221;.vc_custom_1643290222321{background-color: #dd9933 !important;}&#8221;][\/vc_column][\/vc_row][vc_row el_class=&#8221;container&#8221;][vc_column width=&#8221;1\/4&#8243; css=&#8221;.vc_custom_1643288805585{border-top-width: 4px !important;border-right-width: 4px !important;border-bottom-width: 4px !important;border-left-width: 4px !important;padding-top: 5px !important;padding-right: 5px !important;padding-bottom: 5px !important;padding-left: 5px !important;border-left-color: #f2f2f2 !important;border-right-color: #f2f2f2 !important;border-top-color: #f2f2f2 !important;border-bottom-color: #f2f2f2 !important;}&#8221;]\r\n                <div class=\"text-modules\">\r\n                    <div class=\"container\">\r\n                        \r\n                        <div class=\"text-modules__content\"><\/p>\n<h3 style=\"text-align: center;\"><span style=\"color: #002a5e;\">Onet.pl<\/span><\/h3>\n<p><img class=\"alignnone wp-image-169242 size-full\" src=\"https:\/\/us.edu.pl\/wydzial\/wnst\/wp-content\/uploads\/sites\/18\/Bez-kategorii\/onet-logo.jpeg\" alt=\"\" width=\"100%\" height=\"auto\" srcset=\"https:\/\/us.edu.pl\/wydzial\/wnst\/wp-content\/uploads\/sites\/18\/Bez-kategorii\/onet-logo.jpeg 1200w, https:\/\/us.edu.pl\/wydzial\/wnst\/wp-content\/uploads\/sites\/18\/Bez-kategorii\/onet-logo-300x169.jpeg 300w, https:\/\/us.edu.pl\/wydzial\/wnst\/wp-content\/uploads\/sites\/18\/Bez-kategorii\/onet-logo-1024x576.jpeg 1024w, https:\/\/us.edu.pl\/wydzial\/wnst\/wp-content\/uploads\/sites\/18\/Bez-kategorii\/onet-logo-768x432.jpeg 768w, https:\/\/us.edu.pl\/wydzial\/wnst\/wp-content\/uploads\/sites\/18\/Bez-kategorii\/onet-logo-575x323.jpeg 575w\" sizes=\"(max-width: 1200px) 100vw, 1200px\" \/><\/p>\n<\/div>\r\n                    <\/div>\r\n                <\/div>[\/vc_column][vc_column width=&#8221;3\/4&#8243;][vc_empty_space height=&#8221;60px&#8221;][vc_tta_accordion style=&#8221;flat&#8221; c_icon=&#8221;triangle&#8221; active_section=&#8221;100&#8243; no_fill=&#8221;true&#8221; collapsible_all=&#8221;true&#8221; el_class=&#8221;zmiana-koloru&#8221; el_id=&#8221;zmiana-koloru&#8221;][vc_tta_section title=&#8221;Na pytanie: &#8222;Czy cz\u0119ste mycie samochod\u00f3w przyspiesza ich korozj\u0119?&#8222; odpowiada prof. Bo\u017cena \u0141osiewicz&#8221; tab_id=&#8221;1643287752066-1f73b4e6-79db&#8221;][vc_column_text]<\/p>\n<h3>Czy cz\u0119ste mycie samochod\u00f3w przyspiesza ich korozj\u0119?<\/h3>\n<p>link do artyku\u0142u: <span style=\"color: #ff9900;\"><a style=\"color: #ff9900;\" href=\"https:\/\/wiadomosci.onet.pl\/nauka\/czy-czeste-mycie-samochodow-przyspiesza-ich-korozje\/wevbd9v?fbclid=IwAR1-Mc70VpnfMlQwUwvwpeMR4nM57WbMrg2YPwuaPQGNpo_7Ziv88gdyVF4\">Czy cz\u0119ste mycie samochod\u00f3w przyspiesza ich korozj\u0119? &#8211; Wiadomo\u015bci (onet.pl)<\/a><\/span>[\/vc_column_text][vc_text_separator title=&#8221;28 czerwca 2023&#8243; title_align=&#8221;separator_align_left&#8221; color=&#8221;blue&#8221;][\/vc_tta_section][\/vc_tta_accordion][\/vc_column][\/vc_row][vc_row][vc_column][vc_empty_space height=&#8221;4px&#8221; css=&#8221;.vc_custom_1643290222321{background-color: #dd9933 !important;}&#8221;][\/vc_column][\/vc_row][vc_row el_class=&#8221;container&#8221;][vc_column width=&#8221;1\/4&#8243; css=&#8221;.vc_custom_1643288805585{border-top-width: 4px !important;border-right-width: 4px !important;border-bottom-width: 4px !important;border-left-width: 4px !important;padding-top: 5px !important;padding-right: 5px !important;padding-bottom: 5px !important;padding-left: 5px !important;border-left-color: #f2f2f2 !important;border-right-color: #f2f2f2 !important;border-top-color: #f2f2f2 !important;border-bottom-color: #f2f2f2 !important;}&#8221;]\r\n                <div class=\"text-modules\">\r\n                    <div class=\"container\">\r\n                        \r\n                        <div class=\"text-modules__content\"><\/p>\n<h3 style=\"text-align: center;\"><span style=\"color: #002a5e;\">Teraz \u015brodowisko<\/span><\/h3>\n<p><a href=\"https:\/\/www.teraz-srodowisko.pl\/o-nas\/\"><img class=\"alignnone wp-image-25898 size-full\" src=\"https:\/\/us.edu.pl\/wydzial\/wnst\/wp-content\/uploads\/sites\/18\/Nieprzypisane\/logo-teraz-srodowisko.jpg\" alt=\"\" width=\"100%\" height=\"auto\" srcset=\"https:\/\/us.edu.pl\/wydzial\/wnst\/wp-content\/uploads\/sites\/18\/Nieprzypisane\/logo-teraz-srodowisko.jpg 448w, https:\/\/us.edu.pl\/wydzial\/wnst\/wp-content\/uploads\/sites\/18\/Nieprzypisane\/logo-teraz-srodowisko-300x159.jpg 300w\" sizes=\"(max-width: 448px) 100vw, 448px\" \/><\/a><\/p>\n<\/div>\r\n                    <\/div>\r\n                <\/div>[\/vc_column][vc_column width=&#8221;3\/4&#8243;][vc_empty_space height=&#8221;60px&#8221;][vc_tta_accordion style=&#8221;flat&#8221; c_icon=&#8221;triangle&#8221; active_section=&#8221;100&#8243; no_fill=&#8221;true&#8221; collapsible_all=&#8221;true&#8221; el_class=&#8221;zmiana-koloru&#8221; el_id=&#8221;zmiana-koloru&#8221;][vc_tta_section title=&#8221;Wsp\u00f3\u0142praca instalacji odzyskuj\u0105cych z odpad\u00f3w energi\u0119 z Uniwersytetem \u015al\u0105skim \u2013 relacja win-win&#8221; tab_id=&#8221;1687960311825-183b43e7-887c&#8221;][vc_column_text]<\/p>\n<h3>Wsp\u00f3\u0142praca instalacji odzyskuj\u0105cych z odpad\u00f3w energi\u0119 z Uniwersytetem \u015al\u0105skim \u2013 relacja win-win<\/h3>\n<p>link do artyku\u0142u: <span style=\"color: #ff9900;\"><a style=\"color: #ff9900;\" href=\"https:\/\/www.teraz-srodowisko.pl\/aktualnosci\/ZPZTPO-wspolpraca-z-Uniwersytetem-Slaskim-Business-to-Science-11656.html\">https:\/\/dziennikzachodni.pl\/slaskie-w-dubaju&#8230;<\/a><\/span>[\/vc_column_text][vc_text_separator title=&#8221;29 marca 2022&#8243; title_align=&#8221;separator_align_left&#8221; color=&#8221;blue&#8221;][\/vc_tta_section][\/vc_tta_accordion][\/vc_column][\/vc_row][vc_row][vc_column][vc_empty_space height=&#8221;4px&#8221; css=&#8221;.vc_custom_1643290222321{background-color: #dd9933 !important;}&#8221;][\/vc_column][\/vc_row][vc_row el_class=&#8221;container&#8221;][vc_column width=&#8221;1\/4&#8243; css=&#8221;.vc_custom_1643288805585{border-top-width: 4px !important;border-right-width: 4px !important;border-bottom-width: 4px !important;border-left-width: 4px !important;padding-top: 5px !important;padding-right: 5px !important;padding-bottom: 5px !important;padding-left: 5px !important;border-left-color: #f2f2f2 !important;border-right-color: #f2f2f2 !important;border-top-color: #f2f2f2 !important;border-bottom-color: #f2f2f2 !important;}&#8221;]\r\n                <div class=\"text-modules\">\r\n                    <div class=\"container\">\r\n                        \r\n                        <div class=\"text-modules__content\"><\/p>\n<h3 style=\"text-align: center;\"><span style=\"color: #002a5e;\">Dziennik Zachodni<\/span><\/h3>\n<p><img class=\"aligncenter wp-image-22999 size-full\" src=\"https:\/\/us.edu.pl\/wydzial\/wnst\/wp-content\/uploads\/sites\/18\/Nieprzypisane\/dziennik-zachodni.jpg\" alt=\"\" width=\"100%\" height=\"auto\" srcset=\"https:\/\/us.edu.pl\/wydzial\/wnst\/wp-content\/uploads\/sites\/18\/Nieprzypisane\/dziennik-zachodni.jpg 775w, https:\/\/us.edu.pl\/wydzial\/wnst\/wp-content\/uploads\/sites\/18\/Nieprzypisane\/dziennik-zachodni-300x170.jpg 300w, https:\/\/us.edu.pl\/wydzial\/wnst\/wp-content\/uploads\/sites\/18\/Nieprzypisane\/dziennik-zachodni-768x436.jpg 768w, https:\/\/us.edu.pl\/wydzial\/wnst\/wp-content\/uploads\/sites\/18\/Nieprzypisane\/dziennik-zachodni-575x326.jpg 575w\" sizes=\"(max-width: 775px) 100vw, 775px\" \/><\/p>\n<\/div>\r\n                    <\/div>\r\n                <\/div>[\/vc_column][vc_column width=&#8221;3\/4&#8243;][vc_empty_space height=&#8221;60px&#8221;][vc_tta_accordion style=&#8221;flat&#8221; c_icon=&#8221;triangle&#8221; active_section=&#8221;100&#8243; no_fill=&#8221;true&#8221; collapsible_all=&#8221;true&#8221; el_class=&#8221;zmiana-koloru&#8221; el_id=&#8221;zmiana-koloru&#8221;][vc_tta_section title=&#8221;O Plutonie i wakacjach na&#8230; Wenus&#8221; tab_id=&#8221;1651231648643734032-f2fa9fbd-7d17&#8243; el_class=&#8221;zmiana-koloru&#8221;][vc_column_text]<\/p>\n<h3>&#8222;O Plutonie i wakacjach na&#8230; Wenus&#8221;. Rozmowa z dr Aleksandr\u0105 Pi\u00f3rkowsk\u0105-Kurpas z Instytutu Fizyki Uniwersytetu \u015al\u0105skiego<\/h3>\n<p>link do artyku\u0142u: <span style=\"color: #ff9900;\"><a style=\"color: #ff9900;\" href=\"https:\/\/dziennikzachodni.pl\/o-plutonie-i-wakacjach-na-wenus-rozmowa-z-dr-aleksandra-piorkowskakurpas-z-instytutu-fizyki-uniwersytetu-slaskiego\/ar\/c5-16797011\">https:\/\/dziennikzachodni.pl\/o-plutonie-i-wakacjach-na-wenus-rozmowa-z-dr-aleksandra-piorkowskakurpa&#8230;<\/a><\/span>[\/vc_column_text][vc_text_separator title=&#8221;30 sierpnia 2022&#8243; title_align=&#8221;separator_align_left&#8221; color=&#8221;blue&#8221;][\/vc_tta_section][\/vc_tta_accordion][vc_tta_accordion style=&#8221;flat&#8221; c_icon=&#8221;triangle&#8221; active_section=&#8221;100&#8243; no_fill=&#8221;true&#8221; collapsible_all=&#8221;true&#8221; el_class=&#8221;zmiana-koloru&#8221; el_id=&#8221;zmiana-koloru&#8221;][vc_tta_section title=&#8221;Dominik Dusza opowiada o swoim psie, dzi\u0119ki kt\u00f3remu studiuje na Uniwersytecie \u015al\u0105skim w Katowicach&#8221; tab_id=&#8221;1662460502644-34aa3aec-811c&#8221;][vc_column_text]<\/p>\n<h3>W Mi\u0119dzynarodowym Dniu Psa Przewodnika Dominik Dusza opowiada o swoim psie, dzi\u0119ki kt\u00f3remu studiuje na Uniwersytecie \u015al\u0105skim w Katowicach<\/h3>\n<p>link do artyku\u0142u: <span style=\"color: #ff9900;\"><a style=\"color: #ff9900;\" href=\"https:\/\/dziennikzachodni.pl\/w-miedzynarodowym-dniu-psa-przewodnika-dominik-dusza-opowiada-o-swoim-psie-dzieki-ktoremu-studiuje-na-uniwersytecie-slaskim-w\/ar\/c1-16311303\">https:\/\/dziennikzachodni.pl\/w-miedzynarodowym-dniu-psa-przewodnika-dominik-dusza-opowiada-o-swoim-psie&#8230;<\/a><\/span>[\/vc_column_text][vc_text_separator title=&#8221;27 kwietnia 2022&#8243; title_align=&#8221;separator_align_left&#8221; color=&#8221;blue&#8221;][\/vc_tta_section][\/vc_tta_accordion][vc_tta_accordion style=&#8221;flat&#8221; c_icon=&#8221;triangle&#8221; active_section=&#8221;100&#8243; no_fill=&#8221;true&#8221; collapsible_all=&#8221;true&#8221; el_class=&#8221;zmiana-koloru&#8221; el_id=&#8221;zmiana-koloru&#8221;][vc_tta_section title=&#8221;\u015al\u0105skie w Dubaju. Na Expo 2020 trwa \u015al\u0105ski Tydzie\u0144 Regionalny.&#8221; tab_id=&#8221;1648643734032-f2fa9fbd-7d17&#8243;][vc_column_text]<\/p>\n<h3>\u015al\u0105skie w Dubaju. Na Expo 2020 trwa \u015al\u0105ski Tydzie\u0144 Regionalny. W\u015br\u00f3d ambasador\u00f3w promotorzy nauki z Uniwersytetu \u015al\u0105skiego.<\/h3>\n<p>link do artyku\u0142u: <span style=\"color: #ff9900;\"><a style=\"color: #ff9900;\" href=\"https:\/\/dziennikzachodni.pl\/slaskie-w-dubaju-na-expo-2020-trwa-slaski-tydzien-regionalny-wsrod-ambasadorow-promotorzy-nauki-z-uniwersytetu-slaskiego\/ar\/c3-16021219\">https:\/\/dziennikzachodni.pl\/slaskie-w-dubaju&#8230;<\/a><\/span>[\/vc_column_text][vc_text_separator title=&#8221;31 stycznia 2022&#8243; title_align=&#8221;separator_align_left&#8221; color=&#8221;blue&#8221;][\/vc_tta_section][\/vc_tta_accordion][\/vc_column][\/vc_row]<\/p>","protected":false},"excerpt":{"rendered":"<p>[vc_row][vc_column][vc_empty_space height=&#8221;4px&#8221; css=&#8221;.vc_custom_1643290222321{background-color: #dd9933 !important;}&#8221;][\/vc_column][\/vc_row][vc_row el_class=&#8221;container&#8221;][vc_column width=&#8221;1\/4&#8243; css=&#8221;.vc_custom_1643288805585{border-top-width: 4px !important;border-right-width: 4px !important;border-bottom-width: 4px !important;border-left-width: 4px !important;padding-top: 5px !important;padding-right: 5px !important;padding-bottom: 5px !important;padding-left: 5px !important;border-left-color: #f2f2f2 !important;border-right-color: #f2f2f2 !important;border-top-color: #f2f2f2 !important;border-bottom-color: #f2f2f2 !important;}&#8221;][\/vc_column][vc_column width=&#8221;3\/4&#8243;][vc_empty_space height=&#8221;60px&#8221;][vc_tta_accordion style=&#8221;flat&#8221; c_icon=&#8221;triangle&#8221; active_section=&#8221;100&#8243; no_fill=&#8221;true&#8221; collapsible_all=&#8221;true&#8221; el_class=&#8221;zmiana-koloru&#8221; el_id=&#8221;zmiana-koloru&#8221;][vc_tta_section title=&#8221;Na pytanie: &#8222;Czy cz\u0119ste mycie samochod\u00f3w przyspiesza ich korozj\u0119?&#8222; odpowiada prof. Bo\u017cena \u0141osiewicz&#8221; tab_id=&#8221;1643287752066-1f73b4e6-79db&#8221;][vc_column_text] [&#8230;]<\/p>\n<p><a class=\"btn btn-secondary understrap-read-more-link\" href=\"https:\/\/us.edu.pl\/wydzial\/wnst\/strona-glowna\/promocja\/wydzial-w-mediach\/prasa-ogolna\/\">Read More&#8230;<\/a><\/p>\n","protected":false},"author":92,"featured_media":0,"parent":21964,"menu_order":0,"comment_status":"closed","ping_status":"closed","template":"","meta":{"_expiration-date-status":"","_expiration-date":0,"_expiration-date-type":"","_expiration-date-categories":[],"_expiration-date-options":[]},"acf":[],"_links":{"self":[{"href":"https:\/\/us.edu.pl\/wydzial\/wnst\/wp-json\/wp\/v2\/pages\/22998"}],"collection":[{"href":"https:\/\/us.edu.pl\/wydzial\/wnst\/wp-json\/wp\/v2\/pages"}],"about":[{"href":"https:\/\/us.edu.pl\/wydzial\/wnst\/wp-json\/wp\/v2\/types\/page"}],"author":[{"embeddable":true,"href":"https:\/\/us.edu.pl\/wydzial\/wnst\/wp-json\/wp\/v2\/users\/92"}],"replies":[{"embeddable":true,"href":"https:\/\/us.edu.pl\/wydzial\/wnst\/wp-json\/wp\/v2\/comments?post=22998"}],"version-history":[{"count":10,"href":"https:\/\/us.edu.pl\/wydzial\/wnst\/wp-json\/wp\/v2\/pages\/22998\/revisions"}],"predecessor-version":[{"id":169244,"href":"https:\/\/us.edu.pl\/wydzial\/wnst\/wp-json\/wp\/v2\/pages\/22998\/revisions\/169244"}],"up":[{"embeddable":true,"href":"https:\/\/us.edu.pl\/wydzial\/wnst\/wp-json\/wp\/v2\/pages\/21964"}],"wp:attachment":[{"href":"https:\/\/us.edu.pl\/wydzial\/wnst\/wp-json\/wp\/v2\/media?parent=22998"}],"curies":[{"name":"wp","href":"https:\/\/api.w.org\/{rel}","templated":true}]}}