{"id":23022,"date":"2022-02-01T16:00:52","date_gmt":"2022-02-01T15:00:52","guid":{"rendered":"https:\/\/us.edu.pl\/wydzial\/wnst\/?page_id=23022"},"modified":"2023-01-29T01:02:01","modified_gmt":"2023-01-29T00:02:01","slug":"popularyzacja-nauki","status":"publish","type":"page","link":"https:\/\/us.edu.pl\/wydzial\/wnst\/strona-glowna\/promocja\/wydzial-w-mediach\/popularyzacja-nauki\/","title":{"rendered":"popularyzacja nauki"},"content":{"rendered":"<p>[vc_row el_class=&#8221;container&#8221;][vc_column][vc_column_text]<\/p>\n<h3><strong>Redaktor Wiktor Niedzicki &#8211; promocja polskiej nauki to moja pasja<br \/>\n<\/strong><\/h3>\n<p>[\/vc_column_text][vc_empty_space height=&#8221;4&#8243; css=&#8221;.vc_custom_1643728078277{border-top-width: 2px !important;border-right-width: 2px !important;border-bottom-width: 2px !important;border-left-width: 2px !important;background-color: #ef7d00 !important;border-left-color: #ef7d00 !important;border-left-style: solid !important;border-right-color: #ef7d00 !important;border-right-style: solid !important;border-top-color: #ef7d00 !important;border-top-style: solid !important;border-bottom-color: #ef7d00 !important;border-bottom-style: solid !important;border-radius: 3px !important;}&#8221;][\/vc_column][\/vc_row][vc_row el_class=&#8221;shadow, container&#8221;][vc_column][vc_row_inner][vc_column_inner width=&#8221;1\/3&#8243;][vc_empty_space height=&#8221;20&#8243;][vc_column_text css=&#8221;.vc_custom_1643727693037{border-radius: 2px !important;}&#8221;]<img class=\"alignnone size-full wp-image-23016\" src=\"https:\/\/us.edu.pl\/wydzial\/wnst\/wp-content\/uploads\/sites\/18\/Nieprzypisane\/MG_5148kor.jpg\" alt=\"\" width=\"100%\" height=\"auto\" srcset=\"https:\/\/us.edu.pl\/wydzial\/wnst\/wp-content\/uploads\/sites\/18\/Nieprzypisane\/MG_5148kor.jpg 5184w, https:\/\/us.edu.pl\/wydzial\/wnst\/wp-content\/uploads\/sites\/18\/Nieprzypisane\/MG_5148kor-300x200.jpg 300w, https:\/\/us.edu.pl\/wydzial\/wnst\/wp-content\/uploads\/sites\/18\/Nieprzypisane\/MG_5148kor-768x512.jpg 768w, https:\/\/us.edu.pl\/wydzial\/wnst\/wp-content\/uploads\/sites\/18\/Nieprzypisane\/MG_5148kor-1024x683.jpg 1024w, https:\/\/us.edu.pl\/wydzial\/wnst\/wp-content\/uploads\/sites\/18\/Nieprzypisane\/MG_5148kor-575x383.jpg 575w\" sizes=\"(max-width: 5184px) 100vw, 5184px\" \/><br \/>\n<small>Wiktor Niedzicki | Fot. archiwum prywatne<\/small>[\/vc_column_text][vc_column_text]<\/p>\n<p style=\"text-align: center;\"><a href=\"https:\/\/www.youtube.com\/user\/WiktorNiedzicki\"><img class=\"alignnone size-medium wp-image-23020\" src=\"https:\/\/us.edu.pl\/wydzial\/wnst\/wp-content\/uploads\/sites\/18\/Nieprzypisane\/maxresdefault-300x169.jpg\" alt=\"\" width=\"50%\" height=\"auto\" srcset=\"https:\/\/us.edu.pl\/wydzial\/wnst\/wp-content\/uploads\/sites\/18\/Nieprzypisane\/maxresdefault-300x169.jpg 300w, https:\/\/us.edu.pl\/wydzial\/wnst\/wp-content\/uploads\/sites\/18\/Nieprzypisane\/maxresdefault-768x432.jpg 768w, https:\/\/us.edu.pl\/wydzial\/wnst\/wp-content\/uploads\/sites\/18\/Nieprzypisane\/maxresdefault-1024x576.jpg 1024w, https:\/\/us.edu.pl\/wydzial\/wnst\/wp-content\/uploads\/sites\/18\/Nieprzypisane\/maxresdefault-575x323.jpg 575w, https:\/\/us.edu.pl\/wydzial\/wnst\/wp-content\/uploads\/sites\/18\/Nieprzypisane\/maxresdefault.jpg 1280w\" sizes=\"(max-width: 300px) 100vw, 300px\" \/><\/a><br \/>\n<a href=\"https:\/\/www.youtube.com\/user\/WiktorNiedzicki\">https:\/\/www.youtube.com\/user\/WiktorNiedzicki<\/a><\/p>\n<p>[\/vc_column_text][\/vc_column_inner][vc_column_inner width=&#8221;2\/3&#8243;][vc_empty_space height=&#8221;10&#8243; css=&#8221;.vc_custom_1643728231279{background-color: #ffffff !important;border-radius: 3px !important;}&#8221;][vc_column_text]Wiktor Niedzicki \u2013 popularyzator nauki, dziennikarz, prezenter radiowy i telewizyjny, nauczyciel akademicki. Przygotowuje i prezentuje widowiska o nauce dla dzieci, m\u0142odzie\u017cy i doros\u0142ych.<\/p>\n<p>Kr\u00f3tka notka biograficzna<\/p>\n<p>Wykszta\u0142cenie: w 1972 roku uko\u0144czy\u0142 Wydzia\u0142 Fizyki na Uniwersytecie Warszawskim, w 1973 \u015bpiew solowy w PSM II stopnia im J\u00f3zefa Elsnera w Warszawie.<\/p>\n<p>W 1975 roku uko\u0144czy\u0142 studium doktoranckie w Instytucie Chemii Organicznej PAN (bez uzyskania stopnia doktora).<\/p>\n<p>Od 1975 roku praca w Polskim Radiu .<\/p>\n<p>Od 1984 roku do 2010 roku praca w Telewizji Polskiej (Obecnie TVP S.A.).<\/p>\n<p>Autor ponad 900 program\u00f3w telewizyjnych m.in. z cyklu: \u201eLaboratorium\u201d (nadawany od 1985 roku ) i jego odmiany, \u201eKuchnia\u201d, \u201eCyrk Fizyk\u00f3w\u201d, \u201eNobel dla Polaka\u201d, \u201ePolski Nobel\u201d, \u201eMedycyna 2000 i 2001\u201d, \u201eDzie\u0144 Nauki\u201d 2003, 2004, 2005, 2006, 2007, \u201eDziedzictwo Einsteina\u201d oraz ponad 150 film\u00f3w popularnonaukowych. W dorobku liczne artyku\u0142y prasowe m.in. promuj\u0105ce nauk\u0119, oraz na temat popularyzacji nauki i medi\u00f3w.<\/p>\n<p>Autor kilku ksi\u0105\u017cek: \u201eZiemia jakiej nie znamy\u201d, \u201eTajemnice Ziemi\u201d, \u201eSekrety prezentacji nauki\u201d, \u201eSztuka prezentacji w nauce, biznesie, polityce\u201d, \u201eLaboratorium Wiktora\u201d(1-6), \u201eJak sprzeda\u0107 nauk\u0119?\u201d, \u201eTeleobiektyw, czyli spojrzenie na nauk\u0119\u201d, \u201eNowe laboratorium Wiktora\u201d, , \u201eSztuka promocji nauki\u201d(z Natali\u0105 Osic\u0105), \u201eJak sprzeda\u0107 nauk\u0119?\u201d, \u201eDobrze zaprezentuj swoj\u0105 prac\u0119\u201d, \u201eZ kamer\u0105 w\u015br\u00f3d uczonych\u201d, \u201eKosmos w naszym domu\u201d.<\/p>\n<p>Otrzyma\u0142 szereg nagr\u00f3d dziennikarskich.<\/p>\n<p>Od 1997 r. starszy wyk\u0142adowca na Politechnice Warszawskiej (Wydzia\u0142 Mechatroniki, specjalno\u015b\u0107 Techniki Multimedialne), ponadto wyk\u0142ada na innych uczelniach i w instytutach naukowych.<\/p>\n<p>Od 2010 roku niezale\u017cny popularyzator nauki. Przygotowuje i prezentuje widowiska o nauce dla dzieci, m\u0142odzie\u017cy i doros\u0142ych. Publikuje na Facebook\u2019u oraz w czasopismach drukowanych.<\/p>\n<p>W 2020 roku cykl program\u00f3w popularnonaukowych w \u201eHaloRadio\u201d. Od lutego 2021 roku na YouTube w\u0142asny kana\u0142 CiekaWizja.<\/p>\n<p style=\"text-align: center;\">\u017byciowym celem i pasj\u0105 jest promocja polskiej nauki.<\/p>\n<p>[\/vc_column_text][\/vc_column_inner][\/vc_row_inner][vc_empty_space height=&#8221;4&#8243; css=&#8221;.vc_custom_1643728078277{border-top-width: 2px !important;border-right-width: 2px !important;border-bottom-width: 2px !important;border-left-width: 2px !important;background-color: #ef7d00 !important;border-left-color: #ef7d00 !important;border-left-style: solid !important;border-right-color: #ef7d00 !important;border-right-style: solid !important;border-top-color: #ef7d00 !important;border-top-style: solid !important;border-bottom-color: #ef7d00 !important;border-bottom-style: solid !important;border-radius: 3px !important;}&#8221;][vc_empty_space height=&#8221;25&#8243; css=&#8221;.vc_custom_1643728444014{background-color: #ffffff !important;border-radius: 3px !important;}&#8221;][vc_row_inner][vc_column_inner el_class=&#8221;shadow&#8221; width=&#8221;1\/3&#8243;][vc_column_text]<\/p>\n<p style=\"text-align: center; font-size: 140%; color: #002a5a;\"><strong>Redaktor Wiktor Niedzicki<br \/>\nCiekawizja<br \/>\n<\/strong><\/p>\n<p>[\/vc_column_text]\r\n                <div class=\"text-modules\">\r\n                    <div class=\"container\">\r\n                        \r\n                        <div class=\"text-modules__content\"><p><iframe loading=\"lazy\" title=\"YouTube video player\" src=\"https:\/\/www.youtube.com\/embed\/AM4pUFiprTs\" width=\"100%\" height=\"auto\" frameborder=\"0\" allowfullscreen=\"allowfullscreen\"><span data-mce-type=\"bookmark\" style=\"display: inline-block; width: 0px; overflow: hidden; line-height: 0;\" class=\"mce_SELRES_start\">\ufeff<\/span><span data-mce-type=\"bookmark\" style=\"display: inline-block; width: 0px; overflow: hidden; line-height: 0;\" class=\"mce_SELRES_start\">\ufeff<\/span><\/iframe><\/p>\n<\/div>\r\n                    <\/div>\r\n                <\/div>[vc_column_text]<\/p>\n<p style=\"text-align: center; font-size: 140%; color: #002a5a;\"><strong>dr in\u017c. KAROLINA JURKIEWICZ<br \/>\n<small>Instytut Fizyki<\/small><\/strong><\/p>\n<p style=\"text-align: center;\"><a href=\"https:\/\/us.edu.pl\/dr-karolina-jurkiewicz-potencjal-materialow-weglowych-ogniwa-litowo-jonowe\/\"><span style=\"color: #002a5e;\">wi\u0119cej o autorce<\/span><\/a><\/p>\n<p>[\/vc_column_text][vc_text_separator title=&#8221;opublikowano 01-09-2022&#8243; title_align=&#8221;separator_align_right&#8221; align=&#8221;align_right&#8221; color=&#8221;blue&#8221;][\/vc_column_inner][vc_column_inner el_class=&#8221;shadow&#8221; width=&#8221;1\/3&#8243; el_id=&#8221;font&#8221;][vc_column_text]<\/p>\n<p style=\"text-align: center; font-size: 140%; color: #002a5a;\"><strong>Redaktor Wiktor Niedzicki<br \/>\nCiekawizja<br \/>\n<\/strong><\/p>\n<p>[\/vc_column_text]\r\n                <div class=\"text-modules\">\r\n                    <div class=\"container\">\r\n                        \r\n                        <div class=\"text-modules__content\"><p><iframe loading=\"lazy\" title=\"YouTube video player\" src=\"https:\/\/www.youtube.com\/embed\/m0sY5rY-0WU\" width=\"100%\" height=\"auto\" frameborder=\"0\" allowfullscreen=\"allowfullscreen\"><span data-mce-type=\"bookmark\" style=\"display: inline-block; width: 0px; overflow: hidden; line-height: 0;\" class=\"mce_SELRES_start\">\ufeff<\/span><\/iframe><\/p>\n<\/div>\r\n                    <\/div>\r\n                <\/div>[vc_column_text]<\/p>\n<p style=\"text-align: center; font-size: 140%; color: #002a5a;\"><strong>dr hab. ANNA MROZEK-WILCZKIEWICZ, prof. U\u015a<br \/>\n<small>Instytut Fizyki<\/small><\/strong><\/p>\n<p style=\"text-align: center;\"><a href=\"https:\/\/us.edu.pl\/swoboda-badan-prof-anna-mrozek-wilczkiewicz\/\"><span style=\"color: #002a5e;\">wi\u0119cej o autorce<\/span><\/a><\/p>\n<p>[\/vc_column_text][vc_text_separator title=&#8221;opublikowano 30-06-2022&#8243; title_align=&#8221;separator_align_right&#8221; align=&#8221;align_right&#8221; color=&#8221;blue&#8221;][\/vc_column_inner][vc_column_inner el_class=&#8221;shadow&#8221; width=&#8221;1\/3&#8243;][vc_column_text]<\/p>\n<p style=\"text-align: center; font-size: 140%; color: #002a5a;\"><strong>Redaktor Wiktor Niedzicki<br \/>\nCiekawizja<br \/>\n<\/strong><\/p>\n<p>[\/vc_column_text]\r\n                <div class=\"text-modules\">\r\n                    <div class=\"container\">\r\n                        \r\n                        <div class=\"text-modules__content\"><p><iframe loading=\"lazy\" title=\"YouTube video player\" src=\"https:\/\/www.youtube.com\/embed\/i2Kz1DUnzOo\" width=\"100%\" height=\"auto\" frameborder=\"0\" allowfullscreen=\"allowfullscreen\"><span data-mce-type=\"bookmark\" style=\"display: inline-block; width: 0px; overflow: hidden; line-height: 0;\" class=\"mce_SELRES_start\">\ufeff<\/span><\/iframe><\/p>\n<\/div>\r\n                    <\/div>\r\n                <\/div>[vc_column_text]<\/p>\n<p style=\"text-align: center; font-size: 140%; color: #002a5a;\"><strong>dr hab. ANDRZEJ SWINAREW, prof. U\u015a<br \/>\n<small>Instytut In\u017cynierii Biomedycznej<\/small><\/strong><\/p>\n<p style=\"text-align: center;\"><a href=\"https:\/\/us.edu.pl\/instytut\/iib\/dr-hab-andrzej-swinarew-prof-us\/\"><span style=\"color: #002a5e;\">wi\u0119cej o autorze<\/span><\/a><\/p>\n<p>[\/vc_column_text][vc_text_separator title=&#8221;opublikowano 10-01-2022&#8243; title_align=&#8221;separator_align_right&#8221; align=&#8221;align_right&#8221; color=&#8221;blue&#8221;][\/vc_column_inner][\/vc_row_inner][vc_empty_space height=&#8221;25&#8243; css=&#8221;.vc_custom_1643728444014{background-color: #ffffff !important;border-radius: 3px !important;}&#8221;][vc_empty_space height=&#8221;4&#8243; css=&#8221;.vc_custom_1643728078277{border-top-width: 2px !important;border-right-width: 2px !important;border-bottom-width: 2px !important;border-left-width: 2px !important;background-color: #ef7d00 !important;border-left-color: #ef7d00 !important;border-left-style: solid !important;border-right-color: #ef7d00 !important;border-right-style: solid !important;border-top-color: #ef7d00 !important;border-top-style: solid !important;border-bottom-color: #ef7d00 !important;border-bottom-style: solid !important;border-radius: 3px !important;}&#8221;][vc_empty_space height=&#8221;25&#8243; css=&#8221;.vc_custom_1643728444014{background-color: #ffffff !important;border-radius: 3px !important;}&#8221;][vc_row_inner][vc_column_inner el_class=&#8221;shadow&#8221; width=&#8221;1\/3&#8243;][vc_column_text]<\/p>\n<p style=\"text-align: center; font-size: 140%; color: #002a5a;\"><strong>Redaktor Wiktor Niedzicki<br \/>\nCiekawizja<br \/>\n<\/strong><\/p>\n<p>[\/vc_column_text]\r\n                <div class=\"text-modules\">\r\n                    <div class=\"container\">\r\n                        \r\n                        <div class=\"text-modules__content\"><p><iframe loading=\"lazy\" title=\"YouTube video player\" src=\"https:\/\/www.youtube.com\/embed\/GQieHRGxyPw\" width=\"100%\" height=\"auto\" frameborder=\"0\" allowfullscreen=\"allowfullscreen\"><span data-mce-type=\"bookmark\" style=\"display: inline-block; width: 0px; overflow: hidden; line-height: 0;\" class=\"mce_SELRES_start\">\ufeff<\/span><\/iframe><\/p>\n<\/div>\r\n                    <\/div>\r\n                <\/div>[vc_column_text]<\/p>\n<p style=\"text-align: center; font-size: 140%; color: #002a5a;\"><strong>dr hab. ROBERT MUSIO\u0141, prof. U\u015a<br \/>\n<small>Instytut Chemii<\/small><\/strong><\/p>\n<p style=\"text-align: center;\"><a href=\"https:\/\/ab.us.edu.pl\/emp?id=18502\"><span style=\"color: #002a5e;\">wi\u0119cej o autorze<\/span><\/a><\/p>\n<p>[\/vc_column_text][vc_text_separator title=&#8221;opublikowano 30-12-2021&#8243; title_align=&#8221;separator_align_right&#8221; align=&#8221;align_right&#8221; color=&#8221;blue&#8221;][\/vc_column_inner][vc_column_inner el_class=&#8221;shadow&#8221; width=&#8221;1\/3&#8243;][vc_column_text]<\/p>\n<p style=\"text-align: center; font-size: 140%; color: #002a5a;\"><strong>Redaktor Wiktor Niedzicki<br \/>\nCiekawizja<br \/>\n<\/strong><\/p>\n<p>[\/vc_column_text]\r\n                <div class=\"text-modules\">\r\n                    <div class=\"container\">\r\n                        \r\n                        <div class=\"text-modules__content\"><p><iframe loading=\"lazy\" title=\"YouTube video player\" src=\"https:\/\/www.youtube.com\/embed\/O0CjJKgOl2U\" width=\"100%\" height=\"auto\" frameborder=\"0\" allowfullscreen=\"allowfullscreen\"><span data-mce-type=\"bookmark\" style=\"display: inline-block; width: 0px; overflow: hidden; line-height: 0;\" class=\"mce_SELRES_start\">\ufeff<\/span><\/iframe><\/p>\n<\/div>\r\n                    <\/div>\r\n                <\/div>[vc_column_text]<\/p>\n<p style=\"text-align: center; font-size: 140%; color: #002a5a;\"><strong>prof. dr hab. DANUTA STR\u00d3\u017b<br \/>\n<small>Instytut In\u017cynierii Materia\u0142owej<\/small><\/strong><\/p>\n<p style=\"text-align: center;\"><a href=\"https:\/\/ab.us.edu.pl\/emp?id=26262\"><span style=\"color: #002a5e;\">wi\u0119cej o autorce<\/span><\/a><\/p>\n<p>[\/vc_column_text][vc_text_separator title=&#8221;opublikowano 24-05-2021&#8243; title_align=&#8221;separator_align_right&#8221; align=&#8221;align_right&#8221; color=&#8221;blue&#8221;][\/vc_column_inner][vc_column_inner el_class=&#8221;shadow&#8221; width=&#8221;1\/3&#8243;][vc_column_text]<\/p>\n<p style=\"text-align: center; font-size: 140%; color: #002a5a;\"><strong>Wiktor Niedzicki | Wyk\u0142ad inauguracyjny pt. \u201eWIELKA KLAPA, czyli jak zepsu\u0107 swoj\u0105 prezentacj\u0119?\u201d<\/strong><\/p>\n<p>[\/vc_column_text][vc_column_text]<\/p>\n<p><iframe loading=\"lazy\" title=\"Inauguracja roku akademickiego 2021\/2022 na Wydziale Nauk \u015acis\u0142ych i Technicznych U\u015a\" width=\"640\" height=\"360\" src=\"https:\/\/www.youtube.com\/embed\/VDu-b9GOONc?start=2022&#038;feature=oembed\" frameborder=\"0\" allow=\"accelerometer; autoplay; clipboard-write; encrypted-media; gyroscope; picture-in-picture; web-share\" allowfullscreen><\/iframe><\/p>\n<p>[\/vc_column_text][vc_column_text]<\/p>\n<p style=\"text-align: center; font-size: 140%; color: #002a5a;\"><strong>redaktor WIKTOR NIEDZICKI<\/strong><\/p>\n<p>\u00a0[\/vc_column_text][vc_text_separator title=&#8221;opublikowano 06-10-2021&#8243; title_align=&#8221;separator_align_right&#8221; align=&#8221;align_right&#8221; color=&#8221;blue&#8221;][\/vc_column_inner][\/vc_row_inner][\/vc_column][\/vc_row]<\/p>","protected":false},"excerpt":{"rendered":"<p>[vc_row el_class=&#8221;container&#8221;][vc_column][vc_column_text] Redaktor Wiktor Niedzicki &#8211; promocja polskiej nauki to moja pasja [\/vc_column_text][vc_empty_space height=&#8221;4&#8243; css=&#8221;.vc_custom_1643728078277{border-top-width: 2px !important;border-right-width: 2px !important;border-bottom-width: 2px !important;border-left-width: 2px !important;background-color: #ef7d00 !important;border-left-color: #ef7d00 !important;border-left-style: solid !important;border-right-color: #ef7d00 !important;border-right-style: solid !important;border-top-color: #ef7d00 !important;border-top-style: solid !important;border-bottom-color: #ef7d00 !important;border-bottom-style: solid !important;border-radius: 3px !important;}&#8221;][\/vc_column][\/vc_row][vc_row el_class=&#8221;shadow, container&#8221;][vc_column][vc_row_inner][vc_column_inner width=&#8221;1\/3&#8243;][vc_empty_space height=&#8221;20&#8243;][vc_column_text css=&#8221;.vc_custom_1643727693037{border-radius: 2px !important;}&#8221;] Wiktor Niedzicki | Fot. archiwum [&#8230;]<\/p>\n<p><a class=\"btn btn-secondary understrap-read-more-link\" href=\"https:\/\/us.edu.pl\/wydzial\/wnst\/strona-glowna\/promocja\/wydzial-w-mediach\/popularyzacja-nauki\/\">Read More&#8230;<\/a><\/p>\n","protected":false},"author":92,"featured_media":0,"parent":21964,"menu_order":0,"comment_status":"closed","ping_status":"closed","template":"","meta":{"_expiration-date-status":"saved","_expiration-date":0,"_expiration-date-type":"","_expiration-date-categories":[],"_expiration-date-options":[]},"acf":[],"_links":{"self":[{"href":"https:\/\/us.edu.pl\/wydzial\/wnst\/wp-json\/wp\/v2\/pages\/23022"}],"collection":[{"href":"https:\/\/us.edu.pl\/wydzial\/wnst\/wp-json\/wp\/v2\/pages"}],"about":[{"href":"https:\/\/us.edu.pl\/wydzial\/wnst\/wp-json\/wp\/v2\/types\/page"}],"author":[{"embeddable":true,"href":"https:\/\/us.edu.pl\/wydzial\/wnst\/wp-json\/wp\/v2\/users\/92"}],"replies":[{"embeddable":true,"href":"https:\/\/us.edu.pl\/wydzial\/wnst\/wp-json\/wp\/v2\/comments?post=23022"}],"version-history":[{"count":10,"href":"https:\/\/us.edu.pl\/wydzial\/wnst\/wp-json\/wp\/v2\/pages\/23022\/revisions"}],"predecessor-version":[{"id":163140,"href":"https:\/\/us.edu.pl\/wydzial\/wnst\/wp-json\/wp\/v2\/pages\/23022\/revisions\/163140"}],"up":[{"embeddable":true,"href":"https:\/\/us.edu.pl\/wydzial\/wnst\/wp-json\/wp\/v2\/pages\/21964"}],"wp:attachment":[{"href":"https:\/\/us.edu.pl\/wydzial\/wnst\/wp-json\/wp\/v2\/media?parent=23022"}],"curies":[{"name":"wp","href":"https:\/\/api.w.org\/{rel}","templated":true}]}}