{"id":23495,"date":"2022-02-05T23:40:14","date_gmt":"2022-02-05T22:40:14","guid":{"rendered":"https:\/\/us.edu.pl\/wydzial\/wnst\/?page_id=23495"},"modified":"2024-01-12T11:37:16","modified_gmt":"2024-01-12T10:37:16","slug":"material","status":"publish","type":"page","link":"https:\/\/us.edu.pl\/wydzial\/wnst\/wspolpraca\/szkoly\/konkurs-chemiczny\/material\/","title":{"rendered":"materia\u0142"},"content":{"rendered":"<p>[vc_row el_class=&#8221;container&#8221;][vc_column]\r\n                <div class=\"text-modules\">\r\n                    <div class=\"container\">\r\n                        <h3 class=\"page-title text__title\">Zakres materia\u0142u<\/h3>\r\n                        <div class=\"text-modules__content\"><p>Konkurs sk\u0142ada si\u0119 z dw\u00f3ch cz\u0119\u015bci &#8211; pisemnej i laboratoryjnej. Cz\u0119\u015b\u0107 pisemna obejmuje rozwi\u0105zywanie zada\u0144 niewykraczaj\u0105cych poza poziom podstawowy i rozszerzony szko\u0142y \u015bredniej. Zadania obejmuj\u0105 zagadnienia chemii nieorganicznej, organicznej, chemii fizycznej i klasycznej chemii analitycznej.<br \/>\nCz\u0119\u015b\u0107 laboratoryjna polega na rozwi\u0105zaniu zadania praktycznego i napisaniu sprawozdania z prowadzonych analiz. Zadanie laboratoryjne obejmuje klasyczn\u0105 analiz\u0119 zwi\u0105zk\u00f3w nieorganicznych i podstawowych zwi\u0105zk\u00f3w organicznych.<\/p>\n<p style=\"text-align: center;\"><span style=\"letter-spacing: 0.7mm; color: #333333; font-size: 100%;\">Dokumenty PDF z zadaniami z poprzednich edycji Konkursu <\/span><\/p>\n<ul style=\"list-style-type: disc;\">\n<li><a href=\"https:\/\/us.edu.pl\/wydzial\/wnst\/wp-content\/uploads\/sites\/18\/zdjecia-wydarzenia\/konkurs-chemiczny\/I_KChem_zadania_I_etap.pdf\" class=\"mtli_attachment mtli_pdf\" data-mtli=\"mtli_filesize133,78kB\" class=\"mtli_attachment mtli_pdf\" data-mtli=\"mtli_filesize133,78kB\">I Konkurs Chemiczny &#8211; zadania I etap<\/a><\/li>\n<li><a href=\"https:\/\/us.edu.pl\/wydzial\/wnst\/wp-content\/uploads\/sites\/18\/zdjecia-wydarzenia\/konkurs-chemiczny\/II_KChem_zadania_I_etap.pdf\" class=\"mtli_attachment mtli_pdf\" data-mtli=\"mtli_filesize137,31kB\" class=\"mtli_attachment mtli_pdf\" data-mtli=\"mtli_filesize137,31kB\">II Konkurs Chemiczny &#8211; zadania I etap<\/a><\/li>\n<li><a href=\"https:\/\/us.edu.pl\/wydzial\/wnst\/wp-content\/uploads\/sites\/18\/zdjecia-wydarzenia\/konkurs-chemiczny\/II_KChem_zadania_II_etap.pdf\" class=\"mtli_attachment mtli_pdf\" data-mtli=\"mtli_filesize107,04kB\" class=\"mtli_attachment mtli_pdf\" data-mtli=\"mtli_filesize107,04kB\">II Konkurs Chemiczny &#8211; zadania II etap<\/a><\/li>\n<li><a href=\"https:\/\/us.edu.pl\/wydzial\/wnst\/wp-content\/uploads\/sites\/18\/zdjecia-wydarzenia\/konkurs-chemiczny\/III_KChem_zadania_I_etap.pdf\" class=\"mtli_attachment mtli_pdf\" data-mtli=\"mtli_filesize129,19kB\" class=\"mtli_attachment mtli_pdf\" data-mtli=\"mtli_filesize129,19kB\">III Konkurs Chemiczny &#8211; zadania I etap<\/a><\/li>\n<li><a href=\"https:\/\/us.edu.pl\/wydzial\/wnst\/wp-content\/uploads\/sites\/18\/zdjecia-wydarzenia\/konkurs-chemiczny\/III_KChem_zadania_II_etap.pdf\" class=\"mtli_attachment mtli_pdf\" data-mtli=\"mtli_filesize61,97kB\" class=\"mtli_attachment mtli_pdf\" data-mtli=\"mtli_filesize61,97kB\">III Konkurs Chemiczny &#8211; zadania II etap<\/a><\/li>\n<li><a href=\"https:\/\/us.edu.pl\/wydzial\/wnst\/wp-content\/uploads\/sites\/18\/zdjecia-wydarzenia\/konkurs-chemiczny\/IV_KChem_zadania_I_etap.pdf\" class=\"mtli_attachment mtli_pdf\" data-mtli=\"mtli_filesize376,84kB\" class=\"mtli_attachment mtli_pdf\" data-mtli=\"mtli_filesize376,84kB\">IV Konkurs Chemiczny &#8211; zadania I etap<\/a><\/li>\n<li><a href=\"https:\/\/us.edu.pl\/wydzial\/wnst\/wp-content\/uploads\/sites\/18\/zdjecia-wydarzenia\/konkurs-chemiczny\/V_KChem_zadania_I_etap.pdf\" class=\"mtli_attachment mtli_pdf\" data-mtli=\"mtli_filesize292,17kB\" class=\"mtli_attachment mtli_pdf\" data-mtli=\"mtli_filesize292,17kB\">V Konkurs Chemiczny &#8211; zadania I etap<\/a><\/li>\n<li><a href=\"https:\/\/us.edu.pl\/wydzial\/wnst\/wp-content\/uploads\/sites\/18\/zdjecia-wydarzenia\/konkurs-chemiczny\/VI_KChem_zadania_I_etap.pdf\" class=\"mtli_attachment mtli_pdf\" data-mtli=\"mtli_filesize313,99kB\" class=\"mtli_attachment mtli_pdf\" data-mtli=\"mtli_filesize313,99kB\">VI Konkurs Chemiczny &#8211; zadania I etap<\/a><\/li>\n<li><a href=\"https:\/\/us.edu.pl\/wydzial\/wnst\/wp-content\/uploads\/sites\/18\/zdjecia-wydarzenia\/konkurs-chemiczny\/VII_KChem_zadania_I_etap.pdf\" class=\"mtli_attachment mtli_pdf\" data-mtli=\"mtli_filesize586,61kB\" class=\"mtli_attachment mtli_pdf\" data-mtli=\"mtli_filesize586,61kB\">VII Konkurs Chemiczny &#8211; zadania I etap<\/a><\/li>\n<li><a href=\"https:\/\/us.edu.pl\/wydzial\/wnst\/wp-content\/uploads\/sites\/18\/zdjecia-wydarzenia\/konkurs-chemiczny\/VIII_KChem_zadania_I_etap.pdf\" class=\"mtli_attachment mtli_pdf\" data-mtli=\"mtli_filesize247,72kB\" class=\"mtli_attachment mtli_pdf\" data-mtli=\"mtli_filesize247,72kB\">VIII Konkurs Chemiczny &#8211; zadania I etap<\/a><\/li>\n<li><a href=\"https:\/\/us.edu.pl\/wydzial\/wnst\/wp-content\/uploads\/sites\/18\/zdjecia-wydarzenia\/konkurs-chemiczny\/VIII_KChem_zadania_II_etap.pdf\" class=\"mtli_attachment mtli_pdf\" data-mtli=\"mtli_filesize213,75kB\" class=\"mtli_attachment mtli_pdf\" data-mtli=\"mtli_filesize213,75kB\">VIII Konkurs Chemiczny &#8211; zadania II etap<\/a><\/li>\n<li><a href=\"https:\/\/us.edu.pl\/wydzial\/wnst\/wp-content\/uploads\/sites\/18\/zdjecia-wydarzenia\/konkurs-chemiczny\/XII_KChem_zadania_II_etap.pdf\" class=\"mtli_attachment mtli_pdf\" data-mtli=\"mtli_filesize218,12kB\" class=\"mtli_attachment mtli_pdf\" data-mtli=\"mtli_filesize218,12kB\">XII Konkurs Chemiczny &#8211; zadania II etap<\/a><\/li>\n<\/ul>\n<p>\n<style type=\"text\/css\">a[data-mtli~=\"mtli_filesize133,78kB\"]:after {content:\" (133,78 kB)\"}a[data-mtli~=\"mtli_filesize137,31kB\"]:after {content:\" (137,31 kB)\"}a[data-mtli~=\"mtli_filesize107,04kB\"]:after {content:\" (107,04 kB)\"}a[data-mtli~=\"mtli_filesize129,19kB\"]:after {content:\" (129,19 kB)\"}a[data-mtli~=\"mtli_filesize61,97kB\"]:after {content:\" (61,97 kB)\"}a[data-mtli~=\"mtli_filesize376,84kB\"]:after {content:\" (376,84 kB)\"}a[data-mtli~=\"mtli_filesize292,17kB\"]:after {content:\" (292,17 kB)\"}a[data-mtli~=\"mtli_filesize313,99kB\"]:after {content:\" (313,99 kB)\"}a[data-mtli~=\"mtli_filesize586,61kB\"]:after {content:\" (586,61 kB)\"}a[data-mtli~=\"mtli_filesize247,72kB\"]:after {content:\" (247,72 kB)\"}a[data-mtli~=\"mtli_filesize213,75kB\"]:after {content:\" (213,75 kB)\"}a[data-mtli~=\"mtli_filesize218,12kB\"]:after {content:\" (218,12 kB)\"}<\/style><\/div>\r\n                    <\/div>\r\n                <\/div>[\/vc_column][\/vc_row][vc_row title=&#8221;strona rejestracji&#8221; style=&#8221;custom&#8221; gradient_color_1=&#8221;turquoise&#8221; gradient_color_2=&#8221;blue&#8221; gradient_custom_color_1=&#8221;#dd3333&#8243; gradient_custom_color_2=&#8221;#eeee22&#8243; gradient_text_color=&#8221;#ffffff&#8221; custom_background=&#8221;#002e5a&#8221; custom_text=&#8221;#ffffff&#8221; outline_custom_color=&#8221;#666666&#8243; outline_custom_hover_background=&#8221;#666666&#8243; outline_custom_hover_text=&#8221;#ffffff&#8221; shape=&#8221;rounded&#8221; color=&#8221;grey&#8221; size=&#8221;md&#8221; align=&#8221;left&#8221; button_block=&#8221;&#8221; add_icon=&#8221;&#8221; i_align=&#8221;left&#8221; i_type=&#8221;fontawesome&#8221; i_icon_fontawesome=&#8221;fa fa-adjust&#8221; i_icon_openiconic=&#8221;vc-oi vc-oi-dial&#8221; i_icon_typicons=&#8221;typcn typcn-adjust-brightness&#8221; i_icon_entypo=&#8221;entypo-icon entypo-icon-note&#8221; i_icon_linecons=&#8221;vc_li vc_li-heart&#8221; i_icon_monosocial=&#8221;vc-mono vc-mono-fivehundredpx&#8221; i_icon_material=&#8221;vc-material vc-material-cake&#8221; i_icon_pixelicons=&#8221;vc_pixel_icon vc_pixel_icon-alert&#8221; custom_onclick=&#8221;&#8221; link=&#8221;url:https%3A%2F%2Fus.edu.pl%2Fwydzial%2Fwnst%2Fstudia%2Fstudent%2Frejestracje-na-zajecia||target:%20_blank|&#8221; custom_onclick_code=&#8221;&#8221;][vc_column width=&#8221;1\/5&#8243;][\/vc_column][vc_column width=&#8221;1\/5&#8243;][\/vc_column][vc_column width=&#8221;1\/5&#8243;][\/vc_column][vc_column width=&#8221;1\/5&#8243;][\/vc_column][vc_column width=&#8221;1\/5&#8243;][vc_btn title=&#8221;powr\u00f3t do strony g\u0142\u00f3wnej&#8221; style=&#8221;custom&#8221; custom_background=&#8221;#002e5a&#8221; custom_text=&#8221;#ffffff&#8221; align=&#8221;left&#8221; link=&#8221;url:https%3A%2F%2Fus.edu.pl%2Fwydzial%2Fwnst%2Fwspolpraca%2Fszkoly%2Fkonkurs-chemiczny%2F&#8221;][\/vc_column][\/vc_row]<\/p>\n<style type=\"text\/css\">a[data-mtli~=\"mtli_filesize133,78kB\"]:after {content:\" (133,78 kB)\"}a[data-mtli~=\"mtli_filesize137,31kB\"]:after {content:\" (137,31 kB)\"}a[data-mtli~=\"mtli_filesize107,04kB\"]:after {content:\" (107,04 kB)\"}a[data-mtli~=\"mtli_filesize129,19kB\"]:after {content:\" (129,19 kB)\"}a[data-mtli~=\"mtli_filesize61,97kB\"]:after {content:\" (61,97 kB)\"}a[data-mtli~=\"mtli_filesize376,84kB\"]:after {content:\" (376,84 kB)\"}a[data-mtli~=\"mtli_filesize292,17kB\"]:after {content:\" (292,17 kB)\"}a[data-mtli~=\"mtli_filesize313,99kB\"]:after {content:\" (313,99 kB)\"}a[data-mtli~=\"mtli_filesize586,61kB\"]:after {content:\" (586,61 kB)\"}a[data-mtli~=\"mtli_filesize247,72kB\"]:after {content:\" (247,72 kB)\"}a[data-mtli~=\"mtli_filesize213,75kB\"]:after {content:\" (213,75 kB)\"}a[data-mtli~=\"mtli_filesize218,12kB\"]:after {content:\" (218,12 kB)\"}<\/style>","protected":false},"excerpt":{"rendered":"<p>[vc_row el_class=&#8221;container&#8221;][vc_column][\/vc_column][\/vc_row][vc_row title=&#8221;strona rejestracji&#8221; style=&#8221;custom&#8221; gradient_color_1=&#8221;turquoise&#8221; gradient_color_2=&#8221;blue&#8221; gradient_custom_color_1=&#8221;#dd3333&#8243; gradient_custom_color_2=&#8221;#eeee22&#8243; gradient_text_color=&#8221;#ffffff&#8221; custom_background=&#8221;#002e5a&#8221; custom_text=&#8221;#ffffff&#8221; outline_custom_color=&#8221;#666666&#8243; outline_custom_hover_background=&#8221;#666666&#8243; outline_custom_hover_text=&#8221;#ffffff&#8221; shape=&#8221;rounded&#8221; color=&#8221;grey&#8221; size=&#8221;md&#8221; align=&#8221;left&#8221; button_block=&#8221;&#8221; add_icon=&#8221;&#8221; i_align=&#8221;left&#8221; i_type=&#8221;fontawesome&#8221; i_icon_fontawesome=&#8221;fa fa-adjust&#8221; i_icon_openiconic=&#8221;vc-oi vc-oi-dial&#8221; i_icon_typicons=&#8221;typcn typcn-adjust-brightness&#8221; i_icon_entypo=&#8221;entypo-icon entypo-icon-note&#8221; i_icon_linecons=&#8221;vc_li vc_li-heart&#8221; i_icon_monosocial=&#8221;vc-mono vc-mono-fivehundredpx&#8221; i_icon_material=&#8221;vc-material vc-material-cake&#8221; i_icon_pixelicons=&#8221;vc_pixel_icon vc_pixel_icon-alert&#8221; custom_onclick=&#8221;&#8221; link=&#8221;url:https%3A%2F%2Fus.edu.pl%2Fwydzial%2Fwnst%2Fstudia%2Fstudent%2Frejestracje-na-zajecia||target:%20_blank|&#8221; custom_onclick_code=&#8221;&#8221;][vc_column width=&#8221;1\/5&#8243;][\/vc_column][vc_column width=&#8221;1\/5&#8243;][\/vc_column][vc_column width=&#8221;1\/5&#8243;][\/vc_column][vc_column width=&#8221;1\/5&#8243;][\/vc_column][vc_column width=&#8221;1\/5&#8243;][vc_btn title=&#8221;powr\u00f3t do strony g\u0142\u00f3wnej&#8221; style=&#8221;custom&#8221; custom_background=&#8221;#002e5a&#8221; custom_text=&#8221;#ffffff&#8221; align=&#8221;left&#8221; [&#8230;]<\/p>\n<p><a class=\"btn btn-secondary understrap-read-more-link\" href=\"https:\/\/us.edu.pl\/wydzial\/wnst\/wspolpraca\/szkoly\/konkurs-chemiczny\/material\/\">Read More&#8230;<\/a><\/p>\n","protected":false},"author":92,"featured_media":0,"parent":23043,"menu_order":0,"comment_status":"closed","ping_status":"closed","template":"","meta":{"_expiration-date-status":"saved","_expiration-date":0,"_expiration-date-type":"","_expiration-date-categories":[],"_expiration-date-options":[]},"acf":[],"_links":{"self":[{"href":"https:\/\/us.edu.pl\/wydzial\/wnst\/wp-json\/wp\/v2\/pages\/23495"}],"collection":[{"href":"https:\/\/us.edu.pl\/wydzial\/wnst\/wp-json\/wp\/v2\/pages"}],"about":[{"href":"https:\/\/us.edu.pl\/wydzial\/wnst\/wp-json\/wp\/v2\/types\/page"}],"author":[{"embeddable":true,"href":"https:\/\/us.edu.pl\/wydzial\/wnst\/wp-json\/wp\/v2\/users\/92"}],"replies":[{"embeddable":true,"href":"https:\/\/us.edu.pl\/wydzial\/wnst\/wp-json\/wp\/v2\/comments?post=23495"}],"version-history":[{"count":10,"href":"https:\/\/us.edu.pl\/wydzial\/wnst\/wp-json\/wp\/v2\/pages\/23495\/revisions"}],"predecessor-version":[{"id":172490,"href":"https:\/\/us.edu.pl\/wydzial\/wnst\/wp-json\/wp\/v2\/pages\/23495\/revisions\/172490"}],"up":[{"embeddable":true,"href":"https:\/\/us.edu.pl\/wydzial\/wnst\/wp-json\/wp\/v2\/pages\/23043"}],"wp:attachment":[{"href":"https:\/\/us.edu.pl\/wydzial\/wnst\/wp-json\/wp\/v2\/media?parent=23495"}],"curies":[{"name":"wp","href":"https:\/\/api.w.org\/{rel}","templated":true}]}}