{"id":23816,"date":"2022-02-10T10:46:14","date_gmt":"2022-02-10T09:46:14","guid":{"rendered":"https:\/\/us.edu.pl\/wydzial\/wnst\/?page_id=23816"},"modified":"2022-02-20T11:14:55","modified_gmt":"2022-02-20T10:14:55","slug":"xv-edycja","status":"publish","type":"page","link":"https:\/\/us.edu.pl\/wydzial\/wnst\/wspolpraca\/szkoly\/swieto-liczby-pi\/xv-edycja\/","title":{"rendered":"XV \u015awi\u0119to Liczby Pi"},"content":{"rendered":"<p>[vc_row el_class=&#8221;container&#8221;][vc_column width=&#8221;2\/5&#8243; el_class=&#8221;container&#8221;][vc_row_inner][vc_column_inner]            \r\n            <div class=\"sidebar_moduls sidebar_moduls_facebok fb-page\"\r\n              data-href=\"https:\/\/www.facebook.com\/swietoliczbypi\/\" \r\n              data-width=\"330\"\r\n              data-hide-cover=\"false\"\r\n              data-show-facepile=\"true\"><\/div>\r\n             \r\n             <div id=\"fb-root\"><\/div>\r\n            <script async defer crossorigin=\"anonymous\" src=\" https:\/\/connect.facebook.net\/pl_PL\/sdk.js#xfbml=1&version=v4.0 \">                        \r\n            <\/script>\r\n            [\/vc_column_inner][\/vc_row_inner]\r\n                <div class=\"text-modules\">\r\n                    <div class=\"container\">\r\n                        \r\n                        <div class=\"text-modules__content\"><\/p>\n<p><center><img class=\"size-full wp-image-10173\" style=\"max-width: 330px;\" src=\"https:\/\/us.edu.pl\/wydzial\/wnst\/wp-content\/uploads\/sites\/18\/\u015awi\u0119to-Liczby-Pi\/historia\/plakat-15-edycja.jpg\" alt=\"XV edycja \u015awi\u0119ta Liczby Pi\" width=\"100%\" height=\"auto\" srcset=\"https:\/\/us.edu.pl\/wydzial\/wnst\/wp-content\/uploads\/sites\/18\/\u015awi\u0119to-Liczby-Pi\/historia\/plakat-15-edycja.jpg 1000w, https:\/\/us.edu.pl\/wydzial\/wnst\/wp-content\/uploads\/sites\/18\/\u015awi\u0119to-Liczby-Pi\/historia\/plakat-15-edycja-214x300.jpg 214w, https:\/\/us.edu.pl\/wydzial\/wnst\/wp-content\/uploads\/sites\/18\/\u015awi\u0119to-Liczby-Pi\/historia\/plakat-15-edycja-768x1078.jpg 768w, https:\/\/us.edu.pl\/wydzial\/wnst\/wp-content\/uploads\/sites\/18\/\u015awi\u0119to-Liczby-Pi\/historia\/plakat-15-edycja-730x1024.jpg 730w, https:\/\/us.edu.pl\/wydzial\/wnst\/wp-content\/uploads\/sites\/18\/\u015awi\u0119to-Liczby-Pi\/historia\/plakat-15-edycja-410x575.jpg 410w\" sizes=\"(max-width: 1000px) 100vw, 1000px\" \/><\/center><\/p>\n<\/div>\r\n                    <\/div>\r\n                <\/div>[\/vc_column][vc_column width=&#8221;3\/5&#8243;]\r\n                <div class=\"text-modules\">\r\n                    <div class=\"container\">\r\n                        \r\n                        <div class=\"text-modules__content\"><\/p>\n<p style=\"text-align: center;\"><strong><span style=\"color: #003c73;\">XV \u015awi\u0119to Liczby Pi<\/span><\/strong><\/p>\n<p>3,1415 to pierwsze cyfry liczby \u03c0, kt\u00f3ra corocznie 14 marca obchodzi swoje \u015bwi\u0119to na ca\u0142ym \u015bwiecie, w tym tak\u017ce na Uniwersytecie \u015al\u0105skim. Termin nie jest przypadkowy \u2013 nawi\u0105zuje do ameryka\u0144skiego zapisu daty 14 marca: 3,14. Kolejne cyfry liczby \u03c0 to \u201e15\u201d, kt\u00f3re w tym roku maj\u0105 kolosalne znaczenie. Po pierwsze: w tym roku obchodzimy<strong><span style=\"color: #002043;\"> XV \u015awi\u0119to Liczby \u03c0<\/span><\/strong>.\u00a0Po drugie: tegoroczna edycja \u015awi\u0119ta odb\u0119dzie si\u0119 15 marca 2021 r. (poniedzia\u0142ek). O tradycyjnej ju\u017c godzinie <strong><span style=\"color: #002043;\">9:42 (3\u03c0)<\/span><\/strong> odb\u0119dzie si\u0119 <strong><span style=\"color: #002043;\">wyk\u0142ad inauguracyjny pt. \u201eWyr\u00f3wnywanie temperatur \u2013 przewodnictwo, promieniowanie i konwekcja&#8221;<\/span><\/strong>, kt\u00f3ry wyg\u0142osi <strong><span style=\"color: #002043;\">dr Jerzy Jarosz, prof. U\u015a<\/span><\/strong> \u2013 laureat konkursu \u201ePopularyzator Nauki 2020\u201d. Na program wydarzenia sk\u0142adaj\u0105 si\u0119 liczne wyk\u0142ady popularnonaukowe, r\u00f3\u017cnorodne warsztaty i pokazy, kt\u00f3re przybli\u017c\u0105 wiele ciekawych kwestii z dziedziny matematyki, fizyki, chemii oraz in\u017cynierii materia\u0142owej. Wydarzenie b\u0119dzie mia\u0142o <strong><span style=\"color: #002043;\">charakter zdalny<\/span><\/strong>, wyk\u0142ady i warsztaty odb\u0119d\u0105 si\u0119 za po\u015brednictwem platformy Zoom \u2013 na wszelkie formy aktywno\u015bci obowi\u0105zuj\u0105 zapisy, kt\u00f3re umo\u017cliwiaj\u0105 czynne uczestnictwo w zaj\u0119ciach i mo\u017cliwo\u015b\u0107 zadawania pyta\u0144.<\/p>\n<p style=\"text-align: center;\">Zapraszamy!!!<\/p>\n<p>\n<\/div>\r\n                    <\/div>\r\n                <\/div>[\/vc_column][\/vc_row]<\/p>","protected":false},"excerpt":{"rendered":"<p>[vc_row el_class=&#8221;container&#8221;][vc_column width=&#8221;2\/5&#8243; el_class=&#8221;container&#8221;][vc_row_inner][vc_column_inner][\/vc_column_inner][\/vc_row_inner][\/vc_column][vc_column width=&#8221;3\/5&#8243;][\/vc_column][\/vc_row] [&#8230;]<\/p>\n<p><a class=\"btn btn-secondary understrap-read-more-link\" href=\"https:\/\/us.edu.pl\/wydzial\/wnst\/wspolpraca\/szkoly\/swieto-liczby-pi\/xv-edycja\/\">Read More&#8230;<\/a><\/p>\n","protected":false},"author":4017,"featured_media":0,"parent":742,"menu_order":0,"comment_status":"closed","ping_status":"closed","template":"page-templates\/page-with-sidebar.php","meta":{"_expiration-date-status":"saved","_expiration-date":0,"_expiration-date-type":"","_expiration-date-categories":[],"_expiration-date-options":[]},"acf":[],"_links":{"self":[{"href":"https:\/\/us.edu.pl\/wydzial\/wnst\/wp-json\/wp\/v2\/pages\/23816"}],"collection":[{"href":"https:\/\/us.edu.pl\/wydzial\/wnst\/wp-json\/wp\/v2\/pages"}],"about":[{"href":"https:\/\/us.edu.pl\/wydzial\/wnst\/wp-json\/wp\/v2\/types\/page"}],"author":[{"embeddable":true,"href":"https:\/\/us.edu.pl\/wydzial\/wnst\/wp-json\/wp\/v2\/users\/4017"}],"replies":[{"embeddable":true,"href":"https:\/\/us.edu.pl\/wydzial\/wnst\/wp-json\/wp\/v2\/comments?post=23816"}],"version-history":[{"count":2,"href":"https:\/\/us.edu.pl\/wydzial\/wnst\/wp-json\/wp\/v2\/pages\/23816\/revisions"}],"predecessor-version":[{"id":24481,"href":"https:\/\/us.edu.pl\/wydzial\/wnst\/wp-json\/wp\/v2\/pages\/23816\/revisions\/24481"}],"up":[{"embeddable":true,"href":"https:\/\/us.edu.pl\/wydzial\/wnst\/wp-json\/wp\/v2\/pages\/742"}],"wp:attachment":[{"href":"https:\/\/us.edu.pl\/wydzial\/wnst\/wp-json\/wp\/v2\/media?parent=23816"}],"curies":[{"name":"wp","href":"https:\/\/api.w.org\/{rel}","templated":true}]}}