{"id":24232,"date":"2022-02-18T10:17:53","date_gmt":"2022-02-18T09:17:53","guid":{"rendered":"https:\/\/us.edu.pl\/wydzial\/wnst\/?page_id=24232"},"modified":"2025-07-23T10:24:37","modified_gmt":"2025-07-23T08:24:37","slug":"podsumowanie","status":"publish","type":"page","link":"https:\/\/us.edu.pl\/wydzial\/wnst\/wspolpraca\/szkoly\/konkurs-chemiczny\/podsumowanie\/","title":{"rendered":"podsumowanie 2020"},"content":{"rendered":"<p>[vc_row el_class=&#8221;container&#8221;][vc_column]\r\n                <div class=\"text-modules\">\r\n                    <div class=\"container\">\r\n                        <h3 class=\"page-title text__title\">Podsumowanie<\/h3>\r\n                        <div class=\"text-modules__content\"><\/p>\n<p style=\"text-align: center;\"><span style=\"letter-spacing: 0.7mm; color: #333333; font-size: 100%;\">XIV Og\u00f3lnopolski Konkurs Chemiczny w Uniwersytecie \u015al\u0105skim<\/span><\/p>\n<p>W dniu 03.03.2020 roku odby\u0142 si\u0119 XIV Og\u00f3lnopolski Konkurs Chemiczny dla m\u0142odzie\u017cy szk\u00f3\u0142 ponadgimnazjalnych, organizowany przez Instytut Chemii, Wydzia\u0142 Nauk \u015acis\u0142ych i Technicznych Uniwersytetu \u015al\u0105skiego w Katowicach oraz Oddzia\u0142 Katowicki Polskiego Towarzystwa Chemicznego. Patronat nad Konkursem sprawowali: Dziekan Wydzia\u0142u Nauk \u015acis\u0142ych i Technicznych Uniwersytetu \u015al\u0105skiego \u2013 prof. dr hab. Danuta Str\u00f3\u017c oraz Dyrektor Instytutu Chemii \u2013 dr hab. Miros\u0142aw Chor\u0105\u017cewski, prof. U\u015a.<\/p>\n<p>Celem Konkursu jest zwi\u0119kszenie zainteresowania m\u0142odzie\u017cy szk\u00f3\u0142 ponadgimnazjalnych chemi\u0105 oraz studiowaniem tej dziedziny wiedzy na Wydziale Nauk \u015acis\u0142ych Uniwersytetu \u015al\u0105skiego. W trakcie uroczysto\u015bci otwarcia Konkursu oraz podczas spotkania z nauczycielami, m\u0142odzie\u017c mia\u0142a mo\u017cliwo\u015b\u0107 poznania oferty dydaktycznej Wydzia\u0142u \u2013 g\u0142\u00f3wnie Instytutu Chemii, ale tak\u017ce Instytut\u00f3w Fizyki i Matematyki. Jeste\u015bmy przekonani, i\u017c Konkurs wp\u0142ywa na decyzje jego uczestnik\u00f3w o podj\u0119ciu studi\u00f3w, w tym szczeg\u00f3lnie chemicznych, na naszym Wydziale.<\/p>\n<p>W 2020 roku w zwi\u0105zku z epidemi\u0105 COVID-19 Konkurs sk\u0142ada\u0142 si\u0119 jedynie z cz\u0119\u015bci pisemnej, w zwi\u0105zku z czym finali\u015bci zostali wy\u0142onieni na podstawie wynik\u00f3w I etapu Konkursu. W eliminacjach wzi\u0119\u0142o udzia\u0142 255 uczennic i uczni\u00f3w z 37 szk\u00f3\u0142 \u015brednich. Co ciekawe (i wa\u017cne dla organizator\u00f3w), uczestnicy pochodzili nie tylko z regionu G\u00f3rnego \u015al\u0105ska, ale tak\u017ce z Bochni, Chrzanowa, Cz\u0119stochowy, Krakowa, Warszawy i innych miast, g\u0142\u00f3wnie po\u0142udniowej cz\u0119\u015bci Polski (reprezentowane by\u0142y wojew\u00f3dztwa: \u015bl\u0105skie, ma\u0142opolskie i mazowieckie).<br \/>\nFinalistami zosta\u0142o 21 najlepszych uczestniczek i uczestnik\u00f3w eliminacji. W cz\u0119\u015bci pisemnej Konkursu m\u0142odzie\u017c rozwi\u0105zywa\u0142a zadania problemowe. Przed cz\u0119\u015bci\u0105 pisemn\u0105 Konkursu odby\u0142 si\u0119 wyk\u0142ad prof. zw. dr hab. Jaros\u0142awa Pola\u0144skiego pt. &#8222;Chemoinformatyka 2.0 &#8211; skuteczniej ku lekom XXI wieku?&#8221;. Konkurs by\u0142 r\u00f3wnie\u017c, zar\u00f3wno dla jego uczestnik\u00f3w jak r\u00f3wnie\u017c nauczycieli, okazj\u0105 do rozm\u00f3w z w\u0142adzami, pracownikami i studentami Instytutu Chemii i Wydzia\u0142u.<\/p>\n<p>Finali\u015bci otrzymali nagrody od Sponsor\u00f3w oraz organizator\u00f3w Konkursu. Laureaci trzech pierwszych miejsc otrzymali g\u0142o\u015bniki przeno\u015bne BOSE SOUNDLINK REVOLVE ufundowane przez SYNTHOS S.A. \u2013 G\u0142\u00f3wnego Sponsora Konkursu. Wszyscy finali\u015bci otrzymali r\u00f3wnie\u017c nagrody ksi\u0105\u017ckowe (o tematyce chemicznej i popularnonaukowej) ufundowane przez pozosta\u0142ych Sponsor\u00f3w Konkursu, kt\u00f3rymi byli \u201eKraina Ksi\u0105\u017cek\u201d, PTChem, ZNP i NSZZ \u201eSolidarno\u015b\u0107\u201d. Ze wzgl\u0119du na pandemi\u0119 wszystkie nagrody zosta\u0142y rozes\u0142ane do Laureat\u00f3w\/Laureatek i Finalist\u00f3w\/Finalistek drog\u0105 pocztow\u0105.<\/p>\n<p>Gratulujemy Laureatkom i Laureatom oraz Finalistkom i Finalistom naszego Konkursu, a tak\u017ce Szko\u0142om i Nauczycielom chemii!<\/p>\n<\/div>\r\n                    <\/div>\r\n                <\/div>            \r\n                    <div class=\"container\">\r\n                        <div class=\"gallery gallery_3\" data-images-in-row=\"3\">\r\n                            \r\n                            <div class=\"row m-0\">\r\n                                <a data-fancybox-group=\"button\" title=\"XIV Og\u00f3lnopolski Konkurs Chemiczny | Dzie\u0144 pierwszy\" data-fancybox=\"9676\" href=\"https:\/\/us.edu.pl\/wydzial\/wnst\/wp-content\/uploads\/sites\/18\/zdjecia-wydarzenia\/konkurs-chemiczny\/zdj.-5-e1584692280727.jpg\" class=\"gallery__item thumbnail\"\r\n                                    style=\"background-image: url(https:\/\/us.edu.pl\/wydzial\/wnst\/wp-content\/uploads\/sites\/18\/zdjecia-wydarzenia\/konkurs-chemiczny\/zdj.-5-1024x768.jpg)\"> <span class=\"d-none\">https:\/\/us.edu.pl\/wydzial\/wnst\/wp-content\/uploads\/sites\/18\/zdjecia-wydarzenia\/konkurs-chemiczny\/zdj.-5-e1584692280727.jpg<\/span> <\/a><a data-fancybox-group=\"button\" title=\"XIV Og\u00f3lnopolski Konkurs Chemiczny | Dzie\u0144 pierwszy\" data-fancybox=\"9676\" href=\"https:\/\/us.edu.pl\/wydzial\/wnst\/wp-content\/uploads\/sites\/18\/zdjecia-wydarzenia\/konkurs-chemiczny\/zdj.-4-e1584692396785.jpg\" class=\"gallery__item thumbnail\"\r\n                                    style=\"background-image: url(https:\/\/us.edu.pl\/wydzial\/wnst\/wp-content\/uploads\/sites\/18\/zdjecia-wydarzenia\/konkurs-chemiczny\/zdj.-4-1024x817.jpg)\"> <span class=\"d-none\">https:\/\/us.edu.pl\/wydzial\/wnst\/wp-content\/uploads\/sites\/18\/zdjecia-wydarzenia\/konkurs-chemiczny\/zdj.-4-e1584692396785.jpg<\/span> <\/a><a data-fancybox-group=\"button\" title=\"XIV Og\u00f3lnopolski Konkurs Chemiczny | Dzie\u0144 pierwszy\" data-fancybox=\"9676\" href=\"https:\/\/us.edu.pl\/wydzial\/wnst\/wp-content\/uploads\/sites\/18\/zdjecia-wydarzenia\/konkurs-chemiczny\/zdj.-3-e1584691832381.jpg\" class=\"gallery__item thumbnail\"\r\n                                    style=\"background-image: url(https:\/\/us.edu.pl\/wydzial\/wnst\/wp-content\/uploads\/sites\/18\/zdjecia-wydarzenia\/konkurs-chemiczny\/zdj.-3-1024x768.jpg)\"> <span class=\"d-none\">https:\/\/us.edu.pl\/wydzial\/wnst\/wp-content\/uploads\/sites\/18\/zdjecia-wydarzenia\/konkurs-chemiczny\/zdj.-3-e1584691832381.jpg<\/span> <\/a><a data-fancybox-group=\"button\" title=\"XIV Og\u00f3lnopolski Konkurs Chemiczny | Dzie\u0144 pierwszy\" data-fancybox=\"9676\" href=\"https:\/\/us.edu.pl\/wydzial\/wnst\/wp-content\/uploads\/sites\/18\/zdjecia-wydarzenia\/konkurs-chemiczny\/zdj.-2-e1584692428842.jpg\" class=\"gallery__item thumbnail\"\r\n                                    style=\"background-image: url(https:\/\/us.edu.pl\/wydzial\/wnst\/wp-content\/uploads\/sites\/18\/zdjecia-wydarzenia\/konkurs-chemiczny\/zdj.-2-1024x768.jpg)\"> <span class=\"d-none\">https:\/\/us.edu.pl\/wydzial\/wnst\/wp-content\/uploads\/sites\/18\/zdjecia-wydarzenia\/konkurs-chemiczny\/zdj.-2-e1584692428842.jpg<\/span> <\/a><a data-fancybox-group=\"button\" title=\"XIV Og\u00f3lnopolski Konkurs Chemiczny | Dzie\u0144 pierwszy\" data-fancybox=\"9676\" href=\"https:\/\/us.edu.pl\/wydzial\/wnst\/wp-content\/uploads\/sites\/18\/zdjecia-wydarzenia\/konkurs-chemiczny\/zdj.-1-e1584691767986.jpg\" class=\"gallery__item thumbnail\"\r\n                                    style=\"background-image: url(https:\/\/us.edu.pl\/wydzial\/wnst\/wp-content\/uploads\/sites\/18\/zdjecia-wydarzenia\/konkurs-chemiczny\/zdj.-1-e1584690703946-768x1024.jpg)\"> <span class=\"d-none\">https:\/\/us.edu.pl\/wydzial\/wnst\/wp-content\/uploads\/sites\/18\/zdjecia-wydarzenia\/konkurs-chemiczny\/zdj.-1-e1584691767986.jpg<\/span> <\/a>\r\n                            <\/div>\r\n                    <\/div>\r\n                <\/div>[\/vc_column][\/vc_row][vc_row title=&#8221;strona rejestracji&#8221; style=&#8221;custom&#8221; gradient_color_1=&#8221;turquoise&#8221; gradient_color_2=&#8221;blue&#8221; gradient_custom_color_1=&#8221;#dd3333&#8243; gradient_custom_color_2=&#8221;#eeee22&#8243; gradient_text_color=&#8221;#ffffff&#8221; custom_background=&#8221;#002e5a&#8221; custom_text=&#8221;#ffffff&#8221; outline_custom_color=&#8221;#666666&#8243; outline_custom_hover_background=&#8221;#666666&#8243; outline_custom_hover_text=&#8221;#ffffff&#8221; shape=&#8221;rounded&#8221; color=&#8221;grey&#8221; size=&#8221;md&#8221; align=&#8221;left&#8221; button_block=&#8221;&#8221; add_icon=&#8221;&#8221; i_align=&#8221;left&#8221; i_type=&#8221;fontawesome&#8221; i_icon_fontawesome=&#8221;fa fa-adjust&#8221; i_icon_openiconic=&#8221;vc-oi vc-oi-dial&#8221; i_icon_typicons=&#8221;typcn typcn-adjust-brightness&#8221; i_icon_entypo=&#8221;entypo-icon entypo-icon-note&#8221; i_icon_linecons=&#8221;vc_li vc_li-heart&#8221; i_icon_monosocial=&#8221;vc-mono vc-mono-fivehundredpx&#8221; i_icon_material=&#8221;vc-material vc-material-cake&#8221; i_icon_pixelicons=&#8221;vc_pixel_icon vc_pixel_icon-alert&#8221; custom_onclick=&#8221;&#8221; link=&#8221;url:https%3A%2F%2Fus.edu.pl%2Fwydzial%2Fwnst%2Fstudia%2Fstudent%2Frejestracje-na-zajecia||target:%20_blank|&#8221; custom_onclick_code=&#8221;&#8221; el_class=&#8221;container&#8221;][vc_column width=&#8221;1\/5&#8243;][\/vc_column][vc_column width=&#8221;1\/5&#8243;][\/vc_column][vc_column width=&#8221;1\/5&#8243;][\/vc_column][vc_column width=&#8221;1\/5&#8243;][\/vc_column][vc_column width=&#8221;1\/5&#8243;][vc_btn title=&#8221;powr\u00f3t do strony g\u0142\u00f3wnej&#8221; style=&#8221;custom&#8221; custom_background=&#8221;#002e5a&#8221; custom_text=&#8221;#ffffff&#8221; align=&#8221;left&#8221; link=&#8221;url:https%3A%2F%2Fus.edu.pl%2Fwydzial%2Fwnst%2Fwspolpraca%2Fszkoly%2Fkonkurs-chemiczny%2F||target:%20_blank|&#8221;][\/vc_column][\/vc_row]<\/p>","protected":false},"excerpt":{"rendered":"<p>[vc_row el_class=&#8221;container&#8221;][vc_column][\/vc_column][\/vc_row][vc_row title=&#8221;strona rejestracji&#8221; style=&#8221;custom&#8221; gradient_color_1=&#8221;turquoise&#8221; gradient_color_2=&#8221;blue&#8221; gradient_custom_color_1=&#8221;#dd3333&#8243; gradient_custom_color_2=&#8221;#eeee22&#8243; gradient_text_color=&#8221;#ffffff&#8221; custom_background=&#8221;#002e5a&#8221; custom_text=&#8221;#ffffff&#8221; outline_custom_color=&#8221;#666666&#8243; outline_custom_hover_background=&#8221;#666666&#8243; outline_custom_hover_text=&#8221;#ffffff&#8221; shape=&#8221;rounded&#8221; color=&#8221;grey&#8221; size=&#8221;md&#8221; align=&#8221;left&#8221; button_block=&#8221;&#8221; add_icon=&#8221;&#8221; i_align=&#8221;left&#8221; i_type=&#8221;fontawesome&#8221; i_icon_fontawesome=&#8221;fa fa-adjust&#8221; i_icon_openiconic=&#8221;vc-oi vc-oi-dial&#8221; i_icon_typicons=&#8221;typcn typcn-adjust-brightness&#8221; i_icon_entypo=&#8221;entypo-icon entypo-icon-note&#8221; i_icon_linecons=&#8221;vc_li vc_li-heart&#8221; i_icon_monosocial=&#8221;vc-mono vc-mono-fivehundredpx&#8221; i_icon_material=&#8221;vc-material vc-material-cake&#8221; i_icon_pixelicons=&#8221;vc_pixel_icon vc_pixel_icon-alert&#8221; custom_onclick=&#8221;&#8221; link=&#8221;url:https%3A%2F%2Fus.edu.pl%2Fwydzial%2Fwnst%2Fstudia%2Fstudent%2Frejestracje-na-zajecia||target:%20_blank|&#8221; custom_onclick_code=&#8221;&#8221; el_class=&#8221;container&#8221;][vc_column width=&#8221;1\/5&#8243;][\/vc_column][vc_column width=&#8221;1\/5&#8243;][\/vc_column][vc_column width=&#8221;1\/5&#8243;][\/vc_column][vc_column width=&#8221;1\/5&#8243;][\/vc_column][vc_column width=&#8221;1\/5&#8243;][vc_btn title=&#8221;powr\u00f3t do strony g\u0142\u00f3wnej&#8221; style=&#8221;custom&#8221; custom_background=&#8221;#002e5a&#8221; custom_text=&#8221;#ffffff&#8221; [&#8230;]<\/p>\n<p><a class=\"btn btn-secondary understrap-read-more-link\" href=\"https:\/\/us.edu.pl\/wydzial\/wnst\/wspolpraca\/szkoly\/konkurs-chemiczny\/podsumowanie\/\">Read More&#8230;<\/a><\/p>\n","protected":false},"author":92,"featured_media":0,"parent":23043,"menu_order":0,"comment_status":"closed","ping_status":"closed","template":"","meta":{"_expiration-date-status":"saved","_expiration-date":0,"_expiration-date-type":"","_expiration-date-categories":[],"_expiration-date-options":[]},"acf":[],"_links":{"self":[{"href":"https:\/\/us.edu.pl\/wydzial\/wnst\/wp-json\/wp\/v2\/pages\/24232"}],"collection":[{"href":"https:\/\/us.edu.pl\/wydzial\/wnst\/wp-json\/wp\/v2\/pages"}],"about":[{"href":"https:\/\/us.edu.pl\/wydzial\/wnst\/wp-json\/wp\/v2\/types\/page"}],"author":[{"embeddable":true,"href":"https:\/\/us.edu.pl\/wydzial\/wnst\/wp-json\/wp\/v2\/users\/92"}],"replies":[{"embeddable":true,"href":"https:\/\/us.edu.pl\/wydzial\/wnst\/wp-json\/wp\/v2\/comments?post=24232"}],"version-history":[{"count":5,"href":"https:\/\/us.edu.pl\/wydzial\/wnst\/wp-json\/wp\/v2\/pages\/24232\/revisions"}],"predecessor-version":[{"id":197955,"href":"https:\/\/us.edu.pl\/wydzial\/wnst\/wp-json\/wp\/v2\/pages\/24232\/revisions\/197955"}],"up":[{"embeddable":true,"href":"https:\/\/us.edu.pl\/wydzial\/wnst\/wp-json\/wp\/v2\/pages\/23043"}],"wp:attachment":[{"href":"https:\/\/us.edu.pl\/wydzial\/wnst\/wp-json\/wp\/v2\/media?parent=24232"}],"curies":[{"name":"wp","href":"https:\/\/api.w.org\/{rel}","templated":true}]}}