{"id":25536,"date":"2022-03-21T13:33:46","date_gmt":"2022-03-21T12:33:46","guid":{"rendered":"https:\/\/us.edu.pl\/wydzial\/wnst\/?page_id=25536"},"modified":"2023-03-21T14:26:08","modified_gmt":"2023-03-21T13:26:08","slug":"wyniki","status":"publish","type":"page","link":"https:\/\/us.edu.pl\/wydzial\/wnst\/wspolpraca\/szkoly\/konkurs-chemiczny\/konkurs-chemiczny-2022\/wyniki\/","title":{"rendered":"wyniki"},"content":{"rendered":"<p>[vc_row el_class=&#8221;container&#8221;][vc_column]\r\n                <div class=\"text-modules\">\r\n                    <div class=\"container\">\r\n                        \r\n                        <div class=\"text-modules__content\"><\/p>\n<h3 style=\"text-align: center;\"><span style=\"color: #002a5e;\">Wyniki XV Og\u00f3lnopolskiego Konkursu Chemicznego<\/span><\/h3>\n<p>\n<\/div>\r\n                    <\/div>\r\n                <\/div>[vc_tta_accordion c_icon=&#8221;triangle&#8221; active_section=&#8221;10&#8243; collapsible_all=&#8221;true&#8221; el_id=&#8221;zmiana-koloru&#8221;][vc_tta_section title=&#8221;Wyniki ko\u0144cowe Konkursu&#8221; tab_id=&#8221;1648541269241-aa502590-6203&#8243;]\r\n                <div class=\"text-modules\">\r\n                    <div class=\"container\">\r\n                        \r\n                        <div class=\"text-modules__content\"><\/p>\n<h3 style=\"text-align: center;\"><\/h3>\n<p style=\"text-align: center;\"><span style=\"letter-spacing: 0.7mm; color: #333333; font-size: 100%;\">Zwyci\u0119zcy XV Og\u00f3lnopolskiego Konkursu Chemicznego<\/span><\/p>\n<p style=\"text-align: center;\"><a href=\"https:\/\/us.edu.pl\/wydzial\/wnst\/wp-content\/uploads\/sites\/18\/Nieprzypisane\/zwyciezcy.pdf\" class=\"mtli_attachment mtli_pdf\" data-mtli=\"mtli_filesize116,98kB\" class=\"mtli_attachment mtli_pdf\" data-mtli=\"mtli_filesize116,98kB\">Wyniki Konkursu | zwyci\u0119zcy \u2013 plik pdf do pobrania<\/a><\/p>\n<p style=\"text-align: center;\"><a href=\"https:\/\/us.edu.pl\/wydzial\/wnst\/wp-content\/uploads\/sites\/18\/Nieprzypisane\/zwyciezcy.jpg\"><img class=\"alignnone wp-image-25812 size-full\" src=\"https:\/\/us.edu.pl\/wydzial\/wnst\/wp-content\/uploads\/sites\/18\/Nieprzypisane\/zwyciezcy.jpg\" alt=\"\" width=\"80%\" height=\"auto\" srcset=\"https:\/\/us.edu.pl\/wydzial\/wnst\/wp-content\/uploads\/sites\/18\/Nieprzypisane\/zwyciezcy.jpg 2009w, https:\/\/us.edu.pl\/wydzial\/wnst\/wp-content\/uploads\/sites\/18\/Nieprzypisane\/zwyciezcy-255x300.jpg 255w, https:\/\/us.edu.pl\/wydzial\/wnst\/wp-content\/uploads\/sites\/18\/Nieprzypisane\/zwyciezcy-768x903.jpg 768w, https:\/\/us.edu.pl\/wydzial\/wnst\/wp-content\/uploads\/sites\/18\/Nieprzypisane\/zwyciezcy-871x1024.jpg 871w, https:\/\/us.edu.pl\/wydzial\/wnst\/wp-content\/uploads\/sites\/18\/Nieprzypisane\/zwyciezcy-489x575.jpg 489w\" sizes=\"(max-width: 2009px) 100vw, 2009px\" \/><\/a><\/p>\n<p>\n<style type=\"text\/css\">a[data-mtli~=\"mtli_filesize116,98kB\"]:after {content:\" (116,98 kB)\"}<\/style><\/div>\r\n                    <\/div>\r\n                <\/div>[\/vc_tta_section][vc_tta_section title=&#8221;Finali\u015bci zakwalifikowani do II etapu Konkursu&#8221; tab_id=&#8221;1648541269227-d8c7a935-23c7&#8243;]\r\n                <div class=\"text-modules\">\r\n                    <div class=\"container\">\r\n                        \r\n                        <div class=\"text-modules__content\"><\/p>\n<p style=\"text-align: center;\"><span style=\"letter-spacing: 0.7mm; color: #333333; font-size: 100%;\">Lista finalist\u00f3w XV Og\u00f3lnopolskiego Konkursu Chemicznego<\/span><\/p>\n<p style=\"text-align: center;\">Finali\u015bci zakwalifikowani do II etapu konkursu to pierwsze 25 os\u00f3b, kt\u00f3re uzyska\u0142o co najmniej 34 pkt i najlepszy czas wype\u0142niania testu.\u00a0Laureatami konkursu jest pierwsze 10 os\u00f3b, natomiast finalistami pozostali uczestnicy konkursu.<\/p>\n<p style=\"text-align: center;\"><a href=\"https:\/\/us.edu.pl\/wydzial\/wnst\/wp-content\/uploads\/sites\/18\/zdjecia-wydarzenia\/konkurs-chemiczny\/finalisci.pdf\" class=\"mtli_attachment mtli_pdf\" data-mtli=\"mtli_filesize399,82kB\" class=\"mtli_attachment mtli_pdf\" data-mtli=\"mtli_filesize399,82kB\"> Wyniki Konkursu | finali\u015bci \u2013 plik pdf do pobrania<\/a><\/p>\n<p style=\"text-align: center;\"><span style=\"letter-spacing: 0.7mm; color: #333333; font-size: 100%;\"><img class=\"size-full wp-image-25539 aligncenter\" src=\"https:\/\/us.edu.pl\/wydzial\/wnst\/wp-content\/uploads\/sites\/18\/Nieprzypisane\/wyniki.jpg\" alt=\"\" width=\"80%\" height=\"auto\" srcset=\"https:\/\/us.edu.pl\/wydzial\/wnst\/wp-content\/uploads\/sites\/18\/Nieprzypisane\/wyniki.jpg 737w, https:\/\/us.edu.pl\/wydzial\/wnst\/wp-content\/uploads\/sites\/18\/Nieprzypisane\/wyniki-225x300.jpg 225w, https:\/\/us.edu.pl\/wydzial\/wnst\/wp-content\/uploads\/sites\/18\/Nieprzypisane\/wyniki-432x575.jpg 432w\" sizes=\"(max-width: 737px) 100vw, 737px\" \/><\/span><\/p>\n<p>\n<style type=\"text\/css\">a[data-mtli~=\"mtli_filesize399,82kB\"]:after {content:\" (399,82 kB)\"}<\/style><\/div>\r\n                    <\/div>\r\n                <\/div>[\/vc_tta_section][vc_tta_section title=&#8221;Punktacja wszystkich uczestnik\u00f3w po I etapie&#8221; tab_id=&#8221;1648541394917-8bb4d8be-06e0&#8243;]\r\n                <div class=\"text-modules\">\r\n                    <div class=\"container\">\r\n                        \r\n                        <div class=\"text-modules__content\"><\/p>\n<p style=\"text-align: center;\"><span style=\"letter-spacing: 0.7mm; color: #333333; font-size: 100%;\">Punktacja uczestnik\u00f3w XV Og\u00f3lnopolskiego Konkursu Chemicznego (poza fina\u0142em)<\/span><\/p>\n<p style=\"text-align: center;\">Osoby kt\u00f3re uzyska\u0142y 34 pkt nie zosta\u0142y zakwalifikowane do II etapu XV OKChem z uwagi na czas wype\u0142niania arkusza konkursowego.<\/p>\n<p style=\"text-align: center;\"><a href=\"https:\/\/us.edu.pl\/wydzial\/wnst\/wp-content\/uploads\/sites\/18\/zdjecia-wydarzenia\/konkurs-chemiczny\/poza-finalem.pdf\" class=\"mtli_attachment mtli_pdf\" data-mtli=\"mtli_filesize476,09kB\" class=\"mtli_attachment mtli_pdf\" data-mtli=\"mtli_filesize476,09kB\">Wyniki Konkursu | poza fina\u0142em &#8211; plik pdf do pobrania<\/a><\/p>\n<p>\n<style type=\"text\/css\">a[data-mtli~=\"mtli_filesize476,09kB\"]:after {content:\" (476,09 kB)\"}<\/style><\/div>\r\n                    <\/div>\r\n                <\/div>[\/vc_tta_section][\/vc_tta_accordion][\/vc_column][\/vc_row][vc_row title=&#8221;strona rejestracji&#8221; style=&#8221;custom&#8221; gradient_color_1=&#8221;turquoise&#8221; gradient_color_2=&#8221;blue&#8221; gradient_custom_color_1=&#8221;#dd3333&#8243; gradient_custom_color_2=&#8221;#eeee22&#8243; gradient_text_color=&#8221;#ffffff&#8221; custom_background=&#8221;#002e5a&#8221; custom_text=&#8221;#ffffff&#8221; outline_custom_color=&#8221;#666666&#8243; outline_custom_hover_background=&#8221;#666666&#8243; outline_custom_hover_text=&#8221;#ffffff&#8221; shape=&#8221;rounded&#8221; color=&#8221;grey&#8221; size=&#8221;md&#8221; align=&#8221;left&#8221; button_block=&#8221;&#8221; add_icon=&#8221;&#8221; i_align=&#8221;left&#8221; i_type=&#8221;fontawesome&#8221; i_icon_fontawesome=&#8221;fa fa-adjust&#8221; i_icon_openiconic=&#8221;vc-oi vc-oi-dial&#8221; i_icon_typicons=&#8221;typcn typcn-adjust-brightness&#8221; i_icon_entypo=&#8221;entypo-icon entypo-icon-note&#8221; i_icon_linecons=&#8221;vc_li vc_li-heart&#8221; i_icon_monosocial=&#8221;vc-mono vc-mono-fivehundredpx&#8221; i_icon_material=&#8221;vc-material vc-material-cake&#8221; i_icon_pixelicons=&#8221;vc_pixel_icon vc_pixel_icon-alert&#8221; custom_onclick=&#8221;&#8221; link=&#8221;url:https%3A%2F%2Fus.edu.pl%2Fwydzial%2Fwnst%2Fstudia%2Fstudent%2Frejestracje-na-zajecia||target:%20_blank|&#8221; custom_onclick_code=&#8221;&#8221;][vc_column width=&#8221;1\/5&#8243;][\/vc_column][vc_column width=&#8221;1\/5&#8243;][\/vc_column][vc_column width=&#8221;1\/5&#8243;][\/vc_column][vc_column width=&#8221;1\/5&#8243;][\/vc_column][vc_column width=&#8221;1\/5&#8243;][vc_btn title=&#8221;powr\u00f3t do strony g\u0142\u00f3wnej&#8221; style=&#8221;custom&#8221; custom_background=&#8221;#002e5a&#8221; custom_text=&#8221;#ffffff&#8221; align=&#8221;left&#8221; link=&#8221;url:https%3A%2F%2Fus.edu.pl%2Fwydzial%2Fwnst%2Fwspolpraca%2Fszkoly%2Fkonkurs-chemiczny%2F||target:%20_blank|&#8221;][\/vc_column][\/vc_row]<\/p>\n<style type=\"text\/css\">a[data-mtli~=\"mtli_filesize116,98kB\"]:after {content:\" (116,98 kB)\"}a[data-mtli~=\"mtli_filesize399,82kB\"]:after {content:\" (399,82 kB)\"}a[data-mtli~=\"mtli_filesize476,09kB\"]:after {content:\" (476,09 kB)\"}<\/style>","protected":false},"excerpt":{"rendered":"<p>[vc_row el_class=&#8221;container&#8221;][vc_column][vc_tta_accordion c_icon=&#8221;triangle&#8221; active_section=&#8221;10&#8243; collapsible_all=&#8221;true&#8221; el_id=&#8221;zmiana-koloru&#8221;][vc_tta_section title=&#8221;Wyniki ko\u0144cowe Konkursu&#8221; tab_id=&#8221;1648541269241-aa502590-6203&#8243;][\/vc_tta_section][vc_tta_section title=&#8221;Finali\u015bci zakwalifikowani do II etapu Konkursu&#8221; tab_id=&#8221;1648541269227-d8c7a935-23c7&#8243;][\/vc_tta_section][vc_tta_section title=&#8221;Punktacja wszystkich uczestnik\u00f3w po I etapie&#8221; tab_id=&#8221;1648541394917-8bb4d8be-06e0&#8243;][\/vc_tta_section][\/vc_tta_accordion][\/vc_column][\/vc_row][vc_row title=&#8221;strona rejestracji&#8221; style=&#8221;custom&#8221; gradient_color_1=&#8221;turquoise&#8221; gradient_color_2=&#8221;blue&#8221; gradient_custom_color_1=&#8221;#dd3333&#8243; gradient_custom_color_2=&#8221;#eeee22&#8243; gradient_text_color=&#8221;#ffffff&#8221; custom_background=&#8221;#002e5a&#8221; custom_text=&#8221;#ffffff&#8221; outline_custom_color=&#8221;#666666&#8243; outline_custom_hover_background=&#8221;#666666&#8243; outline_custom_hover_text=&#8221;#ffffff&#8221; shape=&#8221;rounded&#8221; color=&#8221;grey&#8221; size=&#8221;md&#8221; align=&#8221;left&#8221; button_block=&#8221;&#8221; add_icon=&#8221;&#8221; i_align=&#8221;left&#8221; i_type=&#8221;fontawesome&#8221; i_icon_fontawesome=&#8221;fa fa-adjust&#8221; i_icon_openiconic=&#8221;vc-oi vc-oi-dial&#8221; i_icon_typicons=&#8221;typcn typcn-adjust-brightness&#8221; i_icon_entypo=&#8221;entypo-icon entypo-icon-note&#8221; i_icon_linecons=&#8221;vc_li vc_li-heart&#8221; [&#8230;]<\/p>\n<p><a class=\"btn btn-secondary understrap-read-more-link\" href=\"https:\/\/us.edu.pl\/wydzial\/wnst\/wspolpraca\/szkoly\/konkurs-chemiczny\/konkurs-chemiczny-2022\/wyniki\/\">Read More&#8230;<\/a><\/p>\n","protected":false},"author":92,"featured_media":0,"parent":163146,"menu_order":0,"comment_status":"closed","ping_status":"closed","template":"","meta":{"_expiration-date-status":"saved","_expiration-date":0,"_expiration-date-type":"","_expiration-date-categories":[],"_expiration-date-options":[]},"acf":[],"_links":{"self":[{"href":"https:\/\/us.edu.pl\/wydzial\/wnst\/wp-json\/wp\/v2\/pages\/25536"}],"collection":[{"href":"https:\/\/us.edu.pl\/wydzial\/wnst\/wp-json\/wp\/v2\/pages"}],"about":[{"href":"https:\/\/us.edu.pl\/wydzial\/wnst\/wp-json\/wp\/v2\/types\/page"}],"author":[{"embeddable":true,"href":"https:\/\/us.edu.pl\/wydzial\/wnst\/wp-json\/wp\/v2\/users\/92"}],"replies":[{"embeddable":true,"href":"https:\/\/us.edu.pl\/wydzial\/wnst\/wp-json\/wp\/v2\/comments?post=25536"}],"version-history":[{"count":10,"href":"https:\/\/us.edu.pl\/wydzial\/wnst\/wp-json\/wp\/v2\/pages\/25536\/revisions"}],"predecessor-version":[{"id":25869,"href":"https:\/\/us.edu.pl\/wydzial\/wnst\/wp-json\/wp\/v2\/pages\/25536\/revisions\/25869"}],"up":[{"embeddable":true,"href":"https:\/\/us.edu.pl\/wydzial\/wnst\/wp-json\/wp\/v2\/pages\/163146"}],"wp:attachment":[{"href":"https:\/\/us.edu.pl\/wydzial\/wnst\/wp-json\/wp\/v2\/media?parent=25536"}],"curies":[{"name":"wp","href":"https:\/\/api.w.org\/{rel}","templated":true}]}}