{"id":25863,"date":"2022-03-30T09:11:07","date_gmt":"2022-03-30T07:11:07","guid":{"rendered":"https:\/\/us.edu.pl\/wydzial\/wnst\/?page_id=25863"},"modified":"2023-03-21T15:18:20","modified_gmt":"2023-03-21T14:18:20","slug":"podsumowanie-2","status":"publish","type":"page","link":"https:\/\/us.edu.pl\/wydzial\/wnst\/wspolpraca\/szkoly\/konkurs-chemiczny\/konkurs-chemiczny-2022\/podsumowanie-2\/","title":{"rendered":"podsumowanie"},"content":{"rendered":"<p>[vc_row content_placement=&#8221;middle&#8221; el_class=&#8221;container&#8221;][vc_column width=&#8221;1\/5&#8243;][vc_single_image image=&#8221;24571&#8243; img_size=&#8221;large&#8221;][\/vc_column][vc_column width=&#8221;4\/5&#8243;]\r\n                <div class=\"text-modules\">\r\n                    <div class=\"container\">\r\n                        <h3 class=\"section-title text-modules__title\">Podsumowanie XV Og\u00f3lnopolskiego Konkursu Chemicznego<\/h3> \r\n                        <div class=\"row m-0\">\r\n                            <div class=\"text-modules__content\"><\/p>\n<h3><span style=\"color: #002a5e;\">Laureaci trzech pierwszych miejsc:<\/span><\/h3>\n<ol>\n<li><span style=\"color: #002a5e;\">Maciej Multan<\/span> &#8211; V Liceum Og\u00f3lnokszta\u0142c\u0105ce im. Ksi\u0119cia J\u00f3zefa Poniatowskiego w Warszawie<\/li>\n<li><span style=\"color: #002a5e;\">Kordian Fuksa<\/span> &#8211; II Liceum Og\u00f3lnokszta\u0142c\u0105ce im. Kr\u00f3la Jana III Sobieskiego w Krakowie<\/li>\n<li><span style=\"color: #002a5e;\">Nikodem \u015awiderski<\/span> &#8211; VIII Liceum Og\u00f3lnokszta\u0142c\u0105ce z Oddzia\u0142ami Dwuj\u0119zycznymi im. M.Sk\u0142odowskiej-Curie w Katowicach<\/li>\n<\/ol>\n<h3><span style=\"color: #002a5e;\">Nagrodzeni nauczyciele<\/span><\/h3>\n<ol>\n<li>Krzysztof Ku\u015bmierczyk &#8211; <span style=\"color: #002a5e;\">V Liceum Og\u00f3lnokszta\u0142c\u0105ce im. Ksi\u0119cia J\u00f3zefa Poniatowskiego w Warszawie<\/span>,<\/li>\n<li>\u00a0Agata Zegar &#8211; <span style=\"color: #002a5e;\">II Liceum Og\u00f3lnokszta\u0142c\u0105ce im. Kr\u00f3la Jana III Sobieskiego w Krakowie<\/span>,<\/li>\n<li>Anna Dudzi\u0144ska &#8211; <span style=\"color: #002a5e;\">VIII Liceum Og\u00f3lnokszta\u0142c\u0105ce z Oddzia\u0142ami Dwuj\u0119zycznymi im. M.Sk\u0142odowskiej-Curie w Katowicach<\/span>.<\/li>\n<\/ol>\n<p><\/div>\r\n                            <div class=\"text-modules__numerical\"><div><span class=\"text-modules__num\"><b>316<br><\/b><\/span> Liczba uczestnik\u00f3w<\/div><div><span class=\"text-modules__num\"><b>9<br><\/b><\/span> Liczba wojew\u00f3dztw<\/div><div><span class=\"text-modules__num\"><b>43<br><\/b><\/span> Liczba szk\u00f3\u0142<\/div><div><span class=\"text-modules__num\"><b>25<br><\/b><\/span> Liczba finalist\u00f3w<\/div><\/div>\r\n                        <\/div>\r\n                    <\/div>\r\n                <\/div>[\/vc_column][\/vc_row][vc_row el_class=&#8221;container&#8221;][vc_column]\r\n                <div class=\"text-modules\">\r\n                    <div class=\"container\">\r\n                        \r\n                        <div class=\"text-modules__content\"><\/p>\n<h3><span style=\"color: #002a5e;\">Podsumowanie<\/span><\/h3>\n<p><small>| tekst: prof. dr hab. in\u017c. Stanis\u0142aw Krompiec &#8211; Przewodnicz\u0105cy Komitetu Organizacyjnego|<\/small><\/p>\n<p>W dniu 21.03.2022 r. (cz\u0119\u015b\u0107 pierwsza) oraz 28.03.2022 r. (fina\u0142) odby\u0142 si\u0119 XV Og\u00f3lnopolski Konkurs Chemiczny dla m\u0142odzie\u017cy szk\u00f3\u0142 ponadgimnazjalnych, organizowany przez Instytut Chemii, Wydzia\u0142 Nauk \u015acis\u0142ych i Technicznych Uniwersytetu \u015al\u0105skiego w Katowicach oraz Oddzia\u0142 Katowicki Polskiego Towarzystwa Chemicznego. Patronat nad Konkursem sprawowali: Dziekan Wydzia\u0142u Nauk \u015acis\u0142ych i Technicznych Uniwersytetu \u015al\u0105skiego &#8211; prof. dr hab. Danuta Str\u00f3\u017c oraz Dyrektor Instytutu Chemii &#8211; dr hab. Miros\u0142aw Chor\u0105\u017cewski, prof. U\u015a.<\/p>\n<p>Celem Konkursu jest zwi\u0119kszenie zainteresowania m\u0142odzie\u017cy szk\u00f3\u0142 ponadgimnazjalnych chemi\u0105 oraz studiowaniem tej dziedziny wiedzy na Wydziale Nauk \u015acis\u0142ych Uniwersytetu \u015al\u0105skiego. Przed przyst\u0105pieniem do rozwi\u0105zywania testu (online) m\u0142odzie\u017c mia\u0142a mo\u017cliwo\u015b\u0107 wys\u0142uchania wyk\u0142adu dr. Tomasza Siudygi pt. \u201e<strong>Nanotechnologia w chemii i technologii chemicznej<\/strong>\u201d oraz obejrzenia kr\u00f3tkich film\u00f3w o Wydziale, a tak\u017ce prezentacji pokazuj\u0105cej znaczenie SYNTHOS SA &#8211; G\u0142\u00f3wnego Sponsora Konkursu. Jeste\u015bmy przekonani, i\u017c Konkurs wp\u0142ywa na decyzje jego uczestnik\u00f3w o podj\u0119ciu studi\u00f3w, w tym szczeg\u00f3lnie chemicznych, na naszym Wydziale.<\/p>\n<p>W tym roku, w zwi\u0105zku z epidemi\u0105 COVID-19 pierwsza cz\u0119\u015b\u0107 Konkursu zosta\u0142a zrealizowana online. Wzi\u0119\u0142o w niej udzia\u0142 316 uczennic i uczni\u00f3w z 43 szk\u00f3\u0142 \u015brednich. Co ciekawe (i wa\u017cne dla organizator\u00f3w), uczestniczki i uczestnicy pochodzili z 9 wojew\u00f3dztw &#8211; reprezentowane by\u0142y wojew\u00f3dztwa: \u015bl\u0105skie, ma\u0142opolskie, mazowieckie, lubelskie, podlaskie, dolno\u015bl\u0105skie, opolskie, podkarpackie i \u0142\u00f3dzkie.<\/p>\n<p>Finalistami zosta\u0142o 25 najlepszych uczestniczek i uczestnik\u00f3w eliminacji. Podczas fina\u0142u m\u0142odzie\u017c rozwi\u0105zywa\u0142a zadanie laboratoryjne. Przed og\u0142oszeniem ko\u0144cowych wynik\u00f3w i wr\u0119czeniem nagr\u00f3d nasi Go\u015bcie zostali zaproszeni na obiad.<\/p>\n<p>Laureaci i finali\u015bci otrzymali nagrody \u2013 od Sponsor\u00f3w i od organizator\u00f3w Konkursu. Laureaci trzech pierwszych miejsc otrzymali nagrody ufundowane przez SYNTHOS S.A. \u2013 G\u0142\u00f3wnego Sponsora Konkursu. Wszyscy laureaci i finali\u015bci otrzymali r\u00f3wnie\u017c nagrody ksi\u0105\u017ckowe ufundowane przez pozosta\u0142ych Sponsor\u00f3w Konkursu, kt\u00f3rymi byli \u201eKraina Ksi\u0105\u017cek\u201d, PTChem, ZNP i NSZZ &#8222;Solidarno\u015b\u0107&#8221;. By\u0142y to ksi\u0105\u017cki o tematyce chemicznej i popularno-naukowej. Nagrodzeni zostali r\u00f3wnie\u017c Nauczyciele (opiekunowie laureat\u00f3w I, II i III miejsca).<\/p>\n<p>Gratulujemy Laureatkom i Laureatom oraz Finalistkom i Finalistom naszego Konkursu, a tak\u017ce Szko\u0142om i Nauczycielom chemii!<\/p>\n<h3><span style=\"color: #002a5e;\">Galeria zdj\u0119\u0107<\/span><\/h3>\n<p>\n<\/div>\r\n                    <\/div>\r\n                <\/div>[vc_row_inner][vc_column_inner width=&#8221;1\/3&#8243;][vc_single_image image=&#8221;25829&#8243; img_size=&#8221;large&#8221; add_caption=&#8221;yes&#8221; onclick=&#8221;img_link_large&#8221;][\/vc_column_inner][vc_column_inner width=&#8221;1\/3&#8243;][vc_single_image image=&#8221;25828&#8243; img_size=&#8221;large&#8221; add_caption=&#8221;yes&#8221; onclick=&#8221;img_link_large&#8221;][\/vc_column_inner][vc_column_inner width=&#8221;1\/3&#8243;][vc_single_image image=&#8221;25830&#8243; img_size=&#8221;large&#8221; add_caption=&#8221;yes&#8221; onclick=&#8221;img_link_large&#8221;][\/vc_column_inner][\/vc_row_inner][vc_row_inner][vc_column_inner width=&#8221;1\/3&#8243;][vc_single_image image=&#8221;25837&#8243; img_size=&#8221;large&#8221; add_caption=&#8221;yes&#8221; onclick=&#8221;img_link_large&#8221;][\/vc_column_inner][vc_column_inner width=&#8221;1\/3&#8243;][vc_single_image image=&#8221;25836&#8243; img_size=&#8221;large&#8221; add_caption=&#8221;yes&#8221; onclick=&#8221;img_link_large&#8221;][\/vc_column_inner][vc_column_inner width=&#8221;1\/3&#8243;][vc_single_image image=&#8221;25835&#8243; img_size=&#8221;large&#8221; add_caption=&#8221;yes&#8221; onclick=&#8221;img_link_large&#8221;][\/vc_column_inner][\/vc_row_inner][vc_row_inner][vc_column_inner width=&#8221;1\/3&#8243;][vc_single_image image=&#8221;25834&#8243; img_size=&#8221;large&#8221; add_caption=&#8221;yes&#8221; onclick=&#8221;img_link_large&#8221;][\/vc_column_inner][vc_column_inner width=&#8221;1\/3&#8243;][vc_single_image image=&#8221;25833&#8243; img_size=&#8221;large&#8221; add_caption=&#8221;yes&#8221; onclick=&#8221;img_link_large&#8221;][\/vc_column_inner][vc_column_inner width=&#8221;1\/3&#8243;][vc_single_image image=&#8221;25831&#8243; img_size=&#8221;large&#8221; add_caption=&#8221;yes&#8221; onclick=&#8221;img_link_large&#8221;][\/vc_column_inner][\/vc_row_inner][\/vc_column][\/vc_row][vc_row title=&#8221;strona rejestracji&#8221; style=&#8221;custom&#8221; gradient_color_1=&#8221;turquoise&#8221; gradient_color_2=&#8221;blue&#8221; gradient_custom_color_1=&#8221;#dd3333&#8243; gradient_custom_color_2=&#8221;#eeee22&#8243; gradient_text_color=&#8221;#ffffff&#8221; custom_background=&#8221;#002e5a&#8221; custom_text=&#8221;#ffffff&#8221; outline_custom_color=&#8221;#666666&#8243; outline_custom_hover_background=&#8221;#666666&#8243; outline_custom_hover_text=&#8221;#ffffff&#8221; shape=&#8221;rounded&#8221; color=&#8221;grey&#8221; size=&#8221;md&#8221; align=&#8221;left&#8221; button_block=&#8221;&#8221; add_icon=&#8221;&#8221; i_align=&#8221;left&#8221; i_type=&#8221;fontawesome&#8221; i_icon_fontawesome=&#8221;fa fa-adjust&#8221; i_icon_openiconic=&#8221;vc-oi vc-oi-dial&#8221; i_icon_typicons=&#8221;typcn typcn-adjust-brightness&#8221; i_icon_entypo=&#8221;entypo-icon entypo-icon-note&#8221; i_icon_linecons=&#8221;vc_li vc_li-heart&#8221; i_icon_monosocial=&#8221;vc-mono vc-mono-fivehundredpx&#8221; i_icon_material=&#8221;vc-material vc-material-cake&#8221; i_icon_pixelicons=&#8221;vc_pixel_icon vc_pixel_icon-alert&#8221; custom_onclick=&#8221;&#8221; link=&#8221;url:https%3A%2F%2Fus.edu.pl%2Fwydzial%2Fwnst%2Fstudia%2Fstudent%2Frejestracje-na-zajecia||target:%20_blank|&#8221; custom_onclick_code=&#8221;&#8221;][vc_column][vc_separator]\r\n                <div class=\"text-modules\">\r\n                    <div class=\"container\">\r\n                        \r\n                        <div class=\"text-modules__content\"><\/p>\n<p style=\"text-align: left;\"><span style=\"color: #002a5e;\"><a style=\"color: #002a5e;\" href=\"https:\/\/us.edu.pl\/wydzial\/wnst\/wspolpraca\/szkoly\/konkurs-chemiczny\/podsumowanie\/\">Przeczytaj podsumowanie XIV edycji<\/a><\/span><\/p>\n<p>\n<\/div>\r\n                    <\/div>\r\n                <\/div>[\/vc_column][\/vc_row][vc_row title=&#8221;strona rejestracji&#8221; style=&#8221;custom&#8221; gradient_color_1=&#8221;turquoise&#8221; gradient_color_2=&#8221;blue&#8221; gradient_custom_color_1=&#8221;#dd3333&#8243; gradient_custom_color_2=&#8221;#eeee22&#8243; gradient_text_color=&#8221;#ffffff&#8221; custom_background=&#8221;#002e5a&#8221; custom_text=&#8221;#ffffff&#8221; outline_custom_color=&#8221;#666666&#8243; outline_custom_hover_background=&#8221;#666666&#8243; outline_custom_hover_text=&#8221;#ffffff&#8221; shape=&#8221;rounded&#8221; color=&#8221;grey&#8221; size=&#8221;md&#8221; align=&#8221;left&#8221; button_block=&#8221;&#8221; add_icon=&#8221;&#8221; i_align=&#8221;left&#8221; i_type=&#8221;fontawesome&#8221; i_icon_fontawesome=&#8221;fa fa-adjust&#8221; i_icon_openiconic=&#8221;vc-oi vc-oi-dial&#8221; i_icon_typicons=&#8221;typcn typcn-adjust-brightness&#8221; i_icon_entypo=&#8221;entypo-icon entypo-icon-note&#8221; i_icon_linecons=&#8221;vc_li vc_li-heart&#8221; i_icon_monosocial=&#8221;vc-mono vc-mono-fivehundredpx&#8221; i_icon_material=&#8221;vc-material vc-material-cake&#8221; i_icon_pixelicons=&#8221;vc_pixel_icon vc_pixel_icon-alert&#8221; custom_onclick=&#8221;&#8221; link=&#8221;url:https%3A%2F%2Fus.edu.pl%2Fwydzial%2Fwnst%2Fstudia%2Fstudent%2Frejestracje-na-zajecia||target:%20_blank|&#8221; custom_onclick_code=&#8221;&#8221;][vc_column width=&#8221;1\/5&#8243;][\/vc_column][vc_column width=&#8221;1\/5&#8243;][\/vc_column][vc_column width=&#8221;1\/5&#8243;][\/vc_column][vc_column width=&#8221;1\/5&#8243;][\/vc_column][vc_column width=&#8221;1\/5&#8243;][vc_btn title=&#8221;powr\u00f3t do strony g\u0142\u00f3wnej&#8221; style=&#8221;custom&#8221; custom_background=&#8221;#002e5a&#8221; custom_text=&#8221;#ffffff&#8221; align=&#8221;left&#8221; link=&#8221;url:https%3A%2F%2Fus.edu.pl%2Fwydzial%2Fwnst%2Fwspolpraca%2Fszkoly%2Fkonkurs-chemiczny%2F||target:%20_blank|&#8221;][\/vc_column][\/vc_row]<\/p>","protected":false},"excerpt":{"rendered":"<p>[vc_row content_placement=&#8221;middle&#8221; el_class=&#8221;container&#8221;][vc_column width=&#8221;1\/5&#8243;][vc_single_image image=&#8221;24571&#8243; img_size=&#8221;large&#8221;][\/vc_column][vc_column width=&#8221;4\/5&#8243;][\/vc_column][\/vc_row][vc_row el_class=&#8221;container&#8221;][vc_column][vc_row_inner][vc_column_inner width=&#8221;1\/3&#8243;][vc_single_image image=&#8221;25829&#8243; img_size=&#8221;large&#8221; add_caption=&#8221;yes&#8221; onclick=&#8221;img_link_large&#8221;][\/vc_column_inner][vc_column_inner width=&#8221;1\/3&#8243;][vc_single_image image=&#8221;25828&#8243; img_size=&#8221;large&#8221; add_caption=&#8221;yes&#8221; onclick=&#8221;img_link_large&#8221;][\/vc_column_inner][vc_column_inner width=&#8221;1\/3&#8243;][vc_single_image image=&#8221;25830&#8243; img_size=&#8221;large&#8221; add_caption=&#8221;yes&#8221; onclick=&#8221;img_link_large&#8221;][\/vc_column_inner][\/vc_row_inner][vc_row_inner][vc_column_inner width=&#8221;1\/3&#8243;][vc_single_image image=&#8221;25837&#8243; img_size=&#8221;large&#8221; add_caption=&#8221;yes&#8221; onclick=&#8221;img_link_large&#8221;][\/vc_column_inner][vc_column_inner width=&#8221;1\/3&#8243;][vc_single_image image=&#8221;25836&#8243; img_size=&#8221;large&#8221; add_caption=&#8221;yes&#8221; onclick=&#8221;img_link_large&#8221;][\/vc_column_inner][vc_column_inner width=&#8221;1\/3&#8243;][vc_single_image image=&#8221;25835&#8243; img_size=&#8221;large&#8221; add_caption=&#8221;yes&#8221; onclick=&#8221;img_link_large&#8221;][\/vc_column_inner][\/vc_row_inner][vc_row_inner][vc_column_inner width=&#8221;1\/3&#8243;][vc_single_image image=&#8221;25834&#8243; img_size=&#8221;large&#8221; add_caption=&#8221;yes&#8221; onclick=&#8221;img_link_large&#8221;][\/vc_column_inner][vc_column_inner width=&#8221;1\/3&#8243;][vc_single_image image=&#8221;25833&#8243; img_size=&#8221;large&#8221; add_caption=&#8221;yes&#8221; onclick=&#8221;img_link_large&#8221;][\/vc_column_inner][vc_column_inner width=&#8221;1\/3&#8243;][vc_single_image image=&#8221;25831&#8243; img_size=&#8221;large&#8221; add_caption=&#8221;yes&#8221; onclick=&#8221;img_link_large&#8221;][\/vc_column_inner][\/vc_row_inner][\/vc_column][\/vc_row][vc_row title=&#8221;strona rejestracji&#8221; [&#8230;]<\/p>\n<p><a class=\"btn btn-secondary understrap-read-more-link\" href=\"https:\/\/us.edu.pl\/wydzial\/wnst\/wspolpraca\/szkoly\/konkurs-chemiczny\/konkurs-chemiczny-2022\/podsumowanie-2\/\">Read More&#8230;<\/a><\/p>\n","protected":false},"author":92,"featured_media":0,"parent":163146,"menu_order":0,"comment_status":"closed","ping_status":"closed","template":"","meta":{"_expiration-date-status":"saved","_expiration-date":0,"_expiration-date-type":"","_expiration-date-categories":[],"_expiration-date-options":[]},"acf":[],"_links":{"self":[{"href":"https:\/\/us.edu.pl\/wydzial\/wnst\/wp-json\/wp\/v2\/pages\/25863"}],"collection":[{"href":"https:\/\/us.edu.pl\/wydzial\/wnst\/wp-json\/wp\/v2\/pages"}],"about":[{"href":"https:\/\/us.edu.pl\/wydzial\/wnst\/wp-json\/wp\/v2\/types\/page"}],"author":[{"embeddable":true,"href":"https:\/\/us.edu.pl\/wydzial\/wnst\/wp-json\/wp\/v2\/users\/92"}],"replies":[{"embeddable":true,"href":"https:\/\/us.edu.pl\/wydzial\/wnst\/wp-json\/wp\/v2\/comments?post=25863"}],"version-history":[{"count":11,"href":"https:\/\/us.edu.pl\/wydzial\/wnst\/wp-json\/wp\/v2\/pages\/25863\/revisions"}],"predecessor-version":[{"id":26374,"href":"https:\/\/us.edu.pl\/wydzial\/wnst\/wp-json\/wp\/v2\/pages\/25863\/revisions\/26374"}],"up":[{"embeddable":true,"href":"https:\/\/us.edu.pl\/wydzial\/wnst\/wp-json\/wp\/v2\/pages\/163146"}],"wp:attachment":[{"href":"https:\/\/us.edu.pl\/wydzial\/wnst\/wp-json\/wp\/v2\/media?parent=25863"}],"curies":[{"name":"wp","href":"https:\/\/api.w.org\/{rel}","templated":true}]}}