{"id":25980,"date":"2022-03-31T12:25:56","date_gmt":"2022-03-31T10:25:56","guid":{"rendered":"https:\/\/us.edu.pl\/wydzial\/wnst\/?page_id=25980"},"modified":"2022-05-17T07:22:01","modified_gmt":"2022-05-17T05:22:01","slug":"opinie","status":"publish","type":"page","link":"https:\/\/us.edu.pl\/wydzial\/wnst\/wspolpraca\/szkoly\/ksztalcenie-dla-przyszlosci\/opinie\/","title":{"rendered":"Opinie"},"content":{"rendered":"<p>[vc_row el_class=&#8221;container&#8221;][vc_column]\n            <div data-autotime=\"30\" class=\"slider reverse color_white bg_\" >\n                  <div class=\"slide slide_css\">\n                     <div class=\"slide__content_container container\">\n                        <div class=\"slide__content\">\n                           <a href=\"\" class=\"slide__link\">\n                              <div class=\"slide__title\">Je\u017celi masz si\u0119 czym pochwali\u0107,  pochwal si\u0119! <\/div>\n                              <div class=\"slide__text\">Chwalenie si\u0119 sukcesem nie jest pust\u0105 przechwa\u0142k\u0105. Jest dzieleniem si\u0119 czym\u015b dobrym. Dobre opinie o naszej interesuj\u0105cej ofercie edukacyjnej dla szk\u00f3\u0142 to najlepsza rekomendacja i reklama! To dzielenie si\u0119 wiedz\u0105 i inspirowanie do wysi\u0142ku intelektualnego! To te\u017c szanowanie potrzeb tych, kt\u00f3rzy s\u0105 na pocz\u0105tku swojej drogi po wiedz\u0119. <\/div>\n                           <\/a>\n                        <\/div>\n                     <\/div>\n                     <a href=\"\" class=\"slide__img thumbnail\"\n                           style=\"background-image: url('')\">\n                           <span class=\"d-none\">Je\u017celi masz si\u0119 czym pochwali\u0107,  pochwal si\u0119!  Chwalenie si\u0119 sukcesem nie jest pust\u0105 przechwa\u0142k\u0105. Jest dzieleniem si\u0119 czym\u015b dobrym. Dobre opinie o naszej interesuj\u0105cej ofercie edukacyjnej dla szk\u00f3\u0142 to najlepsza rekomendacja i reklama! To dzielenie si\u0119 wiedz\u0105 i inspirowanie do wysi\u0142ku intelektualnego! To te\u017c szanowanie potrzeb tych, kt\u00f3rzy s\u0105 na pocz\u0105tku swojej drogi po wiedz\u0119. <\/span>\n                     <\/a>\n                  <\/div>\n                  <div class=\"slide slide_css\">\n                     <div class=\"slide__content_container container\">\n                        <div class=\"slide__content\">\n                           <a href=\"\" class=\"slide__link\">\n                              <div class=\"slide__title\">Je\u017celi masz si\u0119 czym pochwali\u0107,  pochwal si\u0119! <\/div>\n                              <div class=\"slide__text\">Niech zaprezentowane na tej stronie opinie uczni\u00f3w i nauczycieli potwierdz\u0105 potrzeb\u0119 naszych wzajemnych kontakt\u00f3w, niech b\u0119d\u0105 zach\u0119t\u0105 do jeszcze bardziej efektywnych dzia\u0142a\u0144 na rzecz m\u0142odego pokolenia.<\/div>\n                           <\/a>\n                        <\/div>\n                     <\/div>\n                     <a href=\"\" class=\"slide__img thumbnail\"\n                           style=\"background-image: url('')\">\n                           <span class=\"d-none\">Je\u017celi masz si\u0119 czym pochwali\u0107,  pochwal si\u0119!  Niech zaprezentowane na tej stronie opinie uczni\u00f3w i nauczycieli potwierdz\u0105 potrzeb\u0119 naszych wzajemnych kontakt\u00f3w, niech b\u0119d\u0105 zach\u0119t\u0105 do jeszcze bardziej efektywnych dzia\u0142a\u0144 na rzecz m\u0142odego pokolenia.<\/span>\n                     <\/a>\n                  <\/div>\n                <div class=\"slider__controls\">\n                    <div class=\"slider__dots\"><\/div>\n                    <div class=\"slider__actions\">\n                        <a href=\"#\" class=\"arrow\" data-direction=\"prev\" title=\"poprzedni slajd\">\n                            <em class=\"ci ci-arrow-left\"><\/em>\n                            <span class=\"d-none\">control<\/span>\n                        <\/a>\n            \n                        <a href=\"#\" class=\"start-pause\" data-action=\"stop\" title=\"wstrzymaj poruszanie si\u0119 slajd\u00f3w\">\n                            <em class=\"ci ci-pause\"><\/em>\n                            <span class=\"d-none\">control<\/span>\n                        <\/a>\n            \n                       \n                        <a href=\"#\" class=\"arrow\" data-direction=\"next\"  title=\"Kolejny slajd\" >\n                            <em class=\"ci ci-arrow-right\"><\/em>\n                            <span class=\"d-none\">control<\/span>\n                        <\/a>\n                    <\/div>\n                <\/div>\n            <\/div>[\/vc_column][\/vc_row][vc_row el_class=&#8221;container&#8221;][vc_column][vc_empty_space][vc_column_text]<\/p>\n<h3 style=\"text-align: center;\"><span style=\"color: #002a5e;\">Opinie<\/span><\/h3>\n<p>[\/vc_column_text][vc_separator][\/vc_column][\/vc_row][vc_row el_class=&#8221;container&#8221;][vc_column el_class=&#8221;shadow&#8221;][vc_text_separator title=&#8221;&#8221; i_icon_fontawesome=&#8221;fa fa-quote-right&#8221; i_color=&#8221;sky&#8221; color=&#8221;sky&#8221; border_width=&#8221;2&#8243; add_icon=&#8221;true&#8221;][vc_column_text]<span style=\"color: #002a5e; font-size: 120%;\"><strong>\u0141ukasz Labosik &#8211; SP nr 37 w Katowicach<\/strong><\/span><\/p>\n<p><em>\u201eWyk\u0142ad by\u0142 prowadzony w klasach 4 i 5. Uczniowie byli zauroczeni. Bardzo podoba\u0142y im si\u0119 fragmenty aktywizacyjne. Szczeg\u00f3lnie udzielali si\u0119 kiedy widzieli, \u017ce metryka dotyka ich codziennego \u017cycia. Niestety podstawa programowa i tempo przerabianie kolejnych temat\u00f3w nie pozostawia nam czasu na kolejne warsztaty, ale na pewno skorzystam z Pa\u0144stwa wyk\u0142ad\u00f3w w przysz\u0142o\u015bci.\u201d<\/em><\/p>\n<p><small>| Po wyk\u0142adzie: \u201eJak mierzy\u0107 odleg\u0142o\u015b\u0107?&#8221; dra \u0141ukasza Dawidowskiego w dniu 25.04.2022 r. |<\/small>[\/vc_column_text][\/vc_column][\/vc_row][vc_row el_class=&#8221;container&#8221;][vc_column el_class=&#8221;shadow&#8221;][vc_text_separator title=&#8221;&#8221; i_icon_fontawesome=&#8221;fa fa-quote-right&#8221; i_color=&#8221;sky&#8221; color=&#8221;sky&#8221; border_width=&#8221;2&#8243; add_icon=&#8221;true&#8221;][vc_column_text]<\/p>\n<p style=\"text-align: right;\"><span style=\"color: #002a5e; font-size: 120%;\"><strong>Tomasz Piwowarski &#8211; Powiatowy Zesp\u00f3\u0142 nr 2 Szk\u00f3\u0142 Og\u00f3lnokszta\u0142c\u0105cych Mistrzostwa Sportowego i Technicznych w O\u015bwi\u0119cimiu<\/strong><\/span><\/p>\n<p style=\"text-align: right;\"><em>&#8222;&#8230;chcia\u0142bym bardzo podzi\u0119kowa\u0107 za organizacje zaj\u0119\u0107 dla m\u0142odzie\u017cy z O\u015bwi\u0119cimia. Wyk\u0142ady bardzo podoba\u0142y si\u0119 uczniom, by\u0142y bardzo interesuj\u0105ce i dostosowane do ich poziomu. Wszyscy aktywnie w nich uczestniczyli. Wyk\u0142adowcy wspania\u0142e wyt\u0142umaczyli poruszane problemy i nawi\u0105zali \u015bwietny kontakt z m\u0142odzie\u017c\u0105\u201d<\/em><\/p>\n<p style=\"text-align: right;\"><small>| Po wyk\u0142adach: &#8222;O czym szumi\u0105 drzewa gry&#8221; dr Anna Brzeska i &#8222;Jak mierzy\u0107 odleg\u0142o\u015b\u0107&#8221; dr \u0141ukasz Dawidowski w dniu 21.04.2022 r. |<\/small><\/p>\n<hr \/>\n<p>[\/vc_column_text][\/vc_column][\/vc_row][vc_row el_class=&#8221;container&#8221;][vc_column el_class=&#8221;shadow&#8221;][vc_text_separator title=&#8221;&#8221; i_icon_fontawesome=&#8221;fa fa-quote-right&#8221; i_color=&#8221;sky&#8221; color=&#8221;sky&#8221; border_width=&#8221;2&#8243; add_icon=&#8221;true&#8221;][vc_column_text]<span style=\"color: #002a5e; font-size: 120%;\"><strong>Ewa Boryca &#8211; ZSTI MERITUM w Siemianowicach \u015al\u0105skich<\/strong><\/span><\/p>\n<p><em>&#8222;Wyk\u0142ad zrobi\u0142 du\u017ce wra\u017cenie na odbiorcach, \u0142\u0105cznie z nauczycielem. Super przyj\u0119cie i czekamy na kolejny.\u201d<\/em><\/p>\n<p><small>| Po wyk\u0142adzie: &#8222;Chemia mi\u0119dzy nami, czyli o biochemii uczu\u0107 i wi\u0119zi interpersonalnych&#8221; Prof. Roberta Musio\u0142a w dniu 05.04.2022 r. |<\/small><\/p>\n<hr \/>\n<p><em>&#8222;W imieniu dyrekcji, m\u0142odzie\u017cy, nauczyciela prowadz\u0105cego zaj\u0119cia i w\u0142asnym chcia\u0142am serdecznie podzi\u0119kowa\u0107 za bardzo ciekawy<br \/>\ni przyst\u0119pny wyk\u0142ad Pani Profesor I. Jendrzejewskiej, kt\u00f3ry spotka\u0142 si\u0119 z ciep\u0142ym przyj\u0119ciem. Zreszt\u0105 jak sama osoba Pani Profesor, przemi\u0142a i bezpo\u015brednia&#8221;.<\/em><\/p>\n<p><small>| Po wyk\u0142adzie: &#8222;Fa\u0142szowanie lek\u00f3w \u2013 plaga XXI wieku &#8221; dr hab. Izabeli Jendrzejewskiej, prof. U\u015a w dniu 30.03.2022 r. |<\/small>[\/vc_column_text][\/vc_column][\/vc_row][vc_row el_class=&#8221;container&#8221;][vc_column el_class=&#8221;shadow&#8221;][vc_empty_space height=&#8221;15&#8243;][vc_text_separator title=&#8221;&#8221; i_icon_fontawesome=&#8221;fa fa-quote-right&#8221; i_color=&#8221;sky&#8221; color=&#8221;sky&#8221; border_width=&#8221;2&#8243; add_icon=&#8221;true&#8221;][vc_column_text css=&#8221;.vc_custom_1650455967136{padding-right: 33px !important;padding-bottom: 33px !important;padding-left: 33px !important;}&#8221;]<\/p>\n<p style=\"text-align: right;\"><span style=\"color: #002a5e; font-size: 120%;\"><strong>Piotr Dutkiewicz, IV LO w Rudzie \u015al\u0105skiej i SP nr 1 w Czeladzi<\/strong><\/span><\/p>\n<p style=\"text-align: right;\"><em><strong>\u201eChcia\u0142bym<\/strong> r\u00f3wnie\u017c zasygnalizowa\u0107 zainteresowanie podobnymi wyk\u0142adami przez uczni\u00f3w szk\u00f3\u0142 podstawowych. Zainteresowanie naukami \u015bcis\u0142ymi, zawodami z obszaru nauk technicznych optymalnie jest wzbudza\u0107 ju\u017c na wczesnych etapach edukacyjnych. Idealnie jest m\u00f3c pokaza\u0107 w szko\u0142ach podstawowych powi\u0105zanie przekazywanej wiedzy, kszta\u0142towanych umiej\u0119tno\u015bci jak r\u00f3wnie\u017c potrzeb\u0119 posiadania informacji jako podstawy do dalszej pracy w szko\u0142ach ponadpodstawowych i wy\u017cszych. Bezwzgl\u0119dnie, atrakcyjno\u015b\u0107 nauk \u015bcis\u0142ych i technicznych na poziomie akademickim mo\u017ce mie\u0107 wp\u0142yw na planowanie \u015bcie\u017cki edukacyjnej uczni\u00f3w szk\u00f3\u0142 podstawowych. Ciekawe, do\u015bwiadczalne przedstawienie zagadnie\u0144, nad kt\u00f3rymi b\u0119dzie si\u0119 pochyla\u0107 potencjalny, przysz\u0142y student z pewno\u015bci\u0105 zach\u0119ci uczni\u00f3w do rozwa\u017cenie wyboru kierunk\u00f3w studi\u00f3w proponowanych przez Pa\u0144stwa wydzia\u0142\u201d<\/em><\/p>\n<p>[\/vc_column_text][\/vc_column][\/vc_row][vc_row el_class=&#8221;container&#8221;][vc_column el_class=&#8221;shadow&#8221;][vc_empty_space height=&#8221;15&#8243;][vc_text_separator title=&#8221;&#8221; i_icon_fontawesome=&#8221;fa fa-quote-right&#8221; i_color=&#8221;sky&#8221; color=&#8221;sky&#8221; border_width=&#8221;2&#8243; add_icon=&#8221;true&#8221;][vc_column_text css=&#8221;.vc_custom_1650456401564{padding-right: 33px !important;padding-bottom: 33px !important;padding-left: 33px !important;}&#8221;]<\/p>\n<p style=\"text-align: left;\"><span style=\"color: #002a5e; font-size: 120%;\"><strong>Ilona Lipka, CKZiU w Sosnowcu<\/strong><\/span><\/p>\n<p style=\"text-align: left;\"><em>M\u0142odzie\u017c i ja jeste\u015bmy zachwyceni wyk\u0142adami Pana Profesora Musio\u0142a. Dyrekcja naszego Centrum wystosowa\u0142a podzi\u0119kowanie dla Pana Profesora<\/em><\/p>\n<p>[\/vc_column_text][\/vc_column][\/vc_row][vc_row el_class=&#8221;container&#8221;][vc_column el_class=&#8221;shadow&#8221;][vc_empty_space height=&#8221;15&#8243;][vc_text_separator title=&#8221;&#8221; i_icon_fontawesome=&#8221;fa fa-quote-right&#8221; i_color=&#8221;sky&#8221; color=&#8221;sky&#8221; border_width=&#8221;2&#8243; add_icon=&#8221;true&#8221;][vc_column_text css=&#8221;.vc_custom_1650456135120{padding-right: 33px !important;padding-bottom: 33px !important;padding-left: 33px !important;}&#8221;]<\/p>\n<p style=\"text-align: right;\"><span style=\"color: #002a5e; font-size: 120%;\"><strong>Krystyna Pilot, I LO w Chorzowie<\/strong><\/span><\/p>\n<p style=\"text-align: right;\"><em><strong>\u201e<\/strong>Pani Iwono, dzi\u0119kuj\u0119 bardzo za za\u0142atwienie terminu wyk\u0142adu, m\u0142odzie\u017c jest spragniona odmiany, oni siadaj\u0105 ju\u017c psychicznie i wyk\u0142ad, kontakt z naukowcem to jest co\u015b co b\u0119d\u0105 pozytywnie wspomina\u0107. Prof. Bubaka nie chcieli wypu\u015bci\u0107, wyk\u0142ad trwa\u0142 ponad zegarow\u0105 godzin\u0119 i jeszcze by\u0142 niedosyt. Dzi\u0119kuj\u0119, pozdrawiam\u201d<\/em><\/p>\n<p>[\/vc_column_text][\/vc_column][\/vc_row][vc_row el_class=&#8221;container&#8221;][vc_column el_class=&#8221;shadow&#8221;][vc_empty_space height=&#8221;15&#8243;][vc_text_separator title=&#8221;&#8221; i_icon_fontawesome=&#8221;fa fa-quote-right&#8221; i_color=&#8221;sky&#8221; color=&#8221;sky&#8221; border_width=&#8221;2&#8243; add_icon=&#8221;true&#8221;][vc_column_text css=&#8221;.vc_custom_1650455910674{padding-right: 33px !important;padding-bottom: 33px !important;padding-left: 33px !important;}&#8221;]<\/p>\n<p style=\"text-align: left;\"><span style=\"color: #002a5e; font-size: 120%;\"><strong>Edyta Walkowiak, SP nr 1 w Pszczynie<\/strong><\/span><\/p>\n<p style=\"text-align: left;\"><em><strong>\u201e<\/strong>Pani Iwono, przepraszam, \u017ce dopiero teraz, ale czas strasznie nam leci od powrotu do nauki stacjonarnej. Bardzo dzi\u0119kujemy za przeprowadzone zaj\u0119cia. Wyk\u0142adowcy \u015bwietnie dostosowali si\u0119 do wieku naszych uczni\u00f3w i jeste\u015bmy (ja, dyrekcja, nauczyciele i uczniowie) pod wra\u017ceniem profesjonalizmu. Ka\u017cdy z nauczycieli obecnych na zaj\u0119ciach, tu\u017c po nich dzwoni\u0142 do mnie, aby przekaza\u0107 ogromne uznanie dla prowadz\u0105cych. Oczywi\u015bcie na naszej stronie (www.sp1pszczyna.pl) oraz w mediach lokalnych (www.pless.pl) umieszczali\u015bmy informacj\u0119 o warsztatach. W za\u0142\u0105czeniu pismo naszego dyrektora. W kolejnym roku szkolnym, o ile b\u0119dzie to mo\u017cliwe, ch\u0119tnie skorzystamy zn\u00f3w z zaj\u0119\u0107.<\/em><\/p>\n<p>[\/vc_column_text][\/vc_column][\/vc_row]<\/p>","protected":false},"excerpt":{"rendered":"<p>[vc_row el_class=&#8221;container&#8221;][vc_column][\/vc_column][\/vc_row][vc_row el_class=&#8221;container&#8221;][vc_column][vc_empty_space][vc_column_text] Opinie [\/vc_column_text][vc_separator][\/vc_column][\/vc_row][vc_row el_class=&#8221;container&#8221;][vc_column el_class=&#8221;shadow&#8221;][vc_text_separator title=&#8221;&#8221; i_icon_fontawesome=&#8221;fa fa-quote-right&#8221; i_color=&#8221;sky&#8221; color=&#8221;sky&#8221; border_width=&#8221;2&#8243; add_icon=&#8221;true&#8221;][vc_column_text]\u0141ukasz Labosik &#8211; SP nr 37 w Katowicach \u201eWyk\u0142ad by\u0142 prowadzony w klasach 4 i 5. Uczniowie byli zauroczeni. Bardzo podoba\u0142y im si\u0119 fragmenty aktywizacyjne. Szczeg\u00f3lnie udzielali si\u0119 kiedy widzieli, \u017ce metryka dotyka ich codziennego \u017cycia. Niestety podstawa programowa i tempo przerabianie [&#8230;]<\/p>\n<p><a class=\"btn btn-secondary understrap-read-more-link\" href=\"https:\/\/us.edu.pl\/wydzial\/wnst\/wspolpraca\/szkoly\/ksztalcenie-dla-przyszlosci\/opinie\/\">Read More&#8230;<\/a><\/p>\n","protected":false},"author":4017,"featured_media":0,"parent":8457,"menu_order":0,"comment_status":"closed","ping_status":"closed","template":"","meta":{"_expiration-date-status":"saved","_expiration-date":0,"_expiration-date-type":"","_expiration-date-categories":[],"_expiration-date-options":[]},"acf":[],"_links":{"self":[{"href":"https:\/\/us.edu.pl\/wydzial\/wnst\/wp-json\/wp\/v2\/pages\/25980"}],"collection":[{"href":"https:\/\/us.edu.pl\/wydzial\/wnst\/wp-json\/wp\/v2\/pages"}],"about":[{"href":"https:\/\/us.edu.pl\/wydzial\/wnst\/wp-json\/wp\/v2\/types\/page"}],"author":[{"embeddable":true,"href":"https:\/\/us.edu.pl\/wydzial\/wnst\/wp-json\/wp\/v2\/users\/4017"}],"replies":[{"embeddable":true,"href":"https:\/\/us.edu.pl\/wydzial\/wnst\/wp-json\/wp\/v2\/comments?post=25980"}],"version-history":[{"count":11,"href":"https:\/\/us.edu.pl\/wydzial\/wnst\/wp-json\/wp\/v2\/pages\/25980\/revisions"}],"predecessor-version":[{"id":27834,"href":"https:\/\/us.edu.pl\/wydzial\/wnst\/wp-json\/wp\/v2\/pages\/25980\/revisions\/27834"}],"up":[{"embeddable":true,"href":"https:\/\/us.edu.pl\/wydzial\/wnst\/wp-json\/wp\/v2\/pages\/8457"}],"wp:attachment":[{"href":"https:\/\/us.edu.pl\/wydzial\/wnst\/wp-json\/wp\/v2\/media?parent=25980"}],"curies":[{"name":"wp","href":"https:\/\/api.w.org\/{rel}","templated":true}]}}