{"id":2706,"date":"2020-01-29T09:20:52","date_gmt":"2020-01-29T08:20:52","guid":{"rendered":"https:\/\/us.edu.pl\/wydzial\/wnst\/?page_id=2706"},"modified":"2024-11-19T09:52:06","modified_gmt":"2024-11-19T08:52:06","slug":"rada-dydaktyczna-matematyka","status":"publish","type":"page","link":"https:\/\/us.edu.pl\/wydzial\/wnst\/strona-glowna\/wladze\/rady-dydaktyczne-2\/rada-dydaktyczna-matematyka\/","title":{"rendered":"rada dydaktyczna matematyka"},"content":{"rendered":"<p>[vc_row el_class=&#8221;container&#8221;][vc_column]\r\n                <div class=\"text-modules\">\r\n                    <div class=\"container\">\r\n                        \r\n                        <div class=\"text-modules__content\"><\/p>\n<h3 style=\"text-align: left;\"><span style=\"color: #002e5a;\">Rada dydaktyczna kierunku matematyka<br \/>\nrok akademicki 2024\/2025<\/span><\/h3>\n<p><span style=\"color: #002e5a;\">z g\u0142osem stanowi\u0105cym:<\/span><\/p>\n<ol>\n<li><span style=\"color: #002e5a;\">dr Anna Szczerba-Zubek, prof. U\u015a &#8211; Dyrektor kierunku matematyka &#8211; Przewodnicz\u0105ca<\/span><\/li>\n<li><span style=\"color: #002e5a;\">dr Rados\u0142aw Wieczorek \u2013 Zast\u0119pca Dyrektora kierunku matematyka \u2013 Zast\u0119pca Przewodnicz\u0105cej<\/span><\/li>\n<li>prof. dr hab. Micha\u0142 Baczy\u0144ski<\/li>\n<li>dr hab. Roman Badora, prof. U\u015a<\/li>\n<li>dr Anna Brzeska<\/li>\n<li>dr \u0141ukasz Dawidowski<\/li>\n<li>dr Anna Glenszczyk<\/li>\n<li>dr Agnieszka Kulawik<\/li>\n<li>dr Gra\u017cyna \u0141ydzi\u0144ska<\/li>\n<li>dr hab. Oleksandr Maslyuchenko, prof. U\u015a<\/li>\n<li>dr Marta Nowakowska<\/li>\n<li>dr Natalia Cie\u015blar<\/li>\n<li>dr Jolanta Sobera<\/li>\n<li>dr Dariusz Soko\u0142owski<\/li>\n<li>dr hab. Tomasz Szostok, prof. U\u015a<\/li>\n<li>dr hab. Hanna Wojew\u00f3dka-\u015aci\u0105\u017cko<\/li>\n<\/ol>\n<p><span style=\"color: #002e5a;\">przedstawiciele student\u00f3w (zgodnie z za\u0142\u0105cznikiem nr 1 do powo\u0142ania)<\/span><\/p>\n<ol>\n<li>Zuzanna Bednarek \u2013 studentka I stopnia<\/li>\n<li>Jakub Karch \u2013 student II stopnia<\/li>\n<\/ol>\n<p><span style=\"color: #002e5a;\">z g\u0142osem doradczym:<\/span><\/p>\n<ol>\n<li>mgr Aleksandra Hankus \u2013 przedstawiciel dziekanatu.<\/li>\n<\/ol>\n<p><span style=\"color: #002e5a;\">przedstawiciele otoczenia spo\u0142eczno-gospodarczego (zgodnie z za\u0142\u0105cznikiem nr 2 do powo\u0142ania.)<\/span><\/p>\n<ol>\n<li>mgr Sabina Celder-Dudek \u2013 ZSP nr 24 SP 10, Katowice<\/li>\n<li>mgr Krzysztof Kula \u2013 IT Area Lead, ING Bank \u015al\u0105ski<\/li>\n<li>mgr in\u017c. Mariola Penno-Szypowska &#8211; Vattenfall IT Services Poland Sp. z o.o.<\/li>\n<li>mgr Bart\u0142omiej Zdu\u0144czyk &#8211; BI \/ DW Developer, Ryanair Labs, Dublin<\/li>\n<\/ol>\n<p>\n<\/div>\r\n                    <\/div>\r\n                <\/div>[\/vc_column][\/vc_row]<\/p>","protected":false},"excerpt":{"rendered":"<p>[vc_row el_class=&#8221;container&#8221;][vc_column][\/vc_column][\/vc_row] [&#8230;]<\/p>\n<p><a class=\"btn btn-secondary understrap-read-more-link\" href=\"https:\/\/us.edu.pl\/wydzial\/wnst\/strona-glowna\/wladze\/rady-dydaktyczne-2\/rada-dydaktyczna-matematyka\/\">Read More&#8230;<\/a><\/p>\n","protected":false},"author":92,"featured_media":0,"parent":1873,"menu_order":0,"comment_status":"closed","ping_status":"closed","template":"","meta":{"_expiration-date-status":"saved","_expiration-date":0,"_expiration-date-type":"","_expiration-date-categories":[],"_expiration-date-options":[]},"acf":[],"_links":{"self":[{"href":"https:\/\/us.edu.pl\/wydzial\/wnst\/wp-json\/wp\/v2\/pages\/2706"}],"collection":[{"href":"https:\/\/us.edu.pl\/wydzial\/wnst\/wp-json\/wp\/v2\/pages"}],"about":[{"href":"https:\/\/us.edu.pl\/wydzial\/wnst\/wp-json\/wp\/v2\/types\/page"}],"author":[{"embeddable":true,"href":"https:\/\/us.edu.pl\/wydzial\/wnst\/wp-json\/wp\/v2\/users\/92"}],"replies":[{"embeddable":true,"href":"https:\/\/us.edu.pl\/wydzial\/wnst\/wp-json\/wp\/v2\/comments?post=2706"}],"version-history":[{"count":10,"href":"https:\/\/us.edu.pl\/wydzial\/wnst\/wp-json\/wp\/v2\/pages\/2706\/revisions"}],"predecessor-version":[{"id":182192,"href":"https:\/\/us.edu.pl\/wydzial\/wnst\/wp-json\/wp\/v2\/pages\/2706\/revisions\/182192"}],"up":[{"embeddable":true,"href":"https:\/\/us.edu.pl\/wydzial\/wnst\/wp-json\/wp\/v2\/pages\/1873"}],"wp:attachment":[{"href":"https:\/\/us.edu.pl\/wydzial\/wnst\/wp-json\/wp\/v2\/media?parent=2706"}],"curies":[{"name":"wp","href":"https:\/\/api.w.org\/{rel}","templated":true}]}}