{"id":2749,"date":"2020-01-30T10:32:50","date_gmt":"2020-01-30T09:32:50","guid":{"rendered":"https:\/\/us.edu.pl\/wydzial\/wnst\/?page_id=2749"},"modified":"2025-11-28T11:20:34","modified_gmt":"2025-11-28T10:20:34","slug":"zespol-ds-projektow","status":"publish","type":"page","link":"https:\/\/us.edu.pl\/wydzial\/wnst\/strona-glowna\/struktura\/administracja\/zespol-ds-projektow\/","title":{"rendered":"Zesp\u00f3\u0142 ds. projekt\u00f3w"},"content":{"rendered":"<p><\/p>\n<p>[vc_row el_class=&#8221;container&#8221;][vc_column width=&#8221;1\/4&#8243;]\r\n                <div class=\"text-modules \">\r\n                    <div class=\"container\">\r\n                        <h3 class=\"section-title section-title_border-bottom\">Zesp\u00f3\u0142 ds. projekt\u00f3w Wydzia\u0142u<\/h3> \r\n                        <div class=\"row m-0\">\r\n                            <div class=\"text-modules__content\">\r\n                                 \r\n                                <div class=\"mt-3\"><\/div>\r\n                            <\/div>\r\n                            \r\n                            \r\n                        <\/div>\r\n                    <\/div>\r\n                <\/div>[\/vc_column][vc_column width=&#8221;3\/4&#8243;]\r\n                <div class=\"text-modules \">\r\n                    <div class=\"container\">\r\n                         \r\n                        <div class=\"row m-0\">\r\n                            <div class=\"text-modules__content\">\r\n                                <span style=\"color: #0b0510;\"><strong>mgr Joanna Stelmaszak<\/strong><br \/>\n<\/span>Kierownik zespo\u0142u ds. projekt\u00f3w<br \/>\nChorz\u00f3w, ul. 75. Pu\u0142ku Piechoty 1A P. P\/1\/15<br \/>\ntel. 32 349 76 06, <a href=\"mailto:joanna.stelmaszak@us.edu.pl\">joanna.stelmaszak@us.edu.pl<\/a> \r\n                                <div class=\"mt-3\"><\/div>\r\n                            <\/div>\r\n                            \r\n                            \r\n                        <\/div>\r\n                    <\/div>\r\n                <\/div>[\/vc_column][\/vc_row][vc_row el_class=&#8221;container&#8221;][vc_column width=&#8221;1\/4&#8243;][vc_wp_text]<\/p>\n<h3>obszar dzia\u0142ania<\/h3>\n<p>&#8211; wyszukiwanie informacji o mi\u0119dzynarodowych programach i grantach badawczych, programach strukturalnych oraz innych programach dedykowanych dla szkolnictwa wy\u017cszego,<br \/>\n&#8211; prowadzenie na wydziale akcji informacyjnych na temat mo\u017cliwo\u015bci aplikowania o\u00a0\u015brodki finansowe,<br \/>\n&#8211; udzielanie indywidualnych porad\/konsultacji w\u00a0zakresie pozyskiwania \u015brodk\u00f3w i\u00a0realizacji projekt\u00f3w,<br \/>\n&#8211; wsparcie administracyjne realizowanych na wydziale projekt\u00f3w,<br \/>\n&#8211; monitorowanie ryzyka w\u00a0realizacji projekt\u00f3w.[\/vc_wp_text][\/vc_column][vc_column width=&#8221;1\/4&#8243;][vc_wp_text title=&#8221;Katowice&#8221;][\/vc_wp_text][vc_column_text]<\/p>\n<ul>\n<li><a href=\"https:\/\/ab.us.edu.pl\/emp?id=PE253182\" target=\"_blank\" rel=\"noopener\">mgr Barbara G\u0142\u0105b<\/a><\/li>\n<li><a href=\"https:\/\/ab.us.edu.pl\/emp?id=64033\">mgr Ewelina \u015alusarek<\/a><\/li>\n<\/ul>\n<p>[\/vc_column_text][vc_column_text][\/vc_column_text][\/vc_column][vc_column width=&#8221;1\/4&#8243;][vc_wp_text title=&#8221;Chorz\u00f3w&#8221;][\/vc_wp_text][vc_column_text]<\/p>\n<ul>\n<li><a href=\"https:\/\/ab.us.edu.pl\/emp?id=PE82438\">mgr Patrycja Wajda-Mierzwa<\/a><\/li>\n<\/ul>\n<p>[\/vc_column_text][\/vc_column][vc_column width=&#8221;1\/4&#8243;][\/vc_column][\/vc_row]<\/p>\n<p><\/p>","protected":false},"excerpt":{"rendered":"<p>[vc_row el_class=&#8221;container&#8221;][vc_column width=&#8221;1\/4&#8243;][\/vc_column][vc_column width=&#8221;3\/4&#8243;][\/vc_column][\/vc_row][vc_row el_class=&#8221;container&#8221;][vc_column width=&#8221;1\/4&#8243;][vc_wp_text] obszar dzia\u0142ania &#8211; wyszukiwanie informacji o mi\u0119dzynarodowych programach i grantach badawczych, programach strukturalnych oraz innych programach dedykowanych dla szkolnictwa wy\u017cszego, &#8211; prowadzenie na wydziale akcji informacyjnych na temat mo\u017cliwo\u015bci aplikowania o\u00a0\u015brodki finansowe, &#8211; udzielanie indywidualnych porad\/konsultacji w\u00a0zakresie pozyskiwania \u015brodk\u00f3w i\u00a0realizacji projekt\u00f3w, &#8211; wsparcie administracyjne realizowanych na wydziale projekt\u00f3w, &#8211; [&#8230;]<\/p>\n<p><a class=\"btn btn-secondary understrap-read-more-link\" href=\"https:\/\/us.edu.pl\/wydzial\/wnst\/strona-glowna\/struktura\/administracja\/zespol-ds-projektow\/\">Read More&#8230;<\/a><\/p>\n","protected":false},"author":92,"featured_media":0,"parent":987,"menu_order":0,"comment_status":"closed","ping_status":"closed","template":"","meta":{"_expiration-date-status":"","_expiration-date":0,"_expiration-date-type":"","_expiration-date-categories":[],"_expiration-date-options":[]},"acf":[],"_links":{"self":[{"href":"https:\/\/us.edu.pl\/wydzial\/wnst\/wp-json\/wp\/v2\/pages\/2749"}],"collection":[{"href":"https:\/\/us.edu.pl\/wydzial\/wnst\/wp-json\/wp\/v2\/pages"}],"about":[{"href":"https:\/\/us.edu.pl\/wydzial\/wnst\/wp-json\/wp\/v2\/types\/page"}],"author":[{"embeddable":true,"href":"https:\/\/us.edu.pl\/wydzial\/wnst\/wp-json\/wp\/v2\/users\/92"}],"replies":[{"embeddable":true,"href":"https:\/\/us.edu.pl\/wydzial\/wnst\/wp-json\/wp\/v2\/comments?post=2749"}],"version-history":[{"count":10,"href":"https:\/\/us.edu.pl\/wydzial\/wnst\/wp-json\/wp\/v2\/pages\/2749\/revisions"}],"predecessor-version":[{"id":202862,"href":"https:\/\/us.edu.pl\/wydzial\/wnst\/wp-json\/wp\/v2\/pages\/2749\/revisions\/202862"}],"up":[{"embeddable":true,"href":"https:\/\/us.edu.pl\/wydzial\/wnst\/wp-json\/wp\/v2\/pages\/987"}],"wp:attachment":[{"href":"https:\/\/us.edu.pl\/wydzial\/wnst\/wp-json\/wp\/v2\/media?parent=2749"}],"curies":[{"name":"wp","href":"https:\/\/api.w.org\/{rel}","templated":true}]}}