{"id":297,"date":"2019-10-23T09:16:17","date_gmt":"2019-10-23T07:16:17","guid":{"rendered":"https:\/\/us.edu.pl\/wydzial\/wnst\/?page_id=297"},"modified":"2022-10-11T11:56:30","modified_gmt":"2022-10-11T09:56:30","slug":"instytuty-naukowe","status":"publish","type":"page","link":"https:\/\/us.edu.pl\/wydzial\/wnst\/strona-glowna\/struktura\/instytuty-naukowe\/","title":{"rendered":"Instytuty Naukowe"},"content":{"rendered":"<p>[vc_row content_placement=&#8221;middle&#8221;][vc_column]\r\n\r\n            <div class=\"blocks\" style=\"text-align: \">\r\n               <div class=\"container\">\r\n                  <div class=\"page-title\">Instytuty naukowe<\/div>\r\n                  <div class=\"row m-0 blocks_3\">\r\n                  \r\n                     <a href=\"https:\/\/us.edu.pl\/wydzial\/wnst\/strona-glowna\/struktura\/instytuty-naukowe\/instytut-chemii\/\" class=\"thumbnail blocks__item\" style=\"background-image: url(https:\/\/us.edu.pl\/wydzial\/wnst\/wp-content\/uploads\/sites\/18\/Nieprzypisane\/Sz9-1-1024x768.jpg)\">\r\n                        <span>wi\u0119cej<\/span>\r\n                        <div class=\"blocks__bottom\">\r\n                        <div class=\"blocks__title\">Instytut Chemii<\/div>\r\n                        <div class=\"blocks__subtitle\">Katowice\/Chorz\u00f3w<\/div>\r\n                        <\/div>\r\n                     <\/a>\r\n                  \r\n                     <a href=\"https:\/\/us.edu.pl\/wydzial\/wnst\/strona-glowna\/struktura\/instytuty-naukowe\/instytut-fizyki\/\" class=\"thumbnail blocks__item\" style=\"background-image: url(https:\/\/us.edu.pl\/wydzial\/wnst\/wp-content\/uploads\/sites\/18\/Nieprzypisane\/SMCEBI_1-1024x685.jpg)\">\r\n                        <span>wi\u0119cej<\/span>\r\n                        <div class=\"blocks__bottom\">\r\n                        <div class=\"blocks__title\">Instytut Fizyki im. Augusta Che\u0142kowskiego<\/div>\r\n                        <div class=\"blocks__subtitle\">Chorz\u00f3w<\/div>\r\n                        <\/div>\r\n                     <\/a>\r\n                  \r\n                     <a href=\"https:\/\/us.edu.pl\/wydzial\/wnst\/strona-glowna\/struktura\/instytuty-naukowe\/instytut-informatyki\/\" class=\"thumbnail blocks__item\" style=\"background-image: url(https:\/\/us.edu.pl\/wydzial\/wnst\/wp-content\/uploads\/sites\/18\/Nieprzypisane\/B392-1024x768.jpg)\">\r\n                        <span>wi\u0119cej<\/span>\r\n                        <div class=\"blocks__bottom\">\r\n                        <div class=\"blocks__title\">Instytut Informatyki<\/div>\r\n                        <div class=\"blocks__subtitle\">Sosnowiec<\/div>\r\n                        <\/div>\r\n                     <\/a>\r\n                  \r\n                     <a href=\"https:\/\/us.edu.pl\/wydzial\/wnst\/strona-glowna\/struktura\/instytuty-naukowe\/instytut-inzynierii-biomedycznej\/\" class=\"thumbnail blocks__item\" style=\"background-image: url(https:\/\/us.edu.pl\/wydzial\/wnst\/wp-content\/uploads\/sites\/18\/Nieprzypisane\/B39-1024x768.jpg)\">\r\n                        <span>wi\u0119cej<\/span>\r\n                        <div class=\"blocks__bottom\">\r\n                        <div class=\"blocks__title\">Instytut In\u017cynierii Biomedycznej<\/div>\r\n                        <div class=\"blocks__subtitle\">Sosnowiec<\/div>\r\n                        <\/div>\r\n                     <\/a>\r\n                  \r\n                     <a href=\"https:\/\/us.edu.pl\/wydzial\/wnst\/strona-glowna\/struktura\/instytuty-naukowe\/instytut-inzynierii-materialowej\/\" class=\"thumbnail blocks__item\" style=\"background-image: url(https:\/\/us.edu.pl\/wydzial\/wnst\/wp-content\/uploads\/sites\/18\/Nieprzypisane\/IMG_5757__fot-Julia-Agnieszka-Szymala-1024x683.jpg)\">\r\n                        <span>wi\u0119cej<\/span>\r\n                        <div class=\"blocks__bottom\">\r\n                        <div class=\"blocks__title\">Instytut In\u017cynierii Materia\u0142owej<\/div>\r\n                        <div class=\"blocks__subtitle\">Chorz\u00f3w\/Sosnowiec<\/div>\r\n                        <\/div>\r\n                     <\/a>\r\n                  \r\n                     <a href=\"https:\/\/us.edu.pl\/wydzial\/wnst\/strona-glowna\/struktura\/instytuty-naukowe\/instytut-matematyki\/\" class=\"thumbnail blocks__item\" style=\"background-image: url(https:\/\/us.edu.pl\/wydzial\/wnst\/wp-content\/uploads\/sites\/18\/Nieprzypisane\/41-1507065561.jpg)\">\r\n                        <span>wi\u0119cej<\/span>\r\n                        <div class=\"blocks__bottom\">\r\n                        <div class=\"blocks__title\">Instytut Matematyki<\/div>\r\n                        <div class=\"blocks__subtitle\">Katowice<\/div>\r\n                        <\/div>\r\n                     <\/a><\/div>     \r\n               <\/div>\r\n            <\/div><div class=\"container\"><div class=\"separator\" style=\"background-color: #002E5A\"><\/div><\/div>\r\n                <div class=\"text-modules\">\r\n                    <div class=\"container\">\r\n                        \r\n                        <div class=\"text-modules__content\"><p>W dniu 1 pa\u017adziernika 2019 roku rozpocz\u0105\u0142 dzia\u0142alno\u015b\u0107 Wydzia\u0142 Nauk \u015acis\u0142ych i Technicznych. W sk\u0142ad nowo powsta\u0142ego wydzia\u0142u wesz\u0142y dwie jednostki organizacyjne, kt\u00f3re dot\u0105d funkcjonowa\u0142y pod nazwami \u2013 Wydzia\u0142 Informatyki i Nauki o Materia\u0142ach oraz Wydzia\u0142 Matematyki, Fizyki i Chemii. Decyzja o powo\u0142aniu nowego wydzia\u0142u ma zwi\u0105zek z przyj\u0119ciem przez Senat Uniwersytetu \u015al\u0105skiego w dniu 28 maja 2019 roku nowego statutu uczelni, kt\u00f3ry jest najwa\u017cniejszym aktem prawnym dostosowuj\u0105cym wewn\u0119trzne regulacje do wymog\u00f3w nowej ustawy <em>Prawo o szkolnictwie wy\u017cszym i nauce<\/em>. Zmiany wprowadzone w Uniwersytecie \u015al\u0105skim maj\u0105 za zadanie umocnienie pozycji badawczej i dydaktycznej uczelni, konsolidacj\u0119 najlepszych zespo\u0142\u00f3w badawczych i integracj\u0119 \u015brodowisk naukowych i gospodarczych wok\u00f3\u0142 zagadnie\u0144 kluczowych dla rozwoju polskiej gospodarki, a tak\u017ce wzmocnienie wizerunku istniej\u0105cych w Uniwersytecie \u015al\u0105skim wydzia\u0142\u00f3w w\u015br\u00f3d potencjalnych student\u00f3w i pracodawc\u00f3w zainteresowanych zatrudnieniem absolwent\u00f3w.<\/p>\n<p>Wydzia\u0142 Nauk \u015acis\u0142ych i Technicznych jest zlokalizowany w Katowicach, w Chorzowie i w Sosnowcu. W obr\u0119bie jego struktury funkcjonuje sze\u015b\u0107 instytut\u00f3w naukowych.<\/p>\n<\/div>\r\n                    <\/div>\r\n                <\/div>[\/vc_column][\/vc_row]<\/p>","protected":false},"excerpt":{"rendered":"<p>[vc_row content_placement=&#8221;middle&#8221;][vc_column][\/vc_column][\/vc_row] [&#8230;]<\/p>\n<p><a class=\"btn btn-secondary understrap-read-more-link\" href=\"https:\/\/us.edu.pl\/wydzial\/wnst\/strona-glowna\/struktura\/instytuty-naukowe\/\">Read More&#8230;<\/a><\/p>\n","protected":false},"author":1,"featured_media":0,"parent":468,"menu_order":0,"comment_status":"closed","ping_status":"closed","template":"","meta":{"_expiration-date-status":"saved","_expiration-date":0,"_expiration-date-type":"","_expiration-date-categories":[],"_expiration-date-options":[]},"acf":[],"_links":{"self":[{"href":"https:\/\/us.edu.pl\/wydzial\/wnst\/wp-json\/wp\/v2\/pages\/297"}],"collection":[{"href":"https:\/\/us.edu.pl\/wydzial\/wnst\/wp-json\/wp\/v2\/pages"}],"about":[{"href":"https:\/\/us.edu.pl\/wydzial\/wnst\/wp-json\/wp\/v2\/types\/page"}],"author":[{"embeddable":true,"href":"https:\/\/us.edu.pl\/wydzial\/wnst\/wp-json\/wp\/v2\/users\/1"}],"replies":[{"embeddable":true,"href":"https:\/\/us.edu.pl\/wydzial\/wnst\/wp-json\/wp\/v2\/comments?post=297"}],"version-history":[{"count":10,"href":"https:\/\/us.edu.pl\/wydzial\/wnst\/wp-json\/wp\/v2\/pages\/297\/revisions"}],"predecessor-version":[{"id":160810,"href":"https:\/\/us.edu.pl\/wydzial\/wnst\/wp-json\/wp\/v2\/pages\/297\/revisions\/160810"}],"up":[{"embeddable":true,"href":"https:\/\/us.edu.pl\/wydzial\/wnst\/wp-json\/wp\/v2\/pages\/468"}],"wp:attachment":[{"href":"https:\/\/us.edu.pl\/wydzial\/wnst\/wp-json\/wp\/v2\/media?parent=297"}],"curies":[{"name":"wp","href":"https:\/\/api.w.org\/{rel}","templated":true}]}}