{"id":2993,"date":"2020-02-07T08:48:19","date_gmt":"2020-02-07T07:48:19","guid":{"rendered":"https:\/\/us.edu.pl\/wydzial\/wnst\/?page_id=2993"},"modified":"2021-01-21T10:22:43","modified_gmt":"2021-01-21T09:22:43","slug":"swieto-liczby-pi-kontakt","status":"publish","type":"page","link":"https:\/\/us.edu.pl\/wydzial\/wnst\/wspolpraca\/szkoly\/swieto-liczby-pi\/xiv-edycja\/swieto-liczby-pi-kontakt\/","title":{"rendered":"\u015awi\u0119to Liczby Pi &#8211; Kontakt"},"content":{"rendered":"<p>[vc_row el_class=&#8221;container&#8221;][vc_column width=&#8221;1\/2&#8243; el_class=&#8221;container&#8221;]\r\n                <div class=\"text-modules\">\r\n                    <div class=\"container\">\r\n                        <h3 class=\"page-title text__title\">Kontakt<\/h3>\r\n                        <div class=\"text-modules__content\"><\/p>\n<p style=\"text-align: center\">Biuro \u015awi\u0119to Liczby Pi<br \/>\nmgr Aleksandra Hankus<br \/>\nWydzia\u0142 Nauk \u015acis\u0142ych i Technicznych<br \/>\nUniwersytet \u015al\u0105ski w Katowicach<br \/>\nul. Bankowa 14<br \/>\n40-007 Katowice<br \/>\ntel.: 32 359 22 76<\/p>\n<p style=\"text-align: center\">email: <a href=\"mailto:swietopi@us.edu.pl\">swietopi@us.edu.pl<\/a><\/p>\n<p>\n<\/div>\r\n                    <\/div>\r\n                <\/div>[\/vc_column][vc_column width=&#8221;1\/2&#8243; el_class=&#8221;container&#8221;]\r\n                <div class=\"text-modules\">\r\n                    <div class=\"container\">\r\n                        <h3 class=\"page-title text__title\">Formularz kontaktowy<\/h3>\r\n                        <div class=\"text-modules__content\"><\/div>\r\n                    <\/div>\r\n                <\/div><div role=\"form\" class=\"wpcf7\" id=\"wpcf7-f3063-o1\" lang=\"pl-PL\" dir=\"ltr\">\n<div class=\"screen-reader-response\"><p role=\"status\" aria-live=\"polite\" aria-atomic=\"true\"><\/p> <ul><\/ul><\/div>\n<form action=\"\/wydzial\/wnst\/wp-json\/wp\/v2\/pages\/2993#wpcf7-f3063-o1\" method=\"post\" class=\"wpcf7-form init\" novalidate=\"novalidate\" data-status=\"init\">\n<div style=\"display: none;\">\n<input type=\"hidden\" name=\"_wpcf7\" value=\"3063\" \/>\n<input type=\"hidden\" name=\"_wpcf7_version\" value=\"5.6.4\" \/>\n<input type=\"hidden\" name=\"_wpcf7_locale\" value=\"pl_PL\" \/>\n<input type=\"hidden\" name=\"_wpcf7_unit_tag\" value=\"wpcf7-f3063-o1\" \/>\n<input type=\"hidden\" name=\"_wpcf7_container_post\" value=\"0\" \/>\n<input type=\"hidden\" name=\"_wpcf7_posted_data_hash\" value=\"\" \/>\n<\/div>\n<p><label> Imi\u0119 i nazwisko (wymagane)<br \/>\n    <span class=\"wpcf7-form-control-wrap\" data-name=\"your-name\"><input type=\"text\" name=\"your-name\" value=\"\" size=\"40\" class=\"wpcf7-form-control wpcf7-text wpcf7-validates-as-required\" aria-required=\"true\" aria-invalid=\"false\" \/><\/span> <\/label><\/p>\n<p><label> Adres email (wymagane)<br \/>\n    <span class=\"wpcf7-form-control-wrap\" data-name=\"your-email\"><input type=\"email\" name=\"your-email\" value=\"\" size=\"40\" class=\"wpcf7-form-control wpcf7-text wpcf7-email wpcf7-validates-as-required wpcf7-validates-as-email\" aria-required=\"true\" aria-invalid=\"false\" \/><\/span> <\/label><\/p>\n<p><label> Temat<br \/>\n    <span class=\"wpcf7-form-control-wrap\" data-name=\"your-subject\"><input type=\"text\" name=\"your-subject\" value=\"\" size=\"40\" class=\"wpcf7-form-control wpcf7-text\" aria-invalid=\"false\" \/><\/span> <\/label><\/p>\n<p><label> Tre\u015b\u0107 wiadomo\u015bci<br \/>\n    <span class=\"wpcf7-form-control-wrap\" data-name=\"your-message\"><textarea name=\"your-message\" cols=\"40\" rows=\"10\" class=\"wpcf7-form-control wpcf7-textarea\" aria-invalid=\"false\"><\/textarea><\/span> <\/label><\/p>\n<p><input type=\"submit\" value=\"Wy\u015blij\" class=\"wpcf7-form-control has-spinner wpcf7-submit\" \/><\/p>\n<div class=\"wpcf7-response-output\" aria-hidden=\"true\"><\/div><\/form><\/div>[\/vc_column][\/vc_row][vc_row el_class=&#8221;container&#8221;][vc_column]\r\n                <div class=\"title-with-link color-white\" style=\"background: #002E5A\">\r\n                    <div class=\"container\">\r\n                        <div class=\"title-with-link-container \">\r\n                            <div class=\"title-with-link__title\"><span>Biuro \u015awi\u0119ta Liczby Pi<\/span><\/div>\r\n                            <a href=\"https:\/\/goo.gl\/maps\/HVf8RZyLAkfwFeYEA\" class=\"title-with-link__link\">znajd\u017a nas na mapie<\/a>\r\n                        <\/div>\r\n                    <\/div>\r\n                <\/div>\r\n            [\/vc_column][\/vc_row]<\/p>","protected":false},"excerpt":{"rendered":"<p>[vc_row el_class=&#8221;container&#8221;][vc_column width=&#8221;1\/2&#8243; el_class=&#8221;container&#8221;][\/vc_column][vc_column width=&#8221;1\/2&#8243; el_class=&#8221;container&#8221;][\/vc_column][\/vc_row][vc_row el_class=&#8221;container&#8221;][vc_column][\/vc_column][\/vc_row] [&#8230;]<\/p>\n<p><a class=\"btn btn-secondary understrap-read-more-link\" href=\"https:\/\/us.edu.pl\/wydzial\/wnst\/wspolpraca\/szkoly\/swieto-liczby-pi\/xiv-edycja\/swieto-liczby-pi-kontakt\/\">Read More&#8230;<\/a><\/p>\n","protected":false},"author":1210,"featured_media":0,"parent":7862,"menu_order":0,"comment_status":"closed","ping_status":"closed","template":"","meta":{"_expiration-date-status":"saved","_expiration-date":0,"_expiration-date-type":"","_expiration-date-categories":[],"_expiration-date-options":[]},"acf":[],"_links":{"self":[{"href":"https:\/\/us.edu.pl\/wydzial\/wnst\/wp-json\/wp\/v2\/pages\/2993"}],"collection":[{"href":"https:\/\/us.edu.pl\/wydzial\/wnst\/wp-json\/wp\/v2\/pages"}],"about":[{"href":"https:\/\/us.edu.pl\/wydzial\/wnst\/wp-json\/wp\/v2\/types\/page"}],"author":[{"embeddable":true,"href":"https:\/\/us.edu.pl\/wydzial\/wnst\/wp-json\/wp\/v2\/users\/1210"}],"replies":[{"embeddable":true,"href":"https:\/\/us.edu.pl\/wydzial\/wnst\/wp-json\/wp\/v2\/comments?post=2993"}],"version-history":[{"count":12,"href":"https:\/\/us.edu.pl\/wydzial\/wnst\/wp-json\/wp\/v2\/pages\/2993\/revisions"}],"predecessor-version":[{"id":7162,"href":"https:\/\/us.edu.pl\/wydzial\/wnst\/wp-json\/wp\/v2\/pages\/2993\/revisions\/7162"}],"up":[{"embeddable":true,"href":"https:\/\/us.edu.pl\/wydzial\/wnst\/wp-json\/wp\/v2\/pages\/7862"}],"wp:attachment":[{"href":"https:\/\/us.edu.pl\/wydzial\/wnst\/wp-json\/wp\/v2\/media?parent=2993"}],"curies":[{"name":"wp","href":"https:\/\/api.w.org\/{rel}","templated":true}]}}