{"id":3025,"date":"2020-02-10T18:06:58","date_gmt":"2020-02-10T17:06:58","guid":{"rendered":"https:\/\/us.edu.pl\/wydzial\/wnst\/?page_id=3025"},"modified":"2021-01-25T14:09:06","modified_gmt":"2021-01-25T13:09:06","slug":"swieto-liczby-pi-aktualnosci","status":"publish","type":"page","link":"https:\/\/us.edu.pl\/wydzial\/wnst\/en\/wspolpraca\/szkoly\/swieto-liczby-pi\/xiv-edycja\/swieto-liczby-pi-aktualnosci\/","title":{"rendered":"(Polski) \u015awi\u0119to Liczby Pi &#8211; aktualno\u015bci"},"content":{"rendered":"<p class=\"qtranxs-available-languages-message qtranxs-available-languages-message-en\">Sorry, this entry is only available in <a href=\"https:\/\/us.edu.pl\/wydzial\/wnst\/pl\/wp-json\/wp\/v2\/pages\/3025\" class=\"qtranxs-available-language-link qtranxs-available-language-link-pl\" title=\"Polski\">Polish<\/a>.<\/p>","protected":false},"excerpt":{"rendered":"<p>Sorry, this entry is only available in Polish. [&#8230;]<\/p>\n<p><a class=\"btn btn-secondary understrap-read-more-link\" href=\"https:\/\/us.edu.pl\/wydzial\/wnst\/en\/wspolpraca\/szkoly\/swieto-liczby-pi\/xiv-edycja\/swieto-liczby-pi-aktualnosci\/\">Read More&#8230;<\/a><\/p>\n","protected":false},"author":1210,"featured_media":0,"parent":7862,"menu_order":0,"comment_status":"closed","ping_status":"closed","template":"","meta":{"_expiration-date-status":"saved","_expiration-date":0,"_expiration-date-type":"","_expiration-date-categories":[],"_expiration-date-options":[]},"acf":[],"_links":{"self":[{"href":"https:\/\/us.edu.pl\/wydzial\/wnst\/en\/wp-json\/wp\/v2\/pages\/3025"}],"collection":[{"href":"https:\/\/us.edu.pl\/wydzial\/wnst\/en\/wp-json\/wp\/v2\/pages"}],"about":[{"href":"https:\/\/us.edu.pl\/wydzial\/wnst\/en\/wp-json\/wp\/v2\/types\/page"}],"author":[{"embeddable":true,"href":"https:\/\/us.edu.pl\/wydzial\/wnst\/en\/wp-json\/wp\/v2\/users\/1210"}],"replies":[{"embeddable":true,"href":"https:\/\/us.edu.pl\/wydzial\/wnst\/en\/wp-json\/wp\/v2\/comments?post=3025"}],"version-history":[{"count":0,"href":"https:\/\/us.edu.pl\/wydzial\/wnst\/en\/wp-json\/wp\/v2\/pages\/3025\/revisions"}],"up":[{"embeddable":true,"href":"https:\/\/us.edu.pl\/wydzial\/wnst\/en\/wp-json\/wp\/v2\/pages\/7862"}],"wp:attachment":[{"href":"https:\/\/us.edu.pl\/wydzial\/wnst\/en\/wp-json\/wp\/v2\/media?parent=3025"}],"curies":[{"name":"wp","href":"https:\/\/api.w.org\/{rel}","templated":true}]}}